{"id":2292,"date":"2017-10-20T08:36:03","date_gmt":"2017-10-20T08:36:03","guid":{"rendered":"http:\/\/terrasdemiranda.org\/mais-informacion-sobre-as-cookies\/"},"modified":"2017-11-30T12:30:32","modified_gmt":"2017-11-30T12:30:32","slug":"more-information-about-cookies","status":"publish","type":"page","link":"https:\/\/terrasdemiranda.org\/en\/more-information-about-cookies\/","title":{"rendered":"More information about cookies"},"content":{"rendered":"[vc_row][vc_column][mk_fancy_title style=&#8221;true&#8221; size=&#8221;24&#8243; font_family=&#8221;none&#8221;]\u00bfQU\u00c9 \u00c9 UNA COOKIE?[\/mk_fancy_title][vc_column_text]Unha <em>cookie<\/em> \u00e9 un ficheiro de texto <strong>inofensivo<\/strong> que se almacena no seu navegador cando visita case calquera p\u00e1xina web. A utilidade da <em>cookie<\/em> \u00e9 que a web pode recordar a s\u00faa visita cando navega por esa p\u00e1xina. A\u00ednda que moitas persoas non saben que as <em>cookies<\/em> foron usadas durante 20 anos, cando apareceron os primeiros navegadores para a World Wide Web.[\/vc_column_text][mk_padding_divider][mk_fancy_title style=&#8221;true&#8221; size=&#8221;24&#8243; font_family=&#8221;none&#8221;]\u00bfQU\u00c9 NON \u00c9 COOKIE?[\/mk_fancy_title][vc_column_text]Non \u00e9 un virus, nin un troyano, nin un gusano, nin spam, nin spyware, nin abre fiestras emerxentes.[\/vc_column_text][mk_padding_divider][mk_fancy_title style=&#8221;true&#8221; size=&#8221;24&#8243; font_family=&#8221;none&#8221;]\u00bfQU\u00c9 INFORMACI\u00d3N GARDA UNHA COOKIE?[\/mk_fancy_title][vc_column_text]As <em>cookies<\/em> non adoitan almacenar informaci\u00f3n confidencial sobre vostede, como tarxetas de cr\u00e9dito ou datos bancarios, fotograf\u00edas, o seu ID ou informaci\u00f3n persoal, etc. Os datos que gardan son de car\u00e1cter t\u00e9cnico, preferencias persoais, personalizaci\u00f3n de contidos, etc.<\/p>\n<p>O servidor web non o asocia como persoa ao seu navegador web. De feito, se navegas regularmente con Internet Explorer e tenta navegar pola mesma web con Firefox ou Chrome, ver\u00e1s que a web non se d\u00e1 conta de que es a mesma persoa porque realmente asocias o navegador, non a persoa.[\/vc_column_text][mk_padding_divider][mk_fancy_title style=&#8221;true&#8221; size=&#8221;24&#8243; font_family=&#8221;none&#8221;]\u00bfQUE TIPO DE COOKIES EXISTEN?[\/mk_fancy_title][vc_column_text]\n<ul>\n<li><em>Cookies t\u00e9cnicas<\/em>: son as m\u00e1is b\u00e1sicas e permiten, entre outras cousas, saber cando est\u00e1 navegando unha aplicaci\u00f3n humana ou autom\u00e1tica, cando un usuario an\u00f3nimo e un usuario rexistrado navegan, as tarefas b\u00e1sicas para a operaci\u00f3n de calquera web din\u00e1mica.<\/li>\n<li>\u00a0<em>Cookies de an\u00e1lise<\/em>: recolle informaci\u00f3n sobre o tipo de navegaci\u00f3n que est\u00e1 a realizar, as secci\u00f3ns que m\u00e1is utiliza, os produtos consultados, a zona horaria de uso, o idioma, etc.<\/li>\n<li><em>Cookies publicitarias<\/em>: amosar publicidade en funci\u00f3n da s\u00faa navegaci\u00f3n, o seu pa\u00eds de orixe, idioma, etc.<\/li>\n<\/ul>\n[\/vc_column_text][mk_padding_divider][mk_fancy_title style=&#8221;true&#8221; size=&#8221;24&#8243; font_family=&#8221;none&#8221;]\u00bfQUE SON AS COOKIES PROPIAS E AS DE TERCEIROS?[\/mk_fancy_title][vc_column_text]As<em> cookies propias<\/em> son as xeradas pola p\u00e1xina que est\u00e1s a visitar e as de terceiros son as xeradas por servizos ou provedores externos como Facebook, Twitter, Google, etc.[\/vc_column_text][mk_padding_divider][mk_fancy_title style=&#8221;true&#8221; size=&#8221;24&#8243; font_family=&#8221;none&#8221;]\u00bfQUE OCORRE SI DESACTIVO AS COOKIES?[\/mk_fancy_title][vc_column_text]Para comprender o alcance que pode ter que desactivar as cookies am\u00f3sanse alg\u00fans exemplos:<\/p>\n<ul>\n<li>Non poder\u00e1s compartir contido desde ese sitio web en Facebook, Twitter ou calquera outra rede social.<\/li>\n<li>O sitio web non poder\u00e1 adaptar os contidos \u00e1s t\u00faas preferencias persoais, como adoita suceder nas tendas en li\u00f1a.<\/li>\n<li>Non poder\u00e1s acceder \u00e1 \u00e1rea persoal dese sitio web, como <em>A mi\u00f1a conta<\/em>, <em>O meu perfil<\/em> ou <em>Os meus pedidos<\/em>.<\/li>\n<li>Tendas en li\u00f1a: Non poder\u00e1 realizar compras en li\u00f1a, ter\u00e1n que ser telef\u00f3nicas ou visitar a tenda f\u00edsica se a ten.<\/li>\n<li>Non ser\u00e1 posible personalizar as t\u00faas preferencias xeogr\u00e1ficas como zona horaria, moeda ou idioma.<\/li>\n<li>O sitio web non poder\u00e1 realizar an\u00e1lises web sobre visitantes e tr\u00e1fico na web, o que dificultar\u00e1 a competitividade da web.<\/li>\n<li>Non poder\u00e1s escribir no blog, non poder\u00e1s subir fotos, publicar comentarios, valorar ou clasificar contido. A web tam\u00e9n non saber se \u00e9 unha aplicaci\u00f3n humana ou autom\u00e1tica que publica <em>spam<\/em>.<\/li>\n<li>Non poder\u00e1s amosar publicidade sectorizada, o que reducir\u00e1 os ingresos publicitarios da web.<\/li>\n<li>Todas as redes sociais usan <em>cookies<\/em>, se as desactiva non poder\u00e1 usar ningunha rede social.<\/li>\n<\/ul>\n[\/vc_column_text][mk_padding_divider][mk_fancy_title style=&#8221;true&#8221; size=&#8221;24&#8243; font_family=&#8221;none&#8221;]\u00bfP\u00d3DENSE ELIMINAR AS COOKIES?[\/mk_fancy_title][vc_column_text]Si. Non s\u00f3 eliminar, tam\u00e9n bloquear, de xeito xeral ou particular para un dominio espec\u00edfico.<\/p>\n<p>Para eliminar as cookies dun sitio web debes ir \u00e1 configuraci\u00f3n do teu navegador e al\u00ed podes buscar os asociados co dominio en cuesti\u00f3n e proceder \u00e1 s\u00faa eliminaci\u00f3n.[\/vc_column_text][mk_padding_divider][mk_fancy_title style=&#8221;true&#8221; size=&#8221;24&#8243; font_family=&#8221;none&#8221;]CONFIGURACI\u00d3N DE COOKIES PARA OS NAVEGADORES M\u00c1IS POPULARES[\/mk_fancy_title][vc_column_text]A continuaci\u00f3n am\u00f3sase a forma de acceder a unha cookie espec\u00edfica desde o navegador <strong>Chrome<\/strong>. Nota: estes pasos poden variar dependendo da versi\u00f3n do teu navegador:<\/p>\n<ol>\n<li>Vaia a Configuraci\u00f3n ou Preferencias usando o men\u00fa Ficheiro ou premendo na icona de personalizaci\u00f3n na esquina superior dereita.<\/li>\n<li>Ver\u00e1 diferentes secci\u00f3ns, faga clic en <em>Mostrar opci\u00f3ns avanzadas.<\/em><\/li>\n<li>Ir \u00e1 <em>privacidade<\/em>, <em>Configuraci\u00f3n do contido<\/em>.<\/li>\n<li>Seleccione <em>Todas as cookies e os datos do sitio<\/em>.<\/li>\n<li>Aparecer\u00e1 unha lista con todas as <em>cookies<\/em> ordenadas por dominio. Para facelo m\u00e1is doado para atopar as cookies dun certo dominio, insira o enderezo no campo <em>Buscar por cookies<\/em>, en todo ou en parte.<\/li>\n<li>Despois deste filtro aparecer\u00e1 na pantalla unha ou m\u00e1is li\u00f1as coas cookies da web solicitada. Agora s\u00f3 tes que seleccionar e premer o X para continuar coa s\u00faa eliminaci\u00f3n.<\/li>\n<\/ol>\n<p>Para acceder \u00e1 configuraci\u00f3n de <em>cookies<\/em> do navegador<strong> Internet Explorer<\/strong> siga estes pasos (poden variar dependendo da versi\u00f3n do navegador):<\/p>\n<ol>\n<li>Vaia a <em>Ferramentas<\/em>, <em>Opci\u00f3ns de Internet<\/em><\/li>\n<li>Fai clic en <em>Privacidade<\/em>.<\/li>\n<li>Mova o control deslizante ata que axuste o nivel de privacidade que desexa.<\/li>\n<\/ol>\n<p>Para acceder \u00e1 configuraci\u00f3n das <em>cookies<\/em> do navegador <strong>Firefox<\/strong> siga estes pasos (poden variar dependendo da versi\u00f3n do navegador):<\/p>\n<ol>\n<li>Vaia a <em>Opci\u00f3ns<\/em> ou <em>Preferencias<\/em> dependendo do seu sistema operativo.<\/li>\n<li>Fai clic en <em>Privacidade<\/em>.<\/li>\n<li>No <em>historial<\/em>, elixa <em>Usar unha configuraci\u00f3n personalizada para o historial<\/em>.<\/li>\n<li>Agora ver\u00e1s a opci\u00f3n <em>Aceptar cookies<\/em>, podes activala ou desactivala de acordo coas t\u00faas preferencias.<\/li>\n<\/ol>\n<p>Para acceder \u00e1 configuraci\u00f3n de <em>cookies<\/em> do navegador <strong>Safari para OSX<\/strong> siga estes pasos (poden variar dependendo da versi\u00f3n do navegador):<\/p>\n<ol>\n<li>Vaia a <em>Preferencias<\/em> e <em>Privacidade<\/em>.<\/li>\n<li>Neste lugar ver\u00e1 a opci\u00f3n <em>Bloquear cookies<\/em> para axustar o tipo de bloque que desexa realizar.<\/li>\n<\/ol>\n<p>Para acceder \u00e1 configuraci\u00f3n de\u00a0<em>cookies<\/em> do navegador <strong>Safari para iOS<\/strong>, siga estes pasos (poden variar segundo a s\u00faa versi\u00f3n do navegador):<\/p>\n<ol>\n<li>Vaia a <em>Configuraci\u00f3n<\/em>, a continuaci\u00f3n a <em>Safari<\/em>.<\/li>\n<li>Ir a <em>Privacidade<\/em> e <em>seguridade<\/em>, ver\u00e1 a opci\u00f3n<em> Bloquear cookies<\/em> para axustar o tipo de bloque que desexa realizar.<\/li>\n<\/ol>\n<p>Para acceder \u00e1 configuraci\u00f3n das <em>cookies<\/em> do navegador para dispositivos <strong>Android<\/strong> siga estes pasos (poden variar dependendo da versi\u00f3n do navegador):<\/p>\n<ol>\n<li>Executa o navegador e presiona a tecla <em>Men\u00fa<\/em>, a continuaci\u00f3n <em>Configuraci\u00f3n<\/em>.<\/li>\n<li>Ir a <em>Seguridade<\/em> e <em>privacidade<\/em>, ver\u00e1 a opci\u00f3n <em>Aceptar cookies<\/em> para activar ou desactivar a caixa de verificaci\u00f3n.<\/li>\n<\/ol>\n<p>Para acceder \u00e1 configuraci\u00f3n das <em>cookies<\/em> do navegador para os dispositivos <strong>Windows Phone<\/strong>, siga estes pasos (poden variar segundo a s\u00faa versi\u00f3n do navegador):<\/p>\n<ol>\n<li>Abre<em> Internet Explorer<\/em>, despois <em>M\u00e1is<\/em> e despois <em>Configuraci\u00f3n<\/em><\/li>\n<li>Agora podes activar ou desactivar a caixa <em>Permitir cookies<\/em>.<\/li>\n<\/ol>\n[\/vc_column_text][\/vc_column][\/vc_row]\n","protected":false},"excerpt":{"rendered":"<p>[vc_row][vc_column][mk_fancy_title style=&#8221;true&#8221; size=&#8221;24&#8243; font_family=&#8221;none&#8221;]\u00bfQU\u00c9 \u00c9 UNA COOKIE?[\/mk_fancy_title][vc_column_text]Unha cookie \u00e9 un ficheiro de texto inofensivo que se almacena no seu navegador cando visita case calquera p\u00e1xina web. A utilidade da cookie \u00e9 que a web pode recordar a s\u00faa visita cando navega por esa p\u00e1xina. A\u00ednda que moitas persoas non saben que as cookies foron usadas [&hellip;]<\/p>\n","protected":false},"author":1,"featured_media":0,"parent":0,"menu_order":0,"comment_status":"closed","ping_status":"closed","template":"","meta":{"footnotes":""},"class_list":["post-2292","page","type-page","status-publish","hentry"],"_links":{"self":[{"href":"https:\/\/terrasdemiranda.org\/en\/wp-json\/wp\/v2\/pages\/2292"}],"collection":[{"href":"https:\/\/terrasdemiranda.org\/en\/wp-json\/wp\/v2\/pages"}],"about":[{"href":"https:\/\/terrasdemiranda.org\/en\/wp-json\/wp\/v2\/types\/page"}],"author":[{"embeddable":true,"href":"https:\/\/terrasdemiranda.org\/en\/wp-json\/wp\/v2\/users\/1"}],"replies":[{"embeddable":true,"href":"https:\/\/terrasdemiranda.org\/en\/wp-json\/wp\/v2\/comments?post=2292"}],"version-history":[{"count":1,"href":"https:\/\/terrasdemiranda.org\/en\/wp-json\/wp\/v2\/pages\/2292\/revisions"}],"predecessor-version":[{"id":2301,"href":"https:\/\/terrasdemiranda.org\/en\/wp-json\/wp\/v2\/pages\/2292\/revisions\/2301"}],"wp:attachment":[{"href":"https:\/\/terrasdemiranda.org\/en\/wp-json\/wp\/v2\/media?parent=2292"}],"curies":[{"name":"wp","href":"https:\/\/api.w.org\/{rel}","templated":true}]}}