{"id":2463,"date":"2017-11-15T09:53:54","date_gmt":"2017-11-15T09:53:54","guid":{"rendered":"http:\/\/terrasdemiranda.org\/lugo-tourism\/ruta-dos-doces\/"},"modified":"2017-12-11T17:38:59","modified_gmt":"2017-12-11T17:38:59","slug":"sweets-route","status":"publish","type":"page","link":"https:\/\/terrasdemiranda.org\/en\/lugo-tourism\/sweets-route\/","title":{"rendered":"Sweets Route"},"content":{"rendered":"[vc_row][vc_column width=&#8221;2\/3&#8243;][mk_revslider id=&#8221;ruta-dos-doces&#8221;][\/vc_column][vc_column width=&#8221;1\/3&#8243;][vc_column_text css=&#8221;.vc_custom_1512580283639{margin-bottom: 0px !important;}&#8221;]This is a walk for the sweet toothed! There is no shortage of stops to taste the famous cake of Mondo\u00f1edo, traditional after dinner desserts or almost lost recipes like the Colineta, included by the writer Cunqueiro.<\/p>\n<p><strong>Recommended season:<\/strong> Carnival \/ Christmas \/ Summer (several festivals)<br \/>\n<strong>Time:<\/strong> 4 days<br \/>\n<strong>We take you through:<\/strong><\/p>\n<ul>\n<li>Viveiro<\/li>\n<li>Alfoz<\/li>\n<li>Mondo\u00f1edo<\/li>\n<li>Lourenz\u00e1<\/li>\n<li>Foz<\/li>\n<li>Barreiros<\/li>\n<li>Ribadeo<\/li>\n<\/ul>\n[\/vc_column_text][\/vc_column][\/vc_row][vc_row][vc_column][mk_padding_divider][vc_gmaps link=&#8221;#E-8_JTNDaWZyYW1lJTIwc3JjJTNEJTIyaHR0cHMlM0ElMkYlMkZ3d3cuZ29vZ2xlLmNvbSUyRm1hcHMlMkZkJTJGdSUyRjElMkZlbWJlZCUzRm1pZCUzRDFrbHV5LURseXpac2xVRTlWOVhDWkVMQWJYR0ElMjIlMjB3aWR0aCUzRCUyMjYwMCUyMiUyMGhlaWdodCUzRCUyMjQ1MCUyMiUyMGZyYW1lYm9yZGVyJTNEJTIyMCUyMiUyMHN0eWxlJTNEJTIyYm9yZGVyJTNBMCUyMiUyMGFsbG93ZnVsbHNjcmVlbiUzRSUzQyUyRmlmcmFtZSUzRQ==&#8221;][mk_fancy_title color=&#8221;#d45d00&#8243; size=&#8221;24&#8243; font_weight=&#8221;bold&#8221; margin_bottom=&#8221;0&#8243; font_family=&#8221;none&#8221; align=&#8221;right&#8221;]Did you know that?&#8230;[\/mk_fancy_title][mk_custom_box padding_vertical=&#8221;10&#8243; padding_horizental=&#8221;10&#8243; margin_bottom=&#8221;0&#8243; min_height=&#8221;0&#8243; el_class=&#8221;msgbox&#8221;][vc_column_text css=&#8221;.vc_custom_1512580355575{margin-bottom: 0px !important;}&#8221;]There are those who defend, and the writer \u00c1lvaro Cunqueiro from Mondo\u00f1edo (20th century) for example does so, that the <strong>origin of Mondo\u00f1edo cake<\/strong> is a statue (12th-13th century) that there is in a lintel of the Pazo de Xelm\u00edrez (Santiago). Others, who say it was inspired by the rose window of Mondo\u00f1edo cathedral.[\/vc_column_text][\/mk_custom_box][mk_padding_divider][\/vc_column][\/vc_row][vc_row][vc_column][mk_fancy_title size=&#8221;18&#8243; font_family=&#8221;none&#8221;]<strong>Stops<\/strong>[\/mk_fancy_title][vc_accordions style=&#8221;simple-style&#8221; container_bg_color=&#8221;#ffffff&#8221; responsive=&#8221;false&#8221;][vc_accordion_tab title=&#8221;Viveiro&#8221;][vc_column_text disable_pattern=&#8221;false&#8221; css=&#8221;.vc_custom_1513013793259{margin-bottom: 0px !important;}&#8221;]There are many reasons to visit the town of Viveiro: its <a href=\"https:\/\/www.viveiroturismo.eu\/history\" target=\"_blank\" rel=\"noopener\">900 year old history<\/a>; the charming old town centre, with monuments such as the Puerta de Carlos V, the estuary of the river Landro, symbol of the town, which has such an important ornithological and scenic value; and also its sweets!<\/p>\n<p>The most well-known is the <strong>almond cake<\/strong>, which also has sponge, angel hair and candied fruit to decorate it. In some patisserie shops they produce the <strong>Colineta<\/strong>, a cake included by the writer Cunqueiro in his work. This is a kind of sponge cake made with eggs, sugar and almonds, but without flour.<\/p>\n<p>The sweets of the Valdeflores convent, made by the nuns, are very famous and greatly demanded, especially at Christmas. The monastery, located at the side of the Landro, is open to visitors, and there is also a ceramic factory with museum, shop and garden.<\/p>\n<p><a href=\"http:\/\/www.semanasantaviveiro.com\/index.php\" target=\"_blank\" rel=\"noopener\">Easter Week celebrations in Viveiro<\/a> (Festival of International Tourist Interest) are one of the most well-known and popular in Galicia. The gastronomic offer of these days is complemented with after dinner desserts such as the <strong>Bread of the Apostles<\/strong>.<\/p>\n<p>Another festival that should be mentioned for its colourfulness and gastronomy is the Carnival, one of the most famous of A Mari\u00f1a. Look for the <strong>&#8220;freix\u00f3s&#8221;<\/strong> (pancakes), \u2018orejas\u2019 (ear-shaped deep fried pastries), or \u2018rosquillas\u2019 (ring-shaped pastries), prepared in different establishments.<\/p>\n<p>If you&#8217;re surprised with this list of unique after dinner desserts that make your mouth water, we provide you with the chance to visit a workshop and participate in their preparation![\/vc_column_text][\/vc_accordion_tab][vc_accordion_tab title=&#8221;Alfoz&#8221;][vc_column_text disable_pattern=&#8221;false&#8221; css=&#8221;.vc_custom_1513013836205{margin-bottom: 0px !important;}&#8221;]Stop in Alfoz to get to know and <strong>prepare some desserts<\/strong> in one of the town\u2019s workshops yourself. Take the opportunity of travelling through these lands, recalling the historical legacy of Mariscal Pardo de Cela, who was equally loved and hated, and visit <a href=\"http:\/\/www.turismo.gal\/recurso\/-\/detalle\/7182\/fortaleza-pardo-de-cela?langId=en_US\" target=\"_blank\" rel=\"noopener\">Castrodouro castle<\/a>, also called the Tower of Homage. Inside you will find the curious Clog Museum (Museo das Zocas) and the Tourism Office.[\/vc_column_text][\/vc_accordion_tab][vc_accordion_tab title=&#8221;Mondo\u00f1edo&#8221;][vc_column_text disable_pattern=&#8221;false&#8221; css=&#8221;.vc_custom_1512580928111{margin-bottom: 0px !important;}&#8221;]If there is an ambassador for the Terras de Miranda, it is the <strong>cake of Mondo\u00f1edo<\/strong>. This fantastic dessert, made from sweet pumpkin, puff pastry and almonds, has travelled half-way around the world and has been present on illustrious tables like those of the kings of Spain or the Vatican thanks to its intense promotion by local workshops.<\/p>\n<p>Today it is produced in several patisserie shops in Mondo\u00f1edo with the same ingredients, but each has their own touches, which allows every master to create a unique product. Each recipe is a taste to discover![\/vc_column_text][\/vc_accordion_tab][vc_accordion_tab title=&#8221;Lourenz\u00e1&#8221;][vc_column_text disable_pattern=&#8221;false&#8221; css=&#8221;.vc_custom_1512580971723{margin-bottom: 0px !important;}&#8221;]The <strong>Carnival marzipans<\/strong> of the Lourenz\u00e1 valley are nothing like those made with almonds at Christmas. Here two doughs are prepared, a base dough with flour, water and yeast, and a second with eggs, sugar, salt, butter, lemon and flour. The first is left to ferment and then they both are mixed and kneaded. Then, they are stretched, cut into pieces and fried.<\/p>\n<p>Pi\u00f1ata Sunday, the first Sunday after Shrove Tuesday, is the day that the people from Lorenz\u00e1 have been waiting for as the parade of floats closes this festival in style.[\/vc_column_text][\/vc_accordion_tab][vc_accordion_tab title=&#8221;Foz&#8221;][vc_column_text disable_pattern=&#8221;false&#8221; css=&#8221;.vc_custom_1512581076559{margin-bottom: 0px !important;}&#8221;]The <strong>Norman Feast of Foz<\/strong>, as well as inspiring this spectacular historical recreation based on ancient Viking invasions in the Kingdom of Galicia, is the origin of a <strong>cake with the same name<\/strong> and with a secret recipe.<\/p>\n<p>Related to this story of bishops, Vikings and locals is, of course, the basilica of San Marti\u00f1o de Mondo\u00f1edo (11th-12th century). It was built on a pre-Romanesque temple and was the episcopal seat of the Diocese of Mondo\u00f1edo until the construction of Mondo\u00f1edo catedral. It is considered the oldest cathedral in Spain (6th century)<\/p>\n<p>In Foz also you will be able to &#8220;taste&#8221; the two beaches of the town, in addition to getting tanned on them! The <strong>&#8220;rapadoiras&#8221;<\/strong> are a sweet made with almonds, coconut, sugar, eggs and milk chocolate. The <strong>&#8220;stones of Llas&#8221;<\/strong> are made with almonds and chocolate. To honour these &#8220;indulgences&#8221;, walk along the Rapadoira-Llas promenade, from Rapadoira beach -which was the first to obtain a blue flag in A Mari\u00f1a of the Lugo coast in 1987- to Llas or even Peiz\u00e1s. This is one of the most beautiful routes through Foz to enjoy the estuary, the marina and its varied flora and fauna.<\/p>\n<p>And if you come during Carnival, accompany the parades of floats with the necessary <strong>\u2018freix\u00f3s\u2019<\/strong>.[\/vc_column_text][\/vc_accordion_tab][vc_accordion_tab title=&#8221;Barreiros&#8221;][vc_column_text disable_pattern=&#8221;false&#8221; css=&#8221;.vc_custom_1512581278699{margin-bottom: 0px !important;}&#8221;]The most charismatic sweet of Barreiros is the <strong>\u2018carol\u00f3n\u2019<\/strong>. Its name refers to the walnut trees or \u2018concheiros\u2019, that in A Mari\u00f1a are also called \u2018caroleiras\u2019 and the walnuts, \u2018carolas\u2019. It has a smooth and buttery texture and a slight touch of anise, with a walnut, raisin, soft, fine crumb centre.<\/p>\n<p>Here, opposite the also striking Cantabrian flat (the straight and low coastline), why not walk the Beaches Route from the town hall of Barreiros to Arealonga beach.[\/vc_column_text][\/vc_accordion_tab][vc_accordion_tab title=&#8221;Ribadeo&#8221;][vc_column_text disable_pattern=&#8221;false&#8221; css=&#8221;.vc_custom_1513013938816{margin-bottom: 0px !important;}&#8221;]The <strong>chocolate tradition of Ribadeo<\/strong> is well known and recognised, a proud heir of its Indiana past. Historical chocolate factories of the town have even been encouraged to offer new flavours to taste like the <strong>sea bonboms<\/strong>, with organic green algae from the local coast.<\/p>\n<p>As in the previous stops, the Carnival is the feast of the <strong>\u2018freix\u00f3s\u2019<\/strong> that, surely, is one of the reference after dinner desserts in the Galician gastronomy. The most widespread term used in the Galician territory is \u2018filloa\u2019 (pancake), although in A Mari\u00f1a they are known as \u2018freix\u00f3s\u2019 and tend to be sweet (aniseed tasting).<\/p>\n<p>Another essential stop in Ribadeo, for those with a sweet tooth is at the <a href=\"http:\/\/turismo.ribadeo.gal\/info.php?id=49&amp;idioma=en&amp;cat=57&amp;sec=42\" target=\"_blank\" rel=\"noopener\">Santa Clara convent<\/a> to taste its famous sweets.[\/vc_column_text][\/vc_accordion_tab][\/vc_accordions][mk_padding_divider][\/vc_column][\/vc_row][vc_row][vc_column][mk_ornamental_title font_family=&#8221;none&#8221; font_size=&#8221;30&#8243; ornament_style=&#8221;lemo-single&#8221; nss_align=&#8221;center&#8221;]Finish off your experience in Terras de Miranda![\/mk_ornamental_title][mk_padding_divider][\/vc_column][\/vc_row][vc_row][vc_column width=&#8221;1\/3&#8243;][vc_single_image image=&#8221;454&#8243; img_size=&#8221;full&#8221; alignment=&#8221;center&#8221;][vc_btn title=&#8221;Where to eat&#8221; style=&#8221;custom&#8221; custom_background=&#8221;#ed8b00&#8243; custom_text=&#8221;#ffffff&#8221; shape=&#8221;square&#8221; size=&#8221;lg&#8221; align=&#8221;center&#8221; button_block=&#8221;true&#8221; link=&#8221;url:http%3A%2F%2Fterrasdemiranda.org%2Fen%2Flugo-tourism%2Fsweets-route%2Fwhere-to-eat%2F|||&#8221; el_class=&#8221;btn-custom-1&#8243;][\/vc_column][vc_column width=&#8221;1\/3&#8243;][vc_single_image image=&#8221;455&#8243; img_size=&#8221;full&#8221; alignment=&#8221;center&#8221;][vc_btn title=&#8221;Where to stay&#8221; style=&#8221;custom&#8221; custom_background=&#8221;#f2a900&#8243; custom_text=&#8221;#ffffff&#8221; shape=&#8221;square&#8221; size=&#8221;lg&#8221; align=&#8221;center&#8221; button_block=&#8221;true&#8221; link=&#8221;url:http%3A%2F%2Fterrasdemiranda.org%2Fen%2Flugo-tourism%2Fsweets-route%2Fwhere-to-stay%2F|||&#8221; el_class=&#8221;btn-custom-2&#8243;][\/vc_column][vc_column width=&#8221;1\/3&#8243;][vc_single_image image=&#8221;456&#8243; img_size=&#8221;full&#8221; alignment=&#8221;center&#8221;][vc_btn title=&#8221;What to do&#8221; style=&#8221;custom&#8221; custom_background=&#8221;#d45d00&#8243; custom_text=&#8221;#ffffff&#8221; shape=&#8221;square&#8221; size=&#8221;lg&#8221; align=&#8221;center&#8221; button_block=&#8221;true&#8221; link=&#8221;url:http%3A%2F%2Fterrasdemiranda.org%2Fen%2Flugo-tourism%2Fsweets-route%2Fwhat-to-do%2F|||&#8221; el_class=&#8221;btn-custom-3&#8243;][\/vc_column][\/vc_row][vc_row][vc_column][mk_padding_divider][\/vc_column][\/vc_row]\n","protected":false},"excerpt":{"rendered":"<p>[vc_row][vc_column width=&#8221;2\/3&#8243;][mk_revslider id=&#8221;ruta-dos-doces&#8221;][\/vc_column][vc_column width=&#8221;1\/3&#8243;][vc_column_text css=&#8221;.vc_custom_1512580283639{margin-bottom: 0px !important;}&#8221;]This is a walk for the sweet toothed! There is no shortage of stops to taste the famous cake of Mondo\u00f1edo, traditional after dinner desserts or almost lost recipes like the Colineta, included by the writer Cunqueiro. Recommended season: Carnival \/ Christmas \/ Summer (several festivals) Time: 4 days [&hellip;]<\/p>\n","protected":false},"author":1,"featured_media":0,"parent":370,"menu_order":0,"comment_status":"closed","ping_status":"closed","template":"","meta":{"footnotes":""},"class_list":["post-2463","page","type-page","status-publish","hentry"],"_links":{"self":[{"href":"https:\/\/terrasdemiranda.org\/en\/wp-json\/wp\/v2\/pages\/2463"}],"collection":[{"href":"https:\/\/terrasdemiranda.org\/en\/wp-json\/wp\/v2\/pages"}],"about":[{"href":"https:\/\/terrasdemiranda.org\/en\/wp-json\/wp\/v2\/types\/page"}],"author":[{"embeddable":true,"href":"https:\/\/terrasdemiranda.org\/en\/wp-json\/wp\/v2\/users\/1"}],"replies":[{"embeddable":true,"href":"https:\/\/terrasdemiranda.org\/en\/wp-json\/wp\/v2\/comments?post=2463"}],"version-history":[{"count":12,"href":"https:\/\/terrasdemiranda.org\/en\/wp-json\/wp\/v2\/pages\/2463\/revisions"}],"predecessor-version":[{"id":2646,"href":"https:\/\/terrasdemiranda.org\/en\/wp-json\/wp\/v2\/pages\/2463\/revisions\/2646"}],"up":[{"embeddable":true,"href":"https:\/\/terrasdemiranda.org\/en\/wp-json\/wp\/v2\/pages\/370"}],"wp:attachment":[{"href":"https:\/\/terrasdemiranda.org\/en\/wp-json\/wp\/v2\/media?parent=2463"}],"curies":[{"name":"wp","href":"https:\/\/api.w.org\/{rel}","templated":true}]}}