{"id":2480,"date":"2017-11-15T09:54:09","date_gmt":"2017-11-15T09:54:09","guid":{"rendered":"http:\/\/terrasdemiranda.org\/lugo-tourism\/ruta-do-gando\/"},"modified":"2017-12-12T13:03:54","modified_gmt":"2017-12-12T13:03:54","slug":"livestock-route","status":"publish","type":"page","link":"https:\/\/terrasdemiranda.org\/en\/lugo-tourism\/livestock-route\/","title":{"rendered":"Livestock Route"},"content":{"rendered":"[vc_row][vc_column width=&#8221;2\/3&#8243;][mk_revslider id=&#8221;ruta-do-gando&#8221;][\/vc_column][vc_column width=&#8221;1\/3&#8243;][vc_column_text css=&#8221;.vc_custom_1512582320256{margin-bottom: 0px !important;}&#8221;]If anything characterises the Terras de Miranda it is its farming spirit, and above all, the century-old horse fairs like those of As San Lucas, As Quendas or As Maulas, which you can still attend.<\/p>\n<p><strong>Recommended season:<\/strong> All year \/Summer (Rapas das bestas) \/ Spring \/ Autumn (livestock fairs) \/ Winter (stews, broths)<br \/>\n<strong>Time:<\/strong> 3 days<br \/>\n<strong>We take you through:<\/strong>[\/vc_column_text][vc_row_inner][vc_column_inner width=&#8221;1\/2&#8243;][vc_column_text]\n<ul>\n<li>Mondo\u00f1edo<\/li>\n<li>O Valadouro<\/li>\n<li>Ourol<\/li>\n<li>Vicedo<\/li>\n<li>Viveiro<\/li>\n<\/ul>\n[\/vc_column_text][\/vc_column_inner][vc_column_inner width=&#8221;1\/2&#8243;][vc_column_text]\n<ul>\n<li>Xove<\/li>\n<li>Cervo<\/li>\n<li>Burela<\/li>\n<li>Foz<\/li>\n<li>Barreiros<\/li>\n<\/ul>\n[\/vc_column_text][\/vc_column_inner][\/vc_row_inner][\/vc_column][\/vc_row][vc_row][vc_column][mk_padding_divider][vc_gmaps link=&#8221;#E-8_JTNDaWZyYW1lJTIwc3JjJTNEJTIyaHR0cHMlM0ElMkYlMkZ3d3cuZ29vZ2xlLmNvbSUyRm1hcHMlMkZkJTJGdSUyRjElMkZlbWJlZCUzRm1pZCUzRDFUNl9SSmxsUzZkOV9wUV9DS0lickFWUHBNbWslMjIlMjB3aWR0aCUzRCUyMjYwMCUyMiUyMGhlaWdodCUzRCUyMjQ1MCUyMiUyMGZyYW1lYm9yZGVyJTNEJTIyMCUyMiUyMHN0eWxlJTNEJTIyYm9yZGVyJTNBMCUyMiUyMGFsbG93ZnVsbHNjcmVlbiUzRSUzQyUyRmlmcmFtZSUzRQ==&#8221;][mk_fancy_title color=&#8221;#d45d00&#8243; size=&#8221;24&#8243; font_weight=&#8221;bold&#8221; margin_bottom=&#8221;0&#8243; font_family=&#8221;none&#8221; align=&#8221;right&#8221;]Did you know that?&#8230;[\/mk_fancy_title][mk_custom_box padding_vertical=&#8221;10&#8243; padding_horizental=&#8221;10&#8243; margin_bottom=&#8221;0&#8243; min_height=&#8221;0&#8243; el_class=&#8221;msgbox&#8221;][vc_column_text css=&#8221;.vc_custom_1512582398039{margin-bottom: 0px !important;}&#8221;]The <strong>baptism name of the bells of Mondo\u00f1edo cathedral<\/strong> is very curious! Paula de la Asunci\u00f3n, known only by &#8220;A Paula&#8221;; Mar\u00eda Jacoba Concepci\u00f3n, &#8220;A Prima&#8221;; Ronda Rosenda M\u00aa Natividade, &#8220;A Ronda&#8221;; Martina de Jes\u00fas M\u00aa y Jos\u00e9, \u201cEsquil\u00f3n Vello\u201d; Gonzala Luciana de la Expectaci\u00f3n, \u201cEsquil\u00f3n Novo\u201d; Petra, the \u201cchiming bell\u201d, which was played so that there would be a good childbirth,&#8230; If you find yourself with the bell ringer, ask him about the symbolism of these bells. He is a great expert![\/vc_column_text][\/mk_custom_box][mk_padding_divider][\/vc_column][\/vc_row][vc_row][vc_column][mk_fancy_title size=&#8221;18&#8243; font_family=&#8221;none&#8221;]<strong>Paradas<\/strong>[\/mk_fancy_title][vc_accordions style=&#8221;simple-style&#8221; container_bg_color=&#8221;#ffffff&#8221; responsive=&#8221;false&#8221;][vc_accordion_tab title=&#8221;Mondo\u00f1edo&#8221;][vc_column_text disable_pattern=&#8221;false&#8221; css=&#8221;.vc_custom_1512583006791{margin-bottom: 0px !important;}&#8221;]October is the month of <strong>As San Lucas<\/strong>, known as &#8220;the fair of the fairs&#8221; because of the importance it had and still has in its area. It is primarily dedicated to untamed livestock. It has been held since 1156 and is considered the oldest in Galicia and one of the oldest in Europe.<\/p>\n<p>In better times it lasted for up to fifteen days but now the average is five days starting on the 17th October. This day, at 1.00 p.m. <a href=\"https:\/\/www.youtube.com\/watch?v=lRR8VczAMLM\" target=\"_blank\" rel=\"noopener\">the tolling and ringing of \u2018A Paula\u2019<\/a> -the largest bell in Mondo\u00f1edo cathedral that weighs 2,500 kg- marks the beginning of the fair which is then accompanied by the rest of the chimes from the bell tower.<\/p>\n<p>In the evening, at around 5.00 p.m., the farmers -who have been rounding up the wild horses from the hills for several days- lead the herds in front of the cathedral to the field. It is a very exciting moment because the emotion of the <a href=\"http:\/\/www.assanlucas.es\/\" target=\"_blank\" rel=\"noopener\">organisers<\/a>, neighbours and visitors can be felt in the air.<\/p>\n<p><strong>As Quendas<\/strong> is held in May. It originates from the 16th century and as it lasts 3 days; it can be classified as a small San Lucas fair. The programme is completed with a horse riding route to get to know the territory with some gastronomic days during wich local restaurants and bars offers horse meat.<\/p>\n<p>The third date with the livestock tradition of Mondo\u00f1edo is in June. A <strong>\u2018rapa das bestas\u2019<\/strong> has been held in the Campo do Oso since 1976.<\/p>\n<p>Throughout the year, in addition to sampling dishes <strong>prepared with meat-based products<\/strong>, you can also participate in some of their preparations.[\/vc_column_text][\/vc_accordion_tab][vc_accordion_tab title=&#8221;O Valadouro&#8221;][vc_column_text disable_pattern=&#8221;false&#8221; css=&#8221;.vc_custom_1512583089304{margin-bottom: 0px !important;}&#8221;]The <strong>\u2018rapa das bestas\u2019<\/strong> is also held here, although in August. One of the cornerstones, and perfect ending, is the horse race between the best riders in the region.<\/p>\n<p>Very close to the pen, visit the dolmen of San Tom\u00e9, with four supports. The \u2018m\u00e1moa\u2019 (prehistoric tomb) is very well preserved, but what will really catch your eye is a botanical rarity that is only found in a handful of places in Galicia: a luminescent fungus known as &#8220;elf\u2019s gold&#8221;.<\/p>\n<p>The Prado das Chantas, an oval structure formed by about 250 granite menhirs that have an imprecise origin, is also found in San Tom\u00e9.<\/p>\n<p>The Pozo de Odesa is also worth a visit, an almost unknown waterfall embedded in the rock.[\/vc_column_text][\/vc_accordion_tab][vc_accordion_tab title=&#8221;Ourol&#8221;][vc_column_text disable_pattern=&#8221;false&#8221; css=&#8221;.vc_custom_1512583126927{margin-bottom: 0px !important;}&#8221;]Ourol is a gem for ecotourism due to the variety of its ecosystems. It is located in the upper reaches of the river Landro (which flows into Viveiro), in the Sor valley and on the northern slopes of the O Xistral mountain range. These mountains were solely exploite for extensive cattle farming; cows and horses that, even today, graze in freedom.<\/p>\n<p>The popular <strong>\u2018churrascada\u2019<\/strong> (a kind of barbacue) is held annually on 24 July. You can also find the preserved remains of the old &#8220;Ferrer\u00eda de Bravos&#8221;, a 15th century manor house.[\/vc_column_text][\/vc_accordion_tab][vc_accordion_tab title=&#8221;O Vicedo&#8221;][vc_column_text disable_pattern=&#8221;false&#8221; css=&#8221;.vc_custom_1512583157504{margin-bottom: 0px !important;}&#8221;]The <strong>Festival of Rural Tourism<\/strong> takes place every third Sunday of July at the viewpoint of the Muronovo wind farm. A day which combines the exaltation of the surroundings with beautiful views over the area, tasting of local products, horse racing, dances,\u2026[\/vc_column_text][\/vc_accordion_tab][vc_accordion_tab title=&#8221;Viveiro&#8221;][vc_column_text disable_pattern=&#8221;false&#8221; css=&#8221;.vc_custom_1513083766170{margin-bottom: 0px !important;}&#8221;]May is the month of the <strong>As Maulas Fair<\/strong> with at least three centuries of history. One of is great moments is the horse races although there is no shortage of the days for sampling pork products, the popular market and the livestock fair.<\/p>\n<p>The <strong>Rapa das Bestas of Candaoso<\/strong> (Festival of Tourist Interest of Galicia) takes place in the parish of San Andr\u00e9s de Boimente in July The \u2018rapa\u2019, considered one of the oldest traditions in Galicia, is to cut the tail and mane of the wild horses to clean them up.<\/p>\n<p>Very close to the Candaoso pen (curro, in Spanish), within the limits of Viveiro and Xove town council, is the Pozo da Ferida which deserves a visit; a beautiful natural waterfall with more than a 30 metre drop. The Souto da Retorta is a natural monument where the so-called \u2018Av\u00f3 de Chav\u00edn\u2019 (grandfather) is found; it may be the tallest tree in Spain and one of those with the largest spread in Europe and the largest eucalyptus in Galicia.<\/p>\n<p>In the recreational area of Mount San Roque (300 m), a few kilometres from the centre and where the Romer\u00eda of the same name is held, there is an animal park with donkeys and ponies. This is a fabulous viewpoint over the Viveiro estuary, the coast, the urban centre and A Coelleira island, in O Vicedo (west).[\/vc_column_text][\/vc_accordion_tab][vc_accordion_tab title=&#8221;Xove&#8221;][vc_column_text disable_pattern=&#8221;false&#8221; css=&#8221;.vc_custom_1512583367935{margin-bottom: 0px !important;}&#8221;]There are two important appointments in Xove. The Fair of San Isidoro do Monte, in Penas Agudas, is one of the most characteristic calls of the A Mari\u00f1a region. It takes place in August and a few months before, in May, the Cattle Horse National Fair, with exhibitions, competitions, etc. is celebrated in Lago. A \u2018must\u2019 gastronomic appointment is the <strong>\u2018Lac\u00f3n\u2019 Fest<\/strong>\u00a0in March.<\/p>\n<p>In Penas Agudas you will also find the megalithic heritage: the Petroglyph of Monte (Asset of Cultural Interest) was the first inventory in Xove.<\/p>\n<p>If you like hiking, the Pau da Vella route ambles mostly through the communal grazing lands of the Costa of Laxamoura\u2019s community of owners, where you will be able to see wild horses. The central point is the mount of Pau da Vella, a place where four town councils (Xove, Viveiro, Cervo and O Valadouro) come together.[\/vc_column_text][\/vc_accordion_tab][vc_accordion_tab title=&#8221;Cervo&#8221;][vc_column_text css=&#8221;.vc_custom_1512583402998{margin-bottom: 0px !important;}&#8221;]A pork tasting takes place in Souto de Cervo square in mid April and in October you\u2019ll have to make a note of the <strong>Potro (colts) route<\/strong>. Over the years, this event has become an annual meeting for riders associations from all over the region of A Mari\u00f1a and even from other parts of Galicia to bring together a hundred registered participants.[\/vc_column_text][\/vc_accordion_tab][vc_accordion_tab title=&#8221;Burela&#8221;][vc_column_text css=&#8221;.vc_custom_1512583552160{margin-bottom: 0px !important;}&#8221;]One of the stops on the <strong>Monte Castelo Riding Route<\/strong>, in May, is the recreational area with the same name. In addition to the beautiful panoramic view over the coast line (the Cantabrian level begins or ends in Burela), here you will find History.<\/p>\n<p>Nearby there is the \u2018castro\u2019 settlement of Chao do Castro (not excavated), where the famous torque of Burela was found. This prehistorical jewel is a rigid gold necklace and distinctive ornamental element of power or wealth that is represented in the municipal coat of arms. It is the largest of the torques found in Galicia and is kept in the Provincial Museum of Lugo.[\/vc_column_text][\/vc_accordion_tab][vc_accordion_tab title=&#8221;Foz&#8221;][vc_column_text css=&#8221;.vc_custom_1512583662447{margin-bottom: 0px !important;}&#8221;]At the traditional <strong>A Espi\u00f1eira Cattle and Horse Fair<\/strong>, in the parish of Vilaronte (June), there are a number of livestock prizes and the traditional \u2018andadura\u2019 competition.<\/p>\n<p>To eat, opt for traditional meat dishes of the area and to burn off all that food, visit the <a href=\"http:\/\/www.turismo.gal\/recurso\/-\/detalle\/23189\/basilica-de-san-martino?langId=es_ES\" target=\"_blank\" rel=\"noopener\">basilica of San Marti\u00f1o de Mondo\u00f1edo<\/a>, the oldest cathedral in Spain (6th century), or climb to the <a href=\"http:\/\/www.concellodefoz.es\/turismo.php\" target=\"_blank\" rel=\"noopener\">A Frouxeira peak<\/a> (430 m), if you are very adventurous! This is an excellent viewpoint over the Foz estuary, the boundaries of Alfoz and O Valadouro and headquarters, in the past, of Mariscal Pardo de Cela\u2019s fort (you will see the ruins).[\/vc_column_text][\/vc_accordion_tab][vc_accordion_tab title=&#8221;Barreiros&#8221;][vc_column_text css=&#8221;.vc_custom_1512583921898{margin-bottom: 0px !important;}&#8221;]<strong>San Rosendo Fair<\/strong>, in the parish of San Miguel de Reinante, takes place in March, at the start of Spring, being a good time to taste <strong>traditional meat dishes<\/strong>.<\/p>\n<p>A curiosity. In this same parish you will find what is known as the \u2018Galician Stonehenge\u2019: the archaeological site of A Roda (Bronze Age), which is unique in Galicia and in Spain.<\/p>\n<p>It is also worth visiting the <a href=\"http:\/\/www.concellodebarreiros.com\/es\/turismo\/montana\/area-recreativa-santo-estevo-do-ermo\" target=\"_blank\" rel=\"noopener\">natural and archaeological area of Santo Estevo do Ermo<\/a>, where you will find the chapel, forest and waterfall of the same name, as well as fountains with healing properties and the horseshoe of Saint James the Apostle\u2019s horse surrounded by an indigenous forest made up from oaks, chestnuts birches or laurels. Do you know how to identify the trees due to their size and leaves?[\/vc_column_text][\/vc_accordion_tab][\/vc_accordions][mk_padding_divider][\/vc_column][\/vc_row][vc_row][vc_column][mk_ornamental_title font_family=&#8221;none&#8221; font_size=&#8221;30&#8243; ornament_style=&#8221;lemo-single&#8221; nss_align=&#8221;center&#8221;]Finish off your experience in Terras de Miranda![\/mk_ornamental_title][mk_padding_divider][\/vc_column][\/vc_row][vc_row][vc_column width=&#8221;1\/3&#8243;][vc_single_image image=&#8221;454&#8243; img_size=&#8221;full&#8221; alignment=&#8221;center&#8221;][vc_btn title=&#8221;Where to eat&#8221; style=&#8221;custom&#8221; custom_background=&#8221;#ed8b00&#8243; custom_text=&#8221;#ffffff&#8221; shape=&#8221;square&#8221; size=&#8221;lg&#8221; align=&#8221;center&#8221; button_block=&#8221;true&#8221; link=&#8221;url:http%3A%2F%2Fterrasdemiranda.org%2Fen%2Flugo-tourism%2Flivestock-route%2Fwhere-to-eat%2F|||&#8221; el_class=&#8221;btn-custom-1&#8243;][\/vc_column][vc_column width=&#8221;1\/3&#8243;][vc_single_image image=&#8221;455&#8243; img_size=&#8221;full&#8221; alignment=&#8221;center&#8221;][vc_btn title=&#8221;Where to stay&#8221; style=&#8221;custom&#8221; custom_background=&#8221;#f2a900&#8243; custom_text=&#8221;#ffffff&#8221; shape=&#8221;square&#8221; size=&#8221;lg&#8221; align=&#8221;center&#8221; button_block=&#8221;true&#8221; link=&#8221;url:http%3A%2F%2Fterrasdemiranda.org%2Fen%2Flugo-tourism%2Flivestock-route%2Fwhere-to-stay%2F|||&#8221; el_class=&#8221;btn-custom-2&#8243;][\/vc_column][vc_column width=&#8221;1\/3&#8243;][vc_single_image image=&#8221;456&#8243; img_size=&#8221;full&#8221; alignment=&#8221;center&#8221;][vc_btn title=&#8221;What to do&#8221; style=&#8221;custom&#8221; custom_background=&#8221;#d45d00&#8243; custom_text=&#8221;#ffffff&#8221; shape=&#8221;square&#8221; size=&#8221;lg&#8221; align=&#8221;center&#8221; button_block=&#8221;true&#8221; link=&#8221;url:http%3A%2F%2Fterrasdemiranda.org%2Fen%2Flugo-tourism%2Flivestock-route%2Fwhat-to-do%2F|||&#8221; el_class=&#8221;btn-custom-3&#8243;][\/vc_column][\/vc_row][vc_row][vc_column][mk_padding_divider][\/vc_column][\/vc_row]\n","protected":false},"excerpt":{"rendered":"<p>[vc_row][vc_column width=&#8221;2\/3&#8243;][mk_revslider id=&#8221;ruta-do-gando&#8221;][\/vc_column][vc_column width=&#8221;1\/3&#8243;][vc_column_text css=&#8221;.vc_custom_1512582320256{margin-bottom: 0px !important;}&#8221;]If anything characterises the Terras de Miranda it is its farming spirit, and above all, the century-old horse fairs like those of As San Lucas, As Quendas or As Maulas, which you can still attend. Recommended season: All year \/Summer (Rapas das bestas) \/ Spring \/ Autumn (livestock fairs) [&hellip;]<\/p>\n","protected":false},"author":1,"featured_media":0,"parent":370,"menu_order":0,"comment_status":"closed","ping_status":"closed","template":"","meta":{"footnotes":""},"class_list":["post-2480","page","type-page","status-publish","hentry"],"_links":{"self":[{"href":"https:\/\/terrasdemiranda.org\/en\/wp-json\/wp\/v2\/pages\/2480"}],"collection":[{"href":"https:\/\/terrasdemiranda.org\/en\/wp-json\/wp\/v2\/pages"}],"about":[{"href":"https:\/\/terrasdemiranda.org\/en\/wp-json\/wp\/v2\/types\/page"}],"author":[{"embeddable":true,"href":"https:\/\/terrasdemiranda.org\/en\/wp-json\/wp\/v2\/users\/1"}],"replies":[{"embeddable":true,"href":"https:\/\/terrasdemiranda.org\/en\/wp-json\/wp\/v2\/comments?post=2480"}],"version-history":[{"count":8,"href":"https:\/\/terrasdemiranda.org\/en\/wp-json\/wp\/v2\/pages\/2480\/revisions"}],"predecessor-version":[{"id":2682,"href":"https:\/\/terrasdemiranda.org\/en\/wp-json\/wp\/v2\/pages\/2480\/revisions\/2682"}],"up":[{"embeddable":true,"href":"https:\/\/terrasdemiranda.org\/en\/wp-json\/wp\/v2\/pages\/370"}],"wp:attachment":[{"href":"https:\/\/terrasdemiranda.org\/en\/wp-json\/wp\/v2\/media?parent=2480"}],"curies":[{"name":"wp","href":"https:\/\/api.w.org\/{rel}","templated":true}]}}