{"id":1297,"date":"2017-11-24T09:41:44","date_gmt":"2017-11-24T09:41:44","guid":{"rendered":"http:\/\/terrasdemiranda.org\/turismo-de-lugo\/ruta-de-la-huerta\/"},"modified":"2017-11-28T11:30:25","modified_gmt":"2017-11-28T11:30:25","slug":"ruta-de-la-huerta","status":"publish","type":"page","link":"https:\/\/terrasdemiranda.org\/es\/turismo-de-lugo\/ruta-de-la-huerta\/","title":{"rendered":"Ruta de la Huerta"},"content":{"rendered":"[vc_row][vc_column width=\u00bb2\/3&#8243;][mk_revslider id=\u00bbruta-da-horta\u00bb][\/vc_column][vc_column width=\u00bb1\/3&#8243;][vc_column_text]\u00bfQu\u00e9 camino siguen las mejores habas, manzanas y tomates antes de llegar a la mesa? Aprende c\u00f3mo se cosecha nuestra huerta y c\u00f3mo una producci\u00f3n sostenible lleva nuestros productos a cocinas profesionales de toda Espa\u00f1a.<br \/>\n<strong>\u00c9poca recomendada<\/strong>: oto\u00f1o<br \/>\n<strong>Tiempo<\/strong>: 2 d\u00edas<br \/>\n<strong>Te llevamos por:<\/strong><\/p>\n<ul>\n<li>O Valadouro<\/li>\n<li>Alfoz<\/li>\n<li>Mondo\u00f1edo<\/li>\n<li>Lourenz\u00e1<\/li>\n<li>Ribadeo<\/li>\n<\/ul>\n[\/vc_column_text][\/vc_column][\/vc_row][vc_row][vc_column][mk_padding_divider][vc_gmaps link=\u00bb#E-8_JTNDaWZyYW1lJTIwc3JjJTNEJTIyaHR0cHMlM0ElMkYlMkZ3d3cuZ29vZ2xlLmNvbSUyRm1hcHMlMkZkJTJGdSUyRjElMkZlbWJlZCUzRm1pZCUzRDFjWmN2RXk1a1M4cDVhVjhQc0VOTnY5OFhuNjAlMjIlMjB3aWR0aCUzRCUyMjY0MCUyMiUyMGhlaWdodCUzRCUyMjQ4MCUyMiUyMGZyYW1lYm9yZGVyJTNEJTIyMCUyMiUyMHN0eWxlJTNEJTIyYm9yZGVyJTNBMCUyMiUyMGFsbG93ZnVsbHNjcmVlbiUzRSUzQyUyRmlmcmFtZSUzRQ==\u00bb][mk_fancy_title color=\u00bb#d45d00&#8243; size=\u00bb24&#8243; font_weight=\u00bbbold\u00bb margin_bottom=\u00bb0&#8243; font_family=\u00bbnone\u00bb align=\u00bbright\u00bb]\u00bfSab\u00edas que?&#8230;[\/mk_fancy_title][mk_custom_box padding_vertical=\u00bb10&#8243; padding_horizental=\u00bb10&#8243; margin_bottom=\u00bb0&#8243; min_height=\u00bb0&#8243; el_class=\u00bbmsgbox\u00bb][vc_column_text]Las explotaciones agrarias de las Terras de Miranda apuestan, cada vez en mayor medida, por una producci\u00f3n sostenible que aporte valor a\u00f1adido a sus frutas y verduras. Aparte de la <strong>certificaci\u00f3n ecol\u00f3gica<\/strong>, optan por servicio en fresco a diario. Estos s\u00ed son <strong>alimentos km 0!<\/strong>[\/vc_column_text][\/mk_custom_box][mk_padding_divider][\/vc_column][\/vc_row][vc_row][vc_column][mk_fancy_title size=\u00bb18&#8243; font_family=\u00bbnone\u00bb]<strong>Paradas<\/strong>[\/mk_fancy_title][vc_accordions style=\u00bbsimple-style\u00bb container_bg_color=\u00bb#ffffff\u00bb responsive=\u00bbfalse\u00bb][vc_accordion_tab title=\u00bbO Valadouro\u00bb][vc_column_text disable_pattern=\u00bbfalse\u00bb]Durante esta parada podr\u00e1s visitar varias explotaciones profesionales para conocer de primera mano c\u00f3mo se cultivan y cosechan <strong>manzanas de sidra o de mesa<\/strong> ecol\u00f3gicas o incluso, los famosos <strong>tomates<\/strong> de la huerta de Terras de Miranda. Alimentos km 0 que demandan restaurantes de toda Espa\u00f1a y se venden en tiendas especializadas.<\/p>\n<p>En el mes de marzo, en la capital municipal, Ferreira, se celebra el <a href=\"http:\/\/www.valadouro.org\/es\/festas\/mercado_primavera.php\" target=\"_blank\" rel=\"noopener\">Mercado Tradicional de Primavera<\/a>, recuperado hace unos a\u00f1os. Adem\u00e1s de las t\u00edpicas ventas y degustaci\u00f3n de productos tradicionales, hay una jornada gastron\u00f3mica, charlas sobre la producci\u00f3n agraria local, muestra de artesan\u00eda y, como no, m\u00fasica.[\/vc_column_text][\/vc_accordion_tab][vc_accordion_tab title=\u00bbAlfoz\u00bb][vc_column_text disable_pattern=\u00bbfalse\u00bb]En Alfoz, la experiencia agraria que te ofrecemos es similar a la de la anterior parada en O Valadouro, pero centrada en las <strong>verduras<\/strong>. Tambi\u00e9n podr\u00e1s degustar empanadas de manzana y variados platos con productos de la huerta. Se quieres hacer noche aqu\u00ed, al\u00f3jate en un establecimiento con finca y producci\u00f3n propia para consumo de los hu\u00e9spedes.<\/p>\n<p>En junio se celebra la <strong>Feria del 13<\/strong> en Carballido. Recuperada despu\u00e9s de unos a\u00f1os, y dedicada a la fruta que despierta al mismo tiempo que el verano: la cereza.[\/vc_column_text][\/vc_accordion_tab][vc_accordion_tab title=\u00bbMondo\u00f1edo\u00bb][vc_column_text disable_pattern=\u00bbfalse\u00bb]Seguro que los due\u00f1os de las explotaciones hortofrut\u00edcolas que puedes visitar en el valle mindoniense te contagian su pasi\u00f3n por la tierra, el oficio y la producci\u00f3n sostenible de la venta en fresco que complementan con la elaboraci\u00f3n de mermeladas y conservas, listas para consumir todo el a\u00f1o con todas sus propiedades.<\/p>\n<p>Tambi\u00e9n podr\u00e1s probar estos alimentos km 0 casi reci\u00e9n cosechados en un restaurante local o alojarte en un establecimiento con huerta propia para autoabastecimiento.<\/p>\n<p>Apunta en la agenda de julio la<strong> Fiesta de la Ensalada<\/strong> y el famoso <strong>Mercado de las Carmi\u00f1as<\/strong> (d\u00eda 25), durante el que Mondo\u00f1edo llena sus calles de productos tradicionales de la huerta.[\/vc_column_text][\/vc_accordion_tab][vc_accordion_tab title=\u00bbLourenz\u00e1\u00bb][vc_column_text disable_pattern=\u00bbfalse\u00bb]Las f\u00e9rtiles tierras del valle de Lourenz\u00e1 son el origen de sus famosas <strong>habas con Indicaci\u00f3n Geogr\u00e1fica Protegida (IXP)<\/strong>. De la mano de la cooperativa local, los productores te contar\u00e1n de t\u00fa a t\u00fa como es su trabajo diario e, incluso, se quieres ahondar un poco m\u00e1s, los beneficios que les aporta la econom\u00eda social. An\u00edmate a venir en \u00e9poca de cosecha (septiembre) y qu\u00e9date para la<strong> Fiesta del Haba<\/strong> el primer fin de semana de octubre, declarada de Inter\u00e9s Tur\u00edstico Gallego, y durante la que podr\u00e1s degustar esta rica leguminosa en los puestos instalados alrededor de la plaza del Conde Santo o en los restaurantes locales.<\/p>\n<p>El <a href=\"http:\/\/www.concellodelourenza.gal\/es\/pagina\/centro-de-interpretacion-da-faba-1240\" target=\"_blank\" rel=\"noopener\">Centro de Interpretaci\u00f3n del Haba<\/a> est\u00e1 abierto todo el a\u00f1o y justo al lado tienes el<a href=\"http:\/\/www.concellodelourenza.gal\/es\/pagina\/patrimonio\" target=\"_blank\" rel=\"noopener\"> monasterio de San Salvador <\/a>(monumento hist\u00f3rico-art\u00edstico desde 1974). F\u00edjate en la fachada de la iglesia porque fue un ensayo del maestro Casas Novoa antes de hacer la del Obradoiro (Catedral de Santiago). Otros imprescindibles del patrimonio laurentino son la <a href=\"http:\/\/www.fortalezadetovar.net\/historia.html\" target=\"_blank\" rel=\"noopener\">fortaleza de Tovar<\/a> y el \u00e1rea recreativa del molino de O Pereiro, con molino visitable.<\/p>\n<p>Si en lugar de moverte por tu cuenta prefieres una visita organizada, opta por contactar con los promotores de la<a href=\"http:\/\/xn--amarialucense-mkb.gal\/es\/rutadafaba\/\" target=\"_blank\" rel=\"noopener\"> Ruta del Haba<\/a>, que combina historia, cultura agr\u00edcola y gastronom\u00eda.[\/vc_column_text][\/vc_accordion_tab][vc_accordion_tab title=\u00bbRibadeo\u00bb][vc_column_text disable_pattern=\u00bbfalse\u00bb]En la villa indiana de la Mari\u00f1a lucense se organiza en <a href=\"http:\/\/turismo.ribadeo.gal\/axenda.php?id=283&amp;idioma=es&amp;sec=23\" target=\"_blank\" rel=\"noopener\">septiembre <\/a>la <strong>Fiesta de la Huerta<\/strong>. Seguro que el buen tiempo de finales de verano te anima a pasear por la <a href=\"http:\/\/turismo.ribadeo.gal\/info.php?sec=35&amp;idioma=es\" target=\"_blank\" rel=\"noopener\">zona hist\u00f3rica<\/a>, declarada Bien de Inter\u00e9s Cultural (BIC) en 2014, o incluso, acercarte a la famosa <a href=\"http:\/\/www.turismo.gal\/que-visitar\/destacados\/praia-das-catedrais?langId=gl_ES\" target=\"_blank\" rel=\"noopener\">playa de As Catedrais<\/a>, monumento natural. Son unos 15 minutos en coche y si haces noche en la zona y te gusta caminar, los 10 km de distancia se hacen en unas 2 horas (solo ida).[\/vc_column_text][\/vc_accordion_tab][\/vc_accordions][mk_padding_divider][\/vc_column][\/vc_row][vc_row][vc_column][mk_ornamental_title font_family=\u00bbnone\u00bb font_size=\u00bb30&#8243; ornament_style=\u00bblemo-single\u00bb nss_align=\u00bbcenter\u00bb]\u00a1Completa tu experiencia en las Terras de Miranda![\/mk_ornamental_title][mk_padding_divider][\/vc_column][\/vc_row][vc_row][vc_column width=\u00bb1\/3&#8243;][vc_single_image image=\u00bb454&#8243; img_size=\u00bbfull\u00bb alignment=\u00bbcenter\u00bb][vc_btn title=\u00bbD\u00f3nde comer\u00bb style=\u00bbcustom\u00bb custom_background=\u00bb#ed8b00&#8243; custom_text=\u00bb#ffffff\u00bb shape=\u00bbsquare\u00bb size=\u00bblg\u00bb align=\u00bbcenter\u00bb button_block=\u00bbtrue\u00bb link=\u00bburl:http%3A%2F%2Fterrasdemiranda.org%2Fes%2Fturismo-de-lugo%2Fruta-de-la-huerta%2Fdonde-comer%2F|||\u00bb el_class=\u00bbbtn-custom-1&#8243;][\/vc_column][vc_column width=\u00bb1\/3&#8243;][vc_single_image image=\u00bb455&#8243; img_size=\u00bbfull\u00bb alignment=\u00bbcenter\u00bb][vc_btn title=\u00bbD\u00f3nde dormir\u00bb style=\u00bbcustom\u00bb custom_background=\u00bb#f2a900&#8243; custom_text=\u00bb#ffffff\u00bb shape=\u00bbsquare\u00bb size=\u00bblg\u00bb align=\u00bbcenter\u00bb button_block=\u00bbtrue\u00bb link=\u00bburl:http%3A%2F%2Fterrasdemiranda.org%2Fes%2Fturismo-de-lugo%2Fruta-de-la-huerta%2Fdonde-dormir%2F|||\u00bb el_class=\u00bbbtn-custom-2&#8243;][\/vc_column][vc_column width=\u00bb1\/3&#8243;][vc_single_image image=\u00bb456&#8243; img_size=\u00bbfull\u00bb alignment=\u00bbcenter\u00bb][vc_btn title=\u00bbQu\u00e9 hacer\u00bb style=\u00bbcustom\u00bb custom_background=\u00bb#d45d00&#8243; custom_text=\u00bb#ffffff\u00bb shape=\u00bbsquare\u00bb size=\u00bblg\u00bb align=\u00bbcenter\u00bb button_block=\u00bbtrue\u00bb link=\u00bburl:http%3A%2F%2Fterrasdemiranda.org%2Fes%2Fturismo-de-lugo%2Fruta-de-la-huerta%2Fque-hacer%2F|||\u00bb el_class=\u00bbbtn-custom-3&#8243;][\/vc_column][\/vc_row][vc_row][vc_column][mk_padding_divider][\/vc_column][\/vc_row]\n","protected":false},"excerpt":{"rendered":"<p>[vc_row][vc_column width=\u00bb2\/3&#8243;][mk_revslider id=\u00bbruta-da-horta\u00bb][\/vc_column][vc_column width=\u00bb1\/3&#8243;][vc_column_text]\u00bfQu\u00e9 camino siguen las mejores habas, manzanas y tomates antes de llegar a la mesa? Aprende c\u00f3mo se cosecha nuestra huerta y c\u00f3mo una producci\u00f3n sostenible lleva nuestros productos a cocinas profesionales de toda Espa\u00f1a. \u00c9poca recomendada: oto\u00f1o Tiempo: 2 d\u00edas Te llevamos por: O Valadouro Alfoz Mondo\u00f1edo Lourenz\u00e1 Ribadeo [\/vc_column_text][\/vc_column][\/vc_row][vc_row][vc_column][mk_padding_divider][vc_gmaps link=\u00bb#E-8_JTNDaWZyYW1lJTIwc3JjJTNEJTIyaHR0cHMlM0ElMkYlMkZ3d3cuZ29vZ2xlLmNvbSUyRm1hcHMlMkZkJTJGdSUyRjElMkZlbWJlZCUzRm1pZCUzRDFjWmN2RXk1a1M4cDVhVjhQc0VOTnY5OFhuNjAlMjIlMjB3aWR0aCUzRCUyMjY0MCUyMiUyMGhlaWdodCUzRCUyMjQ4MCUyMiUyMGZyYW1lYm9yZGVyJTNEJTIyMCUyMiUyMHN0eWxlJTNEJTIyYm9yZGVyJTNBMCUyMiUyMGFsbG93ZnVsbHNjcmVlbiUzRSUzQyUyRmlmcmFtZSUzRQ==\u00bb][mk_fancy_title [&hellip;]<\/p>\n","protected":false},"author":1,"featured_media":0,"parent":371,"menu_order":0,"comment_status":"closed","ping_status":"closed","template":"","meta":{"footnotes":""},"class_list":["post-1297","page","type-page","status-publish","hentry"],"_links":{"self":[{"href":"https:\/\/terrasdemiranda.org\/es\/wp-json\/wp\/v2\/pages\/1297"}],"collection":[{"href":"https:\/\/terrasdemiranda.org\/es\/wp-json\/wp\/v2\/pages"}],"about":[{"href":"https:\/\/terrasdemiranda.org\/es\/wp-json\/wp\/v2\/types\/page"}],"author":[{"embeddable":true,"href":"https:\/\/terrasdemiranda.org\/es\/wp-json\/wp\/v2\/users\/1"}],"replies":[{"embeddable":true,"href":"https:\/\/terrasdemiranda.org\/es\/wp-json\/wp\/v2\/comments?post=1297"}],"version-history":[{"count":18,"href":"https:\/\/terrasdemiranda.org\/es\/wp-json\/wp\/v2\/pages\/1297\/revisions"}],"predecessor-version":[{"id":1970,"href":"https:\/\/terrasdemiranda.org\/es\/wp-json\/wp\/v2\/pages\/1297\/revisions\/1970"}],"up":[{"embeddable":true,"href":"https:\/\/terrasdemiranda.org\/es\/wp-json\/wp\/v2\/pages\/371"}],"wp:attachment":[{"href":"https:\/\/terrasdemiranda.org\/es\/wp-json\/wp\/v2\/media?parent=1297"}],"curies":[{"name":"wp","href":"https:\/\/api.w.org\/{rel}","templated":true}]}}