{"id":1455,"date":"2017-11-24T10:24:58","date_gmt":"2017-11-24T10:24:58","guid":{"rendered":"http:\/\/terrasdemiranda.org\/turismo-de-lugo\/ruta-del-marisco\/"},"modified":"2017-11-28T11:31:06","modified_gmt":"2017-11-28T11:31:06","slug":"ruta-del-marisco","status":"publish","type":"page","link":"https:\/\/terrasdemiranda.org\/es\/turismo-de-lugo\/ruta-del-marisco\/","title":{"rendered":"Ruta del Marisco"},"content":{"rendered":"[vc_row][vc_column width=\u00bb2\/3&#8243;][mk_revslider id=\u00bbruta-do-marisco\u00bb][\/vc_column][vc_column width=\u00bb1\/3&#8243;][vc_column_text]Recorre la costa de A Mari\u00f1a lucense saltando de puerto en puerto y saboreando nuestros mariscos y moluscos m\u00e1s representativos como el erizo, el pulpo de la piedra o los \u201cch\u00edcaros\u201d (berberechos).<br \/>\n<strong>\u00c9poca recomendada<\/strong>: verano \/ todo el a\u00f1o (fiestas varias)<br \/>\n<strong>Tiempo<\/strong>: 5 d\u00edas<br \/>\n<strong>Te llevamos por<\/strong>:<\/p>\n<ul>\n<li>O Vicedo<\/li>\n<li>Xove<\/li>\n<li>Cervo<\/li>\n<li>Foz<\/li>\n<li>Barreiros<\/li>\n<li>Ribadeo<\/li>\n<\/ul>\n[\/vc_column_text][\/vc_column][\/vc_row][vc_row][vc_column][mk_padding_divider][vc_gmaps link=\u00bb#E-8_JTNDaWZyYW1lJTIwc3JjJTNEJTIyaHR0cHMlM0ElMkYlMkZ3d3cuZ29vZ2xlLmNvbSUyRm1hcHMlMkZkJTJGdSUyRjElMkZlbWJlZCUzRm1pZCUzRDExZUU3MnZMalRPRDlONVVrZjNaV1hWZmdGZFUlMjIlMjB3aWR0aCUzRCUyMjYwMCUyMiUyMGhlaWdodCUzRCUyMjQ1MCUyMiUyMGZyYW1lYm9yZGVyJTNEJTIyMCUyMiUyMHN0eWxlJTNEJTIyYm9yZGVyJTNBMCUyMiUyMGFsbG93ZnVsbHNjcmVlbiUzRSUzQyUyRmlmcmFtZSUzRQ==\u00bb][mk_fancy_title color=\u00bb#d45d00&#8243; size=\u00bb24&#8243; font_weight=\u00bbbold\u00bb margin_bottom=\u00bb0&#8243; font_family=\u00bbnone\u00bb align=\u00bbright\u00bb]\u00bfSab\u00edas que?&#8230;[\/mk_fancy_title][mk_custom_box padding_vertical=\u00bb10&#8243; padding_horizental=\u00bb10&#8243; margin_bottom=\u00bb0&#8243; min_height=\u00bb0&#8243; el_class=\u00bbmsgbox\u00bb][vc_column_text]Ribadeo es la primera parada del <a href=\"http:\/\/www.renfe.com\/viajeros\/feve\/mapas\/mapa_ferrol_oviedo_gijon.html\" target=\"_blank\" rel=\"noopener\">tren FEVE en Galicia<\/a>, que pasa por todas las localidades que atraviesa esta Ruta del Marisco. Este es un medio de <strong>transporte sostenible<\/strong> para conocer el territorio![\/vc_column_text][\/mk_custom_box][mk_padding_divider][\/vc_column][\/vc_row][vc_row][vc_column][mk_fancy_title size=\u00bb18&#8243; font_family=\u00bbnone\u00bb]<strong>Paradas<\/strong>[\/mk_fancy_title][vc_accordions style=\u00bbsimple-style\u00bb container_bg_color=\u00bb#ffffff\u00bb responsive=\u00bbfalse\u00bb][vc_accordion_tab title=\u00bbPuerto de O Vicedo\u00bb][vc_column_text disable_pattern=\u00bbfalse\u00bb]El puerto de O Vicedo, junto a la r\u00eda del mismo nombre y situado en el municipio del <a href=\"https:\/\/www.youtube.com\/watch?v=PVipDXqIUXU\" target=\"_blank\" rel=\"noopener\">medi\u00e1tico mirador de O Fuci\u00f1o do Porco<\/a>, destaca por su <strong>tradici\u00f3n marisquera<\/strong>. A modo de curiosidad, te contamos que aqu\u00ed hay 3 minicriadeiros de almeja, coquinas y erizo dependientes del Centro de Cultivos Marinos de Ribadeo-CIMA (Xunta de Galicia).<\/p>\n<p>En mayo, durante las <strong>jornadas<\/strong> <strong>gastron\u00f3micas<\/strong> <strong>de<\/strong> <strong>la<\/strong> <strong>ostra<\/strong>, la hosteler\u00eda local te ofrecer\u00e1 exquisitas preparaciones de este molusco bivalvo de la r\u00eda para darlo a conocer y potenciar su consumo.[\/vc_column_text][\/vc_accordion_tab][vc_accordion_tab title=\u00bbPuerto de Mor\u00e1s (Xove)\u00bb][vc_column_text disable_pattern=\u00bbfalse\u00bb]La segunda parada recomendada de esta ruta es el obrador tradicional de una <strong>conservera<\/strong> en donde preparan pulpo y bonito de Burela.<\/p>\n<p>En la segunda quincena de julio (la fecha depende de las mareas), Xove celebra la <strong>Fiesta del Percebe<\/strong> en la que no falta m\u00fasica de charanga y actividades para ni\u00f1os.<\/p>\n<p>Antes, en Semana Santa, hay otra fecha se\u00f1alada. El Jueves Santo tiene lugar la <strong>Fiesta<\/strong> <strong>del<\/strong> <strong>Pulpo<\/strong> <strong>de<\/strong> <strong>la<\/strong> <strong>Piedra<\/strong>, denominaci\u00f3n con la que conoce la especie que se captura en este tramo de costa. Este es un cefal\u00f3podo de alt\u00edsima calidad con un color m\u00e1s oscuro que el com\u00fan, lomos m\u00e1s largos y cabeza m\u00e1s peque\u00f1a.<\/p>\n<p>Aprovecha para pasar por el <a href=\"http:\/\/www.descubrelugo.com\/turismo\/a-marina-occidental\/o-cabo-de-moras\/\" target=\"_blank\" rel=\"noopener\">cabo de Mor\u00e1s<\/a> y el faro de punta Roncadoira. Es un lugar salvaje a pesar de no destacar por la verticalidad de sus acantilados. La plataforma del faro, con torre cil\u00edndrica, sirve de mirador sobre el horizonte del mar Cant\u00e1brico, la r\u00eda de Viveiro, las islas de Os Farall\u00f3ns, la de Sar\u00f3n o incluso isla Coelleira (oeste). Prism\u00e1ticos en mano, all\u00ed ver\u00e1s uno de los seis faros que hay en la Mari\u00f1a lucense y una gran reserva de aves migratorias (unos 15.000 nidos).[\/vc_column_text][\/vc_accordion_tab][vc_accordion_tab title=\u00bbPuerto de San Cibrao (Cervo)\u00bb][vc_column_text disable_pattern=\u00bbfalse\u00bb]La abundancia de erizos en sus aguas convierte al ayuntamiento de Cervo en la capital gallega de este curioso marisco. Es muy habitual en las cartas de los restaurantes locales que, durante la <strong>Fiesta<\/strong> <strong>del<\/strong> <strong>Erizo<\/strong> <strong>de<\/strong> <strong>San<\/strong> <strong>Cibrao<\/strong> (entre febrero y marzo) son sus principales embajadores prepar\u00e1ndolos en croquetas, empanada, tortilla, al natural, cocidos o en pudin.<\/p>\n<p>La hosteler\u00eda tambi\u00e9n se involucra con la degustaci\u00f3n de la <strong>Fiesta<\/strong> <strong>del<\/strong> <strong>Mejill\u00f3n<\/strong> cada s\u00e1bado de Semana Santa mientras es amenizada con la actuaci\u00f3n de grupos folcl\u00f3ricos de la zona.<\/p>\n<p>Con el est\u00f3mago lleno, parada obligada en Cervo es la <a href=\"http:\/\/www.concellodecervo.com\/web\/publico\/turismo\/conxunto-historico-artistico-de-sargadelos\" target=\"_blank\" rel=\"noopener\">Real F\u00e1brica de Sargadelos<\/a>, historia viva de Galicia. Aparte de la exposici\u00f3n, de la galer\u00eda o del Paseo de los Enamorados, vale la pena acercarse entre semana (ma\u00f1anas) para seguir el recorrido se\u00f1alizado por toda la f\u00e1brica y ver a los trabajadores mientras hacen sus tareas con toda naturalidad, dando forma l estas famosas piezas blancas con su caracter\u00edstico color azul cobalto, verde o rojo.<\/p>\n<p>Aprovecha la estancia en San Cibrao para conocer los 200 a\u00f1os de historia de la<a href=\"http:\/\/www.concellodecervo.com\/web\/publico\/conoce-cervo\/ecomuseo\/o-mundo-do-mar\/carpinterias-de-ribeira\" target=\"_blank\" rel=\"noopener\"> \u00fanica carpinter\u00eda de ribera tradicional<\/a> de la provincia de Lugo, y una de las 20 gallegas; el <a href=\"http:\/\/www.concellodecervo.com\/web\/publico\/turismo\/patrimonio\/museos\" target=\"_blank\" rel=\"noopener\">Museo del Mar<\/a>, el primero de Galicia; las <a href=\"http:\/\/www.concellodecervo.com\/web\/publico\/turismo\/patrimonio\/museos\" target=\"_blank\" rel=\"noopener\">antiguas f\u00e1bricas de salaz\u00f3n<\/a>; o el faro de punta Atalaia, con espectaculares vistas. <a href=\"https:\/\/senderoazulotorno.wordpress.com\/2016\/05\/06\/sendero-azul-o-torno\/\" target=\"_blank\" rel=\"noopener\">El Sendero Azul O Torno en San Cibrao<\/a> vertebra todos estos lugares de inter\u00e9s.<\/p>\n<p>Si andas por aqu\u00ed en agosto, vive como un vecino m\u00e1s dos <a href=\"http:\/\/www.concellodecervo.com\/web\/publico\/turismo\/festas\/festas-de-interese-turistico\" target=\"_blank\" rel=\"noopener\">Fiestas de Inter\u00e9s Tur\u00edstico<\/a>: la Maruxaina (2\u00aa s\u00e1bado), durante la que se escenifica una leyenda marinera, y la Queimada Popular (s\u00e1bado siguiente al 16).[\/vc_column_text][\/vc_accordion_tab][vc_accordion_tab title=\u00bbPuertos de Foz y Barreiros (Foz y Barreiros)\u00bb][vc_column_text disable_pattern=\u00bbfalse\u00bb]A mediados de mayo se celebra al mismo tiempo en Foz y en Barreiros la <strong>Fiesta del B\u00edgaro<\/strong>, con degustaci\u00f3n de tapas y de raciones en la hosteler\u00eda local.<\/p>\n<p>Una buena opci\u00f3n para conocer la zona y su patrimonio es caminar por la Ruta de las Playas, entre la casa consistorial de Barreiros y la playa de Arealonga (Foz). El castro de Fazouro (Bien de Inter\u00e9s Cultural, BIC) es el \u00fanico poblado castre\u00f1o costero excavado y musealizado en la costa cant\u00e1brica gallega. F\u00edjate en estos acantilados rectos, de escasa altura, se llaman \u201crasa cant\u00e1brica\u201d.<\/p>\n<p>En enero, Foz, la villa tur\u00edstica m\u00e1s concurrida de A Mari\u00f1a, acoge la <strong>Fiesta<\/strong> <strong>del<\/strong> <strong>Ch\u00edcaro<\/strong>, nombre que aqu\u00ed le dan a los berberechos. Para la cena, marida la <strong>primera<\/strong> <strong>cerveza artesana<\/strong> <strong>de<\/strong> <strong>A<\/strong> <strong>Mari\u00f1a<\/strong> con hamburguesas \u201cgourmet\u201d de productos del mar.[\/vc_column_text][\/vc_accordion_tab][vc_accordion_tab title=\u00bbPueblo marinero de Rinlo (Ribadeo)\u00bb][vc_column_text disable_pattern=\u00bbfalse\u00bb]Antes de llegar a Ribadeo, coge el desv\u00edo hacia Rinlo, tan famoso por sus percebes como por el arroz caldoso con marisco. En el calendario de jornadas gastron\u00f3micas del verano no pod\u00eda faltar su <strong>Fiesta<\/strong> <strong>del<\/strong> <strong>Percebe<\/strong>, entre finales de julio o principios de agosto (var\u00eda por las mareas).<\/p>\n<p>A pocos metros del muelle, siguiendo la pasarela de madera sentido Foz, encontrar\u00e1s la primera de las 3 curiosas cetarias naturales que hab\u00eda en Rinlo. Esta es de principios de 1900 y estuvo en activo unos cien a\u00f1os.<\/p>\n<p>Desde aqu\u00ed, uno \u201ccorto\u201d paseo de unos 5 km al lado de la rasa cant\u00e1brica (1 hora a pie y 10 minutos en coche) te llevar\u00e1 hasta otro \u201cimprescindible\u201d: la <a href=\"http:\/\/www.turismo.gal\/que-visitar\/destacados\/praia-das-catedrais?langId=es_ES\" target=\"_blank\" rel=\"noopener\">playa de As Catedrais<\/a>, monumento natural de gran riqueza paisaj\u00edstica. (Recuerda que en verano y Semana Santa necesitas reservar visita.)[\/vc_column_text][\/vc_accordion_tab][vc_accordion_tab title=\u00bbPuerto de Porcill\u00e1n (Ribadeo)\u00bb][vc_column_text disable_pattern=\u00bbfalse\u00bb]A 10 minutos en coche de Rinlo est\u00e1 el puerto de Ribadeo. El muelle de Porcill\u00e1n es la principal entrada de mercanc\u00edas del noroeste gallego. Una ruta por la r\u00eda te descubrir\u00e1 las artes y playas para el marisqueo e incluso podr\u00e1s vivir <em>in situ<\/em> una <strong>jornada con las mariscadoras<\/strong>, visitar cultivos de almejas, molinos de mareas o una antigua f\u00e1brica de algas.[\/vc_column_text][\/vc_accordion_tab][\/vc_accordions][mk_padding_divider][\/vc_column][\/vc_row][vc_row][vc_column][mk_ornamental_title font_family=\u00bbnone\u00bb font_size=\u00bb30&#8243; ornament_style=\u00bblemo-single\u00bb nss_align=\u00bbcenter\u00bb]\u00a1Completa tu experiencia en las Terras de Miranda![\/mk_ornamental_title][mk_padding_divider][\/vc_column][\/vc_row][vc_row][vc_column width=\u00bb1\/3&#8243;][vc_single_image image=\u00bb454&#8243; img_size=\u00bbfull\u00bb alignment=\u00bbcenter\u00bb][vc_btn title=\u00bbD\u00f3nde comer\u00bb style=\u00bbcustom\u00bb custom_background=\u00bb#ed8b00&#8243; custom_text=\u00bb#ffffff\u00bb shape=\u00bbsquare\u00bb size=\u00bblg\u00bb align=\u00bbcenter\u00bb button_block=\u00bbtrue\u00bb link=\u00bburl:http%3A%2F%2Fterrasdemiranda.org%2Fes%2Fturismo-de-lugo%2Fruta-del-marisco%2Fdonde-comer%2F|||\u00bb el_class=\u00bbbtn-custom-1&#8243;][\/vc_column][vc_column width=\u00bb1\/3&#8243;][vc_single_image image=\u00bb455&#8243; img_size=\u00bbfull\u00bb alignment=\u00bbcenter\u00bb][vc_btn title=\u00bbD\u00f3nde dormir\u00bb style=\u00bbcustom\u00bb custom_background=\u00bb#f2a900&#8243; custom_text=\u00bb#ffffff\u00bb shape=\u00bbsquare\u00bb size=\u00bblg\u00bb align=\u00bbcenter\u00bb button_block=\u00bbtrue\u00bb link=\u00bburl:http%3A%2F%2Fterrasdemiranda.org%2Fes%2Fturismo-de-lugo%2Fruta-del-marisco%2Fdonde-dormir%2F|||\u00bb el_class=\u00bbbtn-custom-2&#8243;][\/vc_column][vc_column width=\u00bb1\/3&#8243;][vc_single_image image=\u00bb456&#8243; img_size=\u00bbfull\u00bb alignment=\u00bbcenter\u00bb][vc_btn title=\u00bbQu\u00e9 hacer\u00bb style=\u00bbcustom\u00bb custom_background=\u00bb#d45d00&#8243; custom_text=\u00bb#ffffff\u00bb shape=\u00bbsquare\u00bb size=\u00bblg\u00bb align=\u00bbcenter\u00bb button_block=\u00bbtrue\u00bb link=\u00bburl:http%3A%2F%2Fterrasdemiranda.org%2Fes%2Fturismo-de-lugo%2Fruta-del-marisco%2Fque-hacer%2F|||\u00bb el_class=\u00bbbtn-custom-3&#8243;][\/vc_column][\/vc_row][vc_row][vc_column][mk_padding_divider][\/vc_column][\/vc_row]\n","protected":false},"excerpt":{"rendered":"<p>[vc_row][vc_column width=\u00bb2\/3&#8243;][mk_revslider id=\u00bbruta-do-marisco\u00bb][\/vc_column][vc_column width=\u00bb1\/3&#8243;][vc_column_text]Recorre la costa de A Mari\u00f1a lucense saltando de puerto en puerto y saboreando nuestros mariscos y moluscos m\u00e1s representativos como el erizo, el pulpo de la piedra o los \u201cch\u00edcaros\u201d (berberechos). \u00c9poca recomendada: verano \/ todo el a\u00f1o (fiestas varias) Tiempo: 5 d\u00edas Te llevamos por: O Vicedo Xove Cervo Foz [&hellip;]<\/p>\n","protected":false},"author":1,"featured_media":0,"parent":371,"menu_order":0,"comment_status":"closed","ping_status":"closed","template":"","meta":{"footnotes":""},"class_list":["post-1455","page","type-page","status-publish","hentry"],"_links":{"self":[{"href":"https:\/\/terrasdemiranda.org\/es\/wp-json\/wp\/v2\/pages\/1455"}],"collection":[{"href":"https:\/\/terrasdemiranda.org\/es\/wp-json\/wp\/v2\/pages"}],"about":[{"href":"https:\/\/terrasdemiranda.org\/es\/wp-json\/wp\/v2\/types\/page"}],"author":[{"embeddable":true,"href":"https:\/\/terrasdemiranda.org\/es\/wp-json\/wp\/v2\/users\/1"}],"replies":[{"embeddable":true,"href":"https:\/\/terrasdemiranda.org\/es\/wp-json\/wp\/v2\/comments?post=1455"}],"version-history":[{"count":30,"href":"https:\/\/terrasdemiranda.org\/es\/wp-json\/wp\/v2\/pages\/1455\/revisions"}],"predecessor-version":[{"id":1971,"href":"https:\/\/terrasdemiranda.org\/es\/wp-json\/wp\/v2\/pages\/1455\/revisions\/1971"}],"up":[{"embeddable":true,"href":"https:\/\/terrasdemiranda.org\/es\/wp-json\/wp\/v2\/pages\/371"}],"wp:attachment":[{"href":"https:\/\/terrasdemiranda.org\/es\/wp-json\/wp\/v2\/media?parent=1455"}],"curies":[{"name":"wp","href":"https:\/\/api.w.org\/{rel}","templated":true}]}}