{"id":1505,"date":"2017-11-24T10:56:36","date_gmt":"2017-11-24T10:56:36","guid":{"rendered":"http:\/\/terrasdemiranda.org\/turismo-de-lugo\/ruta-del-pescado-de-mar\/"},"modified":"2017-11-28T11:31:57","modified_gmt":"2017-11-28T11:31:57","slug":"ruta-del-pescado-de-mar","status":"publish","type":"page","link":"https:\/\/terrasdemiranda.org\/es\/turismo-de-lugo\/ruta-del-pescado-de-mar\/","title":{"rendered":"Ruta del Pescado de Mar"},"content":{"rendered":"[vc_row][vc_column width=\u00bb2\/3&#8243;][mk_revslider id=\u00bbruta-do-peixe-de-mar\u00bb][\/vc_column][vc_column width=\u00bb1\/3&#8243;][vc_column_text]Descubre, frente al Cant\u00e1brico, nuestros principales puertos y lonjas para conocer la cultura y el oficio marinero. Sin ellos no existir\u00edan pescados con nombre propio como la merluza del pincho de Celeiro o el bonito de Burela.<br \/>\n<strong>\u00c9poca recomendada<\/strong>: verano \/ todo el a\u00f1o (fiestas varias)<br \/>\n<strong>Tiempo<\/strong>: 2-3 d\u00edas<br \/>\n<strong>Te llevamos por<\/strong>:<\/p>\n<ul>\n<li>Vicedo<\/li>\n<li>Viveiro<\/li>\n<li>Xove<\/li>\n<li>Cervo<\/li>\n<li>Burela<\/li>\n<li>Foz<\/li>\n<\/ul>\n[\/vc_column_text][\/vc_column][\/vc_row][vc_row][vc_column][mk_padding_divider][vc_gmaps link=\u00bb#E-8_JTNDaWZyYW1lJTIwc3JjJTNEJTIyaHR0cHMlM0ElMkYlMkZ3d3cuZ29vZ2xlLmNvbSUyRm1hcHMlMkZkJTJGdSUyRjElMkZlbWJlZCUzRm1pZCUzRDFTTGx6QzA0Si13cjNDTi10VFpUYVMyTG9nb2clMjIlMjB3aWR0aCUzRCUyMjYwMCUyMiUyMGhlaWdodCUzRCUyMjQ1MCUyMiUyMGZyYW1lYm9yZGVyJTNEJTIyMCUyMiUyMHN0eWxlJTNEJTIyYm9yZGVyJTNBMCUyMiUyMGFsbG93ZnVsbHNjcmVlbiUzRSUzQyUyRmlmcmFtZSUzRQ==\u00bb][mk_message_box type=\u00bbinfo-message\u00bb el_class=\u00bbocultar\u00bb]Outras d\u00faas rutas organizadas para visitar a costa de Lugo son o <a href=\"http:\/\/www.mapama.gob.es\/es\/desarrollo-rural\/temas\/caminos-naturales\/caminos-naturales\/sector-noroeste\/cantabrico\/default.aspx\" target=\"_blank\" rel=\"noopener\">Cami\u00f1o Natural da Ruta do Cant\u00e1brico<\/a> ou a ruta no <a href=\"http:\/\/www.renfe.com\/viajeros\/feve\/mapas\/mapa_ferrol_oviedo_gijon.html\" target=\"_blank\" rel=\"noopener\">tren FEVE<\/a>. Durante ambos percorridos ben seguro que ves os 6 faros do territorio, sinais mar\u00edtimas imprescindibles para a xente do mar. De leste a oeste, ou viceversa: illa Pancha (Ribadeo), Foz, Burela, San Cibrao, punta Roncadoira (Xove) e illa Coelleira (O Vicedo).[\/mk_message_box][mk_fancy_title color=\u00bb#d45d00&#8243; size=\u00bb24&#8243; font_weight=\u00bbbold\u00bb margin_bottom=\u00bb0&#8243; font_family=\u00bbnone\u00bb align=\u00bbright\u00bb]\u00bfSab\u00edas que?&#8230;[\/mk_fancy_title][mk_custom_box padding_vertical=\u00bb10&#8243; padding_horizental=\u00bb10&#8243; margin_bottom=\u00bb0&#8243; min_height=\u00bb0&#8243; el_class=\u00bbmsgbox\u00bb][vc_column_text]Outras d\u00faas rutas organizadas para visitar a costa de Lugo son o <a href=\"http:\/\/www.mapama.gob.es\/es\/desarrollo-rural\/temas\/caminos-naturales\/caminos-naturales\/sector-noroeste\/cantabrico\/default.aspx\" target=\"_blank\" rel=\"noopener\">Cami\u00f1o Natural da Ruta do Cant\u00e1brico<\/a> ou a ruta no <a href=\"http:\/\/www.renfe.com\/viajeros\/feve\/mapas\/mapa_ferrol_oviedo_gijon.html\" target=\"_blank\" rel=\"noopener\">tren FEVE<\/a>. Durante ambos percorridos ben seguro que ves os 6 faros do territorio, sinais mar\u00edtimas imprescindibles para a xente do mar. De leste a oeste, ou viceversa: illa Pancha (Ribadeo), Foz, Burela, San Cibrao, punta Roncadoira (Xove) e illa Coelleira (O Vicedo).[\/vc_column_text][\/mk_custom_box][mk_padding_divider][\/vc_column][\/vc_row][vc_row][vc_column][mk_fancy_title size=\u00bb18&#8243; font_family=\u00bbnone\u00bb]Paradas[\/mk_fancy_title][vc_accordions style=\u00bbsimple-style\u00bb container_bg_color=\u00bb#ffffff\u00bb responsive=\u00bbfalse\u00bb][vc_accordion_tab title=\u00bb Puerto de O Vicedo (O Vicedo)\u00bb][vc_column_text disable_pattern=\u00bbfalse\u00bb]El chicharro, o jurel, es uno de los pescados m\u00e1s populares del primer puerto pesquero de Lugo, entrando por A Coru\u00f1a, que en septiembre tiene su exaltaci\u00f3n gastron\u00f3mica: la <strong>Fiesta<\/strong> <strong>del<\/strong> <strong>Chicharro<\/strong> <strong>La\u00f1ado<\/strong>.<\/p>\n<p>Siguiendo la ruta de senderismo homologada PRG-156 Costa de O Vicedo llegar\u00e1s a la playa del Caol\u00edn en la que, aparte de maravillarte con su arena fina y blanca, como la del Caribe, ver\u00e1s los vestigios de una antigua factor\u00eda de salaz\u00f3n. Recorre tambi\u00e9n el Sendero Azul playa de Abrela &#8211; punta Socastro (m\u00e1s conocido como Fuci\u00f1o do Cocho), con un mirador natural sobre la playa de Pereira, Area Grande, isla Coelleira y hacia el este, la r\u00eda de Viveiro.<\/p>\n<p>El tercer domingo de junio, O Vicedo es uno de los numerosos puertos gallegos que honran a la Virgen del Carme con una procesi\u00f3n mar\u00edtima.[\/vc_column_text][\/vc_accordion_tab][vc_accordion_tab title=\u00bbPuerto de Celeiro (Viveiro)\u00bb][vc_column_text disable_pattern=\u00bbfalse\u00bb]Celeiro, en Viveiro, es uno de los puertos pesqueros m\u00e1s importantes de la cornisa cant\u00e1brica. Su principal captura, y el 70% de sus ventas, es la <strong>merluza del<\/strong> <strong>pincho<\/strong> cogida una a una en alta mar, de un modo artesanal. Es el primer producto pesquero que consigui\u00f3 la distinci\u00f3n Galicia Calidade y que, como no, tiene su propia <strong>Fiesta<\/strong> <strong>de<\/strong> <strong>Inter\u00e9s<\/strong> <strong>Tur\u00edstico<\/strong> el fin de semana anterior al 25 de julio. En este mes tambi\u00e9n se celebran las fiestas patronales y del mar de Celeiro.<\/p>\n<p>Es muy interesante <strong>visitar la lonja<\/strong> (<a href=\"http:\/\/puertodeceleiro.es\/contacto\/\" target=\"_blank\" rel=\"noopener\">con autorizaci\u00f3n previa<\/a>), asistir a las descargas de la flota y a la subasta (artes menores y arrastre, a las 20.00h), y visitar los muelles para, en general, ver cu\u00e1les son las rutinas de trabajo en un puerto.<\/p>\n<p>Y se quieres tener una perspectiva de este enclave a vista de p\u00e1jaro, sube al mirador Monte Faro (198 m) mientras degustas un trozo de una de las <strong>t\u00edpicas empanadas de pescado<\/strong> elaborada por las panader\u00edas locales. El turismo activo es otra opci\u00f3n muy interesante.[\/vc_column_text][\/vc_accordion_tab][vc_accordion_tab title=\u00bbPuertos de Portocelo y Mor\u00e1s (Xove)\u00bb][vc_column_text disable_pattern=\u00bbfalse\u00bb]Xove cuenta con dos puertos visitables, <strong>Portocelo<\/strong> y <strong>Mor\u00e1s<\/strong>, a unos 5 km de distancia entre s\u00ed; y con el faro de punta Roncadoira, con unas vistas inmejorables de este tramo de costa cant\u00e1brica.<\/p>\n<p>Aparte de deleitarte con la naturaleza y con la actividad marinera, en esta parada te proponemos <strong>visitar<\/strong> <strong>una<\/strong> <strong>conservera<\/strong> en el pol\u00edgono de A Camba en donde envasan bonito de Burela y merluza de Celeiro.[\/vc_column_text][\/vc_accordion_tab][vc_accordion_tab title=\u00bbPuerto de San Cibrao (Cervo)\u00bb][vc_column_text disable_pattern=\u00bbfalse\u00bb]Las antiguas instalaciones portuarias recuerdan un pasado industrial brillante. San Cibrao fue arribada natural de nav\u00edos desde tiempos remotos. Uno de los per\u00edodos de mayor actividad coincidi\u00f3 con el apogeo de las <a href=\"http:\/\/www.concellodecervo.com\/web\/publico\/turismo\/conxunto-historico-artistico-de-sargadelos\" target=\"_blank\" rel=\"noopener\">F\u00e1bricas de Sargadelos<\/a>, a solo 10 minutos de aqu\u00ed. En el muelle te encontrar\u00e1s con los 200 a\u00f1os de historia de la \u00fanica<a href=\"http:\/\/www.concellodecervo.com\/web\/publico\/conoce-cervo\/ecomuseo\/o-mundo-do-mar\/carpinterias-de-ribeira\" target=\"_blank\" rel=\"noopener\"> carpinter\u00eda de ribera tradicional <\/a>de toda la provincia de Lugo, y una de las 20 gallegas.<\/p>\n<p>El <a href=\"http:\/\/www.concellodecervo.com\/web\/publico\/conoce-cervo\/ecomuseo\/o-mundo-do-mar\/a-pesca-da-balea\" target=\"_blank\" rel=\"noopener\">legado ballenero<\/a> tambi\u00e9n forma parte del patrimonio local. En el <a href=\"http:\/\/www.concellodecervo.com\/web\/publico\/turismo\/patrimonio\/museos\" target=\"_blank\" rel=\"noopener\">Museo del Mar<\/a> de San Cibrao, el primero de Galicia, se exponen huesos (s. XVIII) de estos mam\u00edferos de hasta 4 metros de largo, as\u00ed como los aperos para deshacerlos.<\/p>\n<p>Otras visitas muy recomendables son las<a href=\"http:\/\/www.concellodecervo.com\/web\/publico\/conoce-cervo\/ecomuseo\/o-mundo-do-mar\/fabricas-de-salgadura\" target=\"_blank\" rel=\"noopener\"> antiguas f\u00e1bricas de salaz\u00f3n<\/a>, el faro de punta Atalaia y su entorno, el<a href=\"http:\/\/www.concellodecervo.com\/web\/publico\/turismo\/encontro-de-palilleiras\" target=\"_blank\" rel=\"noopener\"> encuentro de palilleiras<\/a> (marzo-abril), y <a href=\"http:\/\/www.concellodecervo.com\/web\/publico\/turismo\/festas\/festas-de-interese-turistico\" target=\"_blank\" rel=\"noopener\">dos Fiestas de Inter\u00e9s Tur\u00edstico<\/a>. Durante la Maruxaina (2\u00ba s\u00e1bado de agosto) se recrea una leyenda marinera y la Queimada Popular de Cervo se celebra el siguiente s\u00e1bado al 16 de agosto. El <a href=\"https:\/\/senderoazulotorno.wordpress.com\/2016\/05\/06\/sendero-azul-o-torno\/\" target=\"_blank\" rel=\"noopener\">Sendero Azul O Torno<\/a> vertebra todos estos puntos de inter\u00e9s.[\/vc_column_text][\/vc_accordion_tab][vc_accordion_tab title=\u00bbPuerto de Burela (Burela)\u00bb][vc_column_text disable_pattern=\u00bbfalse\u00bb]Contin\u00faa la l\u00ednea de costa visitando el puerto de Burela, el segundo en importancia de Galicia por ser la principal lonja en comercializaci\u00f3n de merluza del pincho y cuna del <strong>bonito<\/strong> <strong>de<\/strong> <strong>Burela<\/strong>. La <strong>fiesta<\/strong> <strong>gastron\u00f3mica<\/strong> (de Inter\u00e9s Tur\u00edstico) de esta especie se celebra el primer s\u00e1bado de agosto en el muelle.<\/p>\n<p>Reserva tiempo para asistir a una <strong>subasta<\/strong> <strong>en<\/strong> <strong>la<\/strong> <strong>lonja<\/strong> (<a href=\"http:\/\/absaburela.com\/\" target=\"_blank\" rel=\"noopener\">consulta antes los horarios<\/a>) o para ir hasta la nave de las redeiras, con exposici\u00f3n de artes de pesca y maquinar\u00eda. A pocos metros se encuentra el <a href=\"http:\/\/www.burela.org\/barcomuseo\/principal.html\" target=\"_blank\" rel=\"noopener\">barco museo \u201cReina del Carmen\u201d<\/a>, visitable todo el a\u00f1o, para ver otra parte del oficio del mar por dentro.[\/vc_column_text][\/vc_accordion_tab][vc_accordion_tab title=\u00bbPuerto de Foz (Foz)\u00bb][vc_column_text disable_pattern=\u00bbfalse\u00bb]La tradici\u00f3n y el oficio marinero est\u00e1n presentes en cada rinc\u00f3n de <a href=\"http:\/\/www.marina-ortegal.es\/es\/puerto-de-foz\" target=\"_blank\" rel=\"noopener\">Foz<\/a>. En otros tiempos, la relaci\u00f3n era mar-industria (pesca de la ballena y exportaci\u00f3n de madera) y, actualmente, la relaci\u00f3n es mar-turismo, pero con el mar siempre presente.<\/p>\n<p>Uno de los lugares m\u00e1s hermosos es la desembocadura del r\u00edo Masma. Convertido en r\u00eda, el azul que devuelve el agua a la vista es espectacular.<\/p>\n<p>Por las fiestas de San Juan y en general durante todo el verano, se celebran multitud de <strong>sardinadas<\/strong> <strong>populares<\/strong>.[\/vc_column_text][\/vc_accordion_tab][\/vc_accordions][mk_padding_divider][\/vc_column][\/vc_row][vc_row][vc_column][mk_ornamental_title font_family=\u00bbnone\u00bb font_size=\u00bb30&#8243; ornament_style=\u00bblemo-single\u00bb nss_align=\u00bbcenter\u00bb]\u00a1Completa tu experiencia en las Terras de Miranda![\/mk_ornamental_title][mk_padding_divider][\/vc_column][\/vc_row][vc_row][vc_column width=\u00bb1\/3&#8243;][vc_single_image image=\u00bb454&#8243; img_size=\u00bbfull\u00bb alignment=\u00bbcenter\u00bb][vc_btn title=\u00bbD\u00f3nde comer\u00bb style=\u00bbcustom\u00bb custom_background=\u00bb#ed8b00&#8243; custom_text=\u00bb#ffffff\u00bb shape=\u00bbsquare\u00bb size=\u00bblg\u00bb align=\u00bbcenter\u00bb button_block=\u00bbtrue\u00bb link=\u00bburl:http%3A%2F%2Fterrasdemiranda.org%2Fes%2Fturismo-de-lugo%2Fruta-del-pescado-de-mar%2Fdonde-comer%2F|||\u00bb el_class=\u00bbbtn-custom-1&#8243;][\/vc_column][vc_column width=\u00bb1\/3&#8243;][vc_single_image image=\u00bb455&#8243; img_size=\u00bbfull\u00bb alignment=\u00bbcenter\u00bb][vc_btn title=\u00bbD\u00f3nde dormir\u00bb style=\u00bbcustom\u00bb custom_background=\u00bb#f2a900&#8243; custom_text=\u00bb#ffffff\u00bb shape=\u00bbsquare\u00bb size=\u00bblg\u00bb align=\u00bbcenter\u00bb button_block=\u00bbtrue\u00bb link=\u00bburl:http%3A%2F%2Fterrasdemiranda.org%2Fes%2Fturismo-de-lugo%2Fruta-del-pescado-de-mar%2Fdonde-dormir%2F|||\u00bb el_class=\u00bbbtn-custom-2&#8243;][\/vc_column][vc_column width=\u00bb1\/3&#8243;][vc_single_image image=\u00bb456&#8243; img_size=\u00bbfull\u00bb alignment=\u00bbcenter\u00bb][vc_btn title=\u00bbQu\u00e9 hacer\u00bb style=\u00bbcustom\u00bb custom_background=\u00bb#d45d00&#8243; custom_text=\u00bb#ffffff\u00bb shape=\u00bbsquare\u00bb size=\u00bblg\u00bb align=\u00bbcenter\u00bb button_block=\u00bbtrue\u00bb link=\u00bburl:http%3A%2F%2Fterrasdemiranda.org%2Fes%2Fturismo-de-lugo%2Fruta-del-pescado-de-mar%2Fque-hacer%2F|||\u00bb el_class=\u00bbbtn-custom-3&#8243;][\/vc_column][\/vc_row][vc_row][vc_column][mk_padding_divider][\/vc_column][\/vc_row]\n","protected":false},"excerpt":{"rendered":"<p>[vc_row][vc_column width=\u00bb2\/3&#8243;][mk_revslider id=\u00bbruta-do-peixe-de-mar\u00bb][\/vc_column][vc_column width=\u00bb1\/3&#8243;][vc_column_text]Descubre, frente al Cant\u00e1brico, nuestros principales puertos y lonjas para conocer la cultura y el oficio marinero. Sin ellos no existir\u00edan pescados con nombre propio como la merluza del pincho de Celeiro o el bonito de Burela. \u00c9poca recomendada: verano \/ todo el a\u00f1o (fiestas varias) Tiempo: 2-3 d\u00edas Te llevamos por: [&hellip;]<\/p>\n","protected":false},"author":1,"featured_media":0,"parent":371,"menu_order":0,"comment_status":"closed","ping_status":"closed","template":"","meta":{"footnotes":""},"class_list":["post-1505","page","type-page","status-publish","hentry"],"_links":{"self":[{"href":"https:\/\/terrasdemiranda.org\/es\/wp-json\/wp\/v2\/pages\/1505"}],"collection":[{"href":"https:\/\/terrasdemiranda.org\/es\/wp-json\/wp\/v2\/pages"}],"about":[{"href":"https:\/\/terrasdemiranda.org\/es\/wp-json\/wp\/v2\/types\/page"}],"author":[{"embeddable":true,"href":"https:\/\/terrasdemiranda.org\/es\/wp-json\/wp\/v2\/users\/1"}],"replies":[{"embeddable":true,"href":"https:\/\/terrasdemiranda.org\/es\/wp-json\/wp\/v2\/comments?post=1505"}],"version-history":[{"count":35,"href":"https:\/\/terrasdemiranda.org\/es\/wp-json\/wp\/v2\/pages\/1505\/revisions"}],"predecessor-version":[{"id":1972,"href":"https:\/\/terrasdemiranda.org\/es\/wp-json\/wp\/v2\/pages\/1505\/revisions\/1972"}],"up":[{"embeddable":true,"href":"https:\/\/terrasdemiranda.org\/es\/wp-json\/wp\/v2\/pages\/371"}],"wp:attachment":[{"href":"https:\/\/terrasdemiranda.org\/es\/wp-json\/wp\/v2\/media?parent=1505"}],"curies":[{"name":"wp","href":"https:\/\/api.w.org\/{rel}","templated":true}]}}