{"id":1566,"date":"2017-11-24T11:35:25","date_gmt":"2017-11-24T11:35:25","guid":{"rendered":"http:\/\/terrasdemiranda.org\/turismo-de-lugo\/ruta-de-los-dulces\/"},"modified":"2017-12-06T20:17:08","modified_gmt":"2017-12-06T20:17:08","slug":"ruta-de-los-dulces","status":"publish","type":"page","link":"https:\/\/terrasdemiranda.org\/es\/turismo-de-lugo\/ruta-de-los-dulces\/","title":{"rendered":"Ruta de los Dulces"},"content":{"rendered":"[vc_row][vc_column width=\u00bb2\/3&#8243;][mk_revslider id=\u00bbruta-dos-doces\u00bb][\/vc_column][vc_column width=\u00bb1\/3&#8243;][vc_column_text]\u00a1Este es un paseo para golosos! No faltan paradas para degustar la conocida tarta de Mondo\u00f1edo, postres tradicionales o recetas casi perdidas como la de la Colineta, recogida por el escritor Cunqueiro.<br \/>\n<strong>\u00c9poca recomendada<\/strong>: Carnaval \/ Navidad \/ verano (fiestas varias)<br \/>\n<strong>Tiempo<\/strong>: 4 d\u00edas<br \/>\n<strong>Te<\/strong> <strong>llevamos<\/strong> <strong>por<\/strong>:<\/p>\n<ul>\n<li>Viveiro<\/li>\n<li>Alfoz<\/li>\n<li>Mondo\u00f1edo<\/li>\n<li>Lourenz\u00e1<\/li>\n<li>Foz<\/li>\n<li>Barreiros<\/li>\n<li>Ribadeo<\/li>\n<\/ul>\n[\/vc_column_text][\/vc_column][\/vc_row][vc_row][vc_column][mk_padding_divider][vc_gmaps link=\u00bb#E-8_JTNDaWZyYW1lJTIwc3JjJTNEJTIyaHR0cHMlM0ElMkYlMkZ3d3cuZ29vZ2xlLmNvbSUyRm1hcHMlMkZkJTJGdSUyRjElMkZlbWJlZCUzRm1pZCUzRDFrbHV5LURseXpac2xVRTlWOVhDWkVMQWJYR0ElMjIlMjB3aWR0aCUzRCUyMjYwMCUyMiUyMGhlaWdodCUzRCUyMjQ1MCUyMiUyMGZyYW1lYm9yZGVyJTNEJTIyMCUyMiUyMHN0eWxlJTNEJTIyYm9yZGVyJTNBMCUyMiUyMGFsbG93ZnVsbHNjcmVlbiUzRSUzQyUyRmlmcmFtZSUzRQ==\u00bb][mk_fancy_title color=\u00bb#d45d00&#8243; size=\u00bb24&#8243; font_weight=\u00bbbold\u00bb margin_bottom=\u00bb0&#8243; font_family=\u00bbnone\u00bb align=\u00bbright\u00bb]Sab\u00edas que?&#8230;[\/mk_fancy_title][mk_custom_box padding_vertical=\u00bb10&#8243; padding_horizental=\u00bb10&#8243; margin_bottom=\u00bb0&#8243; min_height=\u00bb0&#8243; el_class=\u00bbmsgbox\u00bb][vc_column_text]Hay quien defiende, el c\u00e9lebre escritor mindoniense \u00c1lvaro Cunqueiro (s. XX), por ejemplo, que el <strong>origen de<\/strong> <strong>la<\/strong> <strong>tarta<\/strong> <strong>de<\/strong> <strong>Mondo\u00f1edo<\/strong> es una talla (s. XII-XIII) que hay en un lintel del Pazo de Xelm\u00edrez (Santiago). Otros, que est\u00e1 inspirada en el roset\u00f3n de la catedral de Mondo\u00f1edo.[\/vc_column_text][\/mk_custom_box][mk_padding_divider][\/vc_column][\/vc_row][vc_row][vc_column][mk_fancy_title size=\u00bb18&#8243; font_family=\u00bbnone\u00bb]Paradas[\/mk_fancy_title][vc_accordions style=\u00bbsimple-style\u00bb container_bg_color=\u00bb#ffffff\u00bb responsive=\u00bbfalse\u00bb][vc_accordion_tab title=\u00bbViveiro\u00bb][vc_column_text disable_pattern=\u00bbfalse\u00bb]Hay muchos motivos para visitar la villa de Viveiro: su <a href=\"https:\/\/www.viveiroturismo.com\/historia\" target=\"_blank\" rel=\"noopener\">historia de 900 a\u00f1os<\/a>; el encantador casco viejo, con monumentos como la Puerta de Carlos V; el estuario del r\u00edo Landro, s\u00edmbolo de la ciudad, que tiene un importante valor paisaj\u00edstico y ornitol\u00f3gico; y \u00a1tambi\u00e9n sus dulces!<\/p>\n<p>El m\u00e1s conocido es la <strong>tarta<\/strong> <strong>de<\/strong> <strong>almendras<\/strong>, que adem\u00e1s lleva bizcocho, cabello de \u00e1ngel y fruta escarchada de adorno. En alguna confiter\u00eda elaboran la <strong>Colineta<\/strong>, una tarta recogida por el escritor Cunqueiro en su obra. Es una especie de bizcocho hecho con huevos, az\u00facar y almendras molidas, sin harina.<\/p>\n<p>Tienen mucha fama y demanda, sobre todo en Navidad, los dulces del convento de Valdeflores, elaborados artesanalmente por las monjas dominicas. El cenobio, situado al lado del Landro, es visitable, al igual que una f\u00e1brica de cer\u00e1mica con museo, tienda y jard\u00edn.<\/p>\n<p>La <a href=\"http:\/\/www.semanasantaviveiro.com\/index.php\" target=\"_blank\" rel=\"noopener\">Semana Santa de Viveiro<\/a> (Fiesta de Inter\u00e9s Tur\u00edstico Internacional) es una de las m\u00e1s conocidas y populares en Galicia. La oferta gastron\u00f3mica de estos d\u00edas se complementa con sobremesas como el <strong>Pan de los Ap\u00f3stoles<\/strong>.<\/p>\n<p>Otra fiesta a destacar por su vistosidad y gastronom\u00eda es el Carnaval, uno de los m\u00e1s famosos de la Mari\u00f1a. Busca los \u201c<strong>freix\u00f3s<\/strong>\u201d (filloas), orejas o rosquillas, elaboradas en diferentes establecimientos.<\/p>\n<p>Si te sorprende esta lista de sobremesas \u00fanicas con las que se hace la boca agua, \u00a1te damos la oportunidad de visitar un taller para participar en su elaboraci\u00f3n![\/vc_column_text][\/vc_accordion_tab][vc_accordion_tab title=\u00bbAlfoz\u00bb][vc_column_text disable_pattern=\u00bbfalse\u00bb]Haz una parada en Alfoz para conocer y <strong>preparar<\/strong> <strong>t\u00fa<\/strong> <strong>mismo<\/strong> <strong>dulces<\/strong> en uno de los talleres del municipio. Aprovecha para recorrer estas tierras recordando el legado del hist\u00f3rico mariscal Pardo de Cela, amado y odiado por igual, y visita el <a href=\"http:\/\/www.turismo.gal\/recurso\/-\/detalle\/7182\/fortaleza-pardo-de-cela?langId=es_ES\" target=\"_blank\" rel=\"noopener\">castillo de Castrodouro<\/a>, tambi\u00e9n llamado Torre del Homenaje. En el interior encontrar\u00e1s el curioso <a href=\"http:\/\/albertogeada.es\/\" target=\"_blank\" rel=\"noopener\">Museo de los Zuecos<\/a> y la Oficina de Turismo.[\/vc_column_text][\/vc_accordion_tab][vc_accordion_tab title=\u00bbMondo\u00f1edo\u00bb][vc_column_text disable_pattern=\u00bbfalse\u00bb css=\u00bb.vc_custom_1511875111436{margin-bottom: 0px !important;}\u00bb]Se hay un embajador de las Terras de Miranda, este es la <strong>tarta<\/strong> <strong>de<\/strong> <strong>Mondo\u00f1edo<\/strong>. Este fant\u00e1stico postre, elaborado a partir de dulce de calabaza, hojaldre y almendras, ha recorrido medio mundo y estuvo presente en ilustres mesas como la de los reyes de Espa\u00f1a o en el Vaticano gracias a la intensa promoci\u00f3n de los obradores locales.<\/p>\n<p>Hoy se elabora en varias pasteler\u00edas mindonienses con los mismos ingredientes, pero con toques propios que hacen que cada maestro cree un producto \u00fanico. Cada receta es un sabor por descubrir![\/vc_column_text][\/vc_accordion_tab][vc_accordion_tab title=\u00bbLourenz\u00e1\u00bb][vc_column_text disable_pattern=\u00bbfalse\u00bb]Los <strong>mazapanes<\/strong> <strong>del<\/strong> <strong>Carnaval<\/strong> del valle de Lourenz\u00e1 nada tienen que ver con los de almendras navide\u00f1os. Se hacen dos masas, una madre con harina, agua y levadura, y una segunda con huevos, az\u00facar, sal, mantequilla, lim\u00f3n y harina. Se deja fermentar la primera, se mezclan ambas y se mazan. Luego, se estiran, cortan en trozos y se fr\u00eden.<\/p>\n<p>El Domingo de Pi\u00f1ata, el primer domingo despu\u00e9s del Martes de Carnaval, es el d\u00eda m\u00e1s esperado por los laurentinos porque el desfile de carrozas cierra esta fiesta por todo lo alto.[\/vc_column_text][\/vc_accordion_tab][vc_accordion_tab title=\u00bbFoz\u00bb][vc_column_text disable_pattern=\u00bbfalse\u00bb]La <strong>Fiesta<\/strong> <strong>Normanda<\/strong> <strong>de<\/strong> <strong>Foz<\/strong>, adem\u00e1s de inspirar esta espectacular recreaci\u00f3n hist\u00f3rica basada en las antiguas invasiones vikingas en el Reino de Galicia, es el origen de una <strong>tarta<\/strong> <strong>del<\/strong> <strong>mismo<\/strong> <strong>nombre<\/strong> y receta secreta.<\/p>\n<p>Relacionada con esta historia de obispos, vikingos y focenses est\u00e1, por supuesto, la bas\u00edlica de San Marti\u00f1o de Mondo\u00f1edo (s. XI-XII). Construida sobre un templo prerrom\u00e1nico, fue sede episcopal de la di\u00f3cesis mindoniense hasta la construcci\u00f3n de la catedral de Mondo\u00f1edo y est\u00e1 considerada la catedral m\u00e1s antigua de Espa\u00f1a (s. VI).<\/p>\n<p>En Foz tambi\u00e9n podr\u00e1s \u201cdegustar\u201d dos playas del pueblo, \u00a1adem\u00e1s de ponerte moreno en ellas! Las \u201c<strong>rapadoiras<\/strong>\u201d son un dulce de almendras, coco, az\u00facar, huevos y un ba\u00f1o de chocolate con leche. Las \u201c<strong>piedras de Llas<\/strong>\u201d est\u00e1n elaboradas con almendras y chocolate. Para honrar a estas \u201cindulgencias\u201d, recorre el paseo mar\u00edtimo Rapadoira-Llas, desde la playa de Rapadoira, la primera en conseguir bandera azul en A Mari\u00f1a lucense en 1987, hasta la de Llas o incluso Peiz\u00e1s. Es uno de los caminos m\u00e1s bonitos por Foz para disfrutar de la r\u00eda, del puerto deportivo y de su variada flora y fauna.<\/p>\n<p>Y si vienes en Carnaval, acompa\u00f1a los desfiles de carrozas con los imprescindibles freix\u00f3s.[\/vc_column_text][\/vc_accordion_tab][vc_accordion_tab title=\u00bbBarreiros\u00bb][vc_column_text disable_pattern=\u00bbfalse\u00bb]El dulce m\u00e1s carism\u00e1tico de Barreiros es el <strong>carol\u00f3n<\/strong>. Su nombre hace referencia a los nogales o \u201cconcheiros\u201d, que en A Mari\u00f1a tambi\u00e9n se llaman \u201ccaroleiras\u201d y las nueces, \u201ccarolas\u201d. Tiene textura suave y mantecosa y un ligero toque a an\u00eds, con coraz\u00f3n de nueces, pasas, suave y fina miga.<\/p>\n<p>Aqu\u00ed, frente a la tambi\u00e9n llamativa rasa cant\u00e1brica (la l\u00ednea de costa recta y baja), an\u00edmate a caminar por la Ruta de las Playas desde la casa consistorial de Barreiros hasta la playa de Arealonga.[\/vc_column_text][\/vc_accordion_tab][vc_accordion_tab title=\u00bbRibadeo\u00bb][vc_column_text disable_pattern=\u00bbfalse\u00bb]Conocida, y reconocida, es la <strong>tradici\u00f3n<\/strong> <strong>chocolatera<\/strong> de Ribadeo, orgullosa heredera de su pasado indiano. Hist\u00f3ricas f\u00e1bricas de chocolate del pueblo incluso se han animado a ofrecer nuevos sabores al paladar como los <strong>bombones<\/strong> <strong>de<\/strong> <strong>mar<\/strong>, con algas ecol\u00f3gicas de la costa local.<\/p>\n<p>Igual que en las anteriores paradas, el Carnaval es la fiesta de los <strong>freix\u00f3s<\/strong> que, con seguridad, es una de las sobremesas identitarias de la gastronom\u00eda gallega. El t\u00e9rmino m\u00e1s extendido en el territorio gallego es filloa, aunque en A Mari\u00f1a se conocen como freix\u00f3s y suelen ser dulces (anisados).<\/p>\n<p>Otro imprescindible de Ribadeo para los golosos es una parada en el <a href=\"http:\/\/turismo.ribadeo.gal\/info.php?id=49&amp;idioma=gl&amp;cat=57&amp;sec=42\" target=\"_blank\" rel=\"noopener\">convento de Santa Clara<\/a> para catar la fama de sus dulces.[\/vc_column_text][\/vc_accordion_tab][\/vc_accordions][mk_padding_divider][\/vc_column][\/vc_row][vc_row][vc_column][mk_ornamental_title font_family=\u00bbnone\u00bb font_size=\u00bb30&#8243; ornament_style=\u00bblemo-single\u00bb nss_align=\u00bbcenter\u00bb]Completa t\u00fa experiencia en Tierras de Miranda![\/mk_ornamental_title][mk_padding_divider][\/vc_column][\/vc_row][vc_row][vc_column width=\u00bb1\/3&#8243;][vc_single_image image=\u00bb454&#8243; img_size=\u00bbfull\u00bb alignment=\u00bbcenter\u00bb][vc_btn title=\u00bbD\u00f3nde comer\u00bb style=\u00bbcustom\u00bb custom_background=\u00bb#ed8b00&#8243; custom_text=\u00bb#ffffff\u00bb shape=\u00bbsquare\u00bb size=\u00bblg\u00bb align=\u00bbcenter\u00bb button_block=\u00bbtrue\u00bb link=\u00bburl:http%3A%2F%2Fterrasdemiranda.org%2Fes%2Fturismo-de-lugo%2Fruta-de-los-dulces%2Fdonde-comer%2F|\u00bb el_class=\u00bbbtn-custom-1&#8243;][\/vc_column][vc_column width=\u00bb1\/3&#8243;][vc_single_image image=\u00bb455&#8243; img_size=\u00bbfull\u00bb alignment=\u00bbcenter\u00bb][vc_btn title=\u00bbD\u00f3nde dormir\u00bb style=\u00bbcustom\u00bb custom_background=\u00bb#f2a900&#8243; custom_text=\u00bb#ffffff\u00bb shape=\u00bbsquare\u00bb size=\u00bblg\u00bb align=\u00bbcenter\u00bb button_block=\u00bbtrue\u00bb link=\u00bburl:http%3A%2F%2Fterrasdemiranda.org%2Fes%2Fturismo-de-lugo%2Fruta-de-los-dulces%2Fdonde-dormir%2F|\u00bb el_class=\u00bbbtn-custom-2&#8243;][\/vc_column][vc_column width=\u00bb1\/3&#8243;][vc_single_image image=\u00bb456&#8243; img_size=\u00bbfull\u00bb alignment=\u00bbcenter\u00bb][vc_btn title=\u00bbQu\u00e9 hacer\u00bb style=\u00bbcustom\u00bb custom_background=\u00bb#d45d00&#8243; custom_text=\u00bb#ffffff\u00bb shape=\u00bbsquare\u00bb size=\u00bblg\u00bb align=\u00bbcenter\u00bb button_block=\u00bbtrue\u00bb link=\u00bburl:http%3A%2F%2Fterrasdemiranda.org%2Fes%2Fturismo-de-lugo%2Fruta-de-los-dulces%2Fque-hacer%2F|\u00bb el_class=\u00bbbtn-custom-3&#8243;][\/vc_column][\/vc_row][vc_row][vc_column][mk_padding_divider][\/vc_column][\/vc_row]\n","protected":false},"excerpt":{"rendered":"<p>[vc_row][vc_column width=\u00bb2\/3&#8243;][mk_revslider id=\u00bbruta-dos-doces\u00bb][\/vc_column][vc_column width=\u00bb1\/3&#8243;][vc_column_text]\u00a1Este es un paseo para golosos! No faltan paradas para degustar la conocida tarta de Mondo\u00f1edo, postres tradicionales o recetas casi perdidas como la de la Colineta, recogida por el escritor Cunqueiro. \u00c9poca recomendada: Carnaval \/ Navidad \/ verano (fiestas varias) Tiempo: 4 d\u00edas Te llevamos por: Viveiro Alfoz Mondo\u00f1edo Lourenz\u00e1 Foz [&hellip;]<\/p>\n","protected":false},"author":1,"featured_media":0,"parent":371,"menu_order":0,"comment_status":"closed","ping_status":"closed","template":"","meta":{"footnotes":""},"class_list":["post-1566","page","type-page","status-publish","hentry"],"_links":{"self":[{"href":"https:\/\/terrasdemiranda.org\/es\/wp-json\/wp\/v2\/pages\/1566"}],"collection":[{"href":"https:\/\/terrasdemiranda.org\/es\/wp-json\/wp\/v2\/pages"}],"about":[{"href":"https:\/\/terrasdemiranda.org\/es\/wp-json\/wp\/v2\/types\/page"}],"author":[{"embeddable":true,"href":"https:\/\/terrasdemiranda.org\/es\/wp-json\/wp\/v2\/users\/1"}],"replies":[{"embeddable":true,"href":"https:\/\/terrasdemiranda.org\/es\/wp-json\/wp\/v2\/comments?post=1566"}],"version-history":[{"count":34,"href":"https:\/\/terrasdemiranda.org\/es\/wp-json\/wp\/v2\/pages\/1566\/revisions"}],"predecessor-version":[{"id":2568,"href":"https:\/\/terrasdemiranda.org\/es\/wp-json\/wp\/v2\/pages\/1566\/revisions\/2568"}],"up":[{"embeddable":true,"href":"https:\/\/terrasdemiranda.org\/es\/wp-json\/wp\/v2\/pages\/371"}],"wp:attachment":[{"href":"https:\/\/terrasdemiranda.org\/es\/wp-json\/wp\/v2\/media?parent=1566"}],"curies":[{"name":"wp","href":"https:\/\/api.w.org\/{rel}","templated":true}]}}