{"id":1601,"date":"2017-11-24T12:08:17","date_gmt":"2017-11-24T12:08:17","guid":{"rendered":"http:\/\/terrasdemiranda.org\/turismo-de-lugo\/ruta-del-ganado\/"},"modified":"2017-11-28T11:33:28","modified_gmt":"2017-11-28T11:33:28","slug":"ruta-del-ganado","status":"publish","type":"page","link":"https:\/\/terrasdemiranda.org\/es\/turismo-de-lugo\/ruta-del-ganado\/","title":{"rendered":"Ruta del Ganado"},"content":{"rendered":"[vc_row][vc_column width=\u00bb2\/3&#8243;][mk_revslider id=\u00bbruta-do-gando\u00bb][\/vc_column][vc_column width=\u00bb1\/3&#8243;][vc_column_text]Si algo caracteriza a las Terras de Miranda es su esp\u00edritu ganadero y, sobre todo, la celebraci\u00f3n de ferias caballares centenarias como As San Lucas, As Quendas o As Maulas, a las que todav\u00eda puedes asistir.<br \/>\n<strong>\u00c9poca recomendada<\/strong>: todo el a\u00f1o. Verano (rapas das bestas) \/ Primavera \/ Oto\u00f1o (ferias de ganado) \/ Invierno (cocido, caldo)<br \/>\n<strong>Tiempo<\/strong>: 3 d\u00edas<br \/>\n<strong>Te llevamos por:<\/strong>[\/vc_column_text][vc_row_inner][vc_column_inner width=\u00bb1\/2&#8243;][vc_column_text]\n<ul>\n<li>Mondo\u00f1edo<\/li>\n<li>O Valadouro<\/li>\n<li>Ourol<\/li>\n<li>Vicedo<\/li>\n<li>Viveiro<\/li>\n<\/ul>\n[\/vc_column_text][\/vc_column_inner][vc_column_inner width=\u00bb1\/2&#8243;][vc_column_text]\n<ul>\n<li>Xove<\/li>\n<li>Cervo<\/li>\n<li>Burela<\/li>\n<li>Foz<\/li>\n<li>Barreiros<\/li>\n<\/ul>\n[\/vc_column_text][\/vc_column_inner][\/vc_row_inner][\/vc_column][\/vc_row][vc_row][vc_column][mk_padding_divider][vc_gmaps link=\u00bb#E-8_JTNDaWZyYW1lJTIwc3JjJTNEJTIyaHR0cHMlM0ElMkYlMkZ3d3cuZ29vZ2xlLmNvbSUyRm1hcHMlMkZkJTJGdSUyRjElMkZlbWJlZCUzRm1pZCUzRDFUNl9SSmxsUzZkOV9wUV9DS0lickFWUHBNbWslMjIlMjB3aWR0aCUzRCUyMjYwMCUyMiUyMGhlaWdodCUzRCUyMjQ1MCUyMiUyMGZyYW1lYm9yZGVyJTNEJTIyMCUyMiUyMHN0eWxlJTNEJTIyYm9yZGVyJTNBMCUyMiUyMGFsbG93ZnVsbHNjcmVlbiUzRSUzQyUyRmlmcmFtZSUzRQ==\u00bb][mk_fancy_title color=\u00bb#d45d00&#8243; size=\u00bb24&#8243; font_weight=\u00bbbold\u00bb margin_bottom=\u00bb0&#8243; font_family=\u00bbnone\u00bb align=\u00bbright\u00bb]<strong>\u00bfSab\u00edas que?&#8230;<\/strong>[\/mk_fancy_title][mk_custom_box padding_vertical=\u00bb10&#8243; padding_horizental=\u00bb10&#8243; margin_bottom=\u00bb0&#8243; min_height=\u00bb0&#8243; el_class=\u00bbmsgbox\u00bb][vc_column_text]\u00a1Curioso es el <strong>nombre<\/strong> <strong>de<\/strong> <strong>bautismo<\/strong> <strong>de<\/strong> <strong>las<\/strong> <strong>campanas<\/strong> <strong>de<\/strong> <strong>la<\/strong> <strong>catedral<\/strong> de Mondo\u00f1edo! Paula de la Asunci\u00f3n, la campana mayor conocida solo por \u201cA Paula\u201d; Mar\u00eda Jacoba Concepci\u00f3n, \u201cA Prima\u201d; Ronda Rosenda M\u00aa Natividad, \u201cA Ronda\u201d; Martina de Jes\u00fas M\u00aa y Jos\u00e9, \u201cEsquil\u00f3n Vello\u201d; Gonzala Luciana de la Expectaci\u00f3n, \u201cEsquil\u00f3n Novo\u201d; Petra, la \u201ccampana del sino\u201d que se tocaba para un buen parto,&#8230; Si te encuentras con el campanero, ahonda en la simbolog\u00eda de estos artilugios. \u00a1Es un gran experto![\/vc_column_text][\/mk_custom_box][mk_padding_divider][\/vc_column][\/vc_row][vc_row][vc_column][mk_fancy_title size=\u00bb18&#8243; font_family=\u00bbnone\u00bb]<strong>Paradas<\/strong>[\/mk_fancy_title][vc_accordions style=\u00bbsimple-style\u00bb container_bg_color=\u00bb#ffffff\u00bb responsive=\u00bbfalse\u00bb][vc_accordion_tab title=\u00bbMondo\u00f1edo\u00bb][vc_column_text disable_pattern=\u00bbfalse\u00bb]Octubre es el mes de <strong>As San Lucas<\/strong>, conocida como \u201cla feria de las ferias\u201d por la importancia que tuvo y a\u00fan tiene en su \u00e1mbito. Est\u00e1 dedicada, sobre todo, al ganado montaraz. Se celebra desde 1156 y est\u00e1 considerada la m\u00e1s antigua de Galicia y una de las m\u00e1s antiguas de Europa.<\/p>\n<p>En sus mejores tiempos duraba hasta quince d\u00edas aunque ahora el promedio es de cinco desde el 17 de octubre. A las 13.00h, <a href=\"https:\/\/www.youtube.com\/watch?v=lRR8VczAMLM\" target=\"_blank\" rel=\"noopener\">el volteo y el ta\u00f1ido de la \u201cPaula\u201d<\/a>, la campana mayor de la catedral de Mondo\u00f1edo con 2.500 kg de peso, marcan el inicio de la feria mientras la acompa\u00f1an el resto de sinos del campanario.<\/p>\n<p>Al atardecer del 17, los ganaderos, que llevan varios d\u00edas juntando a los caballos salvajes en los montes, los conducen en manadas por delante de la catedral hasta el campo. Es un momento muy emocionante porque en el ambiente se palpa el sentimiento de los <a href=\"http:\/\/www.assanlucas.es\/\" target=\"_blank\" rel=\"noopener\">organizadores<\/a>, vecinos y visitantes.<\/p>\n<p>En mayo se celebran <strong>As Quendas<\/strong>. Con origen en el s. XVI y una duraci\u00f3n de unos 3 d\u00edas, se pueden calificar como unas San Lucas peque\u00f1as. El programa se completa con una ruta a caballo para conocer el territorio y con unas jornadas gastron\u00f3micas de carne de potro en la red hostelera local.<\/p>\n<p>La tercera cita con la tradici\u00f3n ganadera de Mondo\u00f1edo es en junio. Desde 1976, se celebra una\u00a0<strong>\u201crapa das bestas\u201d<\/strong> en el Campo do Oso.<\/p>\n<p>Durante todo el a\u00f1o, adem\u00e1s de probar platos <strong>elaborados con productos c\u00e1rnicos<\/strong>, tambi\u00e9n puedes participar en la elaboraci\u00f3n de algunos.[\/vc_column_text][\/vc_accordion_tab][vc_accordion_tab title=\u00bbO Valadouro\u00bb][vc_column_text disable_pattern=\u00bbfalse\u00bb]Aqu\u00ed tambi\u00e9n se celebra una \u201c<strong>rapa<\/strong> <strong>das<\/strong> <strong>bestas<\/strong>\u201d, aunque en agosto. Uno de los platos fuertes, y broche final, es la carrera de caballos entre los mejores jinetes de la comarca.<\/p>\n<p>Muy cerca del curro, visita el dolmen de San Tom\u00e9, con cuatro soportes. La m\u00e1moa (sepulcro prehist\u00f3rico) est\u00e1 muy bien conservada, pero lo que realmente te llamar\u00e1 la atenci\u00f3n es una rareza bot\u00e1nica que solo hay en contados lugares de Galicia: el moho luminescente conocido como \u201coro del duende\u201d.<\/p>\n<p>Tambi\u00e9n en San Tom\u00e9 se sit\u00faa el Prado das Chantas, una estructura de forma ovalada formada por unos 250 menhires de granito en pie con origen impreciso.<\/p>\n<p>Merece tambi\u00e9n una visita el Pozo de Torez, una cascada casi desconocida encajada en la roca.[\/vc_column_text][\/vc_accordion_tab][vc_accordion_tab title=\u00bbOurol\u00bb][vc_column_text disable_pattern=\u00bbfalse\u00bb]Ourol es una joya para el ecoturismo por la variedad de sus ecosistemas. Est\u00e1 situado en la cuenca alta del r\u00edo Landro (que desemboca en Viveiro), en el valle del Sor y en la vertiente norte de la sierra de O Xistral. Estas monta\u00f1as se explotaron \u00fanicamente para la ganader\u00eda extensiva; vacas y caballos que, a\u00fan hoy, pacen en libertad.<\/p>\n<p>Anualmente, el 24 de julio se celebra unha <strong>churrascada popular<\/strong>. Tambi\u00e9n encontrar\u00e1s restos conservados de la antigua Ferrer\u00eda de Bravos, casa se\u00f1orial del s. XV.[\/vc_column_text][\/vc_accordion_tab][vc_accordion_tab title=\u00bbO Vicedo\u00bb][vc_column_text disable_pattern=\u00bbfalse\u00bb]En el mirador del parque e\u00f3lico de Muronovo se celebra cada tercer domingo de julio la <strong>Fiesta<\/strong> <strong>del<\/strong> <strong>Turismo<\/strong> <strong>Rural<\/strong>. Una jornada en la que se combina la exaltaci\u00f3n del entorno con hermosas vistas sobre la zona, degustaci\u00f3n de productos aut\u00f3ctonos, carreras de caballos, bailes,\u2026[\/vc_column_text][\/vc_accordion_tab][vc_accordion_tab title=\u00bbViveiro\u00bb][vc_column_text disable_pattern=\u00bbfalse\u00bb]Mayo es el mes de la <strong>Feria<\/strong> <strong>de As Maulas<\/strong> con, por lo menos, tres siglos de historia. Uno de los grandes momentos son las carreras de caballos aunque no faltan las jornadas de productos del cerdo, el mercado popular y la feria de ganado.<\/p>\n<p>En julio tiene lugar en la parroquia de San Andr\u00e9s de Boimente la <strong>Rapa<\/strong> <strong>das<\/strong> <strong>Bestas<\/strong> <strong>de<\/strong> <strong>Candaoso<\/strong> (Fiesta de Inter\u00e9s Tur\u00edstico de Galicia). La rapa, considerada una de las tradiciones m\u00e1s ancestrales de Galicia, consiste en cortar la cola y las crines de los caballos salvajes para sanearlos.<\/p>\n<p>Muy cerca del curro de Candaoso, en los l\u00edmites del ayuntamiento de Viveiro y Xove, merece una visita el Pozo da Ferida, una hermosa cascada natural de m\u00e1s de 30 metros de ca\u00edda y el Souto da Retorta, monumento natural donde se encuentra el llamado \u201cAv\u00f3 de Chav\u00edn\u201d (abuelo), que puede que sea el \u00e1rbol m\u00e1s alto de Espa\u00f1a, uno de los de mayor envergadura de Europa y el eucalipto m\u00e1s grande de Galicia.<\/p>\n<p>En el \u00e1rea recreativa del monte San Roque (300 m), a unos kil\u00f3metros del centro y donde se celebra la romer\u00eda del mismo nombre, hay un parque de animales en cautividad con burros y ponis. Es un fabuloso mirador sobre la r\u00eda de Viveiro, la costa, el n\u00facleo urbano y la isla A Coelleira, en O Vicedo (oeste).[\/vc_column_text][\/vc_accordion_tab][vc_accordion_tab title=\u00bbXove\u00bb][vc_column_text disable_pattern=\u00bbfalse\u00bb]Hay dos citas importantes en Xove. La <strong>Feria de San Isidoro do Monte<\/strong>, en Penas Agudas, es una de las convocatorias m\u00e1s caracter\u00edsticas de la comarca mari\u00f1ana. Tiene lugar en agosto y unos meses antes, en mayo, se celebra en Lago la <strong>Feria Nacional de Ganado Caballar<\/strong>, con exhibiciones, concursos, etc. Una cita gastron\u00f3mica para apuntar es la <strong>Fiesta del Lac\u00f3n<\/strong>, en marzo.<\/p>\n<p>En Penas Agudas tambi\u00e9n te encontrar\u00e1s con el patrimonio megal\u00edtico: el Petroglifo de Monte (Bien de Inter\u00e9s Cultural, BIC) fue el primero inventariado en Xove.<\/p>\n<p>Si te apetece hacer senderismo, la Ruta de Pau da Vella discurre en su mayor parte por los caminos comunales de los pasteros de la comunidad de propietarios Costa de Laxamoura, por lo que podr\u00e1s ver caballos salvajes. El punto central es el monte Pau da Vella, lugar donde confluyen cuatro ayuntamientos (Xove, Viveiro, Cervo y O Valadouro).[\/vc_column_text][\/vc_accordion_tab][vc_accordion_tab title=\u00bbCervo\u00bb][vc_column_text]A mediados de abril tiene lugar en la plaza del Souto de Cervo una degustaci\u00f3n de carne de cerdo y en octubre tienes que apuntar la <strong>Ruta<\/strong> <strong>del<\/strong> <strong>Potro<\/strong>. Con el paso de los a\u00f1os, esta cita se ha convertido en un encuentro anual para asociaciones de jinetes de toda la comarca de A Mari\u00f1a e incluso de otros lugares de Galicia llegando a reunir a un centenar de inscritos.[\/vc_column_text][\/vc_accordion_tab][vc_accordion_tab title=\u00bbBurela\u00bb][vc_column_text]Una de las paradas de la <strong>Ruta<\/strong> <strong>Caballar<\/strong> <strong>Monte<\/strong> <strong>Castelo<\/strong>, en mayo, es el \u00e1rea recreativa del mismo nombre. Adem\u00e1s de las hermosas vistas panor\u00e1micas de la l\u00ednea de costa (en Burela comienza, o acaba, la rasa cant\u00e1brica), aqu\u00ed te encontrar\u00e1s con la Historia.<\/p>\n<p>Cerca se encuentra el asentamiento castre\u00f1o Chao do Castro (no excavado), en donde se localiz\u00f3 el famoso torque de Burela, un collar r\u00edgido de oro y elemento ornamental distintivo de poder o riqueza que se representa en el escudo municipal. Es el mayor de los torques encontrados en Galicia y est\u00e1 custodiado en el Museo Provincial de Lugo.[\/vc_column_text][\/vc_accordion_tab][vc_accordion_tab title=\u00bbFoz\u00bb][vc_column_text]En la tradicional <strong>Feria de Ganado Caballar y Vacuno de A Espi\u00f1eira<\/strong>, en la parroquia de Vilaronte (junio), hay diversos premios de ganader\u00eda y el tradicional concurso de andadura.<\/p>\n<p>Para comer, opta por platos de carne tradicionales de la zona y para bajar la sobremesa, visita la <a href=\"http:\/\/www.turismo.gal\/recurso\/-\/detalle\/23189\/basilica-de-san-martino?langId=es_ES\" target=\"_blank\" rel=\"noopener\">bas\u00edlica de San Marti\u00f1o de Mondo\u00f1edo<\/a>, la catedral m\u00e1s antigua de Espa\u00f1a (s. VI), o sube al <a href=\"http:\/\/www.concellodefoz.es\/turismo.php\" target=\"_blank\" rel=\"noopener\">Pico de A Frouxeira<\/a> (430 m) \u00a1si eres muy aventurero! Este es un excelente mirador sobre la r\u00eda de Foz, los l\u00edmites de Alfoz y de O Valadouro y sede, anta\u00f1o, de la fortaleza del mariscal Pardo de Cela (ver\u00e1s las ruinas).[\/vc_column_text][\/vc_accordion_tab][vc_accordion_tab title=\u00bbBarreiros\u00bb][vc_column_text]La <strong>Feria de San Rosendo<\/strong>, en la parroquia de San Miguel de Reinante, tiene lugar en el arranque de la primavera, en marzo, siendo un buen momento para degustar platos de carne tradicionales.<\/p>\n<p>Una curiosidad. En esta misma parroquia se encuentra el conocido como \u201cStonehenge gallego\u201d: el yacimiento arqueol\u00f3gico A Roda (Edad de Bronce), \u00fanico en Galicia y en Espa\u00f1a.<\/p>\n<p>Tambi\u00e9n merece la pena visitar al <a href=\"http:\/\/www.concellodebarreiros.com\/es\/turismo\/montana\/area-recreativa-santo-estevo-do-ermo\" target=\"_blank\" rel=\"noopener\">\u00e1rea natural y arqueol\u00f3gica de Santo Estevo do Ermo<\/a>, en donde encontrar\u00e1s la capilla, el bosque y la cascada del mismo nombre, as\u00ed como fuentes con propiedades curativas y la herradura del caballo de Santiago rodeada de un bosque aut\u00f3ctono formado por robles, casta\u00f1os, abedules o laureles. \u00bfSabes identificar los \u00e1rboles por su porte y hojas?[\/vc_column_text][\/vc_accordion_tab][\/vc_accordions][mk_padding_divider][\/vc_column][\/vc_row][vc_row][vc_column][mk_ornamental_title font_family=\u00bbnone\u00bb font_size=\u00bb30&#8243; ornament_style=\u00bblemo-single\u00bb nss_align=\u00bbcenter\u00bb]\u00a1Completa tu experiencia en las Terras de Miranda![\/mk_ornamental_title][mk_padding_divider][\/vc_column][\/vc_row][vc_row][vc_column width=\u00bb1\/3&#8243;][vc_single_image image=\u00bb454&#8243; img_size=\u00bbfull\u00bb alignment=\u00bbcenter\u00bb][vc_btn title=\u00bbD\u00f3nde comer\u00bb style=\u00bbcustom\u00bb custom_background=\u00bb#ed8b00&#8243; custom_text=\u00bb#ffffff\u00bb shape=\u00bbsquare\u00bb size=\u00bblg\u00bb align=\u00bbcenter\u00bb button_block=\u00bbtrue\u00bb link=\u00bburl:http%3A%2F%2Fterrasdemiranda.org%2Fes%2Fturismo-de-lugo%2Fruta-del-ganado%2Fdonde-comer%2F|||\u00bb el_class=\u00bbbtn-custom-1&#8243;][\/vc_column][vc_column width=\u00bb1\/3&#8243;][vc_single_image image=\u00bb455&#8243; img_size=\u00bbfull\u00bb alignment=\u00bbcenter\u00bb][vc_btn title=\u00bbD\u00f3nde dormir\u00bb style=\u00bbcustom\u00bb custom_background=\u00bb#f2a900&#8243; custom_text=\u00bb#ffffff\u00bb shape=\u00bbsquare\u00bb size=\u00bblg\u00bb align=\u00bbcenter\u00bb button_block=\u00bbtrue\u00bb link=\u00bburl:http%3A%2F%2Fterrasdemiranda.org%2Fes%2Fturismo-de-lugo%2Fruta-del-ganado%2Fdonde-dormir%2F|||\u00bb el_class=\u00bbbtn-custom-2&#8243;][\/vc_column][vc_column width=\u00bb1\/3&#8243;][vc_single_image image=\u00bb456&#8243; img_size=\u00bbfull\u00bb alignment=\u00bbcenter\u00bb][vc_btn title=\u00bbQu\u00e9 hacer\u00bb style=\u00bbcustom\u00bb custom_background=\u00bb#d45d00&#8243; custom_text=\u00bb#ffffff\u00bb shape=\u00bbsquare\u00bb size=\u00bblg\u00bb align=\u00bbcenter\u00bb button_block=\u00bbtrue\u00bb link=\u00bburl:http%3A%2F%2Fterrasdemiranda.org%2Fes%2Fturismo-de-lugo%2Fruta-del-ganado%2Fque-hacer%2F|||\u00bb el_class=\u00bbbtn-custom-3&#8243;][\/vc_column][\/vc_row][vc_row][vc_column][mk_padding_divider][\/vc_column][\/vc_row]\n","protected":false},"excerpt":{"rendered":"<p>[vc_row][vc_column width=\u00bb2\/3&#8243;][mk_revslider id=\u00bbruta-do-gando\u00bb][\/vc_column][vc_column width=\u00bb1\/3&#8243;][vc_column_text]Si algo caracteriza a las Terras de Miranda es su esp\u00edritu ganadero y, sobre todo, la celebraci\u00f3n de ferias caballares centenarias como As San Lucas, As Quendas o As Maulas, a las que todav\u00eda puedes asistir. \u00c9poca recomendada: todo el a\u00f1o. Verano (rapas das bestas) \/ Primavera \/ Oto\u00f1o (ferias de ganado) [&hellip;]<\/p>\n","protected":false},"author":1,"featured_media":0,"parent":371,"menu_order":0,"comment_status":"closed","ping_status":"closed","template":"","meta":{"footnotes":""},"class_list":["post-1601","page","type-page","status-publish","hentry"],"_links":{"self":[{"href":"https:\/\/terrasdemiranda.org\/es\/wp-json\/wp\/v2\/pages\/1601"}],"collection":[{"href":"https:\/\/terrasdemiranda.org\/es\/wp-json\/wp\/v2\/pages"}],"about":[{"href":"https:\/\/terrasdemiranda.org\/es\/wp-json\/wp\/v2\/types\/page"}],"author":[{"embeddable":true,"href":"https:\/\/terrasdemiranda.org\/es\/wp-json\/wp\/v2\/users\/1"}],"replies":[{"embeddable":true,"href":"https:\/\/terrasdemiranda.org\/es\/wp-json\/wp\/v2\/comments?post=1601"}],"version-history":[{"count":34,"href":"https:\/\/terrasdemiranda.org\/es\/wp-json\/wp\/v2\/pages\/1601\/revisions"}],"predecessor-version":[{"id":1974,"href":"https:\/\/terrasdemiranda.org\/es\/wp-json\/wp\/v2\/pages\/1601\/revisions\/1974"}],"up":[{"embeddable":true,"href":"https:\/\/terrasdemiranda.org\/es\/wp-json\/wp\/v2\/pages\/371"}],"wp:attachment":[{"href":"https:\/\/terrasdemiranda.org\/es\/wp-json\/wp\/v2\/media?parent=1601"}],"curies":[{"name":"wp","href":"https:\/\/api.w.org\/{rel}","templated":true}]}}