{"id":1628,"date":"2017-11-24T12:32:37","date_gmt":"2017-11-24T12:32:37","guid":{"rendered":"http:\/\/terrasdemiranda.org\/turismo-de-lugo\/ruta-del-bosque\/"},"modified":"2017-11-28T11:34:06","modified_gmt":"2017-11-28T11:34:06","slug":"ruta-del-bosque","status":"publish","type":"page","link":"https:\/\/terrasdemiranda.org\/es\/turismo-de-lugo\/ruta-del-bosque\/","title":{"rendered":"Ruta del Bosque"},"content":{"rendered":"[vc_row][vc_column width=\u00bb2\/3&#8243;][mk_revslider id=\u00bbruta-do-bosque\u00bb][\/vc_column][vc_column width=\u00bb1\/3&#8243;][vc_column_text]Montes, bosques y fragas siempre han sido fuente de alimento. Recoge setas, casta\u00f1as o elabora miel junto a la sierra de O Xistral para, de paso, saber por qu\u00e9 es tan importante preservar estos ecosistemas.<br \/>\n<strong>\u00c9poca recomendada<\/strong>: oto\u00f1o<br \/>\n<strong>Tiempo<\/strong>: 5 d\u00edas<br \/>\n<strong>Te llevamos por<\/strong>:<\/p>\n<ul>\n<li>Burela<\/li>\n<li>Barreiros<\/li>\n<li>Trabada<\/li>\n<li>Mondo\u00f1edo<\/li>\n<li>Alfoz<\/li>\n<li>Valadouro<\/li>\n<li>Ourol<\/li>\n<\/ul>\n[\/vc_column_text][\/vc_column][\/vc_row][vc_row][vc_column][mk_padding_divider][vc_gmaps link=\u00bb#E-8_JTNDaWZyYW1lJTIwc3JjJTNEJTIyaHR0cHMlM0ElMkYlMkZ3d3cuZ29vZ2xlLmNvbSUyRm1hcHMlMkZkJTJGdSUyRjElMkZlbWJlZCUzRm1pZCUzRDFSZmxVaGJLLVFuMng1T3BIU09LTlQxczVta2slMjIlMjB3aWR0aCUzRCUyMjYwMCUyMiUyMGhlaWdodCUzRCUyMjQ1MCUyMiUyMGZyYW1lYm9yZGVyJTNEJTIyMCUyMiUyMHN0eWxlJTNEJTIyYm9yZGVyJTNBMCUyMiUyMGFsbG93ZnVsbHNjcmVlbiUzRSUzQyUyRmlmcmFtZSUzRQ==\u00bb][mk_fancy_title color=\u00bb#d45d00&#8243; size=\u00bb24&#8243; font_weight=\u00bbbold\u00bb margin_bottom=\u00bb0&#8243; font_family=\u00bbnone\u00bb align=\u00bbright\u00bb]\u00bfSab\u00edas que?&#8230;[\/mk_fancy_title][mk_custom_box padding_vertical=\u00bb10&#8243; padding_horizental=\u00bb10&#8243; margin_bottom=\u00bb0&#8243; min_height=\u00bb0&#8243; el_class=\u00bbmsgbox\u00bb][vc_column_text]La <strong>Cova do Rei Cintolo<\/strong>, con unos 6.500 metros de galer\u00edas exploradas y unos 75 m de profundidad, es la m\u00e1s m\u00e1s grande de Galicia. Durante las <a href=\"http:\/\/www.concellomondonedo.es\/portal_localweb\/p_101_contenedor1_ayto_mondonedo.jsp?seccion=s_fdes_d4_v2.jsp&amp;codbusqueda=166&amp;language=gl&amp;codResi=5&amp;codMenuPN=236&amp;codMenuSN=255&amp;codMenu=286&amp;layout=p_101_contenedor1_ayto_mondonedo.jsp&amp;level=1\" target=\"_blank\" rel=\"noopener\">visitas<\/a> de hora y cuarto (de marzo a noviembre) quedar\u00e1s impresionado con las estalactitas, estalagmitas, coladas, columnas, banderas,&#8230; formadas por la acci\u00f3n del agua de los r\u00edos subterr\u00e1neos.[\/vc_column_text][\/mk_custom_box][mk_padding_divider][\/vc_column][\/vc_row][vc_row][vc_column][mk_fancy_title size=\u00bb18&#8243; font_family=\u00bbnone\u00bb]<strong>Paradas<\/strong>[\/mk_fancy_title][vc_accordions style=\u00bbsimple-style\u00bb container_bg_color=\u00bb#ffffff\u00bb responsive=\u00bbfalse\u00bb][vc_accordion_tab title=\u00bbBurela\u00bb][vc_column_text disable_pattern=\u00bbfalse\u00bb]En Burela se celebra en noviembre la <strong>Fiesta de la Casta\u00f1a.<\/strong> Adem\u00e1s del t\u00edpico magosto, sirven bollos pre\u00f1ados y vino acompa\u00f1ados de m\u00fasica y bailes regionales. No muy lejos del n\u00facleo urbano, puedes disfrutar de la naturaleza en el \u00e1rea de recreo del monte Castelo. Adem\u00e1s de las hermosas vistas panor\u00e1micas de la l\u00ednea de costa (en Burela comienza, o acaba, la rasa cant\u00e1brica), aqu\u00ed te encontrar\u00e1s con la Historia.<\/p>\n<p>Cerca se encuentra el asentamiento castre\u00f1o Chao do Castro (no excavado), donde se localiz\u00f3 el famoso torque de Burela, un collar r\u00edgido de oro y elemento ornamental distintivo de poder o riqueza que se representa en el escudo municipal. Es el mayor de los torques encontrados en Galicia y est\u00e1 custodiado en el Museo Provincial de Lugo.[\/vc_column_text][\/vc_accordion_tab][vc_accordion_tab title=\u00bbBarreiros\u00bb][vc_column_text disable_pattern=\u00bbfalse\u00bb]En el barrio de A Rilleira, perteneciente a la parroquia de San Xuli\u00e1n de Cabarcos, tambi\u00e9n celebran una <strong>Fiesta de la Casta\u00f1a<\/strong> en homenaje a este producto tan gallego. Aprovecha para acercarte al <a href=\"http:\/\/www.concellodebarreiros.com\/es\/turismo\/montana\/area-recreativa-santo-estevo-do-ermo\" target=\"_blank\" rel=\"noopener\">\u00e1rea recreativa de Santo Estevo do Ermo<\/a> para pasear por el bosque del mismo nombre por tu cuenta o siguiendo la ruta de senderismo. Es un hermoso bosque aut\u00f3ctono, formado por robles, casta\u00f1os, abedules o laureles. Ver\u00e1s tambi\u00e9n la espectacular cascada de Santo Estevo, sobre todo en \u00e9pocas de lluvia.[\/vc_column_text][\/vc_accordion_tab][vc_accordion_tab title=\u00bbTrabada\u00bb][vc_column_text disable_pattern=\u00bbfalse\u00bb]El recorrido por la ruta homologada de la Fraga da Vilapena (PRG-85) es una inmersi\u00f3n en este tipo de ecosistemas tan caracter\u00edsticos de Galicia. El camino, de unos 10 km, est\u00e1 rodeado de \u00e1rboles aut\u00f3ctonos por lo que podr\u00e1s aprovechar para recoger <strong>setas<\/strong>.[\/vc_column_text][\/vc_accordion_tab][vc_accordion_tab title=\u00bbMondo\u00f1edo\u00bb][vc_column_text disable_pattern=\u00bbfalse\u00bb]La Ruta da Fraga Vella, a unos 15 km del casco urbano, discurre por el valle del r\u00edo Vali\u00f1adares y pasa al pie de la Cova do Rei Cintolo (<a href=\"http:\/\/www.concellomondonedo.es\/portal_localweb\/p_101_contenedor1_ayto_mondonedo.jsp?seccion=s_fdes_d4_v2.jsp&amp;codbusqueda=166&amp;language=es&amp;codResi=5&amp;codMenuPN=236&amp;codMenuSN=255&amp;codMenu=286&amp;layout=p_101_contenedor1_ayto_mondonedo.jsp&amp;level=1\" target=\"_blank\" rel=\"noopener\">consultar las condiciones de visita<\/a>). Este paraje ofrece gran riqueza de flora y fauna aut\u00f3ctona para alegr\u00eda de los amantes de la naturaleza. Est\u00e1 repoblado de pinos por lo que en oto\u00f1o podr\u00e1s encontrar gran variedad y cantidad de <strong>setas<\/strong>. Empresas especializadas adscritas a este proyecto organizan excursiones micol\u00f3gicas.<\/p>\n<p>Otro imprescindible es el salto de O Coro, en los montes de As Bouzas, que ofrece un bonito paisaje fluvial.[\/vc_column_text][\/vc_accordion_tab][vc_accordion_tab title=\u00bbAlfoz\u00bb][vc_column_text disable_pattern=\u00bbfalse\u00bb]En el municipio vecino de Mondo\u00f1edo, a una media hora en coche, tambi\u00e9n puedes organizar visitas de tem\u00e1tica ap\u00edcola (elaboraci\u00f3n de miel) y micol\u00f3gica acompa\u00f1ado de profesionales de la zona. De paso, que te lleven a lugares m\u00e1gicos como la<a href=\"http:\/\/www.concellodealfoz.com\/esp\/espacios-naturales.html\" target=\"_blank\" rel=\"noopener\"> cascada de O Escouridal<\/a>, el <a href=\"http:\/\/www.concellodealfoz.com\/esp\/ampliacion\/35\/castillo-de-a-frouseira.html\" target=\"_blank\" rel=\"noopener\">castillo de A Frouxeira<\/a> (l\u00edmite entre Foz y Alfoz) o Pena Abaladoira. En la ruta para llegar a este \u00faltimo enclave, en plena sierra de O Xistral, encontrar\u00e1s gran variedad de <strong>setas<\/strong>[\/vc_column_text][\/vc_accordion_tab][vc_accordion_tab title=\u00bbO Valadouro\u00bb][vc_column_text disable_pattern=\u00bbfalse\u00bb]El \u201coro l\u00edquido\u201d es uno de los productos agr\u00edcolas m\u00e1s representativos de O Valadouro y destaca por su calidad. De hecho, la <strong>Feria<\/strong> <strong>de<\/strong> <strong>la<\/strong> <strong>miel<\/strong> (2\u00aa fin de semana de octubre) es una de las citas gastron\u00f3micas de referencia en el municipio y de toda A Mari\u00f1a lucense ya que a ella acuden apicultores de toda la comarca.<\/p>\n<p>Fuera de esta fecha, concierta hora si te quieres acercar al <a href=\"https:\/\/www.facebook.com\/otrobo\/\" target=\"_blank\" rel=\"noopener\">Museo de la Miel<\/a> (privado), planifica la visita a una explotaci\u00f3n ap\u00edcola o participa en rutas micol\u00f3gicas. Si son por el Fraga das Leiras o por la Ruta de los Pozos, tendr\u00e1s la oportunidad de <a href=\"http:\/\/www.valadouro.org\/es\/quever\/\" target=\"_blank\" rel=\"noopener\">ver dos hermosos enclaves<\/a>: una fraga t\u00edpica y la cascada Pozo da Onza.<\/p>\n<p>En noviembre se celebra en O Valadouro el <strong>Mercado<\/strong> <strong>de<\/strong> <strong>Oto\u00f1o<\/strong> durante el que los asistentes pueden adquirir productos de temporada y objetos de artesan\u00eda. Por la noche hay un magosto popular.[\/vc_column_text][\/vc_accordion_tab][vc_accordion_tab title=\u00bbOurol\u00bb][vc_column_text disable_pattern=\u00bbfalse\u00bb]Ourol comparte con O Valadouro un entorno natural protagonizado por la sierra de O Xistral y el cauce del r\u00edo Ouro, del que toma el nombre. Tiene una gran riqueza paisaj\u00edstica que ofrece un marco id\u00f3neo para el turismo activo o el senderismo. En oto\u00f1o, los montes se llenan de <strong>buscadores<\/strong> <strong>de<\/strong> <strong>setas<\/strong> (parasoles, boletos o bexines), muy abundantes en las zonas altas y que, junto con otros productos que ofrece el territorio, son la base de su gastronom\u00eda. En la parroquia de Mi\u00f1otos celebran en noviembre el t\u00edpico <strong>magosto<\/strong>.[\/vc_column_text][\/vc_accordion_tab][\/vc_accordions][mk_padding_divider][\/vc_column][\/vc_row][vc_row][vc_column][mk_ornamental_title font_family=\u00bbnone\u00bb font_size=\u00bb30&#8243; ornament_style=\u00bblemo-single\u00bb nss_align=\u00bbcenter\u00bb]\u00a1Completa tu experiencia en las Terras de Miranda![\/mk_ornamental_title][mk_padding_divider][\/vc_column][\/vc_row][vc_row][vc_column width=\u00bb1\/3&#8243;][vc_single_image image=\u00bb454&#8243; img_size=\u00bbfull\u00bb alignment=\u00bbcenter\u00bb][vc_btn title=\u00bbD\u00f3nde comer\u00bb style=\u00bbcustom\u00bb custom_background=\u00bb#ed8b00&#8243; custom_text=\u00bb#ffffff\u00bb shape=\u00bbsquare\u00bb size=\u00bblg\u00bb align=\u00bbcenter\u00bb button_block=\u00bbtrue\u00bb link=\u00bburl:http%3A%2F%2Fterrasdemiranda.org%2Fes%2Fturismo-de-lugo%2Fruta-del-bosque%2Fdonde-comer%2F|||\u00bb el_class=\u00bbbtn-custom-1&#8243;][\/vc_column][vc_column width=\u00bb1\/3&#8243;][vc_single_image image=\u00bb455&#8243; img_size=\u00bbfull\u00bb alignment=\u00bbcenter\u00bb][vc_btn title=\u00bbD\u00f3nde dormir\u00bb style=\u00bbcustom\u00bb custom_background=\u00bb#f2a900&#8243; custom_text=\u00bb#ffffff\u00bb shape=\u00bbsquare\u00bb size=\u00bblg\u00bb align=\u00bbcenter\u00bb button_block=\u00bbtrue\u00bb link=\u00bburl:http%3A%2F%2Fterrasdemiranda.org%2Fes%2Fturismo-de-lugo%2Fruta-del-bosque%2Fdonde-dormir%2F|||\u00bb el_class=\u00bbbtn-custom-2&#8243;][\/vc_column][vc_column width=\u00bb1\/3&#8243;][vc_single_image image=\u00bb456&#8243; img_size=\u00bbfull\u00bb alignment=\u00bbcenter\u00bb][vc_btn title=\u00bbQu\u00e9 hacer\u00bb style=\u00bbcustom\u00bb custom_background=\u00bb#d45d00&#8243; custom_text=\u00bb#ffffff\u00bb shape=\u00bbsquare\u00bb size=\u00bblg\u00bb align=\u00bbcenter\u00bb button_block=\u00bbtrue\u00bb link=\u00bburl:http%3A%2F%2Fterrasdemiranda.org%2Fes%2Fturismo-de-lugo%2Fruta-del-bosque%2Fque-hacer%2F|||\u00bb el_class=\u00bbbtn-custom-3&#8243;][\/vc_column][\/vc_row][vc_row][vc_column][mk_padding_divider][\/vc_column][\/vc_row]\n","protected":false},"excerpt":{"rendered":"<p>[vc_row][vc_column width=\u00bb2\/3&#8243;][mk_revslider id=\u00bbruta-do-bosque\u00bb][\/vc_column][vc_column width=\u00bb1\/3&#8243;][vc_column_text]Montes, bosques y fragas siempre han sido fuente de alimento. Recoge setas, casta\u00f1as o elabora miel junto a la sierra de O Xistral para, de paso, saber por qu\u00e9 es tan importante preservar estos ecosistemas. \u00c9poca recomendada: oto\u00f1o Tiempo: 5 d\u00edas Te llevamos por: Burela Barreiros Trabada Mondo\u00f1edo Alfoz Valadouro Ourol [\/vc_column_text][\/vc_column][\/vc_row][vc_row][vc_column][mk_padding_divider][vc_gmaps [&hellip;]<\/p>\n","protected":false},"author":1,"featured_media":0,"parent":371,"menu_order":0,"comment_status":"closed","ping_status":"closed","template":"","meta":{"footnotes":""},"class_list":["post-1628","page","type-page","status-publish","hentry"],"_links":{"self":[{"href":"https:\/\/terrasdemiranda.org\/es\/wp-json\/wp\/v2\/pages\/1628"}],"collection":[{"href":"https:\/\/terrasdemiranda.org\/es\/wp-json\/wp\/v2\/pages"}],"about":[{"href":"https:\/\/terrasdemiranda.org\/es\/wp-json\/wp\/v2\/types\/page"}],"author":[{"embeddable":true,"href":"https:\/\/terrasdemiranda.org\/es\/wp-json\/wp\/v2\/users\/1"}],"replies":[{"embeddable":true,"href":"https:\/\/terrasdemiranda.org\/es\/wp-json\/wp\/v2\/comments?post=1628"}],"version-history":[{"count":26,"href":"https:\/\/terrasdemiranda.org\/es\/wp-json\/wp\/v2\/pages\/1628\/revisions"}],"predecessor-version":[{"id":1975,"href":"https:\/\/terrasdemiranda.org\/es\/wp-json\/wp\/v2\/pages\/1628\/revisions\/1975"}],"up":[{"embeddable":true,"href":"https:\/\/terrasdemiranda.org\/es\/wp-json\/wp\/v2\/pages\/371"}],"wp:attachment":[{"href":"https:\/\/terrasdemiranda.org\/es\/wp-json\/wp\/v2\/media?parent=1628"}],"curies":[{"name":"wp","href":"https:\/\/api.w.org\/{rel}","templated":true}]}}