{"id":1667,"date":"2017-11-24T15:37:18","date_gmt":"2017-11-24T15:37:18","guid":{"rendered":"http:\/\/terrasdemiranda.org\/turismo-de-lugo\/ruta-de-la-caza-y-la-pesca\/"},"modified":"2017-12-06T20:24:29","modified_gmt":"2017-12-06T20:24:29","slug":"ruta-de-la-caza-y-la-pesca","status":"publish","type":"page","link":"https:\/\/terrasdemiranda.org\/es\/turismo-de-lugo\/ruta-de-la-caza-y-la-pesca\/","title":{"rendered":"Ruta de la Caza y la Pesca"},"content":{"rendered":"[vc_row][vc_column width=\u00bb2\/3&#8243;][mk_revslider id=\u00bbruta-da-caza-e-da-pesca\u00bb][\/vc_column][vc_column width=\u00bb1\/3&#8243;][vc_column_text]Siente en primera persona la expresi\u00f3n \u201cGalicia, el pa\u00eds de los mil r\u00edos\u201d durante id\u00edlicas jornadas de pesca en primavera o acude, en oto\u00f1o, a uno de los numerosos cotos de caza de las Terras de Miranda.<br \/>\n<strong>\u00c9poca recomendada<\/strong>: oto\u00f1o para la caza. De mayo a septiembre, aprox., para la pesca.<br \/>\n<strong>Tiempo<\/strong>: 4 d\u00edas<br \/>\n<strong>Te llevamos por<\/strong>:<\/p>\n<ul>\n<li>Vicedo<\/li>\n<li>Ourol<\/li>\n<li>Valadouro<\/li>\n<li>Alfoz<\/li>\n<li>Mondo\u00f1edo<\/li>\n<li>Lourenz\u00e1<\/li>\n<li>Trabada<\/li>\n<\/ul>\n[\/vc_column_text][\/vc_column][\/vc_row][vc_row][vc_column][mk_padding_divider][vc_gmaps link=\u00bb#E-8_JTNDaWZyYW1lJTIwc3JjJTNEJTIyaHR0cHMlM0ElMkYlMkZ3d3cuZ29vZ2xlLmNvbSUyRm1hcHMlMkZkJTJGdSUyRjAlMkZlbWJlZCUzRm1pZCUzRDFPVVRsMFVaM3EtdjJlOEM4QlJjUGhfZXROTkUlMjIlMjB3aWR0aCUzRCUyMjY0MCUyMiUyMGhlaWdodCUzRCUyMjQ4MCUyMiUyMGZyYW1lYm9yZGVyJTNEJTIyMCUyMiUyMHN0eWxlJTNEJTIyYm9yZGVyJTNBMCUyMiUyMGFsbG93ZnVsbHNjcmVlbiUzRSUzQyUyRmlmcmFtZSUzRQ==\u00bb][mk_fancy_title color=\u00bb#d45d00&#8243; size=\u00bb24&#8243; font_weight=\u00bbbold\u00bb margin_bottom=\u00bb0&#8243; font_family=\u00bbnone\u00bb align=\u00bbright\u00bb]Sab\u00edas que?&#8230;[\/mk_fancy_title][mk_custom_box padding_vertical=\u00bb10&#8243; padding_horizental=\u00bb10&#8243; margin_bottom=\u00bb0&#8243; min_height=\u00bb0&#8243; el_class=\u00bbmsgbox\u00bb][vc_column_text]La comarca de A Mari\u00f1a tiene g<strong>ran variedad<\/strong> de <strong>espacios naturales protegidos<\/strong> como las Reservas de la Biosfera del r\u00edo Eo (Ribadeo y Trabada) y Terras do Mi\u00f1o (Mondo\u00f1edo, Ourol y O Valadouro); Lugares de Importancia Comunitaria (LIC) Red Natura 2000, zonas h\u00famedas RAMSAR o zonas de especial protecci\u00f3n para las aves (ZEPA).[\/vc_column_text][\/mk_custom_box][mk_padding_divider][\/vc_column][\/vc_row][vc_row][vc_column][mk_fancy_title size=\u00bb18&#8243; font_family=\u00bbnone\u00bb]<strong>Paradas<\/strong>[\/mk_fancy_title][vc_accordions style=\u00bbsimple-style\u00bb container_bg_color=\u00bb#ffffff\u00bb responsive=\u00bbfalse\u00bb][vc_accordion_tab title=\u00bbO Vicedo\u00bb][vc_column_text disable_pattern=\u00bbfalse\u00bb css=\u00bb.vc_custom_1511973959070{margin-bottom: 0px !important;}\u00bb]Parte de los 9,5 km de la ruta homologada Morgall\u00f3n-R\u00edo Sor-Morgall\u00f3n (PR-G 8) discurre por un <strong>sendero<\/strong> <strong>de<\/strong> <strong>pescadores<\/strong> muy apreciado entre los aficionados gallegos y for\u00e1neos por la calidad de sus <strong>reos<\/strong> y <strong>truchas<\/strong>. El coto de Ribeiras do Sor fue creado en 1956, estableci\u00e9ndose el l\u00edmite superior en la presa de A Tronca (presa de Rafael) y su l\u00edmite inferior en el puente de Riberas.<\/p>\n<p>Adem\u00e1s de la belleza del paisaje, f\u00edjate en los restos de una antigua telesilla que serv\u00eda para que los pescadores cruzasen el r\u00edo! \u00a1Es muy curiosa![\/vc_column_text][\/vc_accordion_tab][vc_accordion_tab title=\u00bbOurol\u00bb][vc_column_text disable_pattern=\u00bbfalse\u00bb]La gran riqueza paisaj\u00edstica de este peque\u00f1o municipio se manifiesta en sus numerosos r\u00edos y riachuelos, as\u00ed como en las monta\u00f1as que lo rodean. Este es un marco id\u00f3neo para actividades al aire libre, como el senderismo, o la pr\u00e1ctica de la caza y de la pesca. De hecho, la gastronom\u00eda local est\u00e1 basada en el aprovechamiento y transformaci\u00f3n de los productos del territorio en <strong>suculentos platos de pescado de r\u00edo o de caza<\/strong> como jabal\u00eds, corzos, liebres, etc. Son men\u00fa habitual en los establecimientos de la zona.<\/p>\n<p>Durante la <strong>Fiesta de la Carne de Caza<\/strong>, en diciembre, degustar\u00e1s jabal\u00ed y corzo.[\/vc_column_text][\/vc_accordion_tab][vc_accordion_tab title=\u00bbO Valadouro\u00bb][vc_column_text disable_pattern=\u00bbfalse\u00bb css=\u00bb.vc_custom_1511973764480{margin-bottom: 0px !important;}\u00bb]En la parte alta del r\u00edo Ouro predominan los r\u00e1pidos y las aguas claras con abundantes <strong>truchas comunes<\/strong>, de peque\u00f1o tama\u00f1o, que suelen incluirse en las cartas de los restaurantes locales junto a platos de caza.<\/p>\n<p>Puedes completar la estancia en O Valadouro recorriendo la <strong>Ruta de los Pozos<\/strong> entre robles y casta\u00f1os para llegar a la hermosa cascada de Pozo da Onza, de casi 15 metros y con una hermosa charca a sus pies. Merece tambi\u00e9n una visita el Pozo de Torez, una cascada casi desconocida encajada en la roca.[\/vc_column_text][\/vc_accordion_tab][vc_accordion_tab title=\u00bbAlfoz\u00bb][vc_column_text disable_pattern=\u00bbfalse\u00bb]La ruta del r\u00edo Ouro te descubrir\u00e1 la riqueza floral y faun\u00edstica que atesoran las aguas y las riberas de esta joya natural del norte lucense. Adem\u00e1s de <strong>truchas<\/strong>, aqu\u00ed tambi\u00e9n se pescan las cada vez m\u00e1s escasas <strong>lampreas<\/strong>. Si bien el <strong>mejill\u00f3n<\/strong> <strong>de<\/strong> <strong>r\u00edo<\/strong> es el habitante m\u00e1s caracter\u00edstico de estas aguas, representando una de las escas\u00edsimas poblaciones gallegas de esta especie.<\/p>\n<p>No te marches sin acercarte a la <a href=\"http:\/\/www.concellodealfoz.com\/esp\/espacio\/38\/cascada-do-escouridal.html\" target=\"_blank\" rel=\"noopener\">cascada de O Escouridal<\/a>, una de las m\u00e1s grandes de Galicia con sus 70 m de altura. Forma parte del r\u00edo Guilfonso, afluente del Ouro y ejerce como l\u00edmite geogr\u00e1fico entre Alfoz y O Valadouro. Otro tesoro del patrimonio natural es la m\u00e1gica <a href=\"http:\/\/www.concellodealfoz.com\/esp\/ruta\/28\/ruta-pena-abaladoira.html\" target=\"_blank\" rel=\"noopener\">Pena Abaladoira<\/a>, en la sierra de O Xistral.[\/vc_column_text][\/vc_accordion_tab][vc_accordion_tab title=\u00bbMondo\u00f1edo\u00bb][vc_column_text disable_pattern=\u00bbfalse\u00bb css=\u00bb.vc_custom_1511973790795{margin-bottom: 0px !important;}\u00bb]En Mondo\u00f1edo, alrededor del r\u00edo Masma, uno de los grandes en la <strong>pesca del salm\u00f3n<\/strong> de Galicia, existen muchas rutas interesantes por su belleza y accesibilidad. De paso, puedes visitar el castro de Zo\u00f1\u00e1n, cerca del monasterio de Os Picos.<\/p>\n<p>El primer domingo de mayo, la parroquia de Masma acoge la<strong> Fiesta del Pescador<\/strong> en la que se re\u00fanen gran n\u00famero de aficionados. Adem\u00e1s de un concurso de capturas sin muerte (las piezas se devuelven al r\u00edo vivas), hay un importante programa de actividades.<\/p>\n<p>Tambi\u00e9n en Mondo\u00f1edo existe tradici\u00f3n de los platos de caza servidos en temporada por la hosteler\u00eda local.[\/vc_column_text][\/vc_accordion_tab][vc_accordion_tab title=\u00bbLourenz\u00e1\u00bb][vc_column_text css=\u00bb.vc_custom_1511973804884{margin-bottom: 0px !important;}\u00bb]Un <strong>coto de pesca muy apreciado<\/strong> por sus <strong>truchas y salmones<\/strong> es el que se encuentra junto al puente de A Cazolga (1796).<\/p>\n<p>F\u00edjate en este paso p\u00e9treo sobre el r\u00edo Masma. Fue construido por los monjes benedictinos de Lourenz\u00e1 para transportar los materiales con los que se construir\u00eda el monasterio de San Salvador, un ejemplo del barroco gallego. La fortaleza de Tovar, musealizada, es otro de los referentes arquitect\u00f3nicos del municipio.<\/p>\n<p>Un completo paseo que, sin duda, te abrir\u00e1 el apetito para degustar platos de caza y pesca en los restaurantes locales.[\/vc_column_text][\/vc_accordion_tab][vc_accordion_tab title=\u00bbTrabada\u00bb][vc_column_text disable_pattern=\u00bbfalse\u00bb css=\u00bb.vc_custom_1511973820118{margin-bottom: 0px !important;}\u00bb]Durante la \u00faltima parada de esta ruta tendr\u00e1s la posibilidad de practicar la <strong>caza y la pesca<\/strong>. El r\u00edo Eo y sus afluentes disfrutan de una riqueza pisc\u00edcola muy importante: <strong>salm\u00f3n, trucha, reo, lamprea, anguila o angula<\/strong> que despu\u00e9s podr\u00e1s degustar en los restaurantes de Trabada al igual que platos de caza con el jabal\u00ed y el corzo como ingredientes principales.[\/vc_column_text][\/vc_accordion_tab][\/vc_accordions][mk_padding_divider][\/vc_column][\/vc_row][vc_row][vc_column][mk_ornamental_title font_family=\u00bbnone\u00bb font_size=\u00bb30&#8243; ornament_style=\u00bblemo-single\u00bb nss_align=\u00bbcenter\u00bb]Completa t\u00fa experiencia en Tierras de Miranda![\/mk_ornamental_title][mk_padding_divider][\/vc_column][\/vc_row][vc_row][vc_column width=\u00bb1\/3&#8243;][vc_single_image image=\u00bb454&#8243; img_size=\u00bbfull\u00bb alignment=\u00bbcenter\u00bb][vc_btn title=\u00bbD\u00f3nde comer\u00bb style=\u00bbcustom\u00bb custom_background=\u00bb#ed8b00&#8243; custom_text=\u00bb#ffffff\u00bb shape=\u00bbsquare\u00bb size=\u00bblg\u00bb align=\u00bbcenter\u00bb button_block=\u00bbtrue\u00bb link=\u00bburl:http%3A%2F%2Fterrasdemiranda.org%2Fes%2Fturismo-de-lugo%2Fruta-de-la-caza-y-la-pesca%2Fdonde-comer%2F|\u00bb el_class=\u00bbbtn-custom-1&#8243;][\/vc_column][vc_column width=\u00bb1\/3&#8243;][vc_single_image image=\u00bb455&#8243; img_size=\u00bbfull\u00bb alignment=\u00bbcenter\u00bb][vc_btn title=\u00bbD\u00f3nde dormir\u00bb style=\u00bbcustom\u00bb custom_background=\u00bb#f2a900&#8243; custom_text=\u00bb#ffffff\u00bb shape=\u00bbsquare\u00bb size=\u00bblg\u00bb align=\u00bbcenter\u00bb button_block=\u00bbtrue\u00bb link=\u00bburl:http%3A%2F%2Fterrasdemiranda.org%2Fes%2Fturismo-de-lugo%2Fruta-de-la-caza-y-la-pesca%2Fdonde-dormir%2F|\u00bb el_class=\u00bbbtn-custom-2&#8243;][\/vc_column][vc_column width=\u00bb1\/3&#8243;][vc_single_image image=\u00bb456&#8243; img_size=\u00bbfull\u00bb alignment=\u00bbcenter\u00bb][vc_btn title=\u00bbQu\u00e9 hacer\u00bb style=\u00bbcustom\u00bb custom_background=\u00bb#d45d00&#8243; custom_text=\u00bb#ffffff\u00bb shape=\u00bbsquare\u00bb size=\u00bblg\u00bb align=\u00bbcenter\u00bb button_block=\u00bbtrue\u00bb link=\u00bburl:http%3A%2F%2Fterrasdemiranda.org%2Fes%2Fturismo-de-lugo%2Fruta-de-la-caza-y-la-pesca%2Fque-hacer%2F|\u00bb el_class=\u00bbbtn-custom-3&#8243;][\/vc_column][\/vc_row][vc_row][vc_column][mk_padding_divider][\/vc_column][\/vc_row]\n","protected":false},"excerpt":{"rendered":"<p>[vc_row][vc_column width=\u00bb2\/3&#8243;][mk_revslider id=\u00bbruta-da-caza-e-da-pesca\u00bb][\/vc_column][vc_column width=\u00bb1\/3&#8243;][vc_column_text]Siente en primera persona la expresi\u00f3n \u201cGalicia, el pa\u00eds de los mil r\u00edos\u201d durante id\u00edlicas jornadas de pesca en primavera o acude, en oto\u00f1o, a uno de los numerosos cotos de caza de las Terras de Miranda. \u00c9poca recomendada: oto\u00f1o para la caza. De mayo a septiembre, aprox., para la pesca. Tiempo: [&hellip;]<\/p>\n","protected":false},"author":1,"featured_media":0,"parent":371,"menu_order":0,"comment_status":"closed","ping_status":"closed","template":"","meta":{"footnotes":""},"class_list":["post-1667","page","type-page","status-publish","hentry"],"_links":{"self":[{"href":"https:\/\/terrasdemiranda.org\/es\/wp-json\/wp\/v2\/pages\/1667"}],"collection":[{"href":"https:\/\/terrasdemiranda.org\/es\/wp-json\/wp\/v2\/pages"}],"about":[{"href":"https:\/\/terrasdemiranda.org\/es\/wp-json\/wp\/v2\/types\/page"}],"author":[{"embeddable":true,"href":"https:\/\/terrasdemiranda.org\/es\/wp-json\/wp\/v2\/users\/1"}],"replies":[{"embeddable":true,"href":"https:\/\/terrasdemiranda.org\/es\/wp-json\/wp\/v2\/comments?post=1667"}],"version-history":[{"count":31,"href":"https:\/\/terrasdemiranda.org\/es\/wp-json\/wp\/v2\/pages\/1667\/revisions"}],"predecessor-version":[{"id":2578,"href":"https:\/\/terrasdemiranda.org\/es\/wp-json\/wp\/v2\/pages\/1667\/revisions\/2578"}],"up":[{"embeddable":true,"href":"https:\/\/terrasdemiranda.org\/es\/wp-json\/wp\/v2\/pages\/371"}],"wp:attachment":[{"href":"https:\/\/terrasdemiranda.org\/es\/wp-json\/wp\/v2\/media?parent=1667"}],"curies":[{"name":"wp","href":"https:\/\/api.w.org\/{rel}","templated":true}]}}