{"id":1685,"date":"2017-11-24T16:01:54","date_gmt":"2017-11-24T16:01:54","guid":{"rendered":"http:\/\/terrasdemiranda.org\/turismo-de-lugo\/ruta-peregrino-del-camino-norte\/"},"modified":"2017-12-06T20:13:05","modified_gmt":"2017-12-06T20:13:05","slug":"ruta-peregrino-del-camino-norte","status":"publish","type":"page","link":"https:\/\/terrasdemiranda.org\/es\/turismo-de-lugo\/ruta-peregrino-del-camino-norte\/","title":{"rendered":"Ruta Peregrino del Camino Norte"},"content":{"rendered":"[vc_row][vc_column width=\u00bb2\/3&#8243;][mk_revslider id=\u00bbruta-do-peregrino\u00bb][\/vc_column][vc_column width=\u00bb1\/3&#8243;][vc_column_text]Esta es una ruta de peregrinaci\u00f3n hist\u00f3rica a Santiago. Tanto la variante de Ribadeo como la de Trabada te marcar\u00e1n el camino para explorar el territorio y nuestra gastronom\u00eda m\u00e1s t\u00edpica.<br \/>\n<strong>\u00c9poca recomendada<\/strong>: primavera<br \/>\n<strong>Tiempo<\/strong>: 4 d\u00edas<br \/>\n<strong>Te llevamos por<\/strong>:<\/p>\n<ul>\n<li>Albergue p\u00fablico de Ribadeo<\/li>\n<li>Albergue p\u00fablico de Vilela (Ribadeo)<\/li>\n<li>Albergue municipal de Gond\u00e1n (Barreiros)<\/li>\n<li>Albergue municipal de Vilanova de Lourenz\u00e1<\/li>\n<li>Albergue municipal de Mondo\u00f1edo<\/li>\n<\/ul>\n[\/vc_column_text][\/vc_column][\/vc_row][vc_row][vc_column][mk_padding_divider][vc_gmaps link=\u00bb#E-8_JTNDaWZyYW1lJTIwc3JjJTNEJTIyaHR0cHMlM0ElMkYlMkZ3d3cuZ29vZ2xlLmNvbSUyRm1hcHMlMkZkJTJGZW1iZWQlM0ZtaWQlM0QxaXlsTlg1MjJQRE56UjdNcjdVSUNVRGJFYWJVJTIyJTIwd2lkdGglM0QlMjI2MDAlMjIlMjBoZWlnaHQlM0QlMjI0NTAlMjIlMjBmcmFtZWJvcmRlciUzRCUyMjAlMjIlMjBzdHlsZSUzRCUyMmJvcmRlciUzQTAlMjIlMjBhbGxvd2Z1bGxzY3JlZW4lM0UlM0MlMkZpZnJhbWUlM0U=\u00bb][mk_fancy_title color=\u00bb#d45d00&#8243; size=\u00bb24&#8243; font_weight=\u00bbbold\u00bb margin_bottom=\u00bb0&#8243; font_family=\u00bbnone\u00bb align=\u00bbright\u00bb]Sab\u00edas que?&#8230;[\/mk_fancy_title][mk_custom_box padding_vertical=\u00bb10&#8243; padding_horizental=\u00bb10&#8243; margin_bottom=\u00bb0&#8243; min_height=\u00bb0&#8243; el_class=\u00bbmsgbox\u00bb][vc_column_text]<strong>El Camino Norte parte de Ir\u00fan<\/strong> y despu\u00e9s de 32 etapas y unos <strong>875 km<\/strong>, acaba en Arz\u00faa para unirse al Camino Franc\u00e9s rumbo a Santiago de Compostela (a 40 km). De entre todas las rutas de peregrinaci\u00f3n jacobeas, es la <strong>segunda m\u00e1s larga<\/strong> tras la V\u00eda de la Plata[\/vc_column_text][\/mk_custom_box][mk_padding_divider][\/vc_column][\/vc_row][vc_row][vc_column][mk_fancy_title size=\u00bb18&#8243; font_family=\u00bbnone\u00bb]<strong>Paradas<\/strong>[\/mk_fancy_title][vc_accordions style=\u00bbsimple-style\u00bb container_bg_color=\u00bb#ffffff\u00bb responsive=\u00bbfalse\u00bb][vc_accordion_tab title=\u00bbUn pouco de historia\u00bb][vc_column_text disable_pattern=\u00bbfalse\u00bb css=\u00bb.vc_custom_1512126741571{margin-bottom: 0px !important;}\u00bb]Tras el Camino Primitivo, esta ruta, que transita por la costa asturiana y <strong>entra en Galicia por la r\u00eda de Ribadeo<\/strong>, consigui\u00f3 gran relevancia en la baja Edad Media. Las peregrinaciones mar\u00edtimas estaban en su apogeo y en Oviedo comenz\u00f3 a celebrarse el Jubileo de la Santa Cruz, de gran devoci\u00f3n entre los fieles que despu\u00e9s caminaban los 198 km que distaban hasta el sepulcro del Ap\u00f3stol para conseguir otra indulgencia.<\/p>\n<p>Tambi\u00e9n atra\u00eda a devotos de todo el norte de la Pen\u00ednsula, personajes ilustres como San Francisco de As\u00eds o el obispo armenio M\u00e1rtir de Azerbaj\u00e1n y, por tierra y por mar, era entrada para gentes de Europa del norte. Mantuvo su vitalidad hasta el siglo XVIII.<\/p>\n<p>Hoy en d\u00eda, en Galicia, existe la <strong>variante de Ribadeo y la de Trabada<\/strong>.<\/p>\n<p>En 2015, el Camino Norte fue reconocido por la Unesco, junto con el Camino Primitivo, como <strong>Patrimonio de la Humanidad<\/strong>, la m\u00e1xima distinci\u00f3n que puede recibir un bien cultural.[\/vc_column_text][\/vc_accordion_tab][vc_accordion_tab title=\u00bb Ribadeo\u00bb][vc_column_text disable_pattern=\u00bbfalse\u00bb]Hay 3 paradas imprescindibles en <a href=\"http:\/\/turismo.ribadeo.gal\/info.php?sec=24&amp;idioma=gl\" target=\"_blank\" rel=\"noopener\">Ribadeo<\/a>, entre otras. Si has pernoctado en el pueblo, aprovecha para dar un paseo por la zona hist\u00f3rica y descubrir los edificios de arquitectura indiana que en 2004 propiciaron su declaraci\u00f3n como Bien de Inter\u00e9s Cultural (BIC), con la categor\u00eda de conjunto hist\u00f3rico. Sigue la <a href=\"http:\/\/turismo.ribadeo.gal\/info.php?sec=21&amp;cat=1&amp;idioma=es\" target=\"_blank\" rel=\"noopener\">Ruta de los Indianos<\/a> y te ser\u00e1 m\u00e1s f\u00e1cil llevar una orden.<\/p>\n<p>Herencia de los emigrantes es tambi\u00e9n la <strong>tradici\u00f3n chocolatera de Ribadeo<\/strong>, que a\u00fan contin\u00faa, innovando su oferta con bocados como los <strong>bombones de mar<\/strong>, con algas. Reserva cita para visitar el taller donde los hacen.<\/p>\n<p>Mientras caminas, te dar\u00e1s cuenta de que Ribadeo es capital comercial y, ya hacia la hora de comer, de la gran tradici\u00f3n de tapeo y de vinos entre vecinos y visitantes. S\u00famate a esta costumbre antes de probar <strong>mariscos y pescados<\/strong> de la zona en la hosteler\u00eda local u opta por desplazarte hasta la villa marinera de Rinlo, a unos 10 minutos en coche (7 km). Famosos son sus percebes, que en verano tienen su propia fiesta gastron\u00f3mica, o el arroz caldoso con bogavante.<\/p>\n<p>La tercera parada que te proponemos es la <a href=\"http:\/\/www.turismo.gal\/que-visitar\/destacados\/praia-das-catedrais?langId=es_ES\" target=\"_blank\" rel=\"noopener\">playa de As Catedrais<\/a>, monumento natural de gran riqueza paisaj\u00edstica. Recuerda que en verano y en Semana Santa hay que solicitar autorizaci\u00f3n gratuita para bajar al arenal[\/vc_column_text][\/vc_accordion_tab][vc_accordion_tab title=\u00bbTrabada\u00bb][vc_column_text disable_pattern=\u00bbfalse\u00bb]Aprovecha que Trabada es la entrada de la variante del Camino Norte en Galicia y prueba la tradicional \u201c<strong>enfari\u00f1ada<\/strong>\u201d, una especie de migas hechas con huevo, harina y agua, y visita un taller de artesan\u00eda local.<\/p>\n<p>De camino a la siguiente parada te queda de paso la <a href=\"http:\/\/www.amari\u00f1aturismo.es\/concellos\/trabada.html\" target=\"_blank\" rel=\"noopener\">Fraga da Belosi\u00f1a<\/a>, con \u00e1rea recreativa a un lado del r\u00edo Trabada. A los m\u00e1s activos, le recomendamos la Ruta de la Fraga da Vilapena (PRG-85), a lo largo de la que encontrar\u00e1s gran diversidad de \u00e1rboles aut\u00f3ctonos.[\/vc_column_text][\/vc_accordion_tab][vc_accordion_tab title=\u00bbBarreiros\u00bb][vc_column_text disable_pattern=\u00bbfalse\u00bb]En temporada, prueba los <strong>b\u00edgaros<\/strong> (tambi\u00e9n conocidos como minchas),los <strong>platos de carne<\/strong> de la zona y de postre, dulces exclusivos del municipio como el <strong>carol\u00f3n<\/strong>.<\/p>\n<p>Completa la estancia acerc\u00e1ndote al \u201cStonehenge gallego\u201d. El yacimiento arqueol\u00f3gico A Roda (Edad de Bronce) es \u00fanico en Galicia y en Espa\u00f1a. Tambi\u00e9n merece la pena descubrir el <a href=\"http:\/\/www.concellodebarreiros.com\/es\/turismo\/montana\/area-recreativa-santo-estevo-do-ermo\" target=\"_blank\" rel=\"noopener\">\u00e1rea natural y arqueol\u00f3gica de Santo Estevo do Ermo<\/a>, con capilla, bosque y cascada, as\u00ed como fuentes con propiedades curativas y la huella de la herradura del caballo de Santiago.[\/vc_column_text][\/vc_accordion_tab][vc_accordion_tab title=\u00bbLourenz\u00e1\u00bb][vc_column_text disable_pattern=\u00bbfalse\u00bb]Las f\u00e9rtiles tierras del valle de Lourenz\u00e1 son el origen de sus famosas <strong>habas con Indicaci\u00f3n Geogr\u00e1fica Protegida (IGP)<\/strong>. De la mano de la cooperativa local, los productores te contar\u00e1n de t\u00fa a t\u00fa c\u00f3mo es su trabajo diario e, incluso, se quieres ahondar un poco m\u00e1s, los beneficios que les aporta la econom\u00eda social. An\u00edmate a venir en la \u00e9poca de la cosecha (septiembre) y qu\u00e9date para el fin de semana de la <strong>Fiesta del Haba<\/strong> (1\u00ba de octubre), declarada de <strong>Inter\u00e9s Tur\u00edstico Gallego<\/strong>, y durante la que podr\u00e1s degustar esta rica leguminosa en los puestos instalados alrededor de la plaza del Conde Santo o en los restaurantes locales.<\/p>\n<p>El <a href=\"http:\/\/www.concellodelourenza.gal\/es\/pagina\/centro-de-interpretacion-da-faba-1240\" target=\"_blank\" rel=\"noopener\">Centro de Interpretaci\u00f3n del Haba<\/a> est\u00e1 abierto todo el a\u00f1o y al lado tienes el <a href=\"http:\/\/www.concellodelourenza.gal\/es\/pagina\/patrimonio\" target=\"_blank\" rel=\"noopener\">monasterio de San Salvador<\/a> (monumento hist\u00f3rico-art\u00edstico desde 1974). La fachada de la iglesia fue un ensayo del maestro Casas Novoa antes de hacer la del Obradoiro (Catedral de Santiago). Otros imprescindibles del patrimonio laurentino son la <a href=\"http:\/\/www.fortalezadetovar.net\/historia.html\" target=\"_blank\" rel=\"noopener\">fortaleza de Tovar<\/a> y el \u00e1rea recreativadel molino de O Pereiro, con molino visitable.<\/p>\n<p>Si en lugar de moverte por tu cuenta prefieres una visita organizada, opta por contactar con los promotores de la <a href=\"http:\/\/xn--amarialucense-mkb.gal\/es\/rutadafaba\/\" target=\"_blank\" rel=\"noopener\">Ruta del Haba<\/a>.[\/vc_column_text][\/vc_accordion_tab][vc_accordion_tab title=\u00bbMondo\u00f1edo\u00bb][vc_column_text disable_pattern=\u00bbfalse\u00bb]En la \u201cciudad episcopal\u201d de Lugo hay tres imprescindibles gastron\u00f3micos que te animamos a probar y, si vas con tiempo, incluso a conocer de primera mano su proceso de elaboraci\u00f3n o cultivo. Son los productos de la<strong> huerta<\/strong> (manzanas para sidra o de mesa y tomates, entre otros), <strong>carnes y embutidos,<\/strong> y <strong>el pan, las empanadas y los dulces<\/strong> (la famosa tarta de Mondo\u00f1edo entre ellos). <strong>Revisa<\/strong> m\u00e1s abajo la<strong> lista de obradores abiertos<\/strong> a este tipo de <strong>experiencias<\/strong> y, \u00a1elige!<\/p>\n<p>Ya en la zona hist\u00f3rica, el propio pueblo te invitar\u00e1 a dar un paseo por sus acogedoras calles empedradas que, adrede, parecen acabar en la catedral \u201carrodillada\u201d como se conoce al templo mindoniense (<a href=\"http:\/\/www.concellomondonedo.es\/portal_localweb\/p_101_contenedor1_ayto_mondonedo.jsp?seccion=s_fdes_d4_v2.jsp&amp;contenido=591&amp;tipo=6&amp;nivel=1400&amp;layout=p_101_contenedor1_ayto_mondonedo.jsp&amp;codResi=5&amp;language=es&amp;codMenu=245&amp;codMenuPN=236\" target=\"_blank\" rel=\"noopener\">visitable<\/a>) por su escasa altura. Frente a ella, la estatua sonriente del escritor \u00c1lvaro Cunqueiro.<\/p>\n<p>Tambi\u00e9n es recomendable caminar hasta el id\u00edlico barrio de Os Mu\u00ed\u00f1os, sede de la artesan\u00eda local, que ahora recibe el nombre de \u201cpeque\u00f1a Venecia\u201d por sus canales de agua. Los artesanos aqu\u00ed asentados estar\u00e1n encantados de abrirte las puertas de sus talleres.<\/p>\n<p>Si a\u00fan tienes energ\u00eda, an\u00edmate a recorrer la Ruta del Agua, que finaliza en la Cova do Rei Cintolo que, con unos 6.500 m de galer\u00edas, es la m\u00e1s m\u00e1s grande de Galicia (<a href=\"http:\/\/www.concellomondonedo.es\/portal_localweb\/p_101_contenedor1_ayto_mondonedo.jsp?seccion=s_p_110_cuerpo_distribuidor_3Columnas.jsp&amp;language=es&amp;codResi=5&amp;&amp;codMenuPN=236&amp;codMenu=255&amp;layout=p_101_contenedor1_ayto_mondonedo.jsp&amp;layout=p_101_contenedor1_ayt\" target=\"_blank\" rel=\"noopener\">consultar las condiciones de la visita<\/a>).[\/vc_column_text][\/vc_accordion_tab][\/vc_accordions][mk_padding_divider][\/vc_column][\/vc_row][vc_row][vc_column][mk_ornamental_title font_family=\u00bbnone\u00bb font_size=\u00bb30&#8243; ornament_style=\u00bblemo-single\u00bb nss_align=\u00bbcenter\u00bb]Completa t\u00fa experiencia en Tierras de Miranda![\/mk_ornamental_title][mk_padding_divider][\/vc_column][\/vc_row][vc_row][vc_column width=\u00bb1\/3&#8243;][vc_single_image image=\u00bb454&#8243; img_size=\u00bbfull\u00bb alignment=\u00bbcenter\u00bb][vc_btn title=\u00bbD\u00f3nde comer\u00bb style=\u00bbcustom\u00bb custom_background=\u00bb#ed8b00&#8243; custom_text=\u00bb#ffffff\u00bb shape=\u00bbsquare\u00bb size=\u00bblg\u00bb align=\u00bbcenter\u00bb button_block=\u00bbtrue\u00bb link=\u00bburl:http%3A%2F%2Fterrasdemiranda.org%2Fes%2Fturismo-de-lugo%2Fruta-peregrino-del-camino-norte%2Fdonde-comer%2F|\u00bb el_class=\u00bbbtn-custom-1&#8243;][\/vc_column][vc_column width=\u00bb1\/3&#8243;][vc_single_image image=\u00bb455&#8243; img_size=\u00bbfull\u00bb alignment=\u00bbcenter\u00bb][vc_btn title=\u00bbD\u00f3nde dormir\u00bb style=\u00bbcustom\u00bb custom_background=\u00bb#f2a900&#8243; custom_text=\u00bb#ffffff\u00bb shape=\u00bbsquare\u00bb size=\u00bblg\u00bb align=\u00bbcenter\u00bb button_block=\u00bbtrue\u00bb link=\u00bburl:http%3A%2F%2Fterrasdemiranda.org%2Fes%2Fturismo-de-lugo%2Fruta-peregrino-del-camino-norte%2Fdonde-dormir%2F|\u00bb el_class=\u00bbbtn-custom-2&#8243;][\/vc_column][vc_column width=\u00bb1\/3&#8243;][vc_single_image image=\u00bb456&#8243; img_size=\u00bbfull\u00bb alignment=\u00bbcenter\u00bb][vc_btn title=\u00bbQu\u00e9 hacer\u00bb style=\u00bbcustom\u00bb custom_background=\u00bb#d45d00&#8243; custom_text=\u00bb#ffffff\u00bb shape=\u00bbsquare\u00bb size=\u00bblg\u00bb align=\u00bbcenter\u00bb button_block=\u00bbtrue\u00bb link=\u00bburl:http%3A%2F%2Fterrasdemiranda.org%2Fes%2Fturismo-de-lugo%2Fruta-peregrino-del-camino-norte%2Fque-hacer%2F|\u00bb el_class=\u00bbbtn-custom-3&#8243;][\/vc_column][\/vc_row][vc_row][vc_column][mk_padding_divider][\/vc_column][\/vc_row]\n","protected":false},"excerpt":{"rendered":"<p>[vc_row][vc_column width=\u00bb2\/3&#8243;][mk_revslider id=\u00bbruta-do-peregrino\u00bb][\/vc_column][vc_column width=\u00bb1\/3&#8243;][vc_column_text]Esta es una ruta de peregrinaci\u00f3n hist\u00f3rica a Santiago. Tanto la variante de Ribadeo como la de Trabada te marcar\u00e1n el camino para explorar el territorio y nuestra gastronom\u00eda m\u00e1s t\u00edpica. \u00c9poca recomendada: primavera Tiempo: 4 d\u00edas Te llevamos por: Albergue p\u00fablico de Ribadeo Albergue p\u00fablico de Vilela (Ribadeo) Albergue municipal de [&hellip;]<\/p>\n","protected":false},"author":1,"featured_media":0,"parent":371,"menu_order":0,"comment_status":"closed","ping_status":"closed","template":"","meta":{"footnotes":""},"class_list":["post-1685","page","type-page","status-publish","hentry"],"_links":{"self":[{"href":"https:\/\/terrasdemiranda.org\/es\/wp-json\/wp\/v2\/pages\/1685"}],"collection":[{"href":"https:\/\/terrasdemiranda.org\/es\/wp-json\/wp\/v2\/pages"}],"about":[{"href":"https:\/\/terrasdemiranda.org\/es\/wp-json\/wp\/v2\/types\/page"}],"author":[{"embeddable":true,"href":"https:\/\/terrasdemiranda.org\/es\/wp-json\/wp\/v2\/users\/1"}],"replies":[{"embeddable":true,"href":"https:\/\/terrasdemiranda.org\/es\/wp-json\/wp\/v2\/comments?post=1685"}],"version-history":[{"count":35,"href":"https:\/\/terrasdemiranda.org\/es\/wp-json\/wp\/v2\/pages\/1685\/revisions"}],"predecessor-version":[{"id":2559,"href":"https:\/\/terrasdemiranda.org\/es\/wp-json\/wp\/v2\/pages\/1685\/revisions\/2559"}],"up":[{"embeddable":true,"href":"https:\/\/terrasdemiranda.org\/es\/wp-json\/wp\/v2\/pages\/371"}],"wp:attachment":[{"href":"https:\/\/terrasdemiranda.org\/es\/wp-json\/wp\/v2\/media?parent=1685"}],"curies":[{"name":"wp","href":"https:\/\/api.w.org\/{rel}","templated":true}]}}