{"id":2266,"date":"2017-10-20T08:43:30","date_gmt":"2017-10-20T08:43:30","guid":{"rendered":"http:\/\/terrasdemiranda.org\/aviso-legal\/"},"modified":"2025-11-14T10:50:20","modified_gmt":"2025-11-14T10:50:20","slug":"aviso-legal","status":"publish","type":"page","link":"https:\/\/terrasdemiranda.org\/es\/aviso-legal\/","title":{"rendered":"Aviso legal"},"content":{"rendered":"[vc_row][vc_column][mk_fancy_title style=\u00bbtrue\u00bb size=\u00bb18&#8243; font_family=\u00bbnone\u00bb]DATOS[\/mk_fancy_title][vc_column_text css=\u00bb.vc_custom_1763117412791{margin-bottom: 0px !important;}\u00bb]En cumplimiento del art\u00edculo 10 de la Ley 34\/2002, de 11 de julio, de Servicios de la Sociedad de la Informaci\u00f3n y Comercio Electr\u00f3nico, la Asociaci\u00f3n Terras de Miranda, le informa de que sus datos identificativos son los siguientes:<\/p>\n<p>La denominaci\u00f3n social es:<\/p>\n<p>Direcci\u00f3n: C\/ Julia Pardo Montenegro, 13,1\u00b0<br \/>\n27740 Mondo\u00f1edo (Lugo)<br \/>\nT. 982 507 111<br \/>\nEmail: terrasmiranda@gmail.com<br \/>\nNIF: G27271402<br \/>\nN\u00famero de registro: 2001\/2417-1\u00aa[\/vc_column_text][mk_padding_divider][mk_fancy_title style=\u00bbtrue\u00bb size=\u00bb18&#8243; font_family=\u00bbnone\u00bb]CONDICIONES DE ACCESO Y UTILIZACI\u00d3N[\/mk_fancy_title][vc_column_text css=\u00bb.vc_custom_1512038037058{margin-bottom: 0px !important;}\u00bb]El presente aviso legal regula el uso del sitio web (en adelante, LA WEB), del que es titular la Asociaci\u00f3n GDR1 Terras de Miranda.<\/p>\n<p>La navegaci\u00f3n por la web https:\/\/terrasdemiranda.org atribuye la condici\u00f3n de usuario del mismo e implica la aceptaci\u00f3n plena y sin reservas de todas y cada una de las disposiciones incluidas en este Aviso Legal, que pueden sufrir modificaciones.<\/p>\n<p>El sitio web y sus servicios son de acceso libre y gratuito, no obstante, la Asociaci\u00f3n GDR1 Terras de Miranda condiciona la utilizaci\u00f3n de algunos de los servicios ofrecidos en su web a la previa cumplimentaci\u00f3n del correspondiente formulario.<\/p>\n<p>Todos los contenidos del sitio web, como textos, fotograf\u00edas, gr\u00e1ficos, im\u00e1genes, iconos, tecnolog\u00eda, software, as\u00ed como su dise\u00f1o y c\u00f3digos fuente, constituyen una obra cuya propiedad pertenece a la Asociaci\u00f3n GDR1 Terras de Miranda, sin que puedan entenderse cedidos al usuario ninguno de los derechos de explotaci\u00f3n sobre los mismos m\u00e1s all\u00e1 de lo estrictamente necesario para el correcto uso de la web.<\/p>\n<p>El usuario garantiza la autenticidad y actualidad de todos aquellos datos que comunique a la Asociaci\u00f3n GDR1 Terras de Miranda y ser\u00e1 el \u00fanico responsable de las manifestaciones falsas o inexactas que realice.<\/p>\n<p>El usuario se obliga a hacer un uso correcto del sitio web de conformidad con las leyes, la buena fe, el orden p\u00fablico, los usos del tr\u00e1fico y el presente Aviso Legal. El usuario responder\u00e1 frente a la Asociaci\u00f3n GDR1 Terras de Miranda o frente a terceros, de cualesquiera da\u00f1os y perjuicios que pudieran causarse como consecuencia del incumplimiento de dicha obligaci\u00f3n.[\/vc_column_text][mk_padding_divider][mk_fancy_title style=\u00bbtrue\u00bb size=\u00bb18&#8243; font_family=\u00bbnone\u00bb]POL\u00cdTICA DE ENLACES Y EXENCI\u00d3N DE RESPONSABILIDADES[\/mk_fancy_title][vc_column_text css=\u00bb.vc_custom_1512038144387{margin-bottom: 0px !important;}\u00bb]La Asociaci\u00f3n GDR1 Terras de Miranda no se hace responsable del contenido de las p\u00e1ginas web a las que el usuario pueda acceder a trav\u00e9s de los enlaces establecidos en su website y declara que en ning\u00fan caso proceder\u00e1 a examinar o ejercitar ning\u00fan tipo de control sobre el contenido de otras p\u00e1ginas de la red. Asimismo, tampoco garantizar\u00e1 la disponibilidad t\u00e9cnica, exactitud, veracidad, validez o legalidad de p\u00e1ginas ajenas a su propiedad a las que se pueda acceder por medio de los enlaces.<br \/>\nLa Asociaci\u00f3n GDR1 Terras de Miranda declara haber adoptado todas las medidas necesarias para evitar cualesquiera da\u00f1os que, a los usuarios de su website, pudieran derivarse de la navegaci\u00f3n por su p\u00e1gina web. En consecuencia, la Asociaci\u00f3n GDR1 Terras de Miranda no se hace responsable, en ning\u00fan caso, de los eventuales da\u00f1os que por la navegaci\u00f3n por Internet pudiera sufrir el usuario.<br \/>\na Asociaci\u00f3n GDR1 Terras de Miranda declara ter adoptado todas as medidas necesarias para evitar calesquera danos que, aos usuarios do seu website, puidesen derivarse da navegaci\u00f3n pola s\u00faa p\u00e1xina web. En consecuencia, a Asociaci\u00f3n GDR1 Terras de Miranda non se fai responsable, en ning\u00fan caso, dos eventuais danos que pola navegaci\u00f3n por Internet poidese sufrir o usuario.[\/vc_column_text][mk_padding_divider][mk_fancy_title style=\u00bbtrue\u00bb size=\u00bb18&#8243; font_family=\u00bbnone\u00bb]USO DE COOKIES Y DATOS ESTAT\u00cdSTICOS[\/mk_fancy_title][vc_column_text css=\u00bb.vc_custom_1512038269682{margin-bottom: 0px !important;}\u00bb]Esta p\u00e1gina web no recoge ni almacena datos personales de sus visitantes. \u00danicamente, con la finalidad de ofrecerle el mejor servicio a trav\u00e9s de esta p\u00e1gina, y con el objeto de facilitar su uso, se analizan el n\u00famero de p\u00e1ginas visitadas, el n\u00famero de visitas, as\u00ed como su frecuencia de utilizaci\u00f3n.<\/p>\n<p>A estos efectos, se utilizan los datos estad\u00edsticos elaborados por el proveedor de servicios de Internet. Con esta informaci\u00f3n se analiza la frecuencia de uso de la web de la mercantil a partir de los datos de conexi\u00f3n, y las secciones m\u00e1s visitadas. La Asociaci\u00f3n GDR1 Terras de Miranda no utiliza cookies para recoger informaci\u00f3n de los usuarios desde su p\u00e1gina web ni registra sus direcciones IP.<\/p>\n<p>El usuario tiene la posibilidad de configurar su navegador de modo que se le informe de la recepci\u00f3n de cookies, pudiendo, si as\u00ed lo desea, impedir que sean instaladas en su disco duro. No obstante, para el acceso a la website de la La Asociaci\u00f3n GDR1 Terras de Miranda no ser\u00e1 preceptiva la instalaci\u00f3n de cookies.[\/vc_column_text][mk_padding_divider][mk_fancy_title style=\u00bbtrue\u00bb size=\u00bb18&#8243; font_family=\u00bbnone\u00bb]PROTECCI\u00d3N DE DATOS[\/mk_fancy_title][vc_column_text css=\u00bb.vc_custom_1512043889250{margin-bottom: 0px !important;}\u00bb]Se le informa que los datos personales que nos facilite voluntariamente, a trav\u00e9s de los distintos formularios de la web, ser\u00e1n incorporados a un fichero titularidad de la Asociaci\u00f3n GDR1 Terras de Miranda con domicilio en C\/ Julia Pardo Montenegro, 13,1\u00b0. 27740 Mondo\u00f1edo (Lugo), que cumple con las medidas de seguridad exigidas en el Real Decreto 1720\/2007 de 21 de diciembre. La finalidad de dicho fichero es la prestaci\u00f3n y administraci\u00f3n del servicio contratado o solicitado, as\u00ed como la realizaci\u00f3n de estad\u00edsticas, la remisi\u00f3n de publicidad y otras promociones que la Asociaci\u00f3n GDR1 Terras de Miranda pueda efectuar en un futuro.<\/p>\n<p>Mediante el env\u00edo de los mencionados formularios, el usuario autoriza a enviarle informaci\u00f3n y comunicaciones comerciales a trav\u00e9s de correo postal, correo electr\u00f3nico o fax de los productos y servicios de la empresa.<\/p>\n<p>Asimismo, la Asociaci\u00f3n GDR1 Terras de Miranda cancelar\u00e1 o rectificar\u00e1 los datos cuando resulten inexactos, incompletos o hayan dejado de ser necesarios para su finalidad, de conformidad con lo previsto en la Ley Org\u00e1nica 15\/1999, de 13 de diciembre, de Protecci\u00f3n de Datos de Car\u00e1cter Personal.<\/p>\n<p>El usuario podr\u00e1 revocar el consentimiento prestado y ejercer los derechos de acceso, rectificaci\u00f3n, cancelaci\u00f3n y oposici\u00f3n dirigi\u00e9ndose por escrito a la Asociaci\u00f3n GDR1 Terras de Miranda, en la siguiente direcci\u00f3n C\/ Julia Pardo Montenegro, 13,1\u00b0. 27740 Mondo\u00f1edo (Lugo), o bien a trav\u00e9s del siguiente correo electr\u00f3nico: terrasmiranda@gmail.com, identific\u00e1ndose debidamente e indicando de forma visible el concreto derecho que se ejerce.<\/p>\n<p>La Asociaci\u00f3n GDR1 Terras de Miranda adopta los niveles de seguridad correspondientes requeridos por la citada Ley Org\u00e1nica 15\/1999 y dem\u00e1s normativa aplicable. No obstante, no asume ninguna responsabilidad por los da\u00f1os y perjuicios derivados de alteraciones que terceros puedan causar en los sistemas inform\u00e1ticos, documentos electr\u00f3nicos o ficheros del usuario.<br \/>\nMediante o env\u00edo dos mencionados formularios, o usuario autoriza a enviarlle informaci\u00f3n e comunicaci\u00f3ns comerciais, divulgativas ou informatias a trav\u00e9s de correo postal, correo electr\u00f3nico ou fax dos servizos ofrecidos.<\/p>\n<p>As\u00ed mesmo, a Asociaci\u00f3n GDR1 Terras de Miranda cancelar\u00e1 ou rectificar\u00e1 os datos cando resulten inexactos, incompletos ou deixasen de ser necesarios para a s\u00faa finalidade, de conformidade co previsto na Lei Org\u00e1nica 15\/1999, do 13 de decembro, de Protecci\u00f3n de Datos de Car\u00e1cter Persoal.<\/p>\n<p>O usuario poder\u00e1 revogar o consentimento prestado e exercer os dereitos de acceso, rectificaci\u00f3n, cancelaci\u00f3n e oposici\u00f3n dirix\u00edndose por escrito a Asociaci\u00f3n GDR1 Terras de Miranda, na seguinte direcci\u00f3n C\/ Julia Pardo Montenegro, 13,1\u00b0. 27740 Mondo\u00f1edo (Lugo), ou ben a trav\u00e9s do seguinte correo electr\u00f3nico: <a href=\"mailto:info@terrasdemiranda.org\">info@terrasdemiranda.org<\/a>, identific\u00e1ndose debidamente e indicando de forma visible o concreto dereito que se exerce.<\/p>\n<p>A Asociaci\u00f3n GDR1 Terras de Miranda adopta os niveis de seguridade correspondentes requiridos pola citada Lei Org\u00e1nica 15\/1999 e demais normativa aplicable. Non obstante, non asume ningunha responsabilidade polos danos e prexu\u00edzos derivados de alteraci\u00f3ns que terceiros poidan causar nos sistemas inform\u00e1ticos, documentos electr\u00f3nicos ou ficheiros do usuario.[\/vc_column_text][\/vc_column][\/vc_row]\n","protected":false},"excerpt":{"rendered":"<p>[vc_row][vc_column][mk_fancy_title style=\u00bbtrue\u00bb size=\u00bb18&#8243; font_family=\u00bbnone\u00bb]DATOS[\/mk_fancy_title][vc_column_text css=\u00bb.vc_custom_1763117412791{margin-bottom: 0px !important;}\u00bb]En cumplimiento del art\u00edculo 10 de la Ley 34\/2002, de 11 de julio, de Servicios de la Sociedad de la Informaci\u00f3n y Comercio Electr\u00f3nico, la Asociaci\u00f3n Terras de Miranda, le informa de que sus datos identificativos son los siguientes: La denominaci\u00f3n social es: Direcci\u00f3n: C\/ Julia Pardo Montenegro, 13,1\u00b0 [&hellip;]<\/p>\n","protected":false},"author":1,"featured_media":0,"parent":0,"menu_order":0,"comment_status":"closed","ping_status":"closed","template":"","meta":{"footnotes":""},"class_list":["post-2266","page","type-page","status-publish","hentry"],"_links":{"self":[{"href":"https:\/\/terrasdemiranda.org\/es\/wp-json\/wp\/v2\/pages\/2266"}],"collection":[{"href":"https:\/\/terrasdemiranda.org\/es\/wp-json\/wp\/v2\/pages"}],"about":[{"href":"https:\/\/terrasdemiranda.org\/es\/wp-json\/wp\/v2\/types\/page"}],"author":[{"embeddable":true,"href":"https:\/\/terrasdemiranda.org\/es\/wp-json\/wp\/v2\/users\/1"}],"replies":[{"embeddable":true,"href":"https:\/\/terrasdemiranda.org\/es\/wp-json\/wp\/v2\/comments?post=2266"}],"version-history":[{"count":17,"href":"https:\/\/terrasdemiranda.org\/es\/wp-json\/wp\/v2\/pages\/2266\/revisions"}],"predecessor-version":[{"id":4020,"href":"https:\/\/terrasdemiranda.org\/es\/wp-json\/wp\/v2\/pages\/2266\/revisions\/4020"}],"wp:attachment":[{"href":"https:\/\/terrasdemiranda.org\/es\/wp-json\/wp\/v2\/media?parent=2266"}],"curies":[{"name":"wp","href":"https:\/\/api.w.org\/{rel}","templated":true}]}}