{"id":2715,"date":"2017-12-11T12:38:12","date_gmt":"2017-12-11T12:38:12","guid":{"rendered":"http:\/\/terrasdemiranda.org\/inicio2\/"},"modified":"2018-11-22T15:06:02","modified_gmt":"2018-11-22T15:06:02","slug":"inicio2","status":"publish","type":"page","link":"https:\/\/terrasdemiranda.org\/es\/","title":{"rendered":"Impulsando el desarrollo de la Mari\u00f1a lucense"},"content":{"rendered":"[mk_page_section bg_image=\u00bbhttps:\/\/terrasdemiranda.org\/wp-content\/uploads\/2017\/10\/slider3.jpg\u00bb bg_position=\u00bbcenter center\u00bb bg_repeat=\u00bbno-repeat\u00bb bg_stretch=\u00bbtrue\u00bb min_height=\u00bb0&#8243; padding_top=\u00bb150&#8243; padding_bottom=\u00bb350&#8243; sidebar=\u00bbsidebar-1&#8243;][vc_column width=\u00bb1\/4&#8243;][\/vc_column][vc_column width=\u00bb1\/2&#8243;][mk_fancy_title tag_name=\u00bbh1&#8243; color=\u00bb#f2a900&#8243; size=\u00bb48&#8243; force_font_size=\u00bbtrue\u00bb size_tablet=\u00bb40&#8243; size_phone=\u00bb25&#8243; font_weight=\u00bb300&#8243; txt_transform=\u00bbcapitalize\u00bb letter_spacing=\u00bb2&#8243; font_family=\u00bbnone\u00bb align=\u00bbcenter\u00bb]\n<h1>Impulsando el progreso de la Mari\u00f1a lucense<\/h1>\n[\/mk_fancy_title][vc_column_text align=\u00bbcenter\u00bb css=\u00bb.vc_custom_1512998868602{margin-bottom: 0px !important;}\u00bb]<strong>Programa de Desarrollo Rural\u00a0impulsado por la Uni\u00f3n Europea desde 1991<\/strong>[\/vc_column_text][vc_row_inner][vc_column_inner][mk_button_gradient dimension=\u00bbflat\u00bb size=\u00bblarge\u00bb corner_style=\u00bbfull_rounded\u00bb grandient_color_from=\u00bb#ed8b00&#8243; grandient_color_to=\u00bb#f2a900&#8243; grandient_color_angle=\u00bbhorizontal\u00bb grandient_color_fallback=\u00bb#ed8b00&#8243; url=\u00bbhttps:\/\/terrasdemiranda.org\/es\/leader\/\u00bb align=\u00bbcenter\u00bb margin_top=\u00bb20&#8243; margin_bottom=\u00bb0&#8243; margin_right=\u00bb0&#8243; visibility=\u00bbhidden-sm\u00bb]PROGRAMA LEADER[\/mk_button_gradient][\/vc_column_inner][\/vc_row_inner][\/vc_column][vc_column width=\u00bb1\/4&#8243;][\/vc_column][\/mk_page_section][vc_row fullwidth=\u00bbtrue\u00bb css=\u00bb.vc_custom_1512997769068{background-color: #d45d00 !important;}\u00bb][vc_column][mk_animated_columns column_number=\u00bb3&#8243; orderby=\u00bbpost__in\u00bb title_size=\u00bb26&#8243; bg_color=\u00bb#d45d00&#8243; bg_hover_color=\u00bb#f2a900&#8243; icon_size=\u00bb64&#8243; icon_color=\u00bb#ffffff\u00bb txt_color=\u00bb#ffffff\u00bb btn_color=\u00bb#ffffff\u00bb btn_hover_color=\u00bb#ffffff\u00bb btn_hover_txt_color=\u00bb#f2a900&#8243; columns=\u00bb2730, 2731, 2728&#8243;][\/vc_column][\/vc_row][vc_row][vc_column][mk_image_switch src_first=\u00bbhttps:\/\/terrasdemiranda.org\/wp-content\/uploads\/2018\/11\/banner-tm_experiencias-paquetizadas_1.jpg\u00bb src_second=\u00bbhttps:\/\/terrasdemiranda.org\/wp-content\/uploads\/2018\/11\/banner-tm_experiencias-paquetizadas_2.jpg\u00bb image_width=\u00bb1000&#8243; image_height=\u00bb441&#8243; link=\u00bburl:http%3A%2F%2Fterrasdemiranda.org%2Fes%2Fturismo-de-lugo%2Fexperiencias-paquetizadas%2F|||\u00bb][\/vc_column][\/vc_row][vc_row fullwidth=\u00bbtrue\u00bb attached=\u00bbtrue\u00bb][vc_column width=\u00bb7\/12&#8243;][mk_custom_box padding_vertical=\u00bb150&#8243; padding_horizental=\u00bb80&#8243; margin_bottom=\u00bb0&#8243; min_height=\u00bb560&#8243;][mk_fancy_title tag_name=\u00bbh5&#8243; color=\u00bb#d45d00&#8243; size=\u00bb15&#8243; font_weight=\u00bbbold\u00bb txt_transform=\u00bbuppercase\u00bb letter_spacing=\u00bb1&#8243; font_family=\u00bbnone\u00bb align=\u00bbcenter\u00bb]Rutas autoguiadas[\/mk_fancy_title][mk_fancy_title tag_name=\u00bbh3&#8243; color=\u00bb#2c2c2c\u00bb size=\u00bb36&#8243; force_font_size=\u00bbtrue\u00bb size_tablet=\u00bb30&#8243; size_phone=\u00bb20&#8243; font_weight=\u00bb500&#8243; txt_transform=\u00bbcapitalize\u00bb letter_spacing=\u00bb1&#8243; margin_bottom=\u00bb10&#8243; font_family=\u00bbnone\u00bb align=\u00bbcenter\u00bb animation=\u00bbbottom-to-top\u00bb]descubre la Mari\u00f1a<br \/>\na trav\u00e9s da su gastronom\u00eda[\/mk_fancy_title][mk_button_gradient dimension=\u00bbflat\u00bb size=\u00bbmedium\u00bb corner_style=\u00bbfull_rounded\u00bb grandient_color_from=\u00bb#d45d00&#8243; grandient_color_to=\u00bb#f2a900&#8243; grandient_color_angle=\u00bbhorizontal\u00bb grandient_color_fallback=\u00bb#d45d00&#8243; url=\u00bbhttps:\/\/terrasdemiranda.org\/es\/turismo-de-lugo\/\u00bb align=\u00bbcenter\u00bb margin_bottom=\u00bb0&#8243; margin_right=\u00bb0&#8243;]VER RUTAS[\/mk_button_gradient][\/mk_custom_box][\/vc_column][vc_column width=\u00bb5\/12&#8243;][mk_fullwidth_slideshow padding=\u00bb0&#8243; images=\u00bb1235,1233,1232&#8243; stretch_images=\u00bbtrue\u00bb][\/vc_column][\/vc_row][mk_page_section bg_repeat=\u00bbno-repeat\u00bb bg_stretch=\u00bbtrue\u00bb video_color_mask=\u00bb#fdf3e5&#8243; min_height=\u00bb550&#8243; padding_top=\u00bb0&#8243; padding_bottom=\u00bb0&#8243; sidebar=\u00bbsidebar-1&#8243;][vc_column width=\u00bb1\/2&#8243;][mk_padding_divider size=\u00bb180&#8243;][mk_fancy_title tag_name=\u00bbh3&#8243; color=\u00bb#2c2c2c\u00bb size=\u00bb36&#8243; force_font_size=\u00bbtrue\u00bb size_tablet=\u00bb30&#8243; size_phone=\u00bb30&#8243; font_weight=\u00bb500&#8243; txt_transform=\u00bbcapitalize\u00bb letter_spacing=\u00bb1&#8243; font_family=\u00bbnone\u00bb animation=\u00bbbottom-to-top\u00bb]hazte socio[\/mk_fancy_title][vc_column_text css=\u00bb.vc_custom_1535989625582{margin-bottom: 0px !important;}\u00bb]\u00danete a la Asociaci\u00f3n Terras de Miranda e impulsa el desarrollo de la comarca de la Mari\u00f1a[\/vc_column_text][\/vc_column][vc_column width=\u00bb1\/2&#8243;][mk_padding_divider size=\u00bb200&#8243; visibility=\u00bbhidden-sm\u00bb][mk_button dimension=\u00bbflat\u00bb corner_style=\u00bbfull_rounded\u00bb size=\u00bblarge\u00bb url=\u00bbhttps:\/\/terrasdemiranda.org\/es\/asociacion\/faite-socio\/\u00bb align=\u00bbright\u00bb margin_top=\u00bb30&#8243; margin_bottom=\u00bb60&#8243; margin_right=\u00bb0&#8243; bg_color=\u00bb#d45d00&#8243;]SOLICITAR INGRESO[\/mk_button][\/vc_column][\/mk_page_section]\n","protected":false},"excerpt":{"rendered":"<p>[mk_page_section bg_image=\u00bbhttps:\/\/terrasdemiranda.org\/wp-content\/uploads\/2017\/10\/slider3.jpg\u00bb bg_position=\u00bbcenter center\u00bb bg_repeat=\u00bbno-repeat\u00bb bg_stretch=\u00bbtrue\u00bb min_height=\u00bb0&#8243; padding_top=\u00bb150&#8243; padding_bottom=\u00bb350&#8243; sidebar=\u00bbsidebar-1&#8243;][vc_column width=\u00bb1\/4&#8243;][\/vc_column][vc_column width=\u00bb1\/2&#8243;][mk_fancy_title tag_name=\u00bbh1&#8243; color=\u00bb#f2a900&#8243; size=\u00bb48&#8243; force_font_size=\u00bbtrue\u00bb size_tablet=\u00bb40&#8243; size_phone=\u00bb25&#8243; font_weight=\u00bb300&#8243; txt_transform=\u00bbcapitalize\u00bb letter_spacing=\u00bb2&#8243; font_family=\u00bbnone\u00bb align=\u00bbcenter\u00bb] Impulsando el progreso de la Mari\u00f1a lucense [\/mk_fancy_title][vc_column_text align=\u00bbcenter\u00bb css=\u00bb.vc_custom_1512998868602{margin-bottom: 0px !important;}\u00bb]Programa de Desarrollo Rural\u00a0impulsado por la Uni\u00f3n Europea desde 1991[\/vc_column_text][vc_row_inner][vc_column_inner][mk_button_gradient dimension=\u00bbflat\u00bb size=\u00bblarge\u00bb corner_style=\u00bbfull_rounded\u00bb grandient_color_from=\u00bb#ed8b00&#8243; grandient_color_to=\u00bb#f2a900&#8243; grandient_color_angle=\u00bbhorizontal\u00bb grandient_color_fallback=\u00bb#ed8b00&#8243; url=\u00bbhttps:\/\/terrasdemiranda.org\/es\/leader\/\u00bb align=\u00bbcenter\u00bb margin_top=\u00bb20&#8243; margin_bottom=\u00bb0&#8243; [&hellip;]<\/p>\n","protected":false},"author":1,"featured_media":0,"parent":0,"menu_order":0,"comment_status":"closed","ping_status":"closed","template":"","meta":{"footnotes":""},"class_list":["post-2715","page","type-page","status-publish","hentry"],"_links":{"self":[{"href":"https:\/\/terrasdemiranda.org\/es\/wp-json\/wp\/v2\/pages\/2715"}],"collection":[{"href":"https:\/\/terrasdemiranda.org\/es\/wp-json\/wp\/v2\/pages"}],"about":[{"href":"https:\/\/terrasdemiranda.org\/es\/wp-json\/wp\/v2\/types\/page"}],"author":[{"embeddable":true,"href":"https:\/\/terrasdemiranda.org\/es\/wp-json\/wp\/v2\/users\/1"}],"replies":[{"embeddable":true,"href":"https:\/\/terrasdemiranda.org\/es\/wp-json\/wp\/v2\/comments?post=2715"}],"version-history":[{"count":13,"href":"https:\/\/terrasdemiranda.org\/es\/wp-json\/wp\/v2\/pages\/2715\/revisions"}],"predecessor-version":[{"id":3018,"href":"https:\/\/terrasdemiranda.org\/es\/wp-json\/wp\/v2\/pages\/2715\/revisions\/3018"}],"wp:attachment":[{"href":"https:\/\/terrasdemiranda.org\/es\/wp-json\/wp\/v2\/media?parent=2715"}],"curies":[{"name":"wp","href":"https:\/\/api.w.org\/{rel}","templated":true}]}}