{"id":2737,"date":"2017-10-17T07:46:42","date_gmt":"2017-10-17T07:46:42","guid":{"rendered":"http:\/\/terrasdemiranda.org\/presentacion\/"},"modified":"2022-10-11T10:06:15","modified_gmt":"2022-10-11T10:06:15","slug":"asociacion","status":"publish","type":"page","link":"https:\/\/terrasdemiranda.org\/es\/asociacion\/","title":{"rendered":"La Asociaci\u00f3n"},"content":{"rendered":"[vc_row][vc_column][mk_image_slideshow images=\u00bb410,411,412&#8243;][vc_empty_space][\/vc_column][\/vc_row][vc_row][vc_column][mk_fancy_title size=\u00bb18&#8243; font_family=\u00bbnone\u00bb]<b>\u00bfQuienes\u00a0somos?<\/b>[\/mk_fancy_title][vc_column_text css=\u00bb.vc_custom_1665482771232{margin-bottom: 0px !important;}\u00bb]Somos una organizaci\u00f3n sin \u00e1nimo de lucro, integrada por un grupo representativo de las instituciones y agentes econ\u00f3micos de la Comarca de la Mari\u00f1a.<\/p>\n<p>La Asociaci\u00f3n fue creada en el a\u00f1o 2001 con la finalidad de ser el n\u00facleo de integraci\u00f3n y representaci\u00f3n de los diferentes agentes territoriales, institucionales, sociales y econ\u00f3micos, tanto p\u00fablicos como privados, interesados en promover el desarrollo de la zona.<\/p>\n<p>Gestion\u00f3 la Iniciativa Comunitaria Leader + en el per\u00edodo 2000-2006 y actualmente como entidad colaboradora de AGADER para la gesti\u00f3n del Programa Leader Galicia 2014-2020 en la Comarca de la Mari\u00f1a.<\/p>\n<p>La Asociaci\u00f3n Terras de Miranda est\u00e1 constitu\u00edda por un conjunto equilibrado y representativo de agentes locales, p\u00fablicos y privados, de los diferentes sectores socioecon\u00f3micos, que desarrollen su actividad de manera total o parcial, directa o indirecta en el \u00e1mbito de actuaci\u00f3n. El \u00e1mbito de actuaci\u00f3n abarca los siguientes municipios: Alfoz, Barreiros, Burela, Cervo, Foz, Lourenz\u00e1, Mondo\u00f1edo, Ourol, Ribadeo, Trabada, O Valadouro, O Vicedo, Viveiro e Xove.<\/p>\n<p>No podr\u00e1n formar parte de la Asociaci\u00f3n las personas f\u00edsicas y las sociedades mercantiles, excepto las siguientes entidades de econom\u00eda social: cooperativas, sociedades agrarias de transformaci\u00f3n o sociedades laborables.[\/vc_column_text][vc_empty_space][mk_fancy_title size=\u00bb18&#8243; font_family=\u00bbnone\u00bb]<strong>Estructura organizativa<\/strong>[\/mk_fancy_title][vc_column_text css=\u00bb.vc_custom_1535993909602{margin-bottom: 0px !important;}\u00bb]Los \u00f3rganos directivos y de representaci\u00f3n de la Asociaci\u00f3n Terras de Miranda son:<\/p>\n<ul>\n<li style=\"list-style-type: none;\">\n<ul>\n<li>La Asamblea General<\/li>\n<li><a href=\"https:\/\/terrasdemiranda.org\/es\/asociacion\/xunta-directiva\/\">La Junta Directiva<\/a><\/li>\n<li>Las Mesas Sectoriales<\/li>\n<\/ul>\n<\/li>\n<\/ul>\n<p>Tambi\u00e9n se cuenta con un equipo t\u00e9cnico encargado de la aplicaci\u00f3n del programa de desenvolvimiento dise\u00f1ado y formado por un agente y una administrativa.[\/vc_column_text][vc_empty_space][mk_fancy_title size=\u00bb18&#8243; font_family=\u00bbnone\u00bb]<strong>GDR<\/strong>[\/mk_fancy_title][vc_column_text css=\u00bb.vc_custom_1536166055468{margin-bottom: 0px !important;}\u00bb]GDR son las siglas del Grupo de Desenvolvimiento Rural. La Asociaci\u00f3n Terras de Miranda constituye por si misma un GDR teniendo como funci\u00f3n principal la de gestionar, como entidad colaboradora de la Agencia Gallega de Desenvolvimiento Rural (AGADER) o programa Leader de Galicia 2014-2020<br \/>\npara la Comarca de la Mari\u00f1a. En el marco de sus competencias le corresponde:<\/p>\n<ul>\n<li>Promover la dinamizaci\u00f3n territorial y la movilizaci\u00f3n social.<\/li>\n<li>Promover a valorizaci\u00f3n del medio rural en general, y su territorio en particular.<\/li>\n<li>Asesorar los posibles beneficiarios de las ayudas del programa sobre la adecuaci\u00f3n de su proyecto a las exigencias de la misma, as\u00ed como sobre la posibilidad de acceder a otro tipo de ayudas e informar de las obligaciones que asumir\u00e1n en el caso de percibir alguna ayuda con cargo al programa.<\/li>\n<li>Seleccionar proyectos con cargo al presupuesto asignado.<\/li>\n<li>Promover y participar en proyectos de cooperaci\u00f3n transaccional e interterritorial.<\/li>\n<li>Integrarse en la Red Gallega de Grupos de Desarrollo Rural.<\/li>\n<\/ul>\n[\/vc_column_text][\/vc_column][\/vc_row]\n","protected":false},"excerpt":{"rendered":"<p>[vc_row][vc_column][mk_image_slideshow images=\u00bb410,411,412&#8243;][vc_empty_space][\/vc_column][\/vc_row][vc_row][vc_column][mk_fancy_title size=\u00bb18&#8243; font_family=\u00bbnone\u00bb]\u00bfQuienes\u00a0somos?[\/mk_fancy_title][vc_column_text css=\u00bb.vc_custom_1665482771232{margin-bottom: 0px !important;}\u00bb]Somos una organizaci\u00f3n sin \u00e1nimo de lucro, integrada por un grupo representativo de las instituciones y agentes econ\u00f3micos de la Comarca de la Mari\u00f1a. La Asociaci\u00f3n fue creada en el a\u00f1o 2001 con la finalidad de ser el n\u00facleo de integraci\u00f3n y representaci\u00f3n de los diferentes agentes territoriales, institucionales, [&hellip;]<\/p>\n","protected":false},"author":1,"featured_media":0,"parent":0,"menu_order":0,"comment_status":"closed","ping_status":"closed","template":"","meta":{"footnotes":""},"class_list":["post-2737","page","type-page","status-publish","hentry"],"_links":{"self":[{"href":"https:\/\/terrasdemiranda.org\/es\/wp-json\/wp\/v2\/pages\/2737"}],"collection":[{"href":"https:\/\/terrasdemiranda.org\/es\/wp-json\/wp\/v2\/pages"}],"about":[{"href":"https:\/\/terrasdemiranda.org\/es\/wp-json\/wp\/v2\/types\/page"}],"author":[{"embeddable":true,"href":"https:\/\/terrasdemiranda.org\/es\/wp-json\/wp\/v2\/users\/1"}],"replies":[{"embeddable":true,"href":"https:\/\/terrasdemiranda.org\/es\/wp-json\/wp\/v2\/comments?post=2737"}],"version-history":[{"count":8,"href":"https:\/\/terrasdemiranda.org\/es\/wp-json\/wp\/v2\/pages\/2737\/revisions"}],"predecessor-version":[{"id":3719,"href":"https:\/\/terrasdemiranda.org\/es\/wp-json\/wp\/v2\/pages\/2737\/revisions\/3719"}],"wp:attachment":[{"href":"https:\/\/terrasdemiranda.org\/es\/wp-json\/wp\/v2\/media?parent=2737"}],"curies":[{"name":"wp","href":"https:\/\/api.w.org\/{rel}","templated":true}]}}