{"id":2741,"date":"2017-10-19T10:15:53","date_gmt":"2017-10-19T10:15:53","guid":{"rendered":"http:\/\/terrasdemiranda.org\/xunta-directiva\/"},"modified":"2022-10-11T11:17:38","modified_gmt":"2022-10-11T11:17:38","slug":"xunta-directiva","status":"publish","type":"page","link":"https:\/\/terrasdemiranda.org\/es\/asociacion\/xunta-directiva\/","title":{"rendered":"Junta directiva"},"content":{"rendered":"[vc_row][vc_column][mk_table]\n<table width=\"100%\">\n<tbody>\n<tr>\n<td>PRESIDENTE<\/td>\n<td>VIDAL MARTINEZ SIERRA LOPEZ<\/td>\n<\/tr>\n<tr>\n<td>VICEPRESIDENTA<\/td>\n<td>ANGELES RODRIGUEZ RICO<\/td>\n<\/tr>\n<tr>\n<td>VICEPRESIDENTA 2\u00aa<\/td>\n<td>MAYRA GARCIA BERMUDEZ<\/td>\n<\/tr>\n<tr>\n<td>SECRETARIO<\/td>\n<td>DANIEL VILLAPOL VALEA<\/td>\n<\/tr>\n<tr>\n<td>TESORERO<\/td>\n<td>ROCIO LOPEZ GARCIA<\/td>\n<\/tr>\n<tr>\n<td>VOCAL<\/td>\n<td>MAR\u00cdA DEL MAR FRAGA FERN\u00c1NDEZ<\/td>\n<\/tr>\n<tr>\n<td>VOCAL<\/td>\n<td>XABIER PARDI\u00d1AS SU\u00c1REZ<\/td>\n<\/tr>\n<tr>\n<td>VOCAL<\/td>\n<td>JOSE DEMETRIO SALGUEIRO RAPA<\/td>\n<\/tr>\n<tr>\n<td>VOCAL<\/td>\n<td>ALFONSO VILLARES BERMUDEZ<\/td>\n<\/tr>\n<tr>\n<td>VOCAL<\/td>\n<td>JOSE JESUS NOVO MARTINEZ<\/td>\n<\/tr>\n<tr>\n<td>VOCAL<\/td>\n<td>MAR\u00cdA AZUCENA GONZ\u00c1LEZ LOREDO<\/td>\n<\/tr>\n<tr>\n<td>VOCAL<\/td>\n<td>MAR\u00cdA DEL CARMENJUNCAL CABALEIRO<\/td>\n<\/tr>\n<tr>\n<td>VOCAL<\/td>\n<td>ESTHER FERNANDEZ GONZALEZ<\/td>\n<\/tr>\n<tr>\n<td>VOCAL<\/td>\n<td>JOS\u00c9 MANUEL TRIGO D\u00cdAZ<\/td>\n<\/tr>\n<tr>\n<td>VOCAL<\/td>\n<td>D\u00c1MASO RATOEIRABASANTA<\/td>\n<\/tr>\n<tr>\n<td>VOCAL<\/td>\n<td>JORGE VAL DIAZ<\/td>\n<\/tr>\n<tr>\n<td>VOCAL<\/td>\n<td>M\u00aa GUADALUPE FLOREZ SEIVANE<\/td>\n<\/tr>\n<tr>\n<td>VOCAL<\/td>\n<td>JORGE MANCHADO RIVERO<\/td>\n<\/tr>\n<tr>\n<td>VOCAL<\/td>\n<td>JOSE LUIS PAJON CAMBA<\/td>\n<\/tr>\n<tr>\n<td>VOCAL<\/td>\n<td>MARIA LOUREIRO GARCIA<\/td>\n<\/tr>\n<tr>\n<td>VOCAL<\/td>\n<td>ISABEL VILLALBA SEIVANE<\/td>\n<\/tr>\n<\/tbody>\n<\/table>\n[\/mk_table][\/vc_column][\/vc_row]\n","protected":false},"excerpt":{"rendered":"<p>[vc_row][vc_column][mk_table] PRESIDENTE VIDAL MARTINEZ SIERRA LOPEZ VICEPRESIDENTA ANGELES RODRIGUEZ RICO VICEPRESIDENTA 2\u00aa MAYRA GARCIA BERMUDEZ SECRETARIO DANIEL VILLAPOL VALEA TESORERO ROCIO LOPEZ GARCIA VOCAL MAR\u00cdA DEL MAR FRAGA FERN\u00c1NDEZ VOCAL XABIER PARDI\u00d1AS SU\u00c1REZ VOCAL JOSE DEMETRIO SALGUEIRO RAPA VOCAL ALFONSO VILLARES BERMUDEZ VOCAL JOSE JESUS NOVO MARTINEZ VOCAL MAR\u00cdA AZUCENA GONZ\u00c1LEZ LOREDO VOCAL MAR\u00cdA DEL [&hellip;]<\/p>\n","protected":false},"author":1,"featured_media":0,"parent":2737,"menu_order":0,"comment_status":"closed","ping_status":"closed","template":"","meta":{"footnotes":""},"class_list":["post-2741","page","type-page","status-publish","hentry"],"_links":{"self":[{"href":"https:\/\/terrasdemiranda.org\/es\/wp-json\/wp\/v2\/pages\/2741"}],"collection":[{"href":"https:\/\/terrasdemiranda.org\/es\/wp-json\/wp\/v2\/pages"}],"about":[{"href":"https:\/\/terrasdemiranda.org\/es\/wp-json\/wp\/v2\/types\/page"}],"author":[{"embeddable":true,"href":"https:\/\/terrasdemiranda.org\/es\/wp-json\/wp\/v2\/users\/1"}],"replies":[{"embeddable":true,"href":"https:\/\/terrasdemiranda.org\/es\/wp-json\/wp\/v2\/comments?post=2741"}],"version-history":[{"count":4,"href":"https:\/\/terrasdemiranda.org\/es\/wp-json\/wp\/v2\/pages\/2741\/revisions"}],"predecessor-version":[{"id":3705,"href":"https:\/\/terrasdemiranda.org\/es\/wp-json\/wp\/v2\/pages\/2741\/revisions\/3705"}],"up":[{"embeddable":true,"href":"https:\/\/terrasdemiranda.org\/es\/wp-json\/wp\/v2\/pages\/2737"}],"wp:attachment":[{"href":"https:\/\/terrasdemiranda.org\/es\/wp-json\/wp\/v2\/media?parent=2741"}],"curies":[{"name":"wp","href":"https:\/\/api.w.org\/{rel}","templated":true}]}}