{"id":2744,"date":"2017-10-17T08:22:20","date_gmt":"2017-10-17T08:22:20","guid":{"rendered":"http:\/\/terrasdemiranda.org\/faite-socio\/"},"modified":"2024-10-24T11:00:00","modified_gmt":"2024-10-24T11:00:00","slug":"faite-socio","status":"publish","type":"page","link":"https:\/\/terrasdemiranda.org\/es\/asociacion\/faite-socio\/","title":{"rendered":"Hazte socio"},"content":{"rendered":"[vc_row][vc_column][vc_column_text css=\u00bb.vc_custom_1536166420611{margin-bottom: 0px !important;}\u00bb]La solicitud de ingreso, como miembro de pleno derecho de cualquiera asociaci\u00f3n deber\u00e1 ser subscrita por su representante legal, mediante acuerdo del \u00f3rgano competente y aportando la siguiente documentaci\u00f3n:<\/p>\n<ul>\n<li>Copia de los estatutos debidamente registrados<\/li>\n<li>N\u00ba de socios<\/li>\n<li>Datos de contacto<\/li>\n<li>CIF<\/li>\n<li>Memoria de actividades<\/li>\n<li>Nombre de la persona que lo represente en la asociaci\u00f3n y\/o nombre del sustituto (en caso de ausencia)<\/li>\n<\/ul>\n<p>La actividad interesada deber\u00e1 acreditar, en todo caso, un a\u00f1o de actividad en el \u00e1mbito territorial de la Asociaci\u00f3n, a partir de la presente modificaci\u00f3n de los estatutos.<br \/>\nAquellas entidades que tengan su sede social fuera del territorio de la Asociaci\u00f3n deber\u00e1n acreditar su implantaci\u00f3n en el \u00e1mbito territorial de actuaci\u00f3n de la misma.[\/vc_column_text][mk_custom_box border_color_style=\u00bbsingle_color\u00bb border_color=\u00bb#eeeeee\u00bb][mk_custom_list title=\u00bbDocumentos\u00bb]\n<ul>\n<li><a href=\"\/docs\/gal\/socios\/202409-ficha-adhesion-socios.pdf\" target=\"_blank\" rel=\"noopener noreferrer\">Ficha adhesi\u00f3n socios<\/a><\/li>\n<li><a href=\"\/docs\/gal\/socios\/202409-ficha-datos-socios.pdf\" target=\"_blank\" rel=\"noopener noreferrer\">Ficha datos para incorporaci\u00f3n<\/a><\/li>\n<\/ul>\n[\/mk_custom_list][\/mk_custom_box][\/vc_column][\/vc_row]\n","protected":false},"excerpt":{"rendered":"<p>[vc_row][vc_column][vc_column_text css=\u00bb.vc_custom_1536166420611{margin-bottom: 0px !important;}\u00bb]La solicitud de ingreso, como miembro de pleno derecho de cualquiera asociaci\u00f3n deber\u00e1 ser subscrita por su representante legal, mediante acuerdo del \u00f3rgano competente y aportando la siguiente documentaci\u00f3n: Copia de los estatutos debidamente registrados N\u00ba de socios Datos de contacto CIF Memoria de actividades Nombre de la persona que lo represente [&hellip;]<\/p>\n","protected":false},"author":1,"featured_media":0,"parent":2737,"menu_order":0,"comment_status":"closed","ping_status":"closed","template":"","meta":{"footnotes":""},"class_list":["post-2744","page","type-page","status-publish","hentry"],"_links":{"self":[{"href":"https:\/\/terrasdemiranda.org\/es\/wp-json\/wp\/v2\/pages\/2744"}],"collection":[{"href":"https:\/\/terrasdemiranda.org\/es\/wp-json\/wp\/v2\/pages"}],"about":[{"href":"https:\/\/terrasdemiranda.org\/es\/wp-json\/wp\/v2\/types\/page"}],"author":[{"embeddable":true,"href":"https:\/\/terrasdemiranda.org\/es\/wp-json\/wp\/v2\/users\/1"}],"replies":[{"embeddable":true,"href":"https:\/\/terrasdemiranda.org\/es\/wp-json\/wp\/v2\/comments?post=2744"}],"version-history":[{"count":6,"href":"https:\/\/terrasdemiranda.org\/es\/wp-json\/wp\/v2\/pages\/2744\/revisions"}],"predecessor-version":[{"id":3880,"href":"https:\/\/terrasdemiranda.org\/es\/wp-json\/wp\/v2\/pages\/2744\/revisions\/3880"}],"up":[{"embeddable":true,"href":"https:\/\/terrasdemiranda.org\/es\/wp-json\/wp\/v2\/pages\/2737"}],"wp:attachment":[{"href":"https:\/\/terrasdemiranda.org\/es\/wp-json\/wp\/v2\/media?parent=2744"}],"curies":[{"name":"wp","href":"https:\/\/api.w.org\/{rel}","templated":true}]}}