{"id":2748,"date":"2017-10-17T07:45:49","date_gmt":"2017-10-17T07:45:49","guid":{"rendered":"http:\/\/terrasdemiranda.org\/os-socios\/"},"modified":"2022-10-11T11:21:17","modified_gmt":"2022-10-11T11:21:17","slug":"os-socios","status":"publish","type":"page","link":"https:\/\/terrasdemiranda.org\/es\/asociacion\/os-socios\/","title":{"rendered":"Los socios"},"content":{"rendered":"[vc_row][vc_column][vc_cta h2=\u00bbHazte Socio\u00bb h4=\u00bbde la asociaci\u00f3n GDR 1 Terras de Miranda\u00bb add_button=\u00bbbottom\u00bb btn_title=\u00bbSolicitar ingreso\u00bb btn_style=\u00bbcustom\u00bb btn_custom_background=\u00bb#346c8f\u00bb btn_custom_text=\u00bb#ffffff\u00bb btn_align=\u00bbcenter\u00bb btn_button_block=\u00bbtrue\u00bb btn_link=\u00bburl:http%3A%2F%2Fterrasdemiranda.org%2Fes%2Ffaite-socio%2F|||\u00bb btn_el_class=\u00bbbtn-cor1&#8243; el_class=\u00bbactionbox\u00bb][\/vc_cta][\/vc_column][\/vc_row][vc_row][vc_column][mk_fancy_title strip_tags=\u00bbtrue\u00bb style=\u00bbtrue\u00bb size=\u00bb16&#8243; font_family=\u00bbnone\u00bb]<strong>Listado de socios<\/strong>[\/mk_fancy_title][vc_tabs style=\u00bbsimple\u00bb container_bg_color=\u00bb#ffffff\u00bb][vc_tab title=\u00bbPag. 1&#8243; tab_id=\u00bb1511466389-1-32&#8243;][mk_table]\n<table width=\"100%\">\n<thead>\n<tr>\n<th>Nome<\/th>\n<th>Representante<\/th>\n<\/tr>\n<\/thead>\n<tbody>\n<tr>\n<td>CONCELLO DE MONDO\u00d1EDO<\/td>\n<td>ANGELES RODRIGUEZ RICO<\/td>\n<\/tr>\n<tr>\n<td>CONCELLO DE BARREIROS<\/td>\n<td>DAMASO RATOEIRA BASANTA<\/td>\n<\/tr>\n<tr>\n<td>CONCELLO DE ALFOZ<\/td>\n<td>JORGE VAL DIAZ<\/td>\n<\/tr>\n<tr>\n<td>CONCELLO DE VALADOURO<\/td>\n<td>EDMUNDO MASEDA MASEDA<\/td>\n<\/tr>\n<tr>\n<td>CONCELLO DE LORENZANA<\/td>\n<td>ROCIO LOPEZ GARCIA<\/td>\n<\/tr>\n<tr>\n<td>CONCELLO DE TRABADA<\/td>\n<td>MAYRA GARCIA BERMUDEZ<\/td>\n<\/tr>\n<tr>\n<td>CONCELLO DE FOZ<\/td>\n<td>JOSE MARIA LINARES RODRIGUEZ<\/td>\n<\/tr>\n<tr>\n<td>CONCELLO DE CERVO<\/td>\n<td>ALFONSO VILLARES BERMUDEZ<\/td>\n<\/tr>\n<tr>\n<td>CONCELLO DE XOVE<\/td>\n<td>JOSE DEMETRIO SALGUEIRO RAPA<\/td>\n<\/tr>\n<tr>\n<td>CONCELLO DO VICEDO<\/td>\n<td>JOSE JESUS NOVO MARTINEZ<\/td>\n<\/tr>\n<tr>\n<td>CONCELLO DE RIBADEO<\/td>\n<td>FERNANDO SUAREZ BARCIA<\/td>\n<\/tr>\n<tr>\n<td>CONCELLO DE RIBADEO<\/td>\n<td>FERNANDO SUAREZ BARCIA<\/td>\n<\/tr>\n<tr>\n<td>CONCELLO DE OUROL<\/td>\n<td>JOSE LUIS PAJON CAMBA<\/td>\n<\/tr>\n<tr>\n<td>FEDERACION GALEGA DE ESPELEOLOX\u00cdA<\/td>\n<td>GONZALO VILLARMEA CARREIRAS<\/td>\n<\/tr>\n<tr>\n<td>ASOCIACION DE VECI\u00d1OS DE FREXULFE<\/td>\n<td>ESTEBAN ARTURO PRIETO FERREIRO<\/td>\n<\/tr>\n<tr>\n<td>ASOCIACION DE PESCADORES RIO MASMA &#8211; LOURENZA<\/td>\n<td>AUDITOR RODRIGUEZ LOMBARD\u00cdA<\/td>\n<\/tr>\n<tr>\n<td>CENTRO DE INSTRUCCI\u00d3N Y RECREO DE BENQUERENCIA<\/td>\n<td>JOSE OTERO MENDEZ<\/td>\n<\/tr>\n<tr>\n<td>ASOCIACION SAUDE MENTAL A MARI\u00d1A<\/td>\n<td>JORGE MANCHADO RIVERO<\/td>\n<\/tr>\n<tr>\n<td>ASOCIACION MULLERES EN IGUALDAD PROV. LUGO \u2013BUMEI<\/td>\n<td>MARIA DEL MAR FRAGA FERNANDEZ<\/td>\n<\/tr>\n<tr>\n<td>ASOCIACION EMPRESARIOS 1\u00aa TRANSFORMACION MADEIRA DE LUGO<\/td>\n<td>JORGE RUBAL ROUCO<\/td>\n<\/tr>\n<\/tbody>\n<\/table>\n[\/mk_table][\/vc_tab][vc_tab title=\u00bbPax. 2&#8243; tab_id=\u00bb1511466389-2-98&#8243;][mk_table]\n<table width=\"100%\">\n<thead>\n<tr>\n<th>Nome<\/th>\n<th>Representante<\/th>\n<\/tr>\n<\/thead>\n<tbody>\n<tr>\n<td>SINDICATO LABREGO GALEGO\/LOURENZA E RIBADEO<\/td>\n<td>ISABEL VILLALBA SEIVANE<\/td>\n<\/tr>\n<tr>\n<td>SAT MONTE DE TRABADA<\/td>\n<td>DANIEL VILLAPOL VALEA<\/td>\n<\/tr>\n<tr>\n<td>ASOCIACION MULLERES RURAIS \u201cMARCO DA PENA VERDE\u201d<\/td>\n<td>M\u00aa ESTHER FERNANDEZ GONZALEZ<\/td>\n<\/tr>\n<tr>\n<td>ASOCIACION AMAS DE CASA E CONSUMIDORES \u201cBAOS\u201d<\/td>\n<td>M\u00aa GUADALUPE FLOREZ SEIVANE<\/td>\n<\/tr>\n<tr>\n<td>SEMINARIO DE ESTUDOS DO VALADOURO (SEBA)<\/td>\n<td>XABIER PARDI\u00d1AS SUAREZ<\/td>\n<\/tr>\n<tr>\n<td>ASOCIACION XEITO RURAL<\/td>\n<td>MARIA AZUCENA GONZALEZ LOREDO<\/td>\n<\/tr>\n<tr>\n<td>ASOCIACION COMPARSA ALFOZ-VALADOURO<\/td>\n<td>MARIA ROSA FEBRERO RODRIGUEZ<\/td>\n<\/tr>\n<tr>\n<td>COMUNIDADE DE MONTE VECI\u00d1AL EN MAN COMUN DE TRABADA<\/td>\n<td>JOSE MANUEL YANES GINZO<\/td>\n<\/tr>\n<tr>\n<td>ASOCIACION DE FRUTICULTORES DO VAL DO OURO<\/td>\n<td>JOSE FERNANDEZ EIROA<\/td>\n<\/tr>\n<tr>\n<td>ASOCIACION JOVENES AGRICULTORES DE GALICIA \u2013ASAJA GALICIA<\/td>\n<td>JORGE VAZQUEZ VI\u00d1A<\/td>\n<\/tr>\n<tr>\n<td>ASOCIACION CULTURAL PATRIMONIO LAURENTINO LOURENZA<\/td>\n<td>VIDAL MARTINEZ-SIERRA LOPEZ<\/td>\n<\/tr>\n<tr>\n<td>ASOCIACION ARTESANS \u201cOS MUI\u00d1OS\u201d<\/td>\n<td>M\u00aa DEL CARMEN JUNCAL CABALEIRO<\/td>\n<\/tr>\n<tr>\n<td>FUNDACION ALVARO CUNQUEIRO<\/td>\n<td>MANUEL OTERO LEGIDE<\/td>\n<\/tr>\n<tr>\n<td>ACIAM MONDO\u00d1EDO<\/td>\n<td>ANGEL JOSE MARFUL CASTA\u00d1AL<\/td>\n<\/tr>\n<tr>\n<td>ASOCIACION A SENDEIRI\u00d1A<\/td>\n<td>M\u00aa JOS\u00c9 COCI\u00d1A BA\u00d1O<\/td>\n<\/tr>\n<tr>\n<td>ASOCIACION PARA A CONSERVACION DO PONI GALLEGO ACOPOGA<\/td>\n<td>FRANCISCO GARCIA GARCIA<\/td>\n<\/tr>\n<tr>\n<td>ASOCIACION MULLERES RURAIS \u201cTEA DE ARA\u00d1A\u201d<\/td>\n<td>MARINA ABAD LOPEZ<\/td>\n<\/tr>\n<tr>\n<td>ASOCIACION CULTURAL XUVENIL \u201cO CASTELO\u201d<\/td>\n<td>DANIEL CAO VIEITO<\/td>\n<\/tr>\n<tr>\n<td>ASOCIACION FEIRA EXPOSICI\u00d3N DO NOROESTE<\/td>\n<td>FRANCISCO MANUEL MOREDA GIL<\/td>\n<\/tr>\n<tr>\n<td>ASOCIACION CULTURAL \u00abAMADO LAR\u00bb<\/td>\n<td>MARCO URIA SIXTO<\/td>\n<\/tr>\n<\/tbody>\n<\/table>\n[\/mk_table][\/vc_tab][vc_tab title=\u00bbPax. 3&#8243; tab_id=\u00bb1511466991340-2-8&#8243;][mk_table]\n<table width=\"100%\">\n<thead>\n<tr>\n<th>Nome<\/th>\n<th>Representante<\/th>\n<\/tr>\n<\/thead>\n<tbody>\n<tr>\n<td>FUNDACION SAN SALVADOR<\/td>\n<td>MAYRA GARCIA BERMUDEZ<\/td>\n<\/tr>\n<tr>\n<td>ASOCIACION XUVENIL MERLIN<\/td>\n<td>JOSE TRIGO D\u00cdAZ<\/td>\n<\/tr>\n<tr>\n<td>ACIA FOZ-CCA<\/td>\n<td>JOSE CARLOS PALEO L\u00d3PEZ<\/td>\n<\/tr>\n<tr>\n<td>ASOCIACION MICOLOXICA \u00abOS BOLOUROS\u00bb<\/td>\n<td>JESUS BLANCO GARCIA<\/td>\n<\/tr>\n<tr>\n<td>ASOCIACION VECI\u00d1OS SAN ANDRES DE MASMA<\/td>\n<td>JOSE OTERO REJES<\/td>\n<\/tr>\n<tr>\n<td>CLUB KAYAK FOZ<\/td>\n<td>ANGEL CAO PEREZ<\/td>\n<\/tr>\n<tr>\n<td>ASOCIACION DE COMERCIANTES INDUSTRIAIS E AUTONOMOS DE BURELA (\/ACIA BURELA)<\/td>\n<td>MARCELINO ANDIA RUBIO<\/td>\n<\/tr>\n<\/tbody>\n<\/table>\n[\/mk_table][\/vc_tab][\/vc_tabs][\/vc_column][\/vc_row]\n","protected":false},"excerpt":{"rendered":"<p>[vc_row][vc_column][vc_cta h2=\u00bbHazte Socio\u00bb h4=\u00bbde la asociaci\u00f3n GDR 1 Terras de Miranda\u00bb add_button=\u00bbbottom\u00bb btn_title=\u00bbSolicitar ingreso\u00bb btn_style=\u00bbcustom\u00bb btn_custom_background=\u00bb#346c8f\u00bb btn_custom_text=\u00bb#ffffff\u00bb btn_align=\u00bbcenter\u00bb btn_button_block=\u00bbtrue\u00bb btn_link=\u00bburl:http%3A%2F%2Fterrasdemiranda.org%2Fes%2Ffaite-socio%2F|||\u00bb btn_el_class=\u00bbbtn-cor1&#8243; el_class=\u00bbactionbox\u00bb][\/vc_cta][\/vc_column][\/vc_row][vc_row][vc_column][mk_fancy_title strip_tags=\u00bbtrue\u00bb style=\u00bbtrue\u00bb size=\u00bb16&#8243; font_family=\u00bbnone\u00bb]Listado de socios[\/mk_fancy_title][vc_tabs style=\u00bbsimple\u00bb container_bg_color=\u00bb#ffffff\u00bb][vc_tab title=\u00bbPag. 1&#8243; tab_id=\u00bb1511466389-1-32&#8243;][mk_table] Nome Representante CONCELLO DE MONDO\u00d1EDO ANGELES RODRIGUEZ RICO CONCELLO DE BARREIROS DAMASO RATOEIRA BASANTA CONCELLO DE ALFOZ JORGE VAL DIAZ CONCELLO DE [&hellip;]<\/p>\n","protected":false},"author":1,"featured_media":0,"parent":2737,"menu_order":0,"comment_status":"closed","ping_status":"closed","template":"","meta":{"footnotes":""},"class_list":["post-2748","page","type-page","status-publish","hentry"],"_links":{"self":[{"href":"https:\/\/terrasdemiranda.org\/es\/wp-json\/wp\/v2\/pages\/2748"}],"collection":[{"href":"https:\/\/terrasdemiranda.org\/es\/wp-json\/wp\/v2\/pages"}],"about":[{"href":"https:\/\/terrasdemiranda.org\/es\/wp-json\/wp\/v2\/types\/page"}],"author":[{"embeddable":true,"href":"https:\/\/terrasdemiranda.org\/es\/wp-json\/wp\/v2\/users\/1"}],"replies":[{"embeddable":true,"href":"https:\/\/terrasdemiranda.org\/es\/wp-json\/wp\/v2\/comments?post=2748"}],"version-history":[{"count":6,"href":"https:\/\/terrasdemiranda.org\/es\/wp-json\/wp\/v2\/pages\/2748\/revisions"}],"predecessor-version":[{"id":3722,"href":"https:\/\/terrasdemiranda.org\/es\/wp-json\/wp\/v2\/pages\/2748\/revisions\/3722"}],"up":[{"embeddable":true,"href":"https:\/\/terrasdemiranda.org\/es\/wp-json\/wp\/v2\/pages\/2737"}],"wp:attachment":[{"href":"https:\/\/terrasdemiranda.org\/es\/wp-json\/wp\/v2\/media?parent=2748"}],"curies":[{"name":"wp","href":"https:\/\/api.w.org\/{rel}","templated":true}]}}