{"id":2759,"date":"2017-10-19T10:57:20","date_gmt":"2017-10-19T10:57:20","guid":{"rendered":"http:\/\/terrasdemiranda.org\/presentacion-2\/"},"modified":"2018-09-05T16:57:26","modified_gmt":"2018-09-05T16:57:26","slug":"leader","status":"publish","type":"page","link":"https:\/\/terrasdemiranda.org\/es\/leader\/","title":{"rendered":"LEADER"},"content":{"rendered":"[vc_row][vc_column][mk_image_slideshow images=\u00bb1239,1240,1242&#8243;][vc_empty_space][\/vc_column][\/vc_row][vc_row][vc_column][mk_fancy_title size=\u00bb18&#8243; font_family=\u00bbnone\u00bb]<strong>Qu\u00e9 es LEADER?<\/strong>[\/mk_fancy_title][vc_column_text css=\u00bb.vc_custom_1536058971901{margin-bottom: 0px !important;}\u00bb]LEADER es el conjunto de medidas del Programa de Desarrollo Rural (PDR) de Galicia 2014-2020 que se ejecuta bajo la metodolog\u00eda LEADER (Enlaces entre las Actividades de Desarrollo de la Econom\u00eda Rural). Esta metodolog\u00eda viene siendo impulsada por la Uni\u00f3n Europea desde 1991 para descentralizar las pol\u00edticas de desarrollo rural, de hecho que el territorio rural deje de ser un simple destinatario de estas pol\u00edticas para convertirse en protagonista de su propio desarrollo.<\/p>\n<p>En Galicia, en los per\u00edodos 1991-1994, 1994-1999, 2000-2006 e 2007-2013, adem\u00e1is de aplicarse los programas de las propias Iniciativas Comunitarias LEADER (LEADER, LEADER II Y LEADER +),<br \/>\nse llevaron a cabo otros programas con la misma metodolog\u00eda que, por ter distintas fuentes de financiamiento, llevaron distintos nombres, como PRODER, PRODER II O AGADER, de hecho que en el per\u00edodo 2000-2006 estuvo cubierto todo el territorio rural gallego con estes programas.[\/vc_column_text][mk_padding_divider][mk_fancy_title size=\u00bb18&#8243; font_family=\u00bbnone\u00bb]<strong>Quien puede participar?<\/strong>[\/mk_fancy_title][vc_column_text css=\u00bb.vc_custom_1536059119661{margin-bottom: 0px !important;}\u00bb]Todas las entidades p\u00fablicas y privadas que desarrollen su actividad en las \u00e1reas territoriales definidas del \u00e1mbito econ\u00f3mico, social, cultural, vecinal, medioambiental, profesional, comunidades de montes, etc no solo pueden sino que deben implicarse en el programa LEADER de su territorio.[\/vc_column_text][mk_padding_divider][mk_fancy_title size=\u00bb18&#8243; font_family=\u00bbnone\u00bb]<strong>Como se puede participar?<\/strong>[\/mk_fancy_title][vc_column_text css=\u00bb.vc_custom_1536059296117{margin-bottom: 0px !important;}\u00bb]El programa LEADER de cada territorio lo dise\u00f1a y ejecuta un Grupo de Desarrollo Rural (GDR). Se trata de una asociaci\u00f3n constitu\u00edda por todas las entidades de \u00e1mbito econ\u00f3mico, social, cultural, vecinal, medioambiental o profesional que deseen implicarse. Estas entidades funcionan como cualquiera asociaci\u00f3n sin \u00e1nimo de lucro y deben cumplir el principio de \u201cpuertas abiertas\u201d por lo que est\u00e1n obligadas a admitir cualquier organizaci\u00f3n de su territorio que desee participar en el programa.[\/vc_column_text][mk_padding_divider][mk_fancy_title size=\u00bb18&#8243; font_family=\u00bbnone\u00bb]<strong>Como funcionan los GDR?<\/strong>[\/mk_fancy_title][vc_column_text css=\u00bb.vc_custom_1536059835607{margin-bottom: 0px !important;}\u00bb]El Grupo de Desarrollo Rural elabora una estrategia de desarrollo comarcal. En la que se incluye cuales son las principales posibilidades, oportunidades y necesidades de su territorio desde un punto de vista productivo, econ\u00f3mico, dotacional, social etc. Esta estrategia se presenta a la convocatoria del programa para el per\u00edodo 2014-2020 de la Agencia Galega de Desarrollo Rural (AGADER), ente p\u00fablico gestor del programa LEADER en Galicia.<\/p>\n<p>El\u00a0 grupo cuenta con una estructura t\u00e9cnica que se dedica al labor de dinamizaci\u00f3n, movilizaci\u00f3n y promoci\u00f3n para aplicar a estrategia dise\u00f1ada para ese territorio con el objectivo de que surjan proyectos que se puedan financiar a trav\u00e9s del programa. Es el propio GDR quien se encarga de analizar y valorar los proyectos y, en funci\u00f3n de eso, su \u00f3rgano directivo atribuye una porcentaje de la ayuda, partiendo de unos criterios predefinidos. La decisi\u00f3n se traslada a AGADER que, luego de revisar que la atribuci\u00f3n del GDR se ajusta a la normativa, resuelve la concesi\u00f3n de la ayuda.[\/vc_column_text][\/vc_column][\/vc_row]\n","protected":false},"excerpt":{"rendered":"<p>[vc_row][vc_column][mk_image_slideshow images=\u00bb1239,1240,1242&#8243;][vc_empty_space][\/vc_column][\/vc_row][vc_row][vc_column][mk_fancy_title size=\u00bb18&#8243; font_family=\u00bbnone\u00bb]Qu\u00e9 es LEADER?[\/mk_fancy_title][vc_column_text css=\u00bb.vc_custom_1536058971901{margin-bottom: 0px !important;}\u00bb]LEADER es el conjunto de medidas del Programa de Desarrollo Rural (PDR) de Galicia 2014-2020 que se ejecuta bajo la metodolog\u00eda LEADER (Enlaces entre las Actividades de Desarrollo de la Econom\u00eda Rural). Esta metodolog\u00eda viene siendo impulsada por la Uni\u00f3n Europea desde 1991 para descentralizar las pol\u00edticas [&hellip;]<\/p>\n","protected":false},"author":1,"featured_media":0,"parent":0,"menu_order":0,"comment_status":"closed","ping_status":"closed","template":"","meta":{"footnotes":""},"class_list":["post-2759","page","type-page","status-publish","hentry"],"_links":{"self":[{"href":"https:\/\/terrasdemiranda.org\/es\/wp-json\/wp\/v2\/pages\/2759"}],"collection":[{"href":"https:\/\/terrasdemiranda.org\/es\/wp-json\/wp\/v2\/pages"}],"about":[{"href":"https:\/\/terrasdemiranda.org\/es\/wp-json\/wp\/v2\/types\/page"}],"author":[{"embeddable":true,"href":"https:\/\/terrasdemiranda.org\/es\/wp-json\/wp\/v2\/users\/1"}],"replies":[{"embeddable":true,"href":"https:\/\/terrasdemiranda.org\/es\/wp-json\/wp\/v2\/comments?post=2759"}],"version-history":[{"count":5,"href":"https:\/\/terrasdemiranda.org\/es\/wp-json\/wp\/v2\/pages\/2759\/revisions"}],"predecessor-version":[{"id":2854,"href":"https:\/\/terrasdemiranda.org\/es\/wp-json\/wp\/v2\/pages\/2759\/revisions\/2854"}],"wp:attachment":[{"href":"https:\/\/terrasdemiranda.org\/es\/wp-json\/wp\/v2\/media?parent=2759"}],"curies":[{"name":"wp","href":"https:\/\/api.w.org\/{rel}","templated":true}]}}