{"id":2763,"date":"2017-10-19T10:56:41","date_gmt":"2017-10-19T10:56:41","guid":{"rendered":"http:\/\/terrasdemiranda.org\/documentacion\/"},"modified":"2023-01-17T16:55:27","modified_gmt":"2023-01-17T16:55:27","slug":"documentacion","status":"publish","type":"page","link":"https:\/\/terrasdemiranda.org\/es\/leader\/documentacion\/","title":{"rendered":"Documentaci\u00f3n"},"content":{"rendered":"[vc_row][vc_column][mk_custom_list title=\u00bbEstrategia\u00bb]\n<ul>\n<li><a href=\"https:\/\/terrasdemiranda.org\/docs\/gal\/estratexia\/PDR%20GDR1%20TERRAS%20DE%20MIRANDA%20GALLEGO.pdf\" target=\"_blank\" rel=\"noopener noreferrer\">PDR GDR1 TERRAS DE MIRANDA<\/a><\/li>\n<li><a href=\"https:\/\/terrasdemiranda.org\/docs\/es\/extratexia\/DOG%20BASES%20REGULADORAS%20AXUDAS%20LEADER%20(SUBMEDIDAS%2019.2%20E%2019.4)%20(1).pdf\" target=\"_blank\" rel=\"noopener noreferrer\">DOG Bases Reguladoras<\/a><\/li>\n<li><a href=\"https:\/\/terrasdemiranda.org\/docs\/gal\/estratexia\/resolucion-modificacion-estratexia.pdf\" target=\"_blank\" rel=\"noopener noreferrer\">Resoluci\u00f3n modificaci\u00f3n de estrategia<\/a><\/li>\n<\/ul>\n[\/mk_custom_list][mk_custom_list title=\u00bbBaremo\u00bb]\n<ul>\n<li><a href=\"https:\/\/terrasdemiranda.org\/docs\/gal\/baremo\/baremo-proxectos-non-produtivos.pdf\" target=\"_blank\" rel=\"noopener noreferrer\">Proyectos no productivos<\/a><\/li>\n<li><a href=\"https:\/\/terrasdemiranda.org\/docs\/gal\/baremo\/baremo-proxectos-produtivos.pdf\" target=\"_blank\" rel=\"noopener noreferrer\">Proyectos productivos<\/a><\/li>\n<\/ul>\n[\/mk_custom_list][mk_custom_list title=\u00bbModelos\u00bb]\n<ul>\n<li><strong>Modelos de solicitud de las ayudas<\/strong>\n<ul>\n<li><a href=\"https:\/\/terrasdemiranda.org\/docs\/gal\/modelos\/AnexoII%20-%20Solicitude.pdf\" target=\"_blank\" rel=\"noopener noreferrer\">Solicitud<\/a><\/li>\n<li><a href=\"https:\/\/terrasdemiranda.org\/docs\/es\/modelos\/AnexoIII_cas.pdf\" target=\"_blank\" rel=\"noopener noreferrer\">Plan de empresa<\/a><\/li>\n<li><a href=\"https:\/\/terrasdemiranda.org\/docs\/es\/modelos\/ANEXOIV_cas.pdf\" target=\"_blank\" rel=\"noopener noreferrer\">Plan de gesti\u00f3n<\/a><\/li>\n<li><a href=\"https:\/\/terrasdemiranda.org\/docs\/es\/modelos\/ANEXOV_cas.pdf\" target=\"_blank\" rel=\"noopener noreferrer\">Presupuesto<\/a><\/li>\n<li><a href=\"https:\/\/terrasdemiranda.org\/docs\/es\/modelos\/ANEXOVI-A_cas.pdf\" target=\"_blank\" rel=\"noopener noreferrer\">Relaci\u00f3n de ofertas solicitadas y eligidas<\/a><\/li>\n<li><a href=\"https:\/\/terrasdemiranda.org\/docs\/es\/modelos\/ANEXOVI-B_cas.pdf\" target=\"_blank\" rel=\"noopener noreferrer\">Declaraci\u00f3n sobre las ofertas solicitadas y eligidas<\/a><\/li>\n<\/ul>\n<\/li>\n<li><strong>Otros\u00a0modelos<\/strong>\n<ul>\n<li><a href=\"https:\/\/terrasdemiranda.org\/docs\/es\/modelos\/ANEXOVII_cas.pdf\" target=\"_blank\" rel=\"noopener noreferrer\">Solicitud de anticipo<\/a><\/li>\n<li><a href=\"https:\/\/terrasdemiranda.org\/docs\/es\/modelos\/ANEXOVIII_cas.pdf\" target=\"_blank\" rel=\"noopener noreferrer\">Desistencia<\/a><\/li>\n<li><a href=\"https:\/\/terrasdemiranda.org\/docs\/es\/modelos\/ANEXOIX_cas.pdf\" target=\"_blank\" rel=\"noopener noreferrer\">Renuncia<\/a><\/li>\n<li><a href=\"https:\/\/terrasdemiranda.org\/docs\/es\/modelos\/ANEXOX_cas.pdf\" target=\"_blank\" rel=\"noopener noreferrer\">Solicitud de modificaci\u00f3n<\/a><\/li>\n<li><a href=\"https:\/\/terrasdemiranda.org\/docs\/es\/modelos\/ANEXOXI_cas.pdf\" target=\"_blank\" rel=\"noopener noreferrer\">Solicitud de pago<\/a><\/li>\n<li><a href=\"https:\/\/terrasdemiranda.org\/docs\/es\/modelos\/ANEXOXII_cas.pdf\" target=\"_blank\" rel=\"noopener noreferrer\">Relaci\u00f3n de equipos subvencionados<\/a><\/li>\n<li><a href=\"https:\/\/terrasdemiranda.org\/docs\/es\/modelos\/ANEXOXIII_cas.pdf\" target=\"_blank\" rel=\"noopener noreferrer\">Declaraci\u00f3n de otras ayudas<\/a><\/li>\n<li><a href=\"https:\/\/terrasdemiranda.org\/docs\/es\/modelos\/ANEXOXIV_cas.pdf\" target=\"_blank\" rel=\"noopener noreferrer\">Modelos justificaci\u00f3n de empleo<\/a><\/li>\n<\/ul>\n<\/li>\n<\/ul>\n[\/mk_custom_list][mk_custom_list title=\u00bbNormativa\u00bb]\n<ul>\n<li><strong>Auton\u00f3mica<\/strong>\n<ul>\n<li><a href=\"https:\/\/terrasdemiranda.org\/docs\/gal\/normativa\/lei_9-2007_subvencions_de_galicia.pdf\" target=\"_blank\" rel=\"noopener noreferrer\">Lei 9\/2007, del 13 de Junio , de subvenciones de Galicia (LSG)<\/a><\/li>\n<li><a href=\"https:\/\/terrasdemiranda.org\/docs\/gal\/normativa\/Decreto%2011-2009_%20do%208%20de%20xaneiro_%20polo%20que%20se%20aproba%20o%20regulamento%20da%20Lei%209-2007_%20do%2013%20de%20xu%C3%B1o_%20de%20subvencions%20de%20Galicia%20(RSG).pdf\" target=\"_blank\" rel=\"noopener noreferrer\">Decreto 11\/2009, del 8 de enero, por lo que se aprueba la regulaci\u00f3n de la Lei 9\/2007, del 13 de junio, de subvenciones de Galicia (RLSG)<\/a><\/li>\n<li><a href=\"https:\/\/terrasdemiranda.org\/docs\/gal\/normativa\/AnuncioO90-230216-0001_gl.pdf\" target=\"_blank\" rel=\"noopener noreferrer\">La resoluci\u00f3n del 11 de febrero de 2016 por la que se publica el Acuerdo del 10 de febrero de 2016 por lo que se aprueban las bases reguladoras para la selecci\u00f3n de estrategias de desarrollo local para la selecci\u00f3n y reconocimiento de los grupos de desarrollo rural como entidades colaboradoras en la gesti\u00f3n de la medida Leader de Galicia y para la concesi\u00f3n de la ayuda preparatoria, cofinanciada con el Fondo Europeo Agr\u00edcola de Desarrollo Rural (Feader) en el marco del PDR de Galicia 2014-2020, y se convoca al correspondiente proceso de selecci\u00f3n.<\/a><\/li>\n<\/ul>\n<\/li>\n<li><strong>Estatal<\/strong>\n<ul>\n<li><a href=\"https:\/\/terrasdemiranda.org\/docs\/gal\/normativa\/lei_38-2003_xeral_de_subvencions.pdf\" target=\"_blank\" rel=\"noopener noreferrer\">Lei 38\/2003, del 17 de noviembre, general de subvenciones<\/a><\/li>\n<li><a href=\"https:\/\/terrasdemiranda.org\/docs\/gal\/normativa\/Real%20decreto%20887-2006_%20do%2021%20de%20xullo_%20polo%20que%20se%20aproba%20o%20regulamento%20da%20Lei%2038-2003_%20di%2017%20de%20novembro_%20xeral%20de%20subvenci%C3%B3ns.pdf\" target=\"_blank\" rel=\"noopener noreferrer\">Real Decreto 887\/2006, del 21 de julio, por lo que se aprueba el reglamento de la lei 38\/2003, del 17 de noviembre, general de subvenciones<\/a><\/li>\n<li><a href=\"https:\/\/terrasdemiranda.org\/docs\/gal\/normativa\/Lei%2039-2015%20do%201%20de%20outubro_%20do%20procedemento%20administrativo%20das%20administraci%C3%B3ns%20p%C3%BAblicas.pdf\" target=\"_blank\" rel=\"noopener noreferrer\">Lei 39\/2015, de 1 de octubre, del procedimiento administrativo com\u00fan de las administraciones p\u00fablicas.<\/a><\/li>\n<li><a href=\"https:\/\/terrasdemiranda.org\/docs\/gal\/normativa\/Real%20decreto%20lexislativo%203-2011_%20do%2014%20de%20novembro_%20polo%20que%20se%20aproba%20o%20texto%20refundido%20da%20Lei%20de%20contratos%20do%20sector%20p%C3%BAblico.pdf\" target=\"_blank\" rel=\"noopener noreferrer\">Real Decreto legislativo 3\/2011, del 14 de noviembre, por lo que se aprueba el texto refundido de la Lei de contratos del sector p\u00fablico.<\/a><\/li>\n<\/ul>\n<\/li>\n<li><strong>Comunitaria<\/strong>\n<ul>\n<li><a href=\"https:\/\/terrasdemiranda.org\/docs\/gal\/normativa\/PDR%202014-2020.pdf\" target=\"_blank\" rel=\"noopener noreferrer\">PDR de Galicia, aprobado por la Decisi\u00f3n de ejecuci\u00f3n de la Comisi\u00f3n Europea del 18 de noviembre de 2015.<\/a><\/li>\n<li><a href=\"https:\/\/terrasdemiranda.org\/docs\/gal\/normativa\/Reglamento%20(UE)%20n%C2%BA%201303-2013%20del%20Parlamento%20Europeo%20y%20del%20Consejo%20de%2017%20de%20diciembre%20de%202013.pdf\" target=\"_blank\" rel=\"noopener noreferrer\">Reglamento (UE) n\u00ba 1303\/2013, del Parlamento Europeo y el Consejo, del 17 de diciembre, por lo que se establecen disposiciones comunes relativas al Feder, FSE, al Fondo de Cohesi\u00f3n, al Feader y al FEMP, y por lo que se establecen disposiciones generales relativas al Feder, FSE, al Fondo de Cohesi\u00f3n y al FEMP.<\/a><\/li>\n<li><a href=\"https:\/\/drive.google.com\/file\/d\/0B5DLDkm6jOy2TUVHVWJ5azMxMFk\/view?usp=sharing\" target=\"_blank\" rel=\"noopener noreferrer\">Reglamento (UE) n\u00ba 1305\/2013, del Parlamento Europeo y del consejo, del 17 de diciembre, relativo a la ayuda al desenvolvimiento rural a trav\u00e9s del Fondo Europeo Agr\u00edcola de Desarrollo Rural (Feader) y por el que se derroga o Reglamento (CE) n\u00ba1698\/2005, del Consejo.<\/a><\/li>\n<li><a href=\"https:\/\/terrasdemiranda.org\/docs\/gal\/normativa\/Reglamento%20(UE)%20n%C2%BA%201306-2013%20del%20Parlamento%20Europeo%20y%20del%20Consejo%20de%2017%20de%20diciembre%20de%202013.pdf\" target=\"_blank\" rel=\"noopener noreferrer\">Reglamento (UE) n\u00ba 1306\/2013, del Parlamento Europeo y del\u00a0 Consejo, del 17 de diciembre, sobre el financiamiento, gesti\u00f3n y seguimiento de la pol\u00edtica agr\u00edcola com\u00fan.<\/a><\/li>\n<li><a href=\"https:\/\/terrasdemiranda.org\/docs\/gal\/normativa\/Reglamento%20(UE)%20n%C2%BA%201407-2013%20de%20la%20Comisi%C3%B3n.pdf\" target=\"_blank\" rel=\"noopener noreferrer\">Reglamento (UE) n\u00ba 1047\/2013, de la Comisi\u00f3n del 18 de diciembre, relativo a la aplicaci\u00f3n de los art\u00edculos 107 y 108 del Tratado de funcionamiento de la Uni\u00f3n Europea a las ayudas de minimis.<\/a><\/li>\n<li><a href=\"https:\/\/terrasdemiranda.org\/docs\/gal\/normativa\/Reglamento%20(UE)%20n%C2%BA%20807-2014%20de%20la%20Comisi%C3%B3n.pdf\" target=\"_blank\" rel=\"noopener noreferrer\">Reglamento (UE) n\u00ba 807\/2014, de la comisi\u00f3n, del 11 de marzo, que completa el Reglamento (UE) n\u00ba 1305\/2013.<\/a><\/li>\n<li><a href=\"https:\/\/terrasdemiranda.org\/docs\/gal\/normativa\/Reglamento%20(UE)%20808-2014%20de%20la%20Comisi%C3%B3n.pdf\" target=\"_blank\" rel=\"noopener noreferrer\">Reglamento de ejecuci\u00f3n (UE) n\u00ba 808\/2014, de la Comisi\u00f3n, del 17 de Julio, modificado por el Reglamento de ejecuci\u00f3n (UE) n\u00ba 669\/2016, de la Comisi\u00f3n; por lo que se establecen disposiciones de aplicaci\u00f3n del Reglamento (UE) n\u00ba 1305\/2013.<\/a><\/li>\n<li><a href=\"https:\/\/terrasdemiranda.org\/docs\/gal\/normativa\/Reglamento%20(UE)%20n%C2%BA%20809-2014%20de%20la%20Comisi%C3%B3n.pdf\" target=\"_blank\" rel=\"noopener noreferrer\">Reglamento (UE) n\u00ba 809\/2014, de la Comisi\u00f3n, del 17 de julio, por lo que se establecen disposiciones de aplicaci\u00f3n al Reglamento (UE) n\u00ba 1306\/2013, del Parlamento Europeo y del Consejo, a lo que se refiere al sistema integrado de gesti\u00f3n y control, a las medidas de desarrollo rural y a la condicionalidad.<\/a><\/li>\n<li><a href=\"https:\/\/terrasdemiranda.org\/docs\/gal\/normativa\/Reglamento%20(UE)%20n%C2%BA%20640-2014%20de%20la%20Comisi%C3%B3n%20de%2011%20de%20marzo%202014.pdf\" target=\"_blank\" rel=\"noopener noreferrer\">Reglamento delegado (UE) n\u00ba 640\/2014, del 11 de marzo, por el que se completa el Reglamento (UE) n\u00ba 1306\/2013, del Parlamento Europeo y del Consejo.<\/a><\/li>\n<\/ul>\n<\/li>\n<\/ul>\n[\/mk_custom_list][\/vc_column][\/vc_row]\n","protected":false},"excerpt":{"rendered":"<p>[vc_row][vc_column][mk_custom_list title=\u00bbEstrategia\u00bb] PDR GDR1 TERRAS DE MIRANDA DOG Bases Reguladoras Resoluci\u00f3n modificaci\u00f3n de estrategia [\/mk_custom_list][mk_custom_list title=\u00bbBaremo\u00bb] Proyectos no productivos Proyectos productivos [\/mk_custom_list][mk_custom_list title=\u00bbModelos\u00bb] Modelos de solicitud de las ayudas Solicitud Plan de empresa Plan de gesti\u00f3n Presupuesto Relaci\u00f3n de ofertas solicitadas y eligidas Declaraci\u00f3n sobre las ofertas solicitadas y eligidas Otros\u00a0modelos Solicitud de anticipo Desistencia [&hellip;]<\/p>\n","protected":false},"author":1,"featured_media":0,"parent":2759,"menu_order":0,"comment_status":"closed","ping_status":"closed","template":"","meta":{"footnotes":""},"class_list":["post-2763","page","type-page","status-publish","hentry"],"_links":{"self":[{"href":"https:\/\/terrasdemiranda.org\/es\/wp-json\/wp\/v2\/pages\/2763"}],"collection":[{"href":"https:\/\/terrasdemiranda.org\/es\/wp-json\/wp\/v2\/pages"}],"about":[{"href":"https:\/\/terrasdemiranda.org\/es\/wp-json\/wp\/v2\/types\/page"}],"author":[{"embeddable":true,"href":"https:\/\/terrasdemiranda.org\/es\/wp-json\/wp\/v2\/users\/1"}],"replies":[{"embeddable":true,"href":"https:\/\/terrasdemiranda.org\/es\/wp-json\/wp\/v2\/comments?post=2763"}],"version-history":[{"count":11,"href":"https:\/\/terrasdemiranda.org\/es\/wp-json\/wp\/v2\/pages\/2763\/revisions"}],"predecessor-version":[{"id":3776,"href":"https:\/\/terrasdemiranda.org\/es\/wp-json\/wp\/v2\/pages\/2763\/revisions\/3776"}],"up":[{"embeddable":true,"href":"https:\/\/terrasdemiranda.org\/es\/wp-json\/wp\/v2\/pages\/2759"}],"wp:attachment":[{"href":"https:\/\/terrasdemiranda.org\/es\/wp-json\/wp\/v2\/media?parent=2763"}],"curies":[{"name":"wp","href":"https:\/\/api.w.org\/{rel}","templated":true}]}}