{"id":2778,"date":"2017-11-29T12:06:25","date_gmt":"2017-11-29T12:06:25","guid":{"rendered":"http:\/\/terrasdemiranda.org\/proxectos\/proxectos-subvencionados-convocatoria-2017-2018\/"},"modified":"2018-09-20T18:03:52","modified_gmt":"2018-09-20T18:03:52","slug":"proyectos-subvencionados-convocatoria-2017-2018","status":"publish","type":"page","link":"https:\/\/terrasdemiranda.org\/es\/leader\/proyectos\/proyectos-subvencionados-convocatoria-2017-2018\/","title":{"rendered":"Proyectos subvencionados de la convocatoria 2017\/2018"},"content":{"rendered":"[vc_row][vc_column][mk_fancy_title size=\u00bb18&#8243; font_family=\u00bbnone\u00bb]Proyectos productivos[\/mk_fancy_title][mk_table]\n<table width=\"100%\">\n<thead>\n<tr>\n<th width=\"150px\">Expediente<\/th>\n<th>T\u00edtulo<\/th>\n<th>Promotor<\/th>\n<th>Presupuesto aceptado<\/th>\n<th>Porcentaje de ayuda (%)<\/th>\n<th>IMPORTE AYUDA 2017<\/th>\n<th>IMPORTE AYUDA 2018<\/th>\n<th>Puntuaci\u00f3n seg\u00fan el baremo<\/th>\n<\/tr>\n<\/thead>\n<tbody>\n<tr>\n<td><a href=\"https:\/\/terrasdemiranda.org\/es\/leader\/proyectos\/proyectos-subvencionados-convocatoria-2017-2018\/l17-1920-01-030\/\">L17-1920-01-030<\/a><\/td>\n<td>\u00a0Operaciones forestales sostenibles en Galicia<\/td>\n<td>\u00a0Visi\u00f3n Verde Galicia, S.l<\/td>\n<td>\u00a0455.450\u20ac<\/td>\n<td>\u00a040%<\/td>\n<td>\u00a090.180\u20ac<\/td>\n<td>\u00a092.000\u20ac<\/td>\n<td>\u00a097<\/td>\n<\/tr>\n<tr>\n<td><a href=\"https:\/\/terrasdemiranda.org\/es\/leader\/proyectos\/proyectos-subvencionados-convocatoria-2017-2018\/l17-1920-01-028\/\">L17-1920-01-028<\/a><\/td>\n<td>\u00a0Alojamiento tur\u00edstico \u00abO Tren do Ferro\u00bb<\/td>\n<td>\u00a0Ediana Carolina Zambrano Quintero<\/td>\n<td>\u00a0367.797,56\u20ac<\/td>\n<td>\u00a050%<\/td>\n<td>\u00a0112.945,78\u20ac<\/td>\n<td>\u00a070.953\u20ac<\/td>\n<td>\u00a086<\/td>\n<\/tr>\n<tr>\n<td><a href=\"https:\/\/terrasdemiranda.org\/es\/leader\/proyectos\/proyectos-subvencionados-convocatoria-2017-2018\/l17-1920-01-014\/\">L17-1920-01-014<\/a><\/td>\n<td>\u00a0Hotel de Cuatro Estrellas en Foz<\/td>\n<td>\u00a0Complejo Playa de Foz, S.L (*)<\/td>\n<td>\u00a0168.7674,8\u20ac<\/td>\n<td>\u00a050%<\/td>\n<td>\u00a0163.043,65\u20ac<\/td>\n<td>\u00a018.115,97\u20ac<\/td>\n<td>\u00a082<\/td>\n<\/tr>\n<tr>\n<td><\/td>\n<td><\/td>\n<td><\/td>\n<td><\/td>\n<td><\/td>\n<td><\/td>\n<td><\/td>\n<td><\/td>\n<\/tr>\n<\/tbody>\n<\/table>\n[\/mk_table][mk_message_box type=\u00bbinfo-message\u00bb]\n<h6>(*) Expediente con resoluci\u00f3n parcial, tiene 18.840 \u20ac sin adjudicar por falta de fondos en la tipolog\u00eda del proyecto<\/h6>\n[\/mk_message_box][mk_padding_divider][mk_fancy_title size=\u00bb18&#8243; font_family=\u00bbnone\u00bb]Proyectos no productivos promovidos por entidades p\u00fablicas locales[\/mk_fancy_title][mk_table]\n<table width=\"100%\">\n<thead>\n<tr>\n<th width=\"150px\">Expediente<\/th>\n<th>T\u00edtulo<\/th>\n<th>Promotor<\/th>\n<th>Presupuesto aceptado<\/th>\n<th>Porcentaje de ayuda (%)<\/th>\n<th>IMPORTE AYUDA 2017<\/th>\n<th>IMPORTE AYUDA 2018<\/th>\n<th>Puntuaci\u00f3n seg\u00fan el baremo<\/th>\n<\/tr>\n<\/thead>\n<tbody>\n<tr>\n<td><a href=\"https:\/\/terrasdemiranda.org\/es\/leader\/proyectos\/proyectos-subvencionados-convocatoria-2017-2018\/l17-1920-01-013\/\">L17-1920-01-013<\/a><\/td>\n<td>\u00abMondotech. Do local ao global no s\u00e9culo XXI\u00bb<\/td>\n<td>Ayuntamiento de Mondo\u00f1edo<\/td>\n<td>54.450\u20ac<\/td>\n<td>\u00a089,56%<\/td>\n<td>\u00a039.012,33\u20ac<\/td>\n<td>\u00a09.753,09\u20ac<\/td>\n<td>\u00a064<\/td>\n<\/tr>\n<tr>\n<td><a href=\"https:\/\/terrasdemiranda.org\/es\/leader\/proyectos\/proyectos-subvencionados-convocatoria-2017-2018\/l17-1920-01-037\/\">L17-1920-01-037<\/a><\/td>\n<td>Rehabilitaci\u00f3n de la escuela unitaria de Cabanas para centro social<\/td>\n<td>Ayuntamiento de Vicedo<\/td>\n<td>54.825,37\u20ac<\/td>\n<td>\u00a089,11%<\/td>\n<td>\u00a026.870,19\u20ac<\/td>\n<td>\u00a021.984,7\u20ac<\/td>\n<td>\u00a063<\/td>\n<\/tr>\n<tr>\n<td><a href=\"https:\/\/terrasdemiranda.org\/es\/leader\/proyectos\/proyectos-subvencionados-convocatoria-2017-2018\/l17-1920-01-041\/\">L17-1920-01-041<\/a><\/td>\n<td>Rehabilitaci\u00f3n de la escuela unitaria de Riobarba para centro social<\/td>\n<td>Ayuntamiento de Vicedo<\/td>\n<td>54.912,88\u20ac<\/td>\n<td>\u00a089,11%<\/td>\n<td>\u00a024.466,44\u20ac<\/td>\n<td>\u00a024.466,43\u20ac<\/td>\n<td>\u00a063<\/td>\n<\/tr>\n<tr>\n<td><a href=\"https:\/\/terrasdemiranda.org\/es\/leader\/proyectos\/proyectos-subvencionados-convocatoria-2017-2018\/l17-1920-01-019\/\">L17-1920-01-019<\/a><\/td>\n<td>Rehabilitaci\u00f3n y remodelaci\u00f3n para local social en la Rilleira<\/td>\n<td>Ayuntamiento de Barreiros<\/td>\n<td>120.210,68\u20ac<\/td>\n<td>\u00a087,78%<\/td>\n<td>\u00a022.633,92\u20ac<\/td>\n<td>\u00a027.366,08\u20ac<\/td>\n<td>\u00a060<\/td>\n<\/tr>\n<tr>\n<td><a href=\"https:\/\/terrasdemiranda.org\/es\/leader\/proyectos\/proyectos-subvencionados-convocatoria-2017-2018\/l17-1920-01-020\/\">L17-1920-01-020<\/a><\/td>\n<td>Adquisici\u00f3n de furg\u00f3n adaptado para transporte de persoas con discapacidad y\/o dependientes<\/td>\n<td>Ayuntamiento de Mondo\u00f1edo (*)<\/td>\n<td>41.140\u20ac<\/td>\n<td>\u00a087,33%<\/td>\n<td>\u00a022.218,13\u20ac<\/td>\n<td>\u00a00\u20ac<\/td>\n<td>\u00a059<\/td>\n<\/tr>\n<tr>\n<td><\/td>\n<td><\/td>\n<td><\/td>\n<td><\/td>\n<td><\/td>\n<td><\/td>\n<td><\/td>\n<td><\/td>\n<\/tr>\n<\/tbody>\n<\/table>\n[\/mk_table][mk_message_box type=\u00bbinfo-message\u00bb]\n<h6>(*) Expediente con resoluci\u00f3n parcial, tiene 13,709,43\u20ac sin adjudicar por falta de fondos en la tipologia del proyecto<\/h6>\n[\/mk_message_box][mk_padding_divider][mk_fancy_title size=\u00bb18&#8243; font_family=\u00bbnone\u00bb]Proyectos no productivos promovidos por entidades privadas[\/mk_fancy_title][mk_table]\n<table width=\"100%\">\n<thead>\n<tr>\n<th width=\"150px\">Expediente<\/th>\n<th>T\u00edtulo<\/th>\n<th>Promotor<\/th>\n<th>Orzamento aceptado<\/th>\n<th>Portentaxe de axuda (%)<\/th>\n<th>Importe axuda 2017<\/th>\n<th>Importe axuda 2018<\/th>\n<th>Puntuaci\u00f3n segundo o baremo<\/th>\n<\/tr>\n<\/thead>\n<tbody>\n<tr>\n<td><a href=\"https:\/\/terrasdemiranda.org\/es\/leader\/proyectos\/proyectos-subvencionados-convocatoria-2017-2018\/l17-1920-01-033\/\">L17-1920-01-033<\/a><\/td>\n<td>Equipamento local social CMVMC de Estelo y Tronceda<\/td>\n<td>CMVMC Estelo e Tronceda<\/td>\n<td>3.810\u20ac<\/td>\n<td>89,56%<\/td>\n<td>3.412,24<\/td>\n<td>0<\/td>\n<td>64<\/td>\n<\/tr>\n<tr>\n<td><a href=\"https:\/\/terrasdemiranda.org\/es\/leader\/proyectos\/proyectos-subvencionados-convocatoria-2017-2018\/l17-1920-01-026\/\">L17-1920-01-026<\/a><\/td>\n<td>Construcci\u00f3n de local social<\/td>\n<td>Comunidad de montes de Alaxe<\/td>\n<td>130.244,43\u20ac<\/td>\n<td>86%<\/td>\n<td>36.129,60<\/td>\n<td>13.870,40<\/td>\n<td>56<\/td>\n<\/tr>\n<tr>\n<td><a href=\"https:\/\/terrasdemiranda.org\/es\/leader\/proyectos\/proyectos-subvencionados-convocatoria-2017-2018\/l17-1920-01-040\/\">L17-1920-01-040<\/a><\/td>\n<td>Equipamento para taller de cocina y taller de inform\u00e1tica<\/td>\n<td>Aspanane<\/td>\n<td>10.340,72\u20ac<\/td>\n<td>80,67%<\/td>\n<td>8.341,86<\/td>\n<td>0<\/td>\n<td>44<\/td>\n<\/tr>\n<\/tbody>\n<\/table>\n[\/mk_table][\/vc_column][\/vc_row]\n","protected":false},"excerpt":{"rendered":"<p>[vc_row][vc_column][mk_fancy_title size=\u00bb18&#8243; font_family=\u00bbnone\u00bb]Proyectos productivos[\/mk_fancy_title][mk_table] Expediente T\u00edtulo Promotor Presupuesto aceptado Porcentaje de ayuda (%) IMPORTE AYUDA 2017 IMPORTE AYUDA 2018 Puntuaci\u00f3n seg\u00fan el baremo L17-1920-01-030 \u00a0Operaciones forestales sostenibles en Galicia \u00a0Visi\u00f3n Verde Galicia, S.l \u00a0455.450\u20ac \u00a040% \u00a090.180\u20ac \u00a092.000\u20ac \u00a097 L17-1920-01-028 \u00a0Alojamiento tur\u00edstico \u00abO Tren do Ferro\u00bb \u00a0Ediana Carolina Zambrano Quintero \u00a0367.797,56\u20ac \u00a050% \u00a0112.945,78\u20ac \u00a070.953\u20ac \u00a086 L17-1920-01-014 [&hellip;]<\/p>\n","protected":false},"author":1,"featured_media":0,"parent":2768,"menu_order":0,"comment_status":"closed","ping_status":"closed","template":"","meta":{"footnotes":""},"class_list":["post-2778","page","type-page","status-publish","hentry"],"_links":{"self":[{"href":"https:\/\/terrasdemiranda.org\/es\/wp-json\/wp\/v2\/pages\/2778"}],"collection":[{"href":"https:\/\/terrasdemiranda.org\/es\/wp-json\/wp\/v2\/pages"}],"about":[{"href":"https:\/\/terrasdemiranda.org\/es\/wp-json\/wp\/v2\/types\/page"}],"author":[{"embeddable":true,"href":"https:\/\/terrasdemiranda.org\/es\/wp-json\/wp\/v2\/users\/1"}],"replies":[{"embeddable":true,"href":"https:\/\/terrasdemiranda.org\/es\/wp-json\/wp\/v2\/comments?post=2778"}],"version-history":[{"count":8,"href":"https:\/\/terrasdemiranda.org\/es\/wp-json\/wp\/v2\/pages\/2778\/revisions"}],"predecessor-version":[{"id":2935,"href":"https:\/\/terrasdemiranda.org\/es\/wp-json\/wp\/v2\/pages\/2778\/revisions\/2935"}],"up":[{"embeddable":true,"href":"https:\/\/terrasdemiranda.org\/es\/wp-json\/wp\/v2\/pages\/2768"}],"wp:attachment":[{"href":"https:\/\/terrasdemiranda.org\/es\/wp-json\/wp\/v2\/media?parent=2778"}],"curies":[{"name":"wp","href":"https:\/\/api.w.org\/{rel}","templated":true}]}}