{"id":2782,"date":"2017-11-29T12:19:57","date_gmt":"2017-11-29T12:19:57","guid":{"rendered":"http:\/\/terrasdemiranda.org\/proxectos\/proxectos-en-lista-de-agarda-convocatoria-2017-2018\/"},"modified":"2018-09-20T17:55:29","modified_gmt":"2018-09-20T17:55:29","slug":"proyectos-en-lista-de-espera-convocatoria-2017-2018","status":"publish","type":"page","link":"https:\/\/terrasdemiranda.org\/es\/leader\/proyectos\/proyectos-en-lista-de-espera-convocatoria-2017-2018\/","title":{"rendered":"Proyectos en lista de espera de la convocatoria 2017\/2018"},"content":{"rendered":"[vc_row][vc_column][mk_fancy_title size=\u00bb18&#8243; font_family=\u00bbnone\u00bb]Proyectos productivos[\/mk_fancy_title][mk_table]\n<table width=\"100%\">\n<thead>\n<tr>\n<th width=\"150px\">Expediente<\/th>\n<th>T\u00edtulo<\/th>\n<th>Promotor<\/th>\n<th>Presupuesto aceptado<\/th>\n<th>Porcentaje de ayuda (%)<\/th>\n<th>Puntuaci\u00f3n seg\u00fan el baremo<\/th>\n<\/tr>\n<\/thead>\n<tbody>\n<tr>\n<td>L17-1920-01-016<\/td>\n<td>R\u00edas Altas: Restaurante y alojamiento<\/td>\n<td>Jos\u00e9 Ram\u00f3n Rubi\u00f1os Fern\u00e1ndez<\/td>\n<td>401.610,64\u20ac<\/td>\n<td>50%<\/td>\n<td>82<\/td>\n<\/tr>\n<tr>\n<td>L17-1920-01-053<\/td>\n<td>Das Mar\u00edas *** Pensi\u00f3n de Aldea<\/td>\n<td>Luc\u00eda Canoura S\u00e1nchez<\/td>\n<td>171.970,2\u20ac<\/td>\n<td>50%<\/td>\n<td>82<\/td>\n<\/tr>\n<tr>\n<td>L17-1920-01-046<\/td>\n<td>Centro de interprestaci\u00f3n del pan de Mondo\u00f1edo<\/td>\n<td>Pan y Panader\u00eda de Mondo\u00f1edo, S.L<\/td>\n<td>162.552,86\u20ac<\/td>\n<td>50%<\/td>\n<td>81<\/td>\n<\/tr>\n<tr>\n<td>L17-1920-01-045<\/td>\n<td>Sepogan Innova,2.0<\/td>\n<td>Sepogan, SLU<\/td>\n<td>38.970\u20ac<\/td>\n<td>50%<\/td>\n<td>79<\/td>\n<\/tr>\n<tr>\n<td>L17-1920-01-003<\/td>\n<td>Construci\u00f3n de nave para taller de calderer\u00eda<\/td>\n<td>Miguel Angel Balseiro Cillero<\/td>\n<td>172.723,11\u20ac<\/td>\n<td>50%<\/td>\n<td>76<\/td>\n<\/tr>\n<tr>\n<td>L17-1920-01-042<\/td>\n<td>Creaci\u00f3n de Albergue de Lourenz\u00e1<\/td>\n<td>Albergue Kapuseru Inn, SL<\/td>\n<td>242.645\u20ac<\/td>\n<td>50%<\/td>\n<td>74<\/td>\n<\/tr>\n<tr>\n<td>L17-1920-01-044<\/td>\n<td>Cambio de uso del faro de Illa Pancha de Ribadeo para alojamiento tur\u00edstico<\/td>\n<td>Eirobra A Mari\u00f1a, S.l<\/td>\n<td>6086,51\u20ac<\/td>\n<td>50%<\/td>\n<td>73<\/td>\n<\/tr>\n<tr>\n<td>L17-1920-01-038<\/td>\n<td>Centro de d\u00eda<\/td>\n<td>Coidando de Vos, SL<\/td>\n<td>250.989,5\u20ac<\/td>\n<td>50%<\/td>\n<td>68<\/td>\n<\/tr>\n<tr>\n<td>L17-1920-01-005<\/td>\n<td>Equipos productivos de movimiento de tierras y explanaci\u00f3n de terrenos<\/td>\n<td>Jos\u00e9 Ram\u00f3n R\u00edo Garc\u00eda, S.L<\/td>\n<td>47.700\u20ac<\/td>\n<td>50%<\/td>\n<td>68<\/td>\n<\/tr>\n<tr>\n<td>L17-1920-01-047<\/td>\n<td>Ampliaci\u00f3n actividad comercio al por mayor de piensos, cereales, plantas, abonos, fertilizantes, etc..<\/td>\n<td>Iv\u00e1n L\u00f3pez Otero<\/td>\n<td>90.099,36\u20ac<\/td>\n<td>50%<\/td>\n<td>66<\/td>\n<\/tr>\n<tr>\n<td>L17-1920-01-052<\/td>\n<td>Bicis e m\u00e1is\u2026.<\/td>\n<td>Aulobarros, S.L<\/td>\n<td>68.700,04\u20ac<\/td>\n<td>50%<\/td>\n<td>66<\/td>\n<\/tr>\n<tr>\n<td>L17-1920-01-022<\/td>\n<td>Nuevo establecimiento especializado en el mantenimiento, lavado y engrase de maquinaria forestal<\/td>\n<td>Maderas Patricio, S.L<\/td>\n<td>853.763,01\u20ac<\/td>\n<td>49,22%<\/td>\n<td>64<\/td>\n<\/tr>\n<tr>\n<td>L17-1920-01-008<\/td>\n<td>Venta ambulante<\/td>\n<td>David Fern\u00e1ndez Cordero<\/td>\n<td>23.405,71\u20ac<\/td>\n<td>47,67%<\/td>\n<td>62<\/td>\n<\/tr>\n<tr>\n<td>L17-1920-01-011<\/td>\n<td>Carpinter\u00eda met\u00e1lica en acero inoxidable<\/td>\n<td>Noelia P\u00e9rez Cao<\/td>\n<td>177.780,62\u20ac<\/td>\n<td>46,11%<\/td>\n<td>60<\/td>\n<\/tr>\n<tr>\n<td>L17-1920-01-017<\/td>\n<td>Plantaci\u00f3n de aguacates \u00abLamb Hass\u00bb<\/td>\n<td>Ram\u00f3n Jos\u00e9 Becerra Ya\u00f1ez<\/td>\n<td>17.996,65\u20ac<\/td>\n<td>45,33%<\/td>\n<td>59<\/td>\n<\/tr>\n<tr>\n<td>L17-1920-01-002<\/td>\n<td>Mondoa Proxectos<\/td>\n<td>Ram\u00f3n Otero Candia<\/td>\n<td>29.026,82\u20ac<\/td>\n<td>43%<\/td>\n<td>56<\/td>\n<\/tr>\n<\/tbody>\n<\/table>\n[\/mk_table][mk_padding_divider][mk_fancy_title size=\u00bb18&#8243; font_family=\u00bbnone\u00bb]Proyectos no productivos promovidos por entidades p\u00fablicas locales[\/mk_fancy_title][mk_table]\n<table width=\"100%\">\n<thead>\n<tr>\n<th width=\"150px\">Expediente<\/th>\n<th>T\u00edtulo<\/th>\n<th>Promotor<\/th>\n<th>Presupuesto aceptado<\/th>\n<th>Porcentaje de ayuda (%)<\/th>\n<th>Puntuaci\u00f3n seg\u00fan el baremo<\/th>\n<\/tr>\n<\/thead>\n<tbody>\n<tr>\n<td>L17-1920-01-027<\/td>\n<td>\u00a0Punto limpio Concello de Mondo\u00f1edo<\/td>\n<td>\u00a0Ayuntamiento de Mondo\u00f1edo (*)<\/td>\n<td>\u00a0239.827\u20ac<\/td>\n<td>\u00a088,22%<\/td>\n<td>\u00a061<\/td>\n<\/tr>\n<tr>\n<td>\u00a0L17-1920-01-012<\/td>\n<td>\u00a0Servizo de transporte p\u00fablico gratu\u00edto para os maiores de Trabada<\/td>\n<td>Ayuntamiento de Trabada<\/td>\n<td>\u00a033.347,68\u20ac<\/td>\n<td>\u00a086%<\/td>\n<td>\u00a056<\/td>\n<\/tr>\n<tr>\n<td>\u00a0L17-1920-01-021<\/td>\n<td>\u00a0Cervo, un destino para sentir<\/td>\n<td>Ayuntamiento de Cervo<\/td>\n<td>\u00a015.118,95\u20ac<\/td>\n<td>\u00a083,33%<\/td>\n<td>\u00a050<\/td>\n<\/tr>\n<tr>\n<td>\u00a0L17-1920-01-035<\/td>\n<td>\u00a0Restauraci\u00f3n da Fonte da grela<\/td>\n<td>Ayuntamiento de Alfoz<\/td>\n<td>\u00a012.668,8\u20ac<\/td>\n<td>\u00a069,11%<\/td>\n<td>\u00a063<\/td>\n<\/tr>\n<tr>\n<td>\u00a0L17-1920-01-039<\/td>\n<td>\u00a0Rehabilitaic\u00f3n de antiga escola de Trabada para a creaci\u00f3n dun centro etnogr\u00e1fico<\/td>\n<td>Ayuntamiento de Trabada<\/td>\n<td>\u00a0285.714,34\u20ac<\/td>\n<td>\u00a068,67%<\/td>\n<td>\u00a062<\/td>\n<\/tr>\n<tr>\n<td>\u00a0L17-1920-01-018<\/td>\n<td>\u00a0Plan de recuperaci\u00f3n ambiental da antiga zona industrial e posta en valor do espazo como \u00e1rea deportiva relacionada co cabalo<\/td>\n<td>Ayuntamiento de Xove<\/td>\n<td>\u00a0188.526,97\u20ac<\/td>\n<td>\u00a066%<\/td>\n<td>\u00a056<\/td>\n<\/tr>\n<\/tbody>\n<\/table>\n[\/mk_table][mk_padding_divider][mk_fancy_title size=\u00bb18&#8243; font_family=\u00bbnone\u00bb]Proyectos no productivos promovidos por entidades privadas[\/mk_fancy_title][mk_table]\n<table width=\"100%\">\n<thead>\n<tr>\n<th width=\"150px\">Expediente<\/th>\n<th>T\u00edtulo<\/th>\n<th>Promotor<\/th>\n<th>Presupuesto aceptado<\/th>\n<th>Porcentaje de ayuda (%)<\/th>\n<th>Puntuaci\u00f3n segundo o baremo<\/th>\n<\/tr>\n<\/thead>\n<tbody>\n<tr>\n<td>L17-1920-01-036<\/td>\n<td>Dotaci\u00f3n de equipamiento inform\u00e1tico e mobiliario para URF da Asociaci\u00f3n sin \u00e1nimo de lucro<\/td>\n<td>Asociaci\u00f3n de Familiares de enfermos de alzheimer y otras<\/td>\n<td>26.937,35\u20ac<\/td>\n<td>79,78%<\/td>\n<td>42<\/td>\n<\/tr>\n<tr>\n<td>L17-1920-01-004<\/td>\n<td>Adquisici\u00f3n de veh\u00edculo de nove prazas con adaptaci\u00f3n<\/td>\n<td>Fundaci\u00f3n EU Son<\/td>\n<td>241.705,77\u20ac<\/td>\n<td>78%<\/td>\n<td>38<\/td>\n<\/tr>\n<tr>\n<td><\/td>\n<td><\/td>\n<td><\/td>\n<td><\/td>\n<td><\/td>\n<td><\/td>\n<\/tr>\n<\/tbody>\n<\/table>\n[\/mk_table][\/vc_column][\/vc_row]\n","protected":false},"excerpt":{"rendered":"<p>[vc_row][vc_column][mk_fancy_title size=\u00bb18&#8243; font_family=\u00bbnone\u00bb]Proyectos productivos[\/mk_fancy_title][mk_table] Expediente T\u00edtulo Promotor Presupuesto aceptado Porcentaje de ayuda (%) Puntuaci\u00f3n seg\u00fan el baremo L17-1920-01-016 R\u00edas Altas: Restaurante y alojamiento Jos\u00e9 Ram\u00f3n Rubi\u00f1os Fern\u00e1ndez 401.610,64\u20ac 50% 82 L17-1920-01-053 Das Mar\u00edas *** Pensi\u00f3n de Aldea Luc\u00eda Canoura S\u00e1nchez 171.970,2\u20ac 50% 82 L17-1920-01-046 Centro de interprestaci\u00f3n del pan de Mondo\u00f1edo Pan y Panader\u00eda de [&hellip;]<\/p>\n","protected":false},"author":1,"featured_media":0,"parent":2768,"menu_order":0,"comment_status":"closed","ping_status":"closed","template":"","meta":{"footnotes":""},"class_list":["post-2782","page","type-page","status-publish","hentry"],"_links":{"self":[{"href":"https:\/\/terrasdemiranda.org\/es\/wp-json\/wp\/v2\/pages\/2782"}],"collection":[{"href":"https:\/\/terrasdemiranda.org\/es\/wp-json\/wp\/v2\/pages"}],"about":[{"href":"https:\/\/terrasdemiranda.org\/es\/wp-json\/wp\/v2\/types\/page"}],"author":[{"embeddable":true,"href":"https:\/\/terrasdemiranda.org\/es\/wp-json\/wp\/v2\/users\/1"}],"replies":[{"embeddable":true,"href":"https:\/\/terrasdemiranda.org\/es\/wp-json\/wp\/v2\/comments?post=2782"}],"version-history":[{"count":5,"href":"https:\/\/terrasdemiranda.org\/es\/wp-json\/wp\/v2\/pages\/2782\/revisions"}],"predecessor-version":[{"id":2800,"href":"https:\/\/terrasdemiranda.org\/es\/wp-json\/wp\/v2\/pages\/2782\/revisions\/2800"}],"up":[{"embeddable":true,"href":"https:\/\/terrasdemiranda.org\/es\/wp-json\/wp\/v2\/pages\/2768"}],"wp:attachment":[{"href":"https:\/\/terrasdemiranda.org\/es\/wp-json\/wp\/v2\/media?parent=2782"}],"curies":[{"name":"wp","href":"https:\/\/api.w.org\/{rel}","templated":true}]}}