{"id":2785,"date":"2017-11-29T12:19:03","date_gmt":"2017-11-29T12:19:03","guid":{"rendered":"http:\/\/terrasdemiranda.org\/proxectos\/proxectos-denegados-convocatoria-2017-2018\/"},"modified":"2018-09-20T17:50:37","modified_gmt":"2018-09-20T17:50:37","slug":"proyectos-denegados-convocatoria-2017-2018","status":"publish","type":"page","link":"https:\/\/terrasdemiranda.org\/es\/leader\/proyectos\/proyectos-denegados-convocatoria-2017-2018\/","title":{"rendered":"Proyectos denegados de la convocatoria 2017\/2018"},"content":{"rendered":"[vc_row][vc_column][mk_fancy_title size=\u00bb18&#8243; font_family=\u00bbnone\u00bb]Proyectos productivos[\/mk_fancy_title][mk_table]\n<table width=\"100%\">\n<thead>\n<tr>\n<th width=\"150px\">Expediente<\/th>\n<th>T\u00edtulo<\/th>\n<th>Promotor<\/th>\n<th>Motivo<\/th>\n<th>Observaciones<\/th>\n<\/tr>\n<\/thead>\n<tbody>\n<tr>\n<td>L17-1920-01-015<\/td>\n<td>Servicios forestales de astillado<\/td>\n<td>Technology For Professionals Europe, S.L<\/td>\n<td>3<\/td>\n<td><\/td>\n<\/tr>\n<tr>\n<td>L17-1920-01-023<\/td>\n<td>Apertura de albergue de peregrinos en Lourenz\u00e1<\/td>\n<td>Inmoart 1961, S.L<\/td>\n<td>6<\/td>\n<td>Obras iniciadas<\/td>\n<\/tr>\n<tr>\n<td>L17-1920-01-024<\/td>\n<td>Estudios de mercado: A Mari\u00f1a e zonas lim\u00edtrofes<\/td>\n<td>Asel Costa, S.L<\/td>\n<td>3<\/td>\n<td><\/td>\n<\/tr>\n<tr>\n<td>L17-1920-01-025<\/td>\n<td>Lavander\u00eda autoservicio \u00abOso Blanco\u00bb<\/td>\n<td>Lavysec Ribadeo, S.L.L (En constituci\u00f3n)<\/td>\n<td>4<\/td>\n<td><\/td>\n<\/tr>\n<tr>\n<td>L17-1920-01-029<\/td>\n<td>A Leira -Tenda ecol\u00f3xica<\/td>\n<td>Maria Pilar Casas L\u00f3pez<\/td>\n<td>6<\/td>\n<td>No presentar la documentaci\u00f3n requerida en plazo<\/td>\n<\/tr>\n<tr>\n<td><\/td>\n<td><\/td>\n<td><\/td>\n<td><\/td>\n<td><\/td>\n<\/tr>\n<\/tbody>\n<\/table>\n[\/mk_table][mk_custom_box][vc_column_text title=\u00bbMotivos\u00bb css=\u00bb.vc_custom_1512125535969{margin-bottom: 0px !important;}\u00bb]\n<h6>1. La solicitud de ayuda est\u00e1 incompleta (art\u00edculo 12 de las bases reguladoras)<br \/>\n2. El promotor no cumple los requisitos indicados en las bases reguladoras (art\u00edculo 3 de las bases reguladoras)<br \/>\n3. Los gastos propuestos en el presupuesto del proyecto no son subvencionables (art\u00edculo 5 de las bases reguladoras)<br \/>\n4. El\u00a0 proyecto no es elegible al margen de las fichas de elegibilidad de las bases reguladoras y\/o de la estrategia del GDR<br \/>\n5. El proyecto no alcanza la puntuaci\u00f3n m\u00ednima o de corte establecida en el baremo del GDR<br \/>\n6. Otras: especificar la causa en el apartado de observaciones<\/h6>\n[\/vc_column_text][\/mk_custom_box][mk_padding_divider][mk_fancy_title size=\u00bb18&#8243; font_family=\u00bbnone\u00bb]Proyectos no productivos promovidos por entidades p\u00fablicas locales[\/mk_fancy_title][mk_table]\n<table width=\"100%\">\n<thead>\n<tr>\n<th width=\"150px\">Expediente<\/th>\n<th>T\u00edtulo<\/th>\n<th>Promotor<\/th>\n<th>Motivo<\/th>\n<th>Observaciones<\/th>\n<\/tr>\n<\/thead>\n<tbody>\n<tr>\n<td>L17-1920-01-010<\/td>\n<td>Refuxio municipal de animais Concello de Foz<\/td>\n<td>Ayuntamiento de Foz<\/td>\n<td>1<\/td>\n<td><\/td>\n<\/tr>\n<tr>\n<td>L17-1920-01-032<\/td>\n<td>A r\u00faa como escenario para a revalorizaci\u00f3n do Patrimonio<\/td>\n<td>Ayuntamiento de Ribadeo<\/td>\n<td>1<\/td>\n<td><\/td>\n<\/tr>\n<tr>\n<td><\/td>\n<td><\/td>\n<td><\/td>\n<td><\/td>\n<td><\/td>\n<\/tr>\n<\/tbody>\n<\/table>\n[\/mk_table][mk_custom_box][vc_column_text title=\u00bbMotivos\u00bb css=\u00bb.vc_custom_1512125535969{margin-bottom: 0px !important;}\u00bb]\n<h6>1. La solicitud de ayuda est\u00e1 incompleta (art\u00edculo 12 de las bases reguladoras)<br \/>\n2. El promotor no cumple los requisitos indicados en las bases reguladoras (art\u00edculo 3 de las bases reguladoras)<br \/>\n3. Los gastos propuestos en el presupuesto del proyecto no son subvencionables (art\u00edculo 5 de las bases reguladoras)<br \/>\n4. El\u00a0 proyecto no es elegible al margen de las fichas de elegibilidad de las bases reguladoras y\/o de la estrategia del GDR<br \/>\n5. El proyecto no alcanza la puntuaci\u00f3n m\u00ednima o de corte establecida en el baremo del GDR<br \/>\n6. Otras: especificar la causa en el apartado de observaciones<\/h6>\n[\/vc_column_text][\/mk_custom_box][mk_padding_divider][mk_fancy_title size=\u00bb18&#8243; font_family=\u00bbnone\u00bb]Proyectos no productivos promovidos por entidades privadas[\/mk_fancy_title][mk_table]\n<table width=\"100%\">\n<thead>\n<tr>\n<th width=\"150px\">Expediente<\/th>\n<th>T\u00edtulo<\/th>\n<th>Promotor<\/th>\n<th>Motivo<\/th>\n<th>Observaci\u00f3ns<\/th>\n<\/tr>\n<\/thead>\n<tbody>\n<tr>\n<td>L17-1920-01-034<\/td>\n<td>Instalaci\u00f3n de fiestras no Centro de Ocio de Cami\u00f1a, Asociaci\u00f3n comarcal da Mari\u00f1a Lucense<\/td>\n<td>\u00abCami\u00f1a, Asociaci\u00f3n Comarcal da Mari\u00f1a Lucense\u00bb<\/td>\n<td>1<\/td>\n<td><\/td>\n<\/tr>\n<tr>\n<td>L17-1920-01-048<\/td>\n<td>Proxecto piloto para a reintroduci\u00f3n de especies arbor\u00edcolas combinando a producci\u00f3n de casta\u00f1a e seta de alta calidade<\/td>\n<td>Augassantas Kite Club<\/td>\n<td>6<\/td>\n<td><\/td>\n<\/tr>\n<\/tbody>\n<\/table>\n[\/mk_table][mk_custom_box][vc_column_text title=\u00bbMotivos\u00bb css=\u00bb.vc_custom_1512125535969{margin-bottom: 0px !important;}\u00bb]\n<h6>1. La solicitud de ayuda est\u00e1 incompleta (art\u00edculo 12 de las bases reguladoras)<br \/>\n2. El promotor no cumple los requisitos indicados en las bases reguladoras (art\u00edculo 3 de las bases reguladoras)<br \/>\n3. Los gastos propuestos en el presupuesto del proyecto no son subvencionables (art\u00edculo 5 de las bases reguladoras)<br \/>\n4. El\u00a0 proyecto no es elegible al margen de las fichas de elegibilidad de las bases reguladoras y\/o de la estrategia del GDR<br \/>\n5. El proyecto no alcanza la puntuaci\u00f3n m\u00ednima o de corte establecida en el baremo del GDR<br \/>\n6. Otras: especificar la causa en el apartado de observaciones<\/h6>\n[\/vc_column_text][\/mk_custom_box][\/vc_column][\/vc_row]\n","protected":false},"excerpt":{"rendered":"<p>[vc_row][vc_column][mk_fancy_title size=\u00bb18&#8243; font_family=\u00bbnone\u00bb]Proyectos productivos[\/mk_fancy_title][mk_table] Expediente T\u00edtulo Promotor Motivo Observaciones L17-1920-01-015 Servicios forestales de astillado Technology For Professionals Europe, S.L 3 L17-1920-01-023 Apertura de albergue de peregrinos en Lourenz\u00e1 Inmoart 1961, S.L 6 Obras iniciadas L17-1920-01-024 Estudios de mercado: A Mari\u00f1a e zonas lim\u00edtrofes Asel Costa, S.L 3 L17-1920-01-025 Lavander\u00eda autoservicio \u00abOso Blanco\u00bb Lavysec Ribadeo, S.L.L [&hellip;]<\/p>\n","protected":false},"author":1,"featured_media":0,"parent":2768,"menu_order":0,"comment_status":"closed","ping_status":"closed","template":"","meta":{"footnotes":""},"class_list":["post-2785","page","type-page","status-publish","hentry"],"_links":{"self":[{"href":"https:\/\/terrasdemiranda.org\/es\/wp-json\/wp\/v2\/pages\/2785"}],"collection":[{"href":"https:\/\/terrasdemiranda.org\/es\/wp-json\/wp\/v2\/pages"}],"about":[{"href":"https:\/\/terrasdemiranda.org\/es\/wp-json\/wp\/v2\/types\/page"}],"author":[{"embeddable":true,"href":"https:\/\/terrasdemiranda.org\/es\/wp-json\/wp\/v2\/users\/1"}],"replies":[{"embeddable":true,"href":"https:\/\/terrasdemiranda.org\/es\/wp-json\/wp\/v2\/comments?post=2785"}],"version-history":[{"count":6,"href":"https:\/\/terrasdemiranda.org\/es\/wp-json\/wp\/v2\/pages\/2785\/revisions"}],"predecessor-version":[{"id":2932,"href":"https:\/\/terrasdemiranda.org\/es\/wp-json\/wp\/v2\/pages\/2785\/revisions\/2932"}],"up":[{"embeddable":true,"href":"https:\/\/terrasdemiranda.org\/es\/wp-json\/wp\/v2\/pages\/2768"}],"wp:attachment":[{"href":"https:\/\/terrasdemiranda.org\/es\/wp-json\/wp\/v2\/media?parent=2785"}],"curies":[{"name":"wp","href":"https:\/\/api.w.org\/{rel}","templated":true}]}}