{"id":2805,"date":"2017-12-04T18:45:29","date_gmt":"2017-12-04T18:45:29","guid":{"rendered":"http:\/\/terrasdemiranda.org\/presentacion-leader\/proxectos\/proxectos-subvencionados-convocatoria-2017-2018\/l17-1920-01-013\/"},"modified":"2018-09-05T10:06:41","modified_gmt":"2018-09-05T10:06:41","slug":"l17-1920-01-013","status":"publish","type":"page","link":"https:\/\/terrasdemiranda.org\/es\/leader\/proyectos\/proyectos-subvencionados-convocatoria-2017-2018\/l17-1920-01-013\/","title":{"rendered":"L17-1920-01-013"},"content":{"rendered":"[vc_row][vc_column width=\u00bb1\/2&#8243;][mk_image src=\u00bbhttps:\/\/terrasdemiranda.org\/wp-content\/uploads\/2017\/11\/proxectos-default.jpg\u00bb image_height=\u00bb600&#8243; lightbox=\u00bbtrue\u00bb][mk_padding_divider][\/vc_column][vc_column width=\u00bb1\/2&#8243;][vc_column_text css=\u00bb.vc_custom_1512413075747{margin-bottom: 0px !important;}\u00bb]Es un plan de marketing basado en las nuevas tecnolog\u00edas para la promoci\u00f3n de los diferentes \u00e1mbitos del patrimonio do Ayuntamiento, patrimonio hist\u00f3rico, tur\u00edstico y cultural. Los objectivos se enmarcar\u00e1n en cinco grupos: creaci\u00f3n y desarrollo dun contenido digital sobre Mondo\u00f1edo en cinco idiomas: ingl\u00e9s, franc\u00e9s, espa\u00f1ol, galego y chino, desarrollo de una estrategia de marketing digital, con realidad virtual y aumentada para la promoci\u00f3n del Patrimonio Hist\u00f3rico-Cultural de<br \/>\nMondo\u00f1edo, talleres de capacitaci\u00f3n, concienciaci\u00f3n y cooperaci\u00f3n entre personas para acercar internet y las oportunidades de esta tecnolog\u00eda hacia la autopromoci\u00f3n y venta de produtos t\u00edpicos de Mondo\u00f1edo, creaci\u00f3n de una red estrat\u00e9gica de contacto con la econom\u00eda colaborativa para acercar el uso de las principales aplicaciones y tecnolog\u00edas relacionadas con la econom\u00eda colaborativa y creaci\u00f3n de una comunidad social en la que el nexo de uni\u00f3n ser\u00e1n las nuevas tecnolog\u00edas y formatos audiovisuales.<\/p>\n<p><strong>Lugar de ubicaci\u00f3n:<\/strong> Mondo\u00f1edo<br \/>\n<strong>Promotor del proyecto:<\/strong> Ayuntamiento de Mondo\u00f1edo<br \/>\n<b>Presupuesto\u00a0aceptado:<\/b> 54.450\u20ac<br \/>\n<b>Porcentaje\u00a0de ayuda:<\/b> 89,56%<br \/>\n<strong>Importe de la ayuda:<\/strong> 48.765,42\u20ac[\/vc_column_text][\/vc_column][\/vc_row]\n","protected":false},"excerpt":{"rendered":"<p>[vc_row][vc_column width=\u00bb1\/2&#8243;][mk_image src=\u00bbhttps:\/\/terrasdemiranda.org\/wp-content\/uploads\/2017\/11\/proxectos-default.jpg\u00bb image_height=\u00bb600&#8243; lightbox=\u00bbtrue\u00bb][mk_padding_divider][\/vc_column][vc_column width=\u00bb1\/2&#8243;][vc_column_text css=\u00bb.vc_custom_1512413075747{margin-bottom: 0px !important;}\u00bb]Es un plan de marketing basado en las nuevas tecnolog\u00edas para la promoci\u00f3n de los diferentes \u00e1mbitos del patrimonio do Ayuntamiento, patrimonio hist\u00f3rico, tur\u00edstico y cultural. Los objectivos se enmarcar\u00e1n en cinco grupos: creaci\u00f3n y desarrollo dun contenido digital sobre Mondo\u00f1edo en cinco idiomas: ingl\u00e9s, franc\u00e9s, espa\u00f1ol, [&hellip;]<\/p>\n","protected":false},"author":1,"featured_media":0,"parent":2778,"menu_order":0,"comment_status":"closed","ping_status":"closed","template":"","meta":{"footnotes":""},"class_list":["post-2805","page","type-page","status-publish","hentry"],"_links":{"self":[{"href":"https:\/\/terrasdemiranda.org\/es\/wp-json\/wp\/v2\/pages\/2805"}],"collection":[{"href":"https:\/\/terrasdemiranda.org\/es\/wp-json\/wp\/v2\/pages"}],"about":[{"href":"https:\/\/terrasdemiranda.org\/es\/wp-json\/wp\/v2\/types\/page"}],"author":[{"embeddable":true,"href":"https:\/\/terrasdemiranda.org\/es\/wp-json\/wp\/v2\/users\/1"}],"replies":[{"embeddable":true,"href":"https:\/\/terrasdemiranda.org\/es\/wp-json\/wp\/v2\/comments?post=2805"}],"version-history":[{"count":1,"href":"https:\/\/terrasdemiranda.org\/es\/wp-json\/wp\/v2\/pages\/2805\/revisions"}],"predecessor-version":[{"id":2807,"href":"https:\/\/terrasdemiranda.org\/es\/wp-json\/wp\/v2\/pages\/2805\/revisions\/2807"}],"up":[{"embeddable":true,"href":"https:\/\/terrasdemiranda.org\/es\/wp-json\/wp\/v2\/pages\/2778"}],"wp:attachment":[{"href":"https:\/\/terrasdemiranda.org\/es\/wp-json\/wp\/v2\/media?parent=2805"}],"curies":[{"name":"wp","href":"https:\/\/api.w.org\/{rel}","templated":true}]}}