{"id":2810,"date":"2017-12-04T19:02:50","date_gmt":"2017-12-04T19:02:50","guid":{"rendered":"http:\/\/terrasdemiranda.org\/presentacion-leader\/proxectos\/proxectos-subvencionados-convocatoria-2017-2018\/l17-1920-01-019\/"},"modified":"2018-09-05T10:37:43","modified_gmt":"2018-09-05T10:37:43","slug":"l17-1920-01-019","status":"publish","type":"page","link":"https:\/\/terrasdemiranda.org\/es\/leader\/proyectos\/proyectos-subvencionados-convocatoria-2017-2018\/l17-1920-01-019\/","title":{"rendered":"L17-1920-01-019"},"content":{"rendered":"[vc_row][vc_column width=\u00bb1\/2&#8243;][mk_image src=\u00bbhttps:\/\/terrasdemiranda.org\/wp-content\/uploads\/2017\/11\/escola-de-rilleira.jpg\u00bb image_height=\u00bb600&#8243; lightbox=\u00bbtrue\u00bb][mk_padding_divider][\/vc_column][vc_column width=\u00bb1\/2&#8243;][vc_column_text css=\u00bb.vc_custom_1536143807657{margin-bottom: 0px !important;}\u00bb]Rehabilitaci\u00f3n y ampliaci\u00f3n del inmueble y adecuaci\u00f3n para el uso p\u00fablico, como dinamizador del n\u00facleo de poblaci\u00f3n. Se trata de una antigua escuela unitaria que una vez finalizado el destino educativo se emplea como local social vecinal por la poblaci\u00f3n del n\u00facleo rural. Los usos que se dar\u00e1 a este local social son los siguientes: cursos formativos, programas educativos infantiles, gimnasia para mayores, fiestas comunitarias, reuniones vecinales, charlas y jornadas informativas sobre el medio rural, universidad rural y actuaciones de tipo teatral, entre otras.<\/p>\n<p><strong>Lugar de ubicaci\u00f3n:<\/strong> San Xuli\u00e1n de Cabarcos (Barreiros)<br \/>\n<strong>Promotor del proyecto:<\/strong> Ayuntamiento de Barreiros<br \/>\n<strong>Presupuesto aceptado:<\/strong> 72.126,89 \u20ac<br \/>\n<strong>Porcentaje de ayuda:<\/strong> 87,78%<br \/>\n<strong>Importe de la ayuda:<\/strong> 50.000\u20ac[\/vc_column_text][\/vc_column][\/vc_row]\n","protected":false},"excerpt":{"rendered":"<p>[vc_row][vc_column width=\u00bb1\/2&#8243;][mk_image src=\u00bbhttps:\/\/terrasdemiranda.org\/wp-content\/uploads\/2017\/11\/escola-de-rilleira.jpg\u00bb image_height=\u00bb600&#8243; lightbox=\u00bbtrue\u00bb][mk_padding_divider][\/vc_column][vc_column width=\u00bb1\/2&#8243;][vc_column_text css=\u00bb.vc_custom_1536143807657{margin-bottom: 0px !important;}\u00bb]Rehabilitaci\u00f3n y ampliaci\u00f3n del inmueble y adecuaci\u00f3n para el uso p\u00fablico, como dinamizador del n\u00facleo de poblaci\u00f3n. Se trata de una antigua escuela unitaria que una vez finalizado el destino educativo se emplea como local social vecinal por la poblaci\u00f3n del n\u00facleo rural. Los usos que se [&hellip;]<\/p>\n","protected":false},"author":1,"featured_media":0,"parent":2778,"menu_order":0,"comment_status":"closed","ping_status":"closed","template":"","meta":{"footnotes":""},"class_list":["post-2810","page","type-page","status-publish","hentry"],"_links":{"self":[{"href":"https:\/\/terrasdemiranda.org\/es\/wp-json\/wp\/v2\/pages\/2810"}],"collection":[{"href":"https:\/\/terrasdemiranda.org\/es\/wp-json\/wp\/v2\/pages"}],"about":[{"href":"https:\/\/terrasdemiranda.org\/es\/wp-json\/wp\/v2\/types\/page"}],"author":[{"embeddable":true,"href":"https:\/\/terrasdemiranda.org\/es\/wp-json\/wp\/v2\/users\/1"}],"replies":[{"embeddable":true,"href":"https:\/\/terrasdemiranda.org\/es\/wp-json\/wp\/v2\/comments?post=2810"}],"version-history":[{"count":2,"href":"https:\/\/terrasdemiranda.org\/es\/wp-json\/wp\/v2\/pages\/2810\/revisions"}],"predecessor-version":[{"id":2812,"href":"https:\/\/terrasdemiranda.org\/es\/wp-json\/wp\/v2\/pages\/2810\/revisions\/2812"}],"up":[{"embeddable":true,"href":"https:\/\/terrasdemiranda.org\/es\/wp-json\/wp\/v2\/pages\/2778"}],"wp:attachment":[{"href":"https:\/\/terrasdemiranda.org\/es\/wp-json\/wp\/v2\/media?parent=2810"}],"curies":[{"name":"wp","href":"https:\/\/api.w.org\/{rel}","templated":true}]}}