{"id":2813,"date":"2017-12-04T20:04:32","date_gmt":"2017-12-04T20:04:32","guid":{"rendered":"http:\/\/terrasdemiranda.org\/presentacion-leader\/proxectos\/proxectos-subvencionados-convocatoria-2017-2018\/l17-1920-01-026\/"},"modified":"2018-09-05T10:55:58","modified_gmt":"2018-09-05T10:55:58","slug":"l17-1920-01-026","status":"publish","type":"page","link":"https:\/\/terrasdemiranda.org\/es\/leader\/proyectos\/proyectos-subvencionados-convocatoria-2017-2018\/l17-1920-01-026\/","title":{"rendered":"L17-1920-01-026"},"content":{"rendered":"[vc_row][vc_column width=\u00bb1\/2&#8243;][mk_image src=\u00bbhttps:\/\/terrasdemiranda.org\/wp-content\/uploads\/2017\/11\/proxectos-default.jpg\u00bb image_height=\u00bb600&#8243; lightbox=\u00bbtrue\u00bb][mk_padding_divider][\/vc_column][vc_column width=\u00bb1\/2&#8243;][vc_column_text css=\u00bb.vc_custom_1536144949962{margin-bottom: 0px !important;}\u00bb]Construcci\u00f3n de un local social para centro de reuni\u00f3n y entretenimiento y para administrar servicios a los socios de la Comunidad de Montes Vecinales. Edificio desarrollado en planta baja, distribuido en: zona de servicios multifuncional, que consta de un sal\u00f3n susceptible de convertirse en dos o tres dimensiones m\u00e1s reducidas previsto para todo tipo de actos de car\u00e1cter l\u00fadico, social o cultural: exposiciones, cursos de formaci\u00f3n, proyecci\u00f3n de pel\u00edculas, asambleas vecinales, juegos para la tercera edad, etc&#8230;, Zona de servicios m\u00faltiples, como minibar, cocina y otros de apoyo en la promoci\u00f3n y organizaci\u00f3n de eventos sociales, culturales, l\u00fadicos y por \u00faltimo espacios destinados a servicios, sala de instalaciones, armario de limpieza y almacenaje y ba\u00f1os. Cuenta adem\u00e1s con espacio cubierto y zona de aparcamiento.<\/p>\n<p><strong>Lugar de ubicaci\u00f3n:<\/strong> O Valadouro<br \/>\n<strong>Promotor del proyecto:<\/strong> Comunidad de Montes de Alaxe<br \/>\n<strong>Presupuesto aceptado:<\/strong> 130.244,43\u20ac<br \/>\n<strong>Porcentaje de ayuda:<\/strong> 86%<br \/>\n<strong>Importe da ayuda:<\/strong> 50.000\u20ac[\/vc_column_text][\/vc_column][\/vc_row]\n","protected":false},"excerpt":{"rendered":"<p>[vc_row][vc_column width=\u00bb1\/2&#8243;][mk_image src=\u00bbhttps:\/\/terrasdemiranda.org\/wp-content\/uploads\/2017\/11\/proxectos-default.jpg\u00bb image_height=\u00bb600&#8243; lightbox=\u00bbtrue\u00bb][mk_padding_divider][\/vc_column][vc_column width=\u00bb1\/2&#8243;][vc_column_text css=\u00bb.vc_custom_1536144949962{margin-bottom: 0px !important;}\u00bb]Construcci\u00f3n de un local social para centro de reuni\u00f3n y entretenimiento y para administrar servicios a los socios de la Comunidad de Montes Vecinales. Edificio desarrollado en planta baja, distribuido en: zona de servicios multifuncional, que consta de un sal\u00f3n susceptible de convertirse en dos o tres [&hellip;]<\/p>\n","protected":false},"author":1,"featured_media":0,"parent":2778,"menu_order":0,"comment_status":"closed","ping_status":"closed","template":"","meta":{"footnotes":""},"class_list":["post-2813","page","type-page","status-publish","hentry"],"_links":{"self":[{"href":"https:\/\/terrasdemiranda.org\/es\/wp-json\/wp\/v2\/pages\/2813"}],"collection":[{"href":"https:\/\/terrasdemiranda.org\/es\/wp-json\/wp\/v2\/pages"}],"about":[{"href":"https:\/\/terrasdemiranda.org\/es\/wp-json\/wp\/v2\/types\/page"}],"author":[{"embeddable":true,"href":"https:\/\/terrasdemiranda.org\/es\/wp-json\/wp\/v2\/users\/1"}],"replies":[{"embeddable":true,"href":"https:\/\/terrasdemiranda.org\/es\/wp-json\/wp\/v2\/comments?post=2813"}],"version-history":[{"count":2,"href":"https:\/\/terrasdemiranda.org\/es\/wp-json\/wp\/v2\/pages\/2813\/revisions"}],"predecessor-version":[{"id":2815,"href":"https:\/\/terrasdemiranda.org\/es\/wp-json\/wp\/v2\/pages\/2813\/revisions\/2815"}],"up":[{"embeddable":true,"href":"https:\/\/terrasdemiranda.org\/es\/wp-json\/wp\/v2\/pages\/2778"}],"wp:attachment":[{"href":"https:\/\/terrasdemiranda.org\/es\/wp-json\/wp\/v2\/media?parent=2813"}],"curies":[{"name":"wp","href":"https:\/\/api.w.org\/{rel}","templated":true}]}}