{"id":2816,"date":"2017-12-04T19:09:56","date_gmt":"2017-12-04T19:09:56","guid":{"rendered":"http:\/\/terrasdemiranda.org\/presentacion-leader\/proxectos\/proxectos-subvencionados-convocatoria-2017-2018\/l17-1920-01-020\/"},"modified":"2018-09-05T11:05:36","modified_gmt":"2018-09-05T11:05:36","slug":"l17-1920-01-020","status":"publish","type":"page","link":"https:\/\/terrasdemiranda.org\/es\/leader\/proyectos\/proyectos-subvencionados-convocatoria-2017-2018\/l17-1920-01-020\/","title":{"rendered":"L17-1920-01-020"},"content":{"rendered":"[vc_row][vc_column width=\u00bb1\/2&#8243;][mk_image src=\u00bbhttps:\/\/terrasdemiranda.org\/wp-content\/uploads\/2017\/11\/proxectos-default.jpg\u00bb image_height=\u00bb600&#8243; lightbox=\u00bbtrue\u00bb][mk_padding_divider][\/vc_column][vc_column width=\u00bb1\/2&#8243;][vc_column_text css=\u00bb.vc_custom_1536145527875{margin-bottom: 0px !important;}\u00bb]Consiste en la adquisici\u00f3n de un veh\u00edculo para transportar a personas con discapacidad y\/o con dependencia o en tr\u00e1mites de conseguirla, para desplazarlos a diferentes recursos: Centro de salud, centro de servicios socio-comunitarios, centro de d\u00eda o cualquier otro que se realice a trav\u00e9s de la delegaci\u00f3n de servicios sociales del Ayuntamiento y que puedan mantener las habilidades funcionales para mejorar la autonom\u00eda e las capacidades motoras, as\u00ed como la prevenci\u00f3n del deterioro f\u00edsico y cognitivo.<br \/>\nLos colectivos a los que va dirigido son personas con cualquier discapacidad o grado de dependencia o en tr\u00e1mite de conseguirla, personas pensionistas mayores de 60 anos y personas mayores de 65 anos.<\/p>\n<p><strong>Lugar de ubicaci\u00f3n:<\/strong> Mondo\u00f1edo<br \/>\n<strong>Promotor del proyecto:<\/strong>\u00a0Ayuntamiento de Mondo\u00f1edo<br \/>\n<strong>Presupuesto aceptado:<\/strong> 41.140\u20ac<br \/>\n<strong>Porcentaje de ayuda:<\/strong> 87,33%<br \/>\n<strong>Importe de la ayuda:<\/strong> 35.927,56\u20ac[\/vc_column_text][\/vc_column][\/vc_row]\n","protected":false},"excerpt":{"rendered":"<p>[vc_row][vc_column width=\u00bb1\/2&#8243;][mk_image src=\u00bbhttps:\/\/terrasdemiranda.org\/wp-content\/uploads\/2017\/11\/proxectos-default.jpg\u00bb image_height=\u00bb600&#8243; lightbox=\u00bbtrue\u00bb][mk_padding_divider][\/vc_column][vc_column width=\u00bb1\/2&#8243;][vc_column_text css=\u00bb.vc_custom_1536145527875{margin-bottom: 0px !important;}\u00bb]Consiste en la adquisici\u00f3n de un veh\u00edculo para transportar a personas con discapacidad y\/o con dependencia o en tr\u00e1mites de conseguirla, para desplazarlos a diferentes recursos: Centro de salud, centro de servicios socio-comunitarios, centro de d\u00eda o cualquier otro que se realice a trav\u00e9s de la delegaci\u00f3n [&hellip;]<\/p>\n","protected":false},"author":1,"featured_media":0,"parent":2778,"menu_order":0,"comment_status":"closed","ping_status":"closed","template":"","meta":{"footnotes":""},"class_list":["post-2816","page","type-page","status-publish","hentry"],"_links":{"self":[{"href":"https:\/\/terrasdemiranda.org\/es\/wp-json\/wp\/v2\/pages\/2816"}],"collection":[{"href":"https:\/\/terrasdemiranda.org\/es\/wp-json\/wp\/v2\/pages"}],"about":[{"href":"https:\/\/terrasdemiranda.org\/es\/wp-json\/wp\/v2\/types\/page"}],"author":[{"embeddable":true,"href":"https:\/\/terrasdemiranda.org\/es\/wp-json\/wp\/v2\/users\/1"}],"replies":[{"embeddable":true,"href":"https:\/\/terrasdemiranda.org\/es\/wp-json\/wp\/v2\/comments?post=2816"}],"version-history":[{"count":2,"href":"https:\/\/terrasdemiranda.org\/es\/wp-json\/wp\/v2\/pages\/2816\/revisions"}],"predecessor-version":[{"id":2818,"href":"https:\/\/terrasdemiranda.org\/es\/wp-json\/wp\/v2\/pages\/2816\/revisions\/2818"}],"up":[{"embeddable":true,"href":"https:\/\/terrasdemiranda.org\/es\/wp-json\/wp\/v2\/pages\/2778"}],"wp:attachment":[{"href":"https:\/\/terrasdemiranda.org\/es\/wp-json\/wp\/v2\/media?parent=2816"}],"curies":[{"name":"wp","href":"https:\/\/api.w.org\/{rel}","templated":true}]}}