{"id":2819,"date":"2018-09-05T11:14:36","date_gmt":"2018-09-05T11:14:36","guid":{"rendered":"http:\/\/terrasdemiranda.org\/presentacion-leader\/proxectos\/proxectos-subvencionados-convocatoria-2017-2018\/l17-1920-01-028\/"},"modified":"2018-09-05T11:16:08","modified_gmt":"2018-09-05T11:16:08","slug":"l17-1920-01-028","status":"publish","type":"page","link":"https:\/\/terrasdemiranda.org\/es\/leader\/proyectos\/proyectos-subvencionados-convocatoria-2017-2018\/l17-1920-01-028\/","title":{"rendered":"L17-1920-01-028"},"content":{"rendered":"[vc_row][vc_column width=\u00bb1\/2&#8243;][mk_image src=\u00bbhttps:\/\/terrasdemiranda.org\/wp-content\/uploads\/2017\/11\/tren-do-ferro.jpg\u00bb image_height=\u00bb600&#8243; lightbox=\u00bbtrue\u00bb][mk_padding_divider][\/vc_column][vc_column width=\u00bb1\/2&#8243;][vc_column_text css=\u00bb.vc_custom_1512412609368{margin-bottom: 0px !important;}\u00bb]Se trata de de un alojamiento especializado en rescate y promoci\u00f3n del turismo de calidad en Galicia, considerando que desde hace muchos a\u00f1os se est\u00e1 intentando poner en valor la ruta verde del tren minero que un\u00eda Ribadeo y Pontenova.<br \/>\nLas instalaciones del alojamiento estar\u00e1n en vagones de trenes en desuso, restaurados y rehabilitados, de construcci\u00f3n sostenible.<br \/>\nCada vag\u00f3n har\u00e1 referencia a unha de las cuatro paradas del antiguo ferrocarril: A Pontenova, San Tirso de Abres, Porto-Vega y Ribadeo.<\/p>\n<p><strong>Lugar de ubicaci\u00f3n:<\/strong> Ribadeo<br \/>\n<strong>Promotor del proyecto:<\/strong> Ediana Zambrano Quintero<br \/>\n<strong>Presupuesto aceptado:<\/strong> 367.797,56\u20ac<br \/>\n<strong>Porcentaje de ayuda:<\/strong> 50%<br \/>\n<strong>Importe de la ayuda:<\/strong> 183.898,78\u20ac[\/vc_column_text][\/vc_column][\/vc_row]\n","protected":false},"excerpt":{"rendered":"<p>[vc_row][vc_column width=\u00bb1\/2&#8243;][mk_image src=\u00bbhttps:\/\/terrasdemiranda.org\/wp-content\/uploads\/2017\/11\/tren-do-ferro.jpg\u00bb image_height=\u00bb600&#8243; lightbox=\u00bbtrue\u00bb][mk_padding_divider][\/vc_column][vc_column width=\u00bb1\/2&#8243;][vc_column_text css=\u00bb.vc_custom_1512412609368{margin-bottom: 0px !important;}\u00bb]Se trata de de un alojamiento especializado en rescate y promoci\u00f3n del turismo de calidad en Galicia, considerando que desde hace muchos a\u00f1os se est\u00e1 intentando poner en valor la ruta verde del tren minero que un\u00eda Ribadeo y Pontenova. Las instalaciones del alojamiento estar\u00e1n en vagones [&hellip;]<\/p>\n","protected":false},"author":1,"featured_media":0,"parent":2778,"menu_order":0,"comment_status":"closed","ping_status":"closed","template":"","meta":{"footnotes":""},"class_list":["post-2819","page","type-page","status-publish","hentry"],"_links":{"self":[{"href":"https:\/\/terrasdemiranda.org\/es\/wp-json\/wp\/v2\/pages\/2819"}],"collection":[{"href":"https:\/\/terrasdemiranda.org\/es\/wp-json\/wp\/v2\/pages"}],"about":[{"href":"https:\/\/terrasdemiranda.org\/es\/wp-json\/wp\/v2\/types\/page"}],"author":[{"embeddable":true,"href":"https:\/\/terrasdemiranda.org\/es\/wp-json\/wp\/v2\/users\/1"}],"replies":[{"embeddable":true,"href":"https:\/\/terrasdemiranda.org\/es\/wp-json\/wp\/v2\/comments?post=2819"}],"version-history":[{"count":1,"href":"https:\/\/terrasdemiranda.org\/es\/wp-json\/wp\/v2\/pages\/2819\/revisions"}],"predecessor-version":[{"id":2820,"href":"https:\/\/terrasdemiranda.org\/es\/wp-json\/wp\/v2\/pages\/2819\/revisions\/2820"}],"up":[{"embeddable":true,"href":"https:\/\/terrasdemiranda.org\/es\/wp-json\/wp\/v2\/pages\/2778"}],"wp:attachment":[{"href":"https:\/\/terrasdemiranda.org\/es\/wp-json\/wp\/v2\/media?parent=2819"}],"curies":[{"name":"wp","href":"https:\/\/api.w.org\/{rel}","templated":true}]}}