{"id":2821,"date":"2018-09-05T11:26:53","date_gmt":"2018-09-05T11:26:53","guid":{"rendered":"http:\/\/terrasdemiranda.org\/presentacion-leader\/proxectos\/proxectos-subvencionados-convocatoria-2017-2018\/l17-1920-01-030\/"},"modified":"2018-09-05T11:26:53","modified_gmt":"2018-09-05T11:26:53","slug":"l17-1920-01-030","status":"publish","type":"page","link":"https:\/\/terrasdemiranda.org\/es\/leader\/proyectos\/proyectos-subvencionados-convocatoria-2017-2018\/l17-1920-01-030\/","title":{"rendered":"L17-1920-01-030"},"content":{"rendered":"[vc_row][vc_column width=\u00bb1\/2&#8243;][mk_image src=\u00bbhttps:\/\/terrasdemiranda.org\/wp-content\/uploads\/2017\/11\/foto-operaciones-sostenibles.jpg\u00bb image_height=\u00bb600&#8243; lightbox=\u00bbtrue\u00bb][mk_padding_divider][\/vc_column][vc_column width=\u00bb1\/2&#8243;][vc_column_text css=\u00bb.vc_custom_1511885663446{margin-bottom: 0px !important;}\u00bb]Implementaci\u00f3n y desarrollo de servicios forestales y silvicultura como primera fase para una futura actividad industrial de una industria de bio-refiner\u00eda en base a derivados forestales ubicada en el municipio de Mondo\u00f1edo.<br \/>\nLa empresa Visi\u00f3n Verde Galicia desarrolla su actividad con operaciones forestales destinadas a la obtenci\u00f3n de biomasa a partir de cortas, clareos, desbroces, podas y eliminaci\u00f3n de restos.<br \/>\nSe persigue la explotaci\u00f3n y comercializaci\u00f3n de recursos naturales actualmente infrautilizados, a la vez que se protegen los bosques y se evita su deterioro y riesgo de incendios. Mediante actuaciones sostenibles, controladas y respetuosas con el entorno, se contribuir\u00e1 tambi\u00e9n el desarrollo econ\u00f3mico rural y\u00a0la creaci\u00f3n de empleo.<br \/>\nLa materia prima una vez procesada y lista para su transporte, se comercializa bajo distintos formatos, normalmente astilla, seg\u00fan su uso final.<\/p>\n<p><strong>Lugar de ubicaci\u00f3n:<\/strong> Mondo\u00f1edo<br \/>\n<strong>Promotor del proyecto:<\/strong> Visi\u00f3n Verde Galicia , S.L<br \/>\n<strong>Presupuesto aceptado:<\/strong> 455.450\u20ac<br \/>\n<strong>Porcentaje de ayuda:<\/strong> 40%<br \/>\n<strong>Importe de la ayuda:<\/strong> 182.180\u20ac[\/vc_column_text][\/vc_column][\/vc_row]\n","protected":false},"excerpt":{"rendered":"<p>[vc_row][vc_column width=\u00bb1\/2&#8243;][mk_image src=\u00bbhttps:\/\/terrasdemiranda.org\/wp-content\/uploads\/2017\/11\/foto-operaciones-sostenibles.jpg\u00bb image_height=\u00bb600&#8243; lightbox=\u00bbtrue\u00bb][mk_padding_divider][\/vc_column][vc_column width=\u00bb1\/2&#8243;][vc_column_text css=\u00bb.vc_custom_1511885663446{margin-bottom: 0px !important;}\u00bb]Implementaci\u00f3n y desarrollo de servicios forestales y silvicultura como primera fase para una futura actividad industrial de una industria de bio-refiner\u00eda en base a derivados forestales ubicada en el municipio de Mondo\u00f1edo. La empresa Visi\u00f3n Verde Galicia desarrolla su actividad con operaciones forestales destinadas a la obtenci\u00f3n [&hellip;]<\/p>\n","protected":false},"author":1,"featured_media":0,"parent":2778,"menu_order":0,"comment_status":"closed","ping_status":"closed","template":"","meta":{"footnotes":""},"class_list":["post-2821","page","type-page","status-publish","hentry"],"_links":{"self":[{"href":"https:\/\/terrasdemiranda.org\/es\/wp-json\/wp\/v2\/pages\/2821"}],"collection":[{"href":"https:\/\/terrasdemiranda.org\/es\/wp-json\/wp\/v2\/pages"}],"about":[{"href":"https:\/\/terrasdemiranda.org\/es\/wp-json\/wp\/v2\/types\/page"}],"author":[{"embeddable":true,"href":"https:\/\/terrasdemiranda.org\/es\/wp-json\/wp\/v2\/users\/1"}],"replies":[{"embeddable":true,"href":"https:\/\/terrasdemiranda.org\/es\/wp-json\/wp\/v2\/comments?post=2821"}],"version-history":[{"count":1,"href":"https:\/\/terrasdemiranda.org\/es\/wp-json\/wp\/v2\/pages\/2821\/revisions"}],"predecessor-version":[{"id":2822,"href":"https:\/\/terrasdemiranda.org\/es\/wp-json\/wp\/v2\/pages\/2821\/revisions\/2822"}],"up":[{"embeddable":true,"href":"https:\/\/terrasdemiranda.org\/es\/wp-json\/wp\/v2\/pages\/2778"}],"wp:attachment":[{"href":"https:\/\/terrasdemiranda.org\/es\/wp-json\/wp\/v2\/media?parent=2821"}],"curies":[{"name":"wp","href":"https:\/\/api.w.org\/{rel}","templated":true}]}}