{"id":2823,"date":"2018-09-05T11:43:49","date_gmt":"2018-09-05T11:43:49","guid":{"rendered":"http:\/\/terrasdemiranda.org\/presentacion-leader\/proxectos\/proxectos-subvencionados-convocatoria-2017-2018\/l17-1920-01-033\/"},"modified":"2018-09-05T11:43:49","modified_gmt":"2018-09-05T11:43:49","slug":"l17-1920-01-033","status":"publish","type":"page","link":"https:\/\/terrasdemiranda.org\/es\/leader\/proyectos\/proyectos-subvencionados-convocatoria-2017-2018\/l17-1920-01-033\/","title":{"rendered":"L17-1920-01-033"},"content":{"rendered":"[vc_row][vc_column width=\u00bb1\/2&#8243;][mk_image src=\u00bbhttps:\/\/terrasdemiranda.org\/wp-content\/uploads\/2017\/11\/centro-social-de-estelo-e-tronceda.jpg\u00bb image_height=\u00bb600&#8243; lightbox=\u00bbtrue\u00bb][mk_padding_divider][\/vc_column][vc_column width=\u00bb1\/2&#8243;][vc_column_text css=\u00bb.vc_custom_1512417571247{margin-bottom: 0px !important;}\u00bb]El equipamiento de este local social consistir\u00e1 en la instalaci\u00f3n de una estufa de pellets. Adquisici\u00f3n de los equipamientos y su instalaci\u00f3n.<br \/>\nLos destinatarios ser\u00e1n los miembros de la comunidad del monte de Estelo y Tronceda, as\u00ed como cualquiera usuario relacionado con las actividades parroquiales en el local.<br \/>\nLos usos previstos ser\u00e1n la realizaci\u00f3n de jornadas formativas e informativas peri\u00f3dicas sobre obligaciones, derechos y gesti\u00f3n de CMVMC.<\/p>\n<p><strong>Lugar de ubicaci\u00f3n:<\/strong> Mondo\u00f1edo<br \/>\n<strong>Promotor del proyecto:<\/strong> CMVMC de Estelo y Tronceda<br \/>\n<strong>Presupuesto aceptado:<\/strong> 3.810\u20ac<br \/>\n<strong>Porcentaje de ayuda:<\/strong> 89,56%<br \/>\n<strong>Importe de la ayuda:<\/strong> 3.412,24\u20ac[\/vc_column_text][\/vc_column][\/vc_row]\n","protected":false},"excerpt":{"rendered":"<p>[vc_row][vc_column width=\u00bb1\/2&#8243;][mk_image src=\u00bbhttps:\/\/terrasdemiranda.org\/wp-content\/uploads\/2017\/11\/centro-social-de-estelo-e-tronceda.jpg\u00bb image_height=\u00bb600&#8243; lightbox=\u00bbtrue\u00bb][mk_padding_divider][\/vc_column][vc_column width=\u00bb1\/2&#8243;][vc_column_text css=\u00bb.vc_custom_1512417571247{margin-bottom: 0px !important;}\u00bb]El equipamiento de este local social consistir\u00e1 en la instalaci\u00f3n de una estufa de pellets. Adquisici\u00f3n de los equipamientos y su instalaci\u00f3n. Los destinatarios ser\u00e1n los miembros de la comunidad del monte de Estelo y Tronceda, as\u00ed como cualquiera usuario relacionado con las actividades parroquiales en el [&hellip;]<\/p>\n","protected":false},"author":1,"featured_media":0,"parent":2778,"menu_order":0,"comment_status":"closed","ping_status":"closed","template":"","meta":{"footnotes":""},"class_list":["post-2823","page","type-page","status-publish","hentry"],"_links":{"self":[{"href":"https:\/\/terrasdemiranda.org\/es\/wp-json\/wp\/v2\/pages\/2823"}],"collection":[{"href":"https:\/\/terrasdemiranda.org\/es\/wp-json\/wp\/v2\/pages"}],"about":[{"href":"https:\/\/terrasdemiranda.org\/es\/wp-json\/wp\/v2\/types\/page"}],"author":[{"embeddable":true,"href":"https:\/\/terrasdemiranda.org\/es\/wp-json\/wp\/v2\/users\/1"}],"replies":[{"embeddable":true,"href":"https:\/\/terrasdemiranda.org\/es\/wp-json\/wp\/v2\/comments?post=2823"}],"version-history":[{"count":1,"href":"https:\/\/terrasdemiranda.org\/es\/wp-json\/wp\/v2\/pages\/2823\/revisions"}],"predecessor-version":[{"id":2824,"href":"https:\/\/terrasdemiranda.org\/es\/wp-json\/wp\/v2\/pages\/2823\/revisions\/2824"}],"up":[{"embeddable":true,"href":"https:\/\/terrasdemiranda.org\/es\/wp-json\/wp\/v2\/pages\/2778"}],"wp:attachment":[{"href":"https:\/\/terrasdemiranda.org\/es\/wp-json\/wp\/v2\/media?parent=2823"}],"curies":[{"name":"wp","href":"https:\/\/api.w.org\/{rel}","templated":true}]}}