{"id":2831,"date":"2018-09-05T15:06:21","date_gmt":"2018-09-05T15:06:21","guid":{"rendered":"http:\/\/terrasdemiranda.org\/presentacion-leader\/proxectos\/proxectos-subvencionados-convocatoria-2017-2018\/l17-1920-01-040\/"},"modified":"2018-09-05T15:06:21","modified_gmt":"2018-09-05T15:06:21","slug":"l17-1920-01-040","status":"publish","type":"page","link":"https:\/\/terrasdemiranda.org\/es\/leader\/proyectos\/proyectos-subvencionados-convocatoria-2017-2018\/l17-1920-01-040\/","title":{"rendered":"L17-1920-01-040"},"content":{"rendered":"[vc_row][vc_column width=\u00bb1\/2&#8243;][mk_image src=\u00bbhttps:\/\/terrasdemiranda.org\/wp-content\/uploads\/2017\/11\/equipamento-taller-cocia-aspanane.jpg\u00bb image_height=\u00bb600&#8243; lightbox=\u00bbtrue\u00bb][mk_padding_divider][\/vc_column][vc_column width=\u00bb1\/2&#8243;][vc_column_text css=\u00bb.vc_custom_1512418113538{margin-bottom: 0px !important;}\u00bb]Con este proyecto se intenta mejorar la calidad de vida de las personas con discapacidad intelectual a trav\u00e9s de la mejora de las actividades funcionales. Fomento de las actividades instrumentales a trav\u00e9s de un taller de cocina y promoci\u00f3n del uso de las nuevas tecnolog\u00edas a trav\u00e9s de un taller de inform\u00e1tica.<br \/>\nActualmente el Centro ocupacional cuenta con tres talleres: cer\u00e1mica, serigraf\u00eda- tampograf\u00eda y madera.<br \/>\nLos objetivos que se persiguen son los de contribuir a la promoci\u00f3n de la autonom\u00eda personal, vida independiente y autodeterminaci\u00f3n de los usuarios\/as del Centro Ocupacional de Aspanane.<\/p>\n<p><strong>Lugar de ubicaci\u00f3n:<\/strong> Celeiro (Viveiro)<br \/>\n<strong>Promotor del proyecto:<\/strong> ASPANANE<br \/>\n<strong>Presupuesto aceptado:<\/strong> 10.340,72\u20ac<br \/>\n<strong>Porcentaje de ayuda:<\/strong> 80,67%<br \/>\n<strong>Importe de la ayuda:<\/strong> 8.341,86\u20ac[\/vc_column_text][\/vc_column][\/vc_row]\n","protected":false},"excerpt":{"rendered":"<p>[vc_row][vc_column width=\u00bb1\/2&#8243;][mk_image src=\u00bbhttps:\/\/terrasdemiranda.org\/wp-content\/uploads\/2017\/11\/equipamento-taller-cocia-aspanane.jpg\u00bb image_height=\u00bb600&#8243; lightbox=\u00bbtrue\u00bb][mk_padding_divider][\/vc_column][vc_column width=\u00bb1\/2&#8243;][vc_column_text css=\u00bb.vc_custom_1512418113538{margin-bottom: 0px !important;}\u00bb]Con este proyecto se intenta mejorar la calidad de vida de las personas con discapacidad intelectual a trav\u00e9s de la mejora de las actividades funcionales. Fomento de las actividades instrumentales a trav\u00e9s de un taller de cocina y promoci\u00f3n del uso de las nuevas tecnolog\u00edas a trav\u00e9s [&hellip;]<\/p>\n","protected":false},"author":1,"featured_media":0,"parent":2778,"menu_order":0,"comment_status":"closed","ping_status":"closed","template":"","meta":{"footnotes":""},"class_list":["post-2831","page","type-page","status-publish","hentry"],"_links":{"self":[{"href":"https:\/\/terrasdemiranda.org\/es\/wp-json\/wp\/v2\/pages\/2831"}],"collection":[{"href":"https:\/\/terrasdemiranda.org\/es\/wp-json\/wp\/v2\/pages"}],"about":[{"href":"https:\/\/terrasdemiranda.org\/es\/wp-json\/wp\/v2\/types\/page"}],"author":[{"embeddable":true,"href":"https:\/\/terrasdemiranda.org\/es\/wp-json\/wp\/v2\/users\/1"}],"replies":[{"embeddable":true,"href":"https:\/\/terrasdemiranda.org\/es\/wp-json\/wp\/v2\/comments?post=2831"}],"version-history":[{"count":1,"href":"https:\/\/terrasdemiranda.org\/es\/wp-json\/wp\/v2\/pages\/2831\/revisions"}],"predecessor-version":[{"id":2832,"href":"https:\/\/terrasdemiranda.org\/es\/wp-json\/wp\/v2\/pages\/2831\/revisions\/2832"}],"up":[{"embeddable":true,"href":"https:\/\/terrasdemiranda.org\/es\/wp-json\/wp\/v2\/pages\/2778"}],"wp:attachment":[{"href":"https:\/\/terrasdemiranda.org\/es\/wp-json\/wp\/v2\/media?parent=2831"}],"curies":[{"name":"wp","href":"https:\/\/api.w.org\/{rel}","templated":true}]}}