{"id":2912,"date":"2018-09-20T10:24:29","date_gmt":"2018-09-20T10:24:29","guid":{"rendered":"http:\/\/terrasdemiranda.org\/leader\/proxectos\/proxectos-en-lista-de-agarda-convocatoria-2018-2019\/"},"modified":"2018-09-20T17:31:03","modified_gmt":"2018-09-20T17:31:03","slug":"proyectos-en-lista-de-espera-convocatoria-2018-2019","status":"publish","type":"page","link":"https:\/\/terrasdemiranda.org\/es\/leader\/proyectos\/proyectos-en-lista-de-espera-convocatoria-2018-2019\/","title":{"rendered":"Proyectos en lista de espera de la convocatoria 2018\/2019"},"content":{"rendered":"[vc_row][vc_column][mk_fancy_title size=\u00bb18&#8243; font_family=\u00bbnone\u00bb]Proyectos productivos[\/mk_fancy_title][mk_table]\n<table width=\"100%\">\n<thead>\n<tr>\n<th width=\"150px\">Expediente<\/th>\n<th>T\u00edtulo<\/th>\n<th>Promotor<\/th>\n<th>Presupuesto aceptado<\/th>\n<th>Porcentaje de ayuda (%)<\/th>\n<th>Puntuaci\u00f3n seg\u00fan el baremo<\/th>\n<\/tr>\n<\/thead>\n<tbody>\n<tr>\n<td>L17-1920-01-085<\/td>\n<td>Las Casas del Mar. Rural&amp;Boutique<\/td>\n<td>Angel Labastida Gaspar<\/td>\n<td>627.719,15\u20ac<\/td>\n<td>50%<\/td>\n<td>84<\/td>\n<\/tr>\n<tr>\n<td>L17-1920-01-045<\/td>\n<td>SEPOGAN INNOVA 2.0<\/td>\n<td>Sepogan Eo, SLU<\/td>\n<td>38.970\u20ac<\/td>\n<td>50%<\/td>\n<td>79<\/td>\n<\/tr>\n<tr>\n<td>L18-1920-01-069<\/td>\n<td>Ampliaci\u00f3n de pensi\u00f3n-residencia para aumento de categor\u00eda<\/td>\n<td>Bel\u00e9n Castrill\u00f3n Gonz\u00e1lez<\/td>\n<td>123.571,11\u20ac<\/td>\n<td>50%<\/td>\n<td>78<\/td>\n<\/tr>\n<tr>\n<td>L18-1920-01-087<\/td>\n<td>Porco Celta. M\u00e1ximo proveito<\/td>\n<td>Adri\u00e1n Sixto Trigo<\/td>\n<td>68.957,85\u20ac<\/td>\n<td>50%<\/td>\n<td>77<\/td>\n<\/tr>\n<tr>\n<td>L17-1920-01-003<\/td>\n<td>Construci\u00f3n de nave para taller de calderer\u00eda<\/td>\n<td>Miguel Angel Balseiro Cillero<\/td>\n<td>172.723,11\u20ac<\/td>\n<td>50%<\/td>\n<td>76<\/td>\n<\/tr>\n<tr>\n<td>L17-1920-01-038<\/td>\n<td>Centro de d\u00eda<\/td>\n<td>Coidando de Vos, SL<\/td>\n<td>250.989,51\u20ac<\/td>\n<td>50%<\/td>\n<td>76<\/td>\n<\/tr>\n<tr>\n<td>L17-1920-01-042<\/td>\n<td>Creaci\u00f3n de Albergue de Lourenz\u00e1<\/td>\n<td>Albergue Kapuseru Inn, SL<\/td>\n<td>242.645\u20ac<\/td>\n<td>50%<\/td>\n<td>74<\/td>\n<\/tr>\n<tr>\n<td>L17-1920-01-044<\/td>\n<td>Cambio de uso do faro de Illa Pancha de Ribadeo para aloxamento tur\u00edstico. Inversiones tangibles e custos xerais<\/td>\n<td>Eirobra A Mari\u00f1a, S.l<\/td>\n<td>6.086,51\u20ac<\/td>\n<td>50%<\/td>\n<td>73<\/td>\n<\/tr>\n<tr>\n<td>L18-1920-01-068<\/td>\n<td>Adecuaci\u00f3n instalaciones para incremento capacidad produtiva<\/td>\n<td>Discosta Norte, S.L<\/td>\n<td>46.328,95\u20ac<\/td>\n<td>50%<\/td>\n<td>71<\/td>\n<\/tr>\n<tr>\n<td>L17-1920-01-063<\/td>\n<td>Centro de nutrici\u00f3n y diet\u00e9tica Manduca<\/td>\n<td>Olga Yanes Marqu\u00e9s<\/td>\n<td>37.248,04\u20ac<\/td>\n<td>50%<\/td>\n<td>71<\/td>\n<\/tr>\n<tr>\n<td>L17-1920-01-005<\/td>\n<td>Equipos produtivos de movemento de terras e explanaci\u00f3n de terreos<\/td>\n<td>Jos\u00e9 Ram\u00f3n R\u00edo Garc\u00eda, S.L<\/td>\n<td>47.700\u20ac<\/td>\n<td>50%<\/td>\n<td>68<\/td>\n<\/tr>\n<tr>\n<td>L18-1920-01-088<\/td>\n<td>Implantaci\u00f3n de IRP para control de calidade<\/td>\n<td>Terras da Mari\u00f1a, Sociedad Cooperativa Galega<\/td>\n<td>17.500\u20ac<\/td>\n<td>50%<\/td>\n<td>67<\/td>\n<\/tr>\n<tr>\n<td>L17-1920-01-047<\/td>\n<td>Ampliaci\u00f3n actividad comercio al por mayor de piensos, cereales, plantas, abonos, fertilizantes, etc..<\/td>\n<td>Iv\u00e1n L\u00f3pez Otero<\/td>\n<td>90.099,36\u20ac<\/td>\n<td>50%<\/td>\n<td>66<\/td>\n<\/tr>\n<tr>\n<td>L17-1920-01-052<\/td>\n<td>Bicis e m\u00e1is\u2026.<\/td>\n<td>Aulobarros, S.L<\/td>\n<td>68.700,04\u20ac<\/td>\n<td>50%<\/td>\n<td>66<\/td>\n<\/tr>\n<tr>\n<td>L18-1920-01-079<\/td>\n<td>Albergue tur\u00edstico Hotel Sta Cruz<\/td>\n<td>Hotel Sta Cruz, S.l<\/td>\n<td>80.929,2\u20ac<\/td>\n<td>50%<\/td>\n<td>65<\/td>\n<\/tr>\n<tr>\n<td>L17-1920-01-022<\/td>\n<td>Nuevo establecimiento especializado en el mantenimiento, lavado y engrase de maquinaria forestal<\/td>\n<td>Maderas Patricio, S.L<\/td>\n<td>853.763,01\u20ac<\/td>\n<td>49,22%<\/td>\n<td>64<\/td>\n<\/tr>\n<tr>\n<td>L18-1920-01-095<\/td>\n<td>Proxecto b\u00e1sico e de execuci\u00f3n de rehabilitaci\u00f3n<\/td>\n<td>Protabo, S.l<\/td>\n<td>193.475,29\u20ac<\/td>\n<td>46,11%<\/td>\n<td>60<\/td>\n<\/tr>\n<tr>\n<td>L17-1920-01-017<\/td>\n<td>Plantaci\u00f3n de aguacates \u00abLamb Hass\u00bb<\/td>\n<td>Ram\u00f3n Jos\u00e9 Becerra Ya\u00f1ez<\/td>\n<td>17.996,65\u20ac<\/td>\n<td>45,33%<\/td>\n<td>59<\/td>\n<\/tr>\n<tr>\n<td>L17-1920-01-002<\/td>\n<td>Mondoa Proxectos<\/td>\n<td>Ram\u00f3n Otero Candia<\/td>\n<td>29.026,82\u20ac<\/td>\n<td>43%<\/td>\n<td>56<\/td>\n<\/tr>\n<\/tbody>\n<\/table>\n[\/mk_table][mk_padding_divider][mk_fancy_title size=\u00bb18&#8243; font_family=\u00bbnone\u00bb]Proyectos no productivos promovidos por entidades p\u00fablicas locais[\/mk_fancy_title][mk_table]\n<table width=\"100%\">\n<thead>\n<tr>\n<th width=\"150px\">Expediente<\/th>\n<th>T\u00edtulo<\/th>\n<th>Promotor<\/th>\n<th>Presupuesto aceptado<\/th>\n<th>Porcentaje de ayuda (%)<\/th>\n<th>Puntuaci\u00f3n seg\u00fan el baremo<\/th>\n<\/tr>\n<\/thead>\n<tbody>\n<tr>\n<td>L18-1920-01-078<\/td>\n<td>Restauraci\u00f3n da Fonte da Grela<\/td>\n<td>Concello de Alfoz<\/td>\n<td>12.668,8\u20ac<\/td>\n<td>\u00a089,11%<\/td>\n<td>\u00a063<\/td>\n<\/tr>\n<tr>\n<td>L17-1920-01-012<\/td>\n<td>Servizo de transporte p\u00fablico gratu\u00edto para os maiores de Trabada<\/td>\n<td>Concello de Trabada<\/td>\n<td>33.347,68\u20ac<\/td>\n<td>\u00a086%<\/td>\n<td>\u00a056<\/td>\n<\/tr>\n<tr>\n<td>L17-1920-01-077<\/td>\n<td>Centro experimental para UAS (Drones)<\/td>\n<td>Concello de Cervo<\/td>\n<td>383.086\u20ac<\/td>\n<td>\u00a084,22%<\/td>\n<td>\u00a052<\/td>\n<\/tr>\n<tr>\n<td>L17-1920-01-021<\/td>\n<td>Cervo, un destino para sentir<\/td>\n<td>Concello de Cervo<\/td>\n<td>15.118,95\u20ac<\/td>\n<td>\u00a083,33%<\/td>\n<td>\u00a050<\/td>\n<\/tr>\n<tr>\n<td>L17-1920-01-027<\/td>\n<td>Punto Limpo Concello de Mondo\u00f1edo<\/td>\n<td>Concello de Mondo\u00f1edo<\/td>\n<td>239.827,2\u20ac<\/td>\n<td>\u00a068,22%<\/td>\n<td>\u00a061<\/td>\n<\/tr>\n<\/tbody>\n<\/table>\n[\/mk_table][mk_padding_divider][mk_fancy_title size=\u00bb18&#8243; font_family=\u00bbnone\u00bb]Proyectos no productivos promovidos por entidades privadas[\/mk_fancy_title][mk_table]\n<table width=\"100%\">\n<thead>\n<tr>\n<th width=\"150px\">Expediente<\/th>\n<th>T\u00edtulo<\/th>\n<th>Promotor<\/th>\n<th>Presupuesto aceptado<\/th>\n<th>Porcentaje de ayuda (%)<\/th>\n<th>Puntuaci\u00f3n seg\u00fan el baremo<\/th>\n<\/tr>\n<\/thead>\n<tbody>\n<tr>\n<td>L17-1920-01-036<\/td>\n<td>Dotaci\u00f3n de equipamento inform\u00e1tico e mobiliario para URF da Asociaci\u00f3n sen \u00e1nimo de lucro<\/td>\n<td>Asociaci\u00f3n de Familiares de enfermos de Alzheimer e outras<\/td>\n<td>9.825,16\u20ac<\/td>\n<td>\u00a079,78%<\/td>\n<td>\u00a042<\/td>\n<\/tr>\n<tr>\n<td>L17-1920-01-057<\/td>\n<td>Instalaci\u00f3n dunha p\u00e9rgola para zona de xogo<\/td>\n<td>Fillas do Divino Celo- Rogacionistas<\/td>\n<td>39.274,93\u20ac<\/td>\n<td>\u00a079,33%<\/td>\n<td>\u00a041<\/td>\n<\/tr>\n<tr>\n<td>L17-1920-01-004<\/td>\n<td>Adquisici\u00f3n de veh\u00edculo de nove prazas con adaptaci\u00f3n<\/td>\n<td>Fundaci\u00f3n EU SON<\/td>\n<td>26.937,35\u20ac<\/td>\n<td>\u00a078%<\/td>\n<td>\u00a038<\/td>\n<\/tr>\n<\/tbody>\n<\/table>\n[\/mk_table][\/vc_column][\/vc_row]\n","protected":false},"excerpt":{"rendered":"<p>[vc_row][vc_column][mk_fancy_title size=\u00bb18&#8243; font_family=\u00bbnone\u00bb]Proyectos productivos[\/mk_fancy_title][mk_table] Expediente T\u00edtulo Promotor Presupuesto aceptado Porcentaje de ayuda (%) Puntuaci\u00f3n seg\u00fan el baremo L17-1920-01-085 Las Casas del Mar. Rural&amp;Boutique Angel Labastida Gaspar 627.719,15\u20ac 50% 84 L17-1920-01-045 SEPOGAN INNOVA 2.0 Sepogan Eo, SLU 38.970\u20ac 50% 79 L18-1920-01-069 Ampliaci\u00f3n de pensi\u00f3n-residencia para aumento de categor\u00eda Bel\u00e9n Castrill\u00f3n Gonz\u00e1lez 123.571,11\u20ac 50% 78 L18-1920-01-087 Porco [&hellip;]<\/p>\n","protected":false},"author":1,"featured_media":0,"parent":2768,"menu_order":0,"comment_status":"closed","ping_status":"closed","template":"","meta":{"footnotes":""},"class_list":["post-2912","page","type-page","status-publish","hentry"],"_links":{"self":[{"href":"https:\/\/terrasdemiranda.org\/es\/wp-json\/wp\/v2\/pages\/2912"}],"collection":[{"href":"https:\/\/terrasdemiranda.org\/es\/wp-json\/wp\/v2\/pages"}],"about":[{"href":"https:\/\/terrasdemiranda.org\/es\/wp-json\/wp\/v2\/types\/page"}],"author":[{"embeddable":true,"href":"https:\/\/terrasdemiranda.org\/es\/wp-json\/wp\/v2\/users\/1"}],"replies":[{"embeddable":true,"href":"https:\/\/terrasdemiranda.org\/es\/wp-json\/wp\/v2\/comments?post=2912"}],"version-history":[{"count":3,"href":"https:\/\/terrasdemiranda.org\/es\/wp-json\/wp\/v2\/pages\/2912\/revisions"}],"predecessor-version":[{"id":2915,"href":"https:\/\/terrasdemiranda.org\/es\/wp-json\/wp\/v2\/pages\/2912\/revisions\/2915"}],"up":[{"embeddable":true,"href":"https:\/\/terrasdemiranda.org\/es\/wp-json\/wp\/v2\/pages\/2768"}],"wp:attachment":[{"href":"https:\/\/terrasdemiranda.org\/es\/wp-json\/wp\/v2\/media?parent=2912"}],"curies":[{"name":"wp","href":"https:\/\/api.w.org\/{rel}","templated":true}]}}