{"id":2916,"date":"2018-09-20T10:22:01","date_gmt":"2018-09-20T10:22:01","guid":{"rendered":"http:\/\/terrasdemiranda.org\/leader\/proxectos\/proxectos-subvencionados-da-convocatoria-2018-2019\/"},"modified":"2022-02-14T10:33:26","modified_gmt":"2022-02-14T10:33:26","slug":"proyectos-subvencionados-convocatoria-2018-2019","status":"publish","type":"page","link":"https:\/\/terrasdemiranda.org\/es\/leader\/proyectos\/proyectos-subvencionados-convocatoria-2018-2019\/","title":{"rendered":"Proyectos subvencionados de la convocatoria 2018\/2019"},"content":{"rendered":"[vc_row][vc_column][mk_fancy_title size=\u00bb18&#8243; font_family=\u00bbnone\u00bb]Proyectos productivos[\/mk_fancy_title][mk_table]\n<table width=\"100%\">\n<thead>\n<tr>\n<th width=\"150px\">Expediente<\/th>\n<th>T\u00edtulo<\/th>\n<th>Promotor<\/th>\n<th>Presupuesto aceptado<\/th>\n<th>Portentaje de ayuda (%)<\/th>\n<th>IMPORTE AYUDA 2018<\/th>\n<th>IMPORTE AYUDA 2019<\/th>\n<th>Puntuaci\u00f3n seg\u00fan baremo<\/th>\n<\/tr>\n<\/thead>\n<tbody>\n<tr>\n<td>L18-1920-01-064<\/td>\n<td>\u00a0Alojamento R\u00edas Altas<\/td>\n<td>\u00a0Tamara Rubi\u00f1os Varela<\/td>\n<td>\u00a0404.885,83\u20ac<\/td>\n<td>\u00a050%<\/td>\n<td>\u00a0110.000\u20ac<\/td>\n<td>\u00a090.000\u20ac<\/td>\n<td>\u00a090<\/td>\n<\/tr>\n<tr>\n<td>L18-1920-01-092<\/td>\n<td>\u00a0Das Mar\u00edas*** Pensi\u00f3n de aldea<\/td>\n<td>\u00a0Luc\u00eda Canoura S\u00e1nchez<\/td>\n<td>\u00a0241964,33\u20ac<\/td>\n<td>\u00a050%<\/td>\n<td>43.106,07\u20ac<\/td>\n<td>77.876,09\u20ac<\/td>\n<td>\u00a089<\/td>\n<\/tr>\n<tr>\n<td>L18-1920-01-093<\/td>\n<td>\u00a0Carpinter\u00eda met\u00e1lica de acero inoxidable<\/td>\n<td>\u00a0Noelia P\u00e9rez Cao<\/td>\n<td>\u00a0192.215,87\u20ac<\/td>\n<td>\u00a050%<\/td>\n<td>28.832,38\u20ac<\/td>\n<td>\u00a067.275,56\u20ac<\/td>\n<td>\u00a088<\/td>\n<\/tr>\n<tr>\n<td>L18-1920-01-067<\/td>\n<td>\u00a0Servicios de ingenier\u00eda de telecomunicaci\u00f3n<\/td>\n<td>\u00a0IGTEL Servizos de Enxe\u00f1er\u00eda, S.L.L<\/td>\n<td>\u00a07.212,03\u20ac<\/td>\n<td>50%<\/td>\n<td>3.606,01\u20ac<\/td>\n<td>&#8211;<\/td>\n<td>86<\/td>\n<\/tr>\n<tr>\n<td>L17-1920-01-046<\/td>\n<td>\u00a0Modernizaci\u00f3n Pan y Panader\u00eda de Mondo\u00f1edo, S.l<\/td>\n<td>\u00a0Pan y Panader\u00eda de Mondo\u00f1edo, S.L<\/td>\n<td>\u00a0162.552,86\u20ac<\/td>\n<td>50%<\/td>\n<td>29.435,42\u20ac<\/td>\n<td>&#8211;<\/td>\n<td>81<\/td>\n<\/tr>\n<tr>\n<td><\/td>\n<td><\/td>\n<td><\/td>\n<td><\/td>\n<td><\/td>\n<td><\/td>\n<td><\/td>\n<td><\/td>\n<\/tr>\n<\/tbody>\n<\/table>\n[\/mk_table][mk_message_box type=\u00bbinfo-message\u00bb]\n<h6>(*) Expediente con resoluci\u00f3n parcial, tiene 51.841,01 \u20ac sin adjudicar por falta de fondos en la tipolog\u00eda del proyecto<\/h6>\n[\/mk_message_box][mk_padding_divider][mk_fancy_title size=\u00bb18&#8243; font_family=\u00bbnone\u00bb]Proyectos no productivos promovidos por entidades p\u00fablicas locales[\/mk_fancy_title][mk_table]\n<table width=\"100%\">\n<thead>\n<tr>\n<th width=\"150px\">Expediente<\/th>\n<th>T\u00edtulo<\/th>\n<th>Promotor<\/th>\n<th>Presupuesto aceptado<\/th>\n<th>Portentaje de axuda (%)<\/th>\n<th>IMPORTE AYUDA 2018<\/th>\n<th>IMPORTE AYUDA 2019<\/th>\n<th>Puntuaci\u00f3n seg\u00fan baremo<\/th>\n<\/tr>\n<\/thead>\n<tbody>\n<tr>\n<td>L18-1920-01-082<\/td>\n<td>Construci\u00f3n de un centro de nuevas tecnolog\u00edas en F\u00f3rnea<\/td>\n<td>Ayuntamiento de Trabada<\/td>\n<td>42.955\u20ac<\/td>\n<td>\u00a090%<\/td>\n<td>\u00a018.852,99\u20ac<\/td>\n<td>\u00a019.806,51\u20ac<\/td>\n<td>\u00a066<\/td>\n<\/tr>\n<tr>\n<td>L18-1920-01-083<\/td>\n<td>Restauraci\u00f3n de bienes culturales \u00abMui\u00f1o Amandino\u00bb<\/td>\n<td>Ayuntamiento de Mondo\u00f1edo<\/td>\n<td>58.368,75\u20ac<\/td>\n<td>\u00a090%<\/td>\n<td>\u00a023.639,34\u20ac<\/td>\n<td>\u00a028.892,53\u20ac<\/td>\n<td>\u00a066<\/td>\n<\/tr>\n<tr>\n<td>L18-1920-01-071<\/td>\n<td>Plan de acondicionamiento de la antigua casa del director de la escuela para centro de formaci\u00f3n<\/td>\n<td>Ayuntamiento de Xove (*)<\/td>\n<td>76.386,70\u20ac<\/td>\n<td>\u00a089,56%<\/td>\n<td>\u00a023.655,32\u20ac<\/td>\n<td>\u00a023.655,31\u20ac<\/td>\n<td>\u00a064<\/td>\n<\/tr>\n<tr>\n<td><\/td>\n<td><\/td>\n<td><\/td>\n<td><\/td>\n<td><\/td>\n<td><\/td>\n<td><\/td>\n<td><\/td>\n<\/tr>\n<\/tbody>\n<\/table>\n[\/mk_table][mk_message_box type=\u00bbinfo-message\u00bb]\n<h6>(*) Expediente con resoluci\u00f3n parcial, tiene 21.101,30\u20ac sin adjudicar por falta de fondos en la tipolog\u00eda del proyecto<\/h6>\n[\/mk_message_box][mk_padding_divider][mk_fancy_title size=\u00bb18&#8243; font_family=\u00bbnone\u00bb]Proyectos no productivos promovidos por entidades privadas[\/mk_fancy_title][mk_table]\n<table width=\"100%\">\n<thead>\n<tr>\n<th width=\"150px\">Expediente<\/th>\n<th>T\u00edtulo<\/th>\n<th>Promotor<\/th>\n<th>Presupuesto aceptado<\/th>\n<th>Portentaje de ayuda (%)<\/th>\n<th>Importe ayuda 2018<\/th>\n<th>Importe ayuda 2019<\/th>\n<th>Puntuaci\u00f3n seg\u00fan baremo<\/th>\n<\/tr>\n<\/thead>\n<tbody>\n<tr>\n<td>L17-1920-001-055<\/td>\n<td>Creaci\u00f3n de pista multideporte cubierta<\/td>\n<td>Fillas do Divino Celo &#8211; Rogacionistas<\/td>\n<td>78.882,02\u20ac<\/td>\n<td>82,89%<\/td>\n<td>28.146,79\u20ac<\/td>\n<td>37238,52\u20ac<\/td>\n<td>\u00a049<\/td>\n<\/tr>\n<tr>\n<td>L18-1920-01-084<\/td>\n<td>Cierre de recintos para promoci\u00f3n de actividades rehabilitadoras, de estimulaci\u00f3n y de fomento de la autonom\u00eda al aire libre<\/td>\n<td>ASPANANE (*)<\/td>\n<td>50.833,31\u20ac<\/td>\n<td>80,22%<\/td>\n<td>14849,19\u20ac<\/td>\n<td>17027,25\u20ac<\/td>\n<td>\u00a043<\/td>\n<\/tr>\n<tr>\n<td><\/td>\n<td><\/td>\n<td><\/td>\n<td><\/td>\n<td><\/td>\n<td><\/td>\n<td><\/td>\n<td><\/td>\n<\/tr>\n<\/tbody>\n<\/table>\n[\/mk_table]\n[mk_message_box type=\u00bbinfo-message\u00bb]\n<h6>(*) Expediente con resoluci\u00f3n parcial, tiene 8.902,04\u20ac sin adjudicar por falta de fondos en la tipolog\u00eda del proyecto<\/h6>\n[\/mk_message_box]\n[\/vc_column][\/vc_row]\n","protected":false},"excerpt":{"rendered":"<p>[vc_row][vc_column][mk_fancy_title size=\u00bb18&#8243; font_family=\u00bbnone\u00bb]Proyectos productivos[\/mk_fancy_title][mk_table] Expediente T\u00edtulo Promotor Presupuesto aceptado Portentaje de ayuda (%) IMPORTE AYUDA 2018 IMPORTE AYUDA 2019 Puntuaci\u00f3n seg\u00fan baremo L18-1920-01-064 \u00a0Alojamento R\u00edas Altas \u00a0Tamara Rubi\u00f1os Varela \u00a0404.885,83\u20ac \u00a050% \u00a0110.000\u20ac \u00a090.000\u20ac \u00a090 L18-1920-01-092 \u00a0Das Mar\u00edas*** Pensi\u00f3n de aldea \u00a0Luc\u00eda Canoura S\u00e1nchez \u00a0241964,33\u20ac \u00a050% 43.106,07\u20ac 77.876,09\u20ac \u00a089 L18-1920-01-093 \u00a0Carpinter\u00eda met\u00e1lica de acero inoxidable \u00a0Noelia [&hellip;]<\/p>\n","protected":false},"author":1,"featured_media":0,"parent":2768,"menu_order":0,"comment_status":"closed","ping_status":"closed","template":"","meta":{"footnotes":""},"class_list":["post-2916","page","type-page","status-publish","hentry"],"_links":{"self":[{"href":"https:\/\/terrasdemiranda.org\/es\/wp-json\/wp\/v2\/pages\/2916"}],"collection":[{"href":"https:\/\/terrasdemiranda.org\/es\/wp-json\/wp\/v2\/pages"}],"about":[{"href":"https:\/\/terrasdemiranda.org\/es\/wp-json\/wp\/v2\/types\/page"}],"author":[{"embeddable":true,"href":"https:\/\/terrasdemiranda.org\/es\/wp-json\/wp\/v2\/users\/1"}],"replies":[{"embeddable":true,"href":"https:\/\/terrasdemiranda.org\/es\/wp-json\/wp\/v2\/comments?post=2916"}],"version-history":[{"count":5,"href":"https:\/\/terrasdemiranda.org\/es\/wp-json\/wp\/v2\/pages\/2916\/revisions"}],"predecessor-version":[{"id":3620,"href":"https:\/\/terrasdemiranda.org\/es\/wp-json\/wp\/v2\/pages\/2916\/revisions\/3620"}],"up":[{"embeddable":true,"href":"https:\/\/terrasdemiranda.org\/es\/wp-json\/wp\/v2\/pages\/2768"}],"wp:attachment":[{"href":"https:\/\/terrasdemiranda.org\/es\/wp-json\/wp\/v2\/media?parent=2916"}],"curies":[{"name":"wp","href":"https:\/\/api.w.org\/{rel}","templated":true}]}}