{"id":2920,"date":"2018-09-20T10:21:05","date_gmt":"2018-09-20T10:21:05","guid":{"rendered":"http:\/\/terrasdemiranda.org\/leader\/proxectos\/proxectos-denegados-da-convocatoria-2018-2019\/"},"modified":"2018-09-20T17:31:26","modified_gmt":"2018-09-20T17:31:26","slug":"proyectos-denegados-convocatoria-2018-2019","status":"publish","type":"page","link":"https:\/\/terrasdemiranda.org\/es\/leader\/proyectos\/proyectos-denegados-convocatoria-2018-2019\/","title":{"rendered":"Proyectos denegados de la convocatoria 2018\/2019"},"content":{"rendered":"[vc_row][vc_column][mk_fancy_title size=\u00bb18&#8243; font_family=\u00bbnone\u00bb]Proyectos productivos[\/mk_fancy_title][mk_table]\n<table width=\"100%\">\n<thead>\n<tr>\n<th width=\"150px\">Expediente<\/th>\n<th>T\u00edtulo<\/th>\n<th>Promotor<\/th>\n<th>Motivo<\/th>\n<th>Observaciones<\/th>\n<\/tr>\n<\/thead>\n<tbody>\n<tr>\n<td>L17-1920-01-054<\/td>\n<td>Adecuaci\u00f3n de nave para almac\u00e9n y venta<\/td>\n<td>TodocampoAgrotiendas, SLU<\/td>\n<td>4<\/td>\n<td><\/td>\n<\/tr>\n<tr>\n<td>L17-1920-01-059<\/td>\n<td>Sala de autopsias<\/td>\n<td>Tanatorio de Foz, S.L<\/td>\n<td>6<\/td>\n<td>Documentaci\u00f3n requerida presentada fuera de plazo<\/td>\n<\/tr>\n<tr>\n<td>L18-1920-01-065<\/td>\n<td>Sostenibilidad y conservaci\u00f3n del entorno forestal<\/td>\n<td>Forestal D\u00edaz Casariego, S.L<\/td>\n<td>4<\/td>\n<td><\/td>\n<\/tr>\n<tr>\n<td>L18-1920-01-066<\/td>\n<td>P\u00e1gina Web<\/td>\n<td>AGROCOSTA, S.L<\/td>\n<td>6<\/td>\n<td>Documentaci\u00f3n requerida presentada fuera de plazo<\/td>\n<\/tr>\n<tr>\n<td>L18-1920-01-070<\/td>\n<td>Augas Santas-Cerveza artesana da Mari\u00f1a<\/td>\n<td>Mar\u00eda Gimena Iriarte Moreno<\/td>\n<td>6<\/td>\n<td>Documentaci\u00f3n requerida presentada fuera de plazo<\/td>\n<\/tr>\n<tr>\n<td>L18-1920-01-073<\/td>\n<td>Dotaciones inform\u00e1ticas albergue tur\u00edstico<\/td>\n<td>Inmoart 1961, S.L<\/td>\n<td>6<\/td>\n<td>Documentaci\u00f3n requerida presentada fuera de plazo<\/td>\n<\/tr>\n<tr>\n<td>L18-1920-01-074<\/td>\n<td>Empresa de servicios dedicada a la\u00a0ense\u00f1anza de formaci\u00f3n<\/td>\n<td>EmergalEnsino, S.L<\/td>\n<td>6<\/td>\n<td>El proyecto est\u00e1 iniciado en la fecha de presentaci\u00f3n de la solicitud<\/td>\n<\/tr>\n<tr>\n<td>L18-1920-01-086<\/td>\n<td>E &amp; H Drones<\/td>\n<td>Emilio Rodr\u00edguez Sierra<\/td>\n<td>6<\/td>\n<td>Documentaci\u00f3n requerida presentada fuera de plazo<\/td>\n<\/tr>\n<tr>\n<td>L18-1920-01-089<\/td>\n<td>RoqPark<\/td>\n<td>Rock Aventura, S.L<\/td>\n<td>6<\/td>\n<td>Documentaci\u00f3n requerida presentada fuera de plazo<\/td>\n<\/tr>\n<tr>\n<td>L18-1920-01-090<\/td>\n<td>Wifi Rural<\/td>\n<td>Oceans Network, S.L<\/td>\n<td>4<\/td>\n<td><\/td>\n<\/tr>\n<tr>\n<td>L17-1920-01-008<\/td>\n<td>Venta ambulante<\/td>\n<td>David Fern\u00e1ndez Cordero<\/td>\n<td>4<\/td>\n<td>No cumple el requisito de cambio de divisi\u00f3n del CNAE<\/td>\n<\/tr>\n<tr>\n<td><\/td>\n<td><\/td>\n<td><\/td>\n<td><\/td>\n<td><\/td>\n<\/tr>\n<\/tbody>\n<\/table>\n[\/mk_table][mk_custom_box][vc_column_text title=\u00bbMotivos\u00bb css=\u00bb.vc_custom_1512125535969{margin-bottom: 0px !important;}\u00bb]\n<h6>1. La solicitud de ayuda est\u00e1 incompleta (art\u00edculo 12 de las bases reguladoras)<br \/>\n2. El promotor no cumple los requisitos indicados en las bases reguladoras (art\u00edculo 3 de las bases reguladoras)<br \/>\n3. Los gastos propuestos en el presupuesto del proyecto no son subvencionables (art\u00edculo 5 de las bases reguladoras)<br \/>\n4. El proyecto no es elegible bajo los cuadros de elegibilidad de las bases reguladoras y\/o de la estrategia del GDR<br \/>\n5. El proyecto no alcanza la puntuaci\u00f3n m\u00ednima o de corte establecida en baremo del GDR<br \/>\n6. Otras: especificar la causa en el apartado de observaciones<\/h6>\n[\/vc_column_text][\/mk_custom_box][mk_padding_divider][mk_fancy_title size=\u00bb18&#8243; font_family=\u00bbnone\u00bb]Proxectos non productivos promovidos por entidades p\u00fablicas locais[\/mk_fancy_title][mk_table]\n<table width=\"100%\">\n<thead>\n<tr>\n<th width=\"150px\">Expediente<\/th>\n<th>T\u00edtulo<\/th>\n<th>Promotor<\/th>\n<th>Motivo<\/th>\n<th>Observaciones<\/th>\n<\/tr>\n<\/thead>\n<tbody>\n<tr>\n<td>L18-1920-01-072<\/td>\n<td>Recuperaci\u00f3n de la historia contenida en los archivos del Ayuntamiento de Foz<\/td>\n<td>Ayuntamiento de Foz<\/td>\n<td>6<\/td>\n<td>Documentaci\u00f3n requerida presentada fuera de plazo<\/td>\n<\/tr>\n<tr>\n<td><\/td>\n<td><\/td>\n<td><\/td>\n<td><\/td>\n<td><\/td>\n<\/tr>\n<\/tbody>\n<\/table>\n[\/mk_table][mk_custom_box][vc_column_text title=\u00bbMotivos\u00bb css=\u00bb.vc_custom_1512125535969{margin-bottom: 0px !important;}\u00bb]\n<h6>1. La solicitud de ayuda est\u00e1 incompleta (art\u00edculo 12 de las bases reguladoras)<br \/>\n2. El promotor no cumple los requisitos indicados en las bases reguladoras (art\u00edculo 3 de las bases reguladoras)<br \/>\n3. Los gastos propuestos en el presupuesto del proyecto no son subvencionables (art\u00edculo 5 de las bases reguladoras)<br \/>\n4. El proyecto no es elegible bajo los cuadros de elegibilidad de las bases reguladoras y\/o de la estrategia del GDR<br \/>\n5. El proyecto no alcanza la puntuaci\u00f3n m\u00ednima o de corte establecida en baremo del GDR<br \/>\n6. Otras: especificar la causa en el apartado de observaciones<\/h6>\n[\/vc_column_text][\/mk_custom_box][mk_padding_divider][mk_fancy_title size=\u00bb18&#8243; font_family=\u00bbnone\u00bb]Proxectos non productivos promovidos por entidades privadas[\/mk_fancy_title][mk_table]\n<table width=\"100%\">\n<thead>\n<tr>\n<th width=\"150px\">Expediente<\/th>\n<th>T\u00edtulo<\/th>\n<th>Promotor<\/th>\n<th>Motivo<\/th>\n<th>Observaciones<\/th>\n<\/tr>\n<\/thead>\n<tbody>\n<tr>\n<td>L17-1920-01-056<\/td>\n<td>Laboratorio de idiomas digital<\/td>\n<td>Hermanas Franciscanas de la Pur\u00edsima Concepci\u00f3n<\/td>\n<td>4<\/td>\n<td><\/td>\n<\/tr>\n<tr>\n<td>L17-1920-01-058<\/td>\n<td>Instalaci\u00f3n de ventanas en el Centro de ocio \u00abCami\u00f1a, Asociaci\u00f3n Comarcal da Mari\u00f1a Lucense\u00bb<\/td>\n<td>CAMI\u00d1A, Asociaci\u00f3n Comarcal da Mari\u00f1a Lucense<\/td>\n<td>4<\/td>\n<td><\/td>\n<\/tr>\n<tr>\n<td>L18-1920-01-075<\/td>\n<td>Sabor Rural<\/td>\n<td>Asociaci\u00f3n Gallega de empresas de tecnolog\u00edas de la informaci\u00f3n y comunicaci\u00f3n<\/td>\n<td>4<\/td>\n<td><\/td>\n<\/tr>\n<\/tbody>\n<\/table>\n[\/mk_table][mk_custom_box][vc_column_text title=\u00bbMotivos\u00bb css=\u00bb.vc_custom_1512125535969{margin-bottom: 0px !important;}\u00bb]\n<h6>1. La solicitud de ayuda est\u00e1 incompleta (art\u00edculo 12 de las bases reguladoras)<br \/>\n2. El promotor no cumple los requisitos indicados en las bases reguladoras (art\u00edculo 3 de las bases reguladoras)<br \/>\n3. Los gastos propuestos en el presupuesto del proyecto no son subvencionables (art\u00edculo 5 de las bases reguladoras)<br \/>\n4. El proyecto no es elegible bajo los cuadros de elegibilidad de las bases reguladoras y\/o de la estrategia del GDR<br \/>\n5. El proyecto no alcanza la puntuaci\u00f3n m\u00ednima o de corte establecida en baremo del GDR<br \/>\n6. Otras: especificar la causa en el apartado de observaciones<\/h6>\n[\/vc_column_text][\/mk_custom_box][\/vc_column][\/vc_row]\n","protected":false},"excerpt":{"rendered":"<p>[vc_row][vc_column][mk_fancy_title size=\u00bb18&#8243; font_family=\u00bbnone\u00bb]Proyectos productivos[\/mk_fancy_title][mk_table] Expediente T\u00edtulo Promotor Motivo Observaciones L17-1920-01-054 Adecuaci\u00f3n de nave para almac\u00e9n y venta TodocampoAgrotiendas, SLU 4 L17-1920-01-059 Sala de autopsias Tanatorio de Foz, S.L 6 Documentaci\u00f3n requerida presentada fuera de plazo L18-1920-01-065 Sostenibilidad y conservaci\u00f3n del entorno forestal Forestal D\u00edaz Casariego, S.L 4 L18-1920-01-066 P\u00e1gina Web AGROCOSTA, S.L 6 Documentaci\u00f3n requerida [&hellip;]<\/p>\n","protected":false},"author":1,"featured_media":0,"parent":2768,"menu_order":0,"comment_status":"closed","ping_status":"closed","template":"","meta":{"footnotes":""},"class_list":["post-2920","page","type-page","status-publish","hentry"],"_links":{"self":[{"href":"https:\/\/terrasdemiranda.org\/es\/wp-json\/wp\/v2\/pages\/2920"}],"collection":[{"href":"https:\/\/terrasdemiranda.org\/es\/wp-json\/wp\/v2\/pages"}],"about":[{"href":"https:\/\/terrasdemiranda.org\/es\/wp-json\/wp\/v2\/types\/page"}],"author":[{"embeddable":true,"href":"https:\/\/terrasdemiranda.org\/es\/wp-json\/wp\/v2\/users\/1"}],"replies":[{"embeddable":true,"href":"https:\/\/terrasdemiranda.org\/es\/wp-json\/wp\/v2\/comments?post=2920"}],"version-history":[{"count":2,"href":"https:\/\/terrasdemiranda.org\/es\/wp-json\/wp\/v2\/pages\/2920\/revisions"}],"predecessor-version":[{"id":2922,"href":"https:\/\/terrasdemiranda.org\/es\/wp-json\/wp\/v2\/pages\/2920\/revisions\/2922"}],"up":[{"embeddable":true,"href":"https:\/\/terrasdemiranda.org\/es\/wp-json\/wp\/v2\/pages\/2768"}],"wp:attachment":[{"href":"https:\/\/terrasdemiranda.org\/es\/wp-json\/wp\/v2\/media?parent=2920"}],"curies":[{"name":"wp","href":"https:\/\/api.w.org\/{rel}","templated":true}]}}