{"id":3013,"date":"2018-11-22T15:00:31","date_gmt":"2018-11-22T15:00:31","guid":{"rendered":"http:\/\/terrasdemiranda.org\/turismo-de-lugo\/experiencias-paquetizadas\/"},"modified":"2018-11-23T15:10:06","modified_gmt":"2018-11-23T15:10:06","slug":"experiencias-paquetizadas","status":"publish","type":"page","link":"https:\/\/terrasdemiranda.org\/es\/turismo-de-lugo\/experiencias-paquetizadas\/","title":{"rendered":"Experiencias paquetizadas"},"content":{"rendered":"[vc_row][vc_column][mk_fullwidth_slideshow images=\u00bb2949&#8243; stretch_images=\u00bbtrue\u00bb][\/vc_column][\/vc_row][vc_row][vc_column][mk_fancy_title size=\u00bb18&#8243; font_family=\u00bbnone\u00bb]EXPERIENCIAS PAQUETIZADAS[\/mk_fancy_title][vc_column_text css=\u00bb.vc_custom_1540393105158{margin-bottom: 0px !important;}\u00bb]\u201cTerras de Miranda \u2013 Turismo de Lugo\u201d es un espacio cultural, social y econ\u00f3mico com\u00fan integrado por 14 municipios que forman el Grupo de Desarrollo Rural (GDR), Terras de Miranda, financiado con fondos europeos.<\/p>\n<p>Este es un territorio m\u00e1gico situado en la comarca de la Marina Lucense (Lugo, Galicia), entre el mar Cant\u00e1brico y la sierra de O Xistral. Aqu\u00ed puedes descubrir la belleza del paisaje y de nuestra gente a trav\u00e9s de alimentos km 0 \u00fanicos e inspiradores de una gastronom\u00eda con personalidad propia.<\/p>\n<p>A continuaci\u00f3n se presenta una oferta de experiencias paquetizadas, dise\u00f1adas todas ellas con el objetivo principal de ayudar al desarrollo sostenible del territorio. Se trata, por lo tanto, de una oferta encaminada a un p\u00fablico respetuoso, que persiga aumentar el conocimiento de este territorio mediante el contacto directo con las ra\u00edces y la cultura propia de cada uno de los municipios.[\/vc_column_text][vc_btn title=\u00bbDescargar experiencias\u00bb style=\u00bbflat\u00bb color=\u00bbwarning\u00bb size=\u00bblg\u00bb link=\u00bburl:http%3A%2F%2Fterrasdemiranda.org%2Fwp-content%2Fuploads%2F2018%2F11%2Fexperiencias-paquetizadas-tm-castellano.pdf|target:%20_blank|\u00bb][\/vc_column][\/vc_row]\n","protected":false},"excerpt":{"rendered":"<p>[vc_row][vc_column][mk_fullwidth_slideshow images=\u00bb2949&#8243; stretch_images=\u00bbtrue\u00bb][\/vc_column][\/vc_row][vc_row][vc_column][mk_fancy_title size=\u00bb18&#8243; font_family=\u00bbnone\u00bb]EXPERIENCIAS PAQUETIZADAS[\/mk_fancy_title][vc_column_text css=\u00bb.vc_custom_1540393105158{margin-bottom: 0px !important;}\u00bb]\u201cTerras de Miranda \u2013 Turismo de Lugo\u201d es un espacio cultural, social y econ\u00f3mico com\u00fan integrado por 14 municipios que forman el Grupo de Desarrollo Rural (GDR), Terras de Miranda, financiado con fondos europeos. Este es un territorio m\u00e1gico situado en la comarca de la Marina Lucense [&hellip;]<\/p>\n","protected":false},"author":2,"featured_media":0,"parent":371,"menu_order":0,"comment_status":"closed","ping_status":"closed","template":"","meta":{"footnotes":""},"class_list":["post-3013","page","type-page","status-publish","hentry"],"_links":{"self":[{"href":"https:\/\/terrasdemiranda.org\/es\/wp-json\/wp\/v2\/pages\/3013"}],"collection":[{"href":"https:\/\/terrasdemiranda.org\/es\/wp-json\/wp\/v2\/pages"}],"about":[{"href":"https:\/\/terrasdemiranda.org\/es\/wp-json\/wp\/v2\/types\/page"}],"author":[{"embeddable":true,"href":"https:\/\/terrasdemiranda.org\/es\/wp-json\/wp\/v2\/users\/2"}],"replies":[{"embeddable":true,"href":"https:\/\/terrasdemiranda.org\/es\/wp-json\/wp\/v2\/comments?post=3013"}],"version-history":[{"count":6,"href":"https:\/\/terrasdemiranda.org\/es\/wp-json\/wp\/v2\/pages\/3013\/revisions"}],"predecessor-version":[{"id":3025,"href":"https:\/\/terrasdemiranda.org\/es\/wp-json\/wp\/v2\/pages\/3013\/revisions\/3025"}],"up":[{"embeddable":true,"href":"https:\/\/terrasdemiranda.org\/es\/wp-json\/wp\/v2\/pages\/371"}],"wp:attachment":[{"href":"https:\/\/terrasdemiranda.org\/es\/wp-json\/wp\/v2\/media?parent=3013"}],"curies":[{"name":"wp","href":"https:\/\/api.w.org\/{rel}","templated":true}]}}