{"id":3119,"date":"2019-11-23T10:48:01","date_gmt":"2019-11-23T10:48:01","guid":{"rendered":"http:\/\/terrasdemiranda.org\/leader\/proyectos\/proyectos-denegados-en-la-convocatoria-2019-2020\/"},"modified":"2019-11-25T09:16:34","modified_gmt":"2019-11-25T09:16:34","slug":"proyectos-denegados-convocatoria-2019-2020","status":"publish","type":"page","link":"https:\/\/terrasdemiranda.org\/es\/leader\/proyectos\/proyectos-denegados-convocatoria-2019-2020\/","title":{"rendered":"Proyectos denegados 2019\/2020"},"content":{"rendered":"[vc_row][vc_column][mk_fancy_title size=\u00bb18&#8243; font_family=\u00bbnone\u00bb]Proyectos productivos[\/mk_fancy_title][mk_table]\n<table width=\"100%\">\n<thead>\n<tr>\n<th width=\"150px\"><span style=\"font-weight: 400;\">Expediente<\/span><\/th>\n<th><span style=\"font-weight: 400;\">T\u00edtulo<\/span><\/th>\n<th><span style=\"font-weight: 400;\">Promotor<\/span><\/th>\n<th><span style=\"font-weight: 400;\">Motivo<\/span><\/th>\n<th><span style=\"font-weight: 400;\">Observaciones<\/span><\/th>\n<\/tr>\n<\/thead>\n<tbody>\n<tr>\n<td>L18-1920-01-068<\/td>\n<td>Adaptaci\u00f3n de las instalaciones para incremento de la capacidad productiva<\/td>\n<td>Discosta Norte, SL<\/td>\n<td>6<\/td>\n<td>El expediente no resulta elegible despu\u00e9s del an\u00e1lisis de la Comisi\u00f3n de Turismo del d\u00eda 26 de junio de 2019<\/td>\n<\/tr>\n<tr>\n<td>L19-1920-01-103<\/td>\n<td>Albergue tur\u00edstico de segunda categor\u00eda<\/td>\n<td>Oliva L\u00f3pez Hermida<\/td>\n<td>6<\/td>\n<td>El expediente no resulta elegible despu\u00e9s del an\u00e1lisis de la Comisi\u00f3n de Turismo del d\u00eda 26 de junio de 2019<\/td>\n<\/tr>\n<tr>\n<td>L19-1920-01-105<\/td>\n<td>Reciclado manguera de cobre<\/td>\n<td>Julio Ron, S.L.U<\/td>\n<td>1<\/td>\n<td>Documentaci\u00f3n non presentada ou presentada f\u00f3ra de prazo<\/td>\n<\/tr>\n<tr>\n<td>L19-1920-01-107<\/td>\n<td>Vivendas tur\u00edsticas<\/td>\n<td>Olivia Rey Soto<\/td>\n<td>6<\/td>\n<td>El expediente no resulta elegible despu\u00e9s del an\u00e1lisis de la Comisi\u00f3n de Turismo del d\u00eda 26 de junio de 2019<\/td>\n<\/tr>\n<tr>\n<td>L19-1920-01-109<\/td>\n<td>Espazo Natura-slow &#8211; Ria de Foz<\/td>\n<td>Pronervus Energ\u00edas Renovables, SLU<\/td>\n<td>6<\/td>\n<td>El expediente no resulta elegible despu\u00e9s del an\u00e1lisis de la Comisi\u00f3n de Turismo del d\u00eda 26 de junio de 2019<\/td>\n<\/tr>\n<tr>\n<td>L19-1920-01-112<\/td>\n<td>Casa Rural Pernas<\/td>\n<td>Jos\u00e9 Luis Pernas Ratoeira<\/td>\n<td>6<\/td>\n<td>El expediente no resulta elegible despu\u00e9s del an\u00e1lisis de la Comisi\u00f3n de Turismo del d\u00eda 26 de junio de 2019<\/td>\n<\/tr>\n<tr>\n<td>L19-1920-01-115<\/td>\n<td>O Albergue das Cruces<\/td>\n<td>Florentino Arauzo Garc\u00eda<\/td>\n<td>6<\/td>\n<td>El expediente no resulta elegible despu\u00e9s del an\u00e1lisis de la Comisi\u00f3n de Turismo del d\u00eda 26 de junio de 2019<\/td>\n<\/tr>\n<tr>\n<td>L19-1920-01-119<\/td>\n<td>Rehabilitaci\u00f3n de edificio para uso residencial p\u00fablico. Establecimiento destinado para Albergue<\/td>\n<td>Gestinorte Inmobiliaria Galega, S.L<\/td>\n<td>6<\/td>\n<td>El expediente no resulta elegible despu\u00e9s del an\u00e1lisis de la Comisi\u00f3n de Turismo del d\u00eda 26 de junio de 2019<\/td>\n<\/tr>\n<tr>\n<td>L19-1920-01-120<\/td>\n<td>Parque recreativo Laberinto Costa Mari\u00f1a<\/td>\n<td>Jos\u00e9 Manuel Azcona Meneses<\/td>\n<td>6<\/td>\n<td>El expediente no resulta elegible despu\u00e9s del an\u00e1lisis de la Comisi\u00f3n de Turismo del d\u00eda 26 de junio de 2019<\/td>\n<\/tr>\n<tr>\n<td>L19-1920-01-122<\/td>\n<td>Albergue tur\u00edstico<\/td>\n<td>Raizames Gugon, S.L<\/td>\n<td>6<\/td>\n<td>El expediente no resulta elegible despu\u00e9s del an\u00e1lisis de la Comisi\u00f3n de Turismo del d\u00eda 26 de junio de 2019<\/td>\n<\/tr>\n<tr>\n<td>L19-1920-01-126<\/td>\n<td>Vinoteca Mondo\u00f1edo<\/td>\n<td>Josefa Orlanda Seco Fern\u00e1ndez<\/td>\n<td>6<\/td>\n<td>El expediente no resulta elegible despu\u00e9s del an\u00e1lisis de la Comisi\u00f3n de Turismo del d\u00eda 26 de junio de 2019<\/td>\n<\/tr>\n<\/tbody>\n<\/table>\n[\/mk_table][mk_custom_box][vc_column_text title=\u00bbMotivos\u00bb css=\u00bb.vc_custom_1512125535969{margin-bottom: 0px !important;}\u00bb]\n<h6>1. La solicitud de ayuda est\u00e1 incompleta (art\u00edculo 12 de las bases reguladoras)<br \/>\n2. El promotor no cumple los requisitos indicados en las bases reguladoras (art\u00edculo 3 de las bases reguladoras)<br \/>\n3. Los gastos propuestos en el presupuesto del proyecto no son subvencionables (art\u00edculo 5 de las bases reguladoras)<br \/>\n4. El proyecto no es elegible bajo los cuadros de elegibilidad de las bases reguladoras y\/o de la estrategia del GDR<br \/>\n5. El proyecto no alcanza la puntuaci\u00f3n m\u00ednima o de corte establecida en baremo del GDR<br \/>\n6. Otras: especificar la causa en el apartado de observaciones<\/h6>\n[\/vc_column_text][\/mk_custom_box][mk_padding_divider][mk_fancy_title size=\u00bb18&#8243; font_family=\u00bbnone\u00bb]Proyectos no productivos promovidos por entidades p\u00fablicas locales[\/mk_fancy_title][mk_table]\n<table width=\"100%\">\n<thead>\n<tr>\n<th width=\"150px\">Expediente<\/th>\n<th>T\u00edtulo<\/th>\n<th>Promotor<\/th>\n<th>Motivo<\/th>\n<th>Observaciones<\/th>\n<\/tr>\n<\/thead>\n<tbody>\n<tr>\n<td>L19-1920-01-0127<\/td>\n<td>Recuperaci\u00f3n y adaptaci\u00f3n de un espacio natural creando un \u00e1rea recreativa en Riobarba. O Vicedo<\/td>\n<td>Concello do Vicedo<\/td>\n<td>1<\/td>\n<td><\/td>\n<\/tr>\n<tr>\n<td>L18-1920-01-0096<\/td>\n<td>Mobiliario local social Alaxe<\/td>\n<td>Comunidad de Montes de Alaxe<\/td>\n<td>1<\/td>\n<td><\/td>\n<\/tr>\n<tr>\n<td>L19-1920-01-0098<\/td>\n<td>Acondicionamiento del bosque<\/td>\n<td>Comunidad de Montes de Alaxe<\/td>\n<td>1<\/td>\n<td><\/td>\n<\/tr>\n<tr>\n<td>L19-1920-01-0118<\/td>\n<td>Instalaci\u00f3n de ventanas en el centro de ocio de Cami\u00f1a. Asociaci\u00f3n comarcal de la Mari\u00f1a Lucense<\/td>\n<td>\u00abCami\u00f1a, Asociaci\u00f3n comarcal de la Mari\u00f1a Lucense\u00bb<\/td>\n<td>3<\/td>\n<td><\/td>\n<\/tr>\n<\/tbody>\n<\/table>\n[\/mk_table][mk_custom_box][vc_column_text title=\u00bbMotivos\u00bb css=\u00bb.vc_custom_1512125535969{margin-bottom: 0px !important;}\u00bb]\n<h6>1. La solicitud de ayuda est\u00e1 incompleta (art\u00edculo 12 de las bases reguladoras)<br \/>\n2. El promotor no cumple los requisitos indicados en las bases reguladoras (art\u00edculo 3 de las bases reguladoras)<br \/>\n3. Los gastos propuestos en el presupuesto del proyecto no son subvencionables (art\u00edculo 5 de las bases reguladoras)<br \/>\n4. El proyecto no es elegible bajo los cuadros de elegibilidad de las bases reguladoras y\/o de la estrategia del GDR<br \/>\n5. El proyecto no alcanza la puntuaci\u00f3n m\u00ednima o de corte establecida en baremo del GDR<br \/>\n6. Otras: especificar la causa en el apartado de observaciones<\/h6>\n[\/vc_column_text][\/mk_custom_box][\/vc_column][\/vc_row]\n","protected":false},"excerpt":{"rendered":"<p>[vc_row][vc_column][mk_fancy_title size=\u00bb18&#8243; font_family=\u00bbnone\u00bb]Proyectos productivos[\/mk_fancy_title][mk_table] Expediente T\u00edtulo Promotor Motivo Observaciones L18-1920-01-068 Adaptaci\u00f3n de las instalaciones para incremento de la capacidad productiva Discosta Norte, SL 6 El expediente no resulta elegible despu\u00e9s del an\u00e1lisis de la Comisi\u00f3n de Turismo del d\u00eda 26 de junio de 2019 L19-1920-01-103 Albergue tur\u00edstico de segunda categor\u00eda Oliva L\u00f3pez Hermida 6 El [&hellip;]<\/p>\n","protected":false},"author":1,"featured_media":0,"parent":2768,"menu_order":0,"comment_status":"closed","ping_status":"closed","template":"","meta":{"footnotes":""},"class_list":["post-3119","page","type-page","status-publish","hentry"],"_links":{"self":[{"href":"https:\/\/terrasdemiranda.org\/es\/wp-json\/wp\/v2\/pages\/3119"}],"collection":[{"href":"https:\/\/terrasdemiranda.org\/es\/wp-json\/wp\/v2\/pages"}],"about":[{"href":"https:\/\/terrasdemiranda.org\/es\/wp-json\/wp\/v2\/types\/page"}],"author":[{"embeddable":true,"href":"https:\/\/terrasdemiranda.org\/es\/wp-json\/wp\/v2\/users\/1"}],"replies":[{"embeddable":true,"href":"https:\/\/terrasdemiranda.org\/es\/wp-json\/wp\/v2\/comments?post=3119"}],"version-history":[{"count":15,"href":"https:\/\/terrasdemiranda.org\/es\/wp-json\/wp\/v2\/pages\/3119\/revisions"}],"predecessor-version":[{"id":3173,"href":"https:\/\/terrasdemiranda.org\/es\/wp-json\/wp\/v2\/pages\/3119\/revisions\/3173"}],"up":[{"embeddable":true,"href":"https:\/\/terrasdemiranda.org\/es\/wp-json\/wp\/v2\/pages\/2768"}],"wp:attachment":[{"href":"https:\/\/terrasdemiranda.org\/es\/wp-json\/wp\/v2\/media?parent=3119"}],"curies":[{"name":"wp","href":"https:\/\/api.w.org\/{rel}","templated":true}]}}