{"id":3143,"date":"2019-11-23T11:11:27","date_gmt":"2019-11-23T11:11:27","guid":{"rendered":"http:\/\/terrasdemiranda.org\/?page_id=3143\/"},"modified":"2019-11-23T11:51:11","modified_gmt":"2019-11-23T11:51:11","slug":"proyectos-subvencionados-convocatoria-2019-2020","status":"publish","type":"page","link":"https:\/\/terrasdemiranda.org\/es\/leader\/proyectos\/proyectos-subvencionados-convocatoria-2019-2020\/","title":{"rendered":"Proyectos subvencionados 2019\/2020"},"content":{"rendered":"[vc_row][vc_column][mk_fancy_title size=\u00bb18&#8243; font_family=\u00bbnone\u00bb]Proyectos productivos[\/mk_fancy_title][mk_table]\n<table width=\"100%\">\n<thead>\n<tr>\n<th width=\"150px\">Expediente<\/th>\n<th>T\u00edtulo<\/th>\n<th>Promotor<\/th>\n<th>Presupuesto aceptado<\/th>\n<th>Porcentaje de ayuda (%)<\/th>\n<th>IMPORTE AYUDA 2019<\/th>\n<th>IMPORTE AYUDA 2020<\/th>\n<th>Puntuaci\u00f3n seg\u00fan el baremo<\/th>\n<\/tr>\n<\/thead>\n<tbody>\n<tr>\n<td>L19-1920-01-0117<\/td>\n<td>Aldea de turismo rural<\/td>\n<td>Pascale Claude Monique Huguette<\/td>\n<td>621.361,84\u20ac<\/td>\n<td>50,00%<\/td>\n<td>53.175,52\u20ac<\/td>\n<td>146.824,48<\/td>\n<td>98<\/td>\n<\/tr>\n<tr>\n<td>L19-1920-01-0110<\/td>\n<td>Araucaria House<\/td>\n<td>Mar\u00eda Isabel Prieto Fern\u00e1ndez<\/td>\n<td>509.007,45\u20ac<\/td>\n<td>50,00%<\/td>\n<td>53.175,52\u20ac<\/td>\n<td>146.824,48<\/td>\n<td>88<\/td>\n<\/tr>\n<tr>\n<td>L19-1920-01-0102<\/td>\n<td>Aumento de capacidad de producci\u00f3n<\/td>\n<td>Burelarte, S.L.L<\/td>\n<td>136.439,58\u20ac<\/td>\n<td>50,00%<\/td>\n<td>60.469,49\u20ac<\/td>\n<td>7.750,30<\/td>\n<td>83<\/td>\n<\/tr>\n<tr>\n<td>L19-1920-01-0121<\/td>\n<td>Global dixital impresi\u00f3n-merchandisin del perfume<\/td>\n<td>Jes\u00fas Rojas Sampedro<\/td>\n<td>38.877,99\u20ac<\/td>\n<td>50,00%<\/td>\n<td>16.950,00\u20ac<\/td>\n<td>2.488,99<\/td>\n<td>77<\/td>\n<\/tr>\n<tr>\n<td>L19-1920-01-0101<\/td>\n<td>Semper promoci\u00f3n prevenci\u00f3n para la salud<\/td>\n<td>Susana De Miquel Quir\u00f3s (*)<\/td>\n<td>26.503,38\u20ac<\/td>\n<td>46,11%<\/td>\n<td>6.477,20\u20ac<\/td>\n<td>0,00<\/td>\n<td>60<\/td>\n<\/tr>\n<\/tbody>\n<\/table>\n[\/mk_table][mk_message_box type=\u00bbinfo-message\u00bb]\n<h6>(*) Expediente con resoluci\u00f3n parcial, tiene 5.743,51 \u20ac sin adjudicar por falta de fondos en la tipolog\u00eda del proyecto<\/h6>\n[\/mk_message_box][mk_padding_divider][mk_fancy_title size=\u00bb18&#8243; font_family=\u00bbnone\u00bb]Proyectos no productivos promovidos por entidades p\u00fablicas locales[\/mk_fancy_title][mk_table]\n<table width=\"100%\">\n<thead>\n<tr>\n<th width=\"150px\">Expediente<\/th>\n<th>T\u00edtulo<\/th>\n<th>Promotor<\/th>\n<th>Presupuesto aceptado<\/th>\n<th>Porcentaje de ayuda (%)<\/th>\n<th>IMPORTE AYUDA 2019<\/th>\n<th>IMPORTE AYUDA 2020<\/th>\n<th>Puntuaci\u00f3n seg\u00fan el baremo<\/th>\n<\/tr>\n<\/thead>\n<tbody>\n<tr>\n<td>L19-1920-01-0111<\/td>\n<td>Construcci\u00f3n de un centro de nuevas tecnolog\u00edas en Vilapercide (Trabada)<\/td>\n<td>Ayuntamiento de Trabada (*)<\/td>\n<td>226.992,12\u20ac<\/td>\n<td>\u00a090%<\/td>\n<td>\u00a041.590,03\u20ac<\/td>\n<td>\u00a057.883,48\u20ac<\/td>\n<td>\u00a070<\/td>\n<\/tr>\n<\/tbody>\n<\/table>\n[\/mk_table][mk_message_box type=\u00bbinfo-message\u00bb]\n<h6>(*) 100.526,49 \u20ac Sen adxudicar por falta de fondos na tipolox\u00eda<\/h6>\n[\/mk_message_box][mk_padding_divider][mk_fancy_title size=\u00bb18&#8243; font_family=\u00bbnone\u00bb]Proyectos no productivos promovidos por entidades privadas[\/mk_fancy_title][mk_table]\n<table width=\"100%\">\n<thead>\n<tr>\n<th width=\"150px\">Expediente<\/th>\n<th>T\u00edtulo<\/th>\n<th>Promotor<\/th>\n<th>Presupuesto aceptado<\/th>\n<th>Porcentaje de ayuda (%)<\/th>\n<th>Importe ayuda 2019<\/th>\n<th>Importe ayuda 2020<\/th>\n<th>Puntuaci\u00f3n seg\u00fan el baremo<\/th>\n<\/tr>\n<\/thead>\n<tbody>\n<tr>\n<td>L19-1920-01-0113<\/td>\n<td>Diversificaci\u00f3n de actividades: Creaci\u00f3n de una aula multiusos, una aula de psicomotricidad en centro de d\u00eda<\/td>\n<td>ASPANANE<\/td>\n<td>34.833,18\u20ac<\/td>\n<td>80,67%<\/td>\n<td>28.099,02\u20ac<\/td>\n<td>0<\/td>\n<td>44<\/td>\n<\/tr>\n<\/tbody>\n<\/table>\n[\/mk_table][\/vc_column][\/vc_row]\n","protected":false},"excerpt":{"rendered":"<p>[vc_row][vc_column][mk_fancy_title size=\u00bb18&#8243; font_family=\u00bbnone\u00bb]Proyectos productivos[\/mk_fancy_title][mk_table] Expediente T\u00edtulo Promotor Presupuesto aceptado Porcentaje de ayuda (%) IMPORTE AYUDA 2019 IMPORTE AYUDA 2020 Puntuaci\u00f3n seg\u00fan el baremo L19-1920-01-0117 Aldea de turismo rural Pascale Claude Monique Huguette 621.361,84\u20ac 50,00% 53.175,52\u20ac 146.824,48 98 L19-1920-01-0110 Araucaria House Mar\u00eda Isabel Prieto Fern\u00e1ndez 509.007,45\u20ac 50,00% 53.175,52\u20ac 146.824,48 88 L19-1920-01-0102 Aumento de capacidad de producci\u00f3n [&hellip;]<\/p>\n","protected":false},"author":1,"featured_media":0,"parent":2768,"menu_order":0,"comment_status":"closed","ping_status":"closed","template":"","meta":{"footnotes":""},"class_list":["post-3143","page","type-page","status-publish","hentry"],"_links":{"self":[{"href":"https:\/\/terrasdemiranda.org\/es\/wp-json\/wp\/v2\/pages\/3143"}],"collection":[{"href":"https:\/\/terrasdemiranda.org\/es\/wp-json\/wp\/v2\/pages"}],"about":[{"href":"https:\/\/terrasdemiranda.org\/es\/wp-json\/wp\/v2\/types\/page"}],"author":[{"embeddable":true,"href":"https:\/\/terrasdemiranda.org\/es\/wp-json\/wp\/v2\/users\/1"}],"replies":[{"embeddable":true,"href":"https:\/\/terrasdemiranda.org\/es\/wp-json\/wp\/v2\/comments?post=3143"}],"version-history":[{"count":5,"href":"https:\/\/terrasdemiranda.org\/es\/wp-json\/wp\/v2\/pages\/3143\/revisions"}],"predecessor-version":[{"id":3156,"href":"https:\/\/terrasdemiranda.org\/es\/wp-json\/wp\/v2\/pages\/3143\/revisions\/3156"}],"up":[{"embeddable":true,"href":"https:\/\/terrasdemiranda.org\/es\/wp-json\/wp\/v2\/pages\/2768"}],"wp:attachment":[{"href":"https:\/\/terrasdemiranda.org\/es\/wp-json\/wp\/v2\/media?parent=3143"}],"curies":[{"name":"wp","href":"https:\/\/api.w.org\/{rel}","templated":true}]}}