{"id":3146,"date":"2019-11-23T11:13:41","date_gmt":"2019-11-23T11:13:41","guid":{"rendered":"http:\/\/terrasdemiranda.org\/?page_id=3146\/"},"modified":"2019-11-25T09:13:42","modified_gmt":"2019-11-25T09:13:42","slug":"proyectos-en-lista-de-espera-convocatoria-2019-2020","status":"publish","type":"page","link":"https:\/\/terrasdemiranda.org\/es\/leader\/proyectos\/proyectos-en-lista-de-espera-convocatoria-2019-2020\/","title":{"rendered":"Proyectos en lista de espera 2019\/2020"},"content":{"rendered":"[vc_row][vc_column][mk_fancy_title size=\u00bb18&#8243; font_family=\u00bbnone\u00bb]Proyectos productivos[\/mk_fancy_title][mk_table]\n<table width=\"100%\">\n<thead>\n<tr>\n<th width=\"150px\">Expediente<\/th>\n<th>T\u00edtulo<\/th>\n<th>Promotor<\/th>\n<th>Presupuesto aceptado<\/th>\n<th>Porcentaje de ayuda (%)<\/th>\n<th>Puntuaci\u00f3n seg\u00fan el baremo<\/th>\n<\/tr>\n<\/thead>\n<tbody>\n<tr>\n<td>L19-1920-01-124<\/td>\n<td>Dise\u00f1o y desarrollo de una plataforma tur\u00edstica &#8211; Central de reservas especifica para a Mari\u00f1a de Lugo y su comarca<\/td>\n<td>Gestealoja, S.L.L<\/td>\n<td>94.750,00<\/td>\n<td>50,00%<\/td>\n<td>74,00<\/td>\n<\/tr>\n<tr>\n<td>L18-1920-01-088<\/td>\n<td>Implantaci\u00f3n ERP para control de calidad y trazabilidad en la producci\u00f3n de la IXP Faba de Lourenz\u00e1<\/td>\n<td>Terras da Mari\u00f1a, Sociedade Cooperativa Galega<\/td>\n<td>17.500,00<\/td>\n<td>50,00%<\/td>\n<td>67,00<\/td>\n<\/tr>\n<tr>\n<td>L19-1920-01-129<\/td>\n<td>Processvet Laboratorios<\/td>\n<td>Ana Fraga Fraga<\/td>\n<td>51.178,88<\/td>\n<td>50,00%<\/td>\n<td>65,00<\/td>\n<\/tr>\n<tr>\n<td>L18-1920-01-095<\/td>\n<td>Proyecto b\u00e1sico y de ejecuci\u00f3n de rehabilitaci\u00f3n de edificio para establecimiento hotelero<\/td>\n<td>Protabo, SL<\/td>\n<td>92.229,67<\/td>\n<td>47,67%<\/td>\n<td>60,00<\/td>\n<\/tr>\n<tr>\n<td>L19-1920-01-116<\/td>\n<td>Tienda de venta de art\u00edculos de deporte<\/td>\n<td>Sunne Galiza, S.L.U<\/td>\n<td>103.867,12<\/td>\n<td>44,56%<\/td>\n<td>58,00<\/td>\n<\/tr>\n<\/tbody>\n<\/table>\n[\/mk_table][mk_padding_divider][mk_fancy_title size=\u00bb18&#8243; font_family=\u00bbnone\u00bb]Proxectos non productivos promovidos por entidades p\u00fablicas locais[\/mk_fancy_title][mk_table]\n<table width=\"100%\">\n<thead>\n<tr>\n<th width=\"150px\">Expediente<\/th>\n<th>T\u00edtulo<\/th>\n<th>Promotor<\/th>\n<th>Presupuesto aceptado<\/th>\n<th>Porcentage de ayuda (%)<\/th>\n<th>Puntuaci\u00f3n seg\u00fan el baremo<\/th>\n<th>Prioriedad<\/th>\n<\/tr>\n<\/thead>\n<tbody>\n<tr>\n<td>L19-1920-01-0123<\/td>\n<td>Rehabilitaci\u00f3n da antiga minicentral hidroel\u00e9ctrica do R\u00edo Tronceda<\/td>\n<td>Ayuntamiento de Mondo\u00f1edo<\/td>\n<td>128.189,50<\/td>\n<td>90,00%<\/td>\n<td>65,00<\/td>\n<td>Alta<\/td>\n<\/tr>\n<tr>\n<td>L19-1920-01-0114<\/td>\n<td>Centro de referencia forestal do Valadouro<\/td>\n<td>Ayuntamiento de O Valadouro<\/td>\n<td>107.800,00<\/td>\n<td>89,56%<\/td>\n<td>64,00<\/td>\n<td>Alta<\/td>\n<\/tr>\n<tr>\n<td>L18-1920-01-0078<\/td>\n<td>Restauraci\u00f3n da Fonte da Grela<\/td>\n<td>Ayuntamiento de Alfoz<\/td>\n<td>12.668,80<\/td>\n<td>89,11%<\/td>\n<td>63,00<\/td>\n<td>Alta<\/td>\n<\/tr>\n<tr>\n<td>L19-1920-01-0128<\/td>\n<td>Creaci\u00f3n dun ximnasio ao aire libre, favorecenddo a sa\u00fade e o benestar de toda a poboaci\u00f3n de O Vicedo<\/td>\n<td>Ayuntamiento de O Vicedo<\/td>\n<td>48.363,80<\/td>\n<td>87,78%<\/td>\n<td>62,00<\/td>\n<td>Alta<\/td>\n<\/tr>\n<tr>\n<td>L18-1920-01-0077<\/td>\n<td>Centro experimental para UAVs<\/td>\n<td>Ayuntamiento de Cervo<\/td>\n<td>383.086,00<\/td>\n<td>84,22%<\/td>\n<td>52,00<\/td>\n<td>Alta<\/td>\n<\/tr>\n<tr>\n<td>L19-1920-01-0188<\/td>\n<td>Edici\u00f3n de material audiovisual para a promoci\u00f3n tur\u00edstica do Xeodestino da Mari\u00f1a Lucense<\/td>\n<td>Mancomunidad de Ayuntamientos de la Mari\u00f1a Lucense<\/td>\n<td>6.776,00<\/td>\n<td>48,67%<\/td>\n<td>59,00<\/td>\n<td>Baja<\/td>\n<\/tr>\n<\/tbody>\n<\/table>\n[\/mk_table][\/vc_column][\/vc_row]\n","protected":false},"excerpt":{"rendered":"<p>[vc_row][vc_column][mk_fancy_title size=\u00bb18&#8243; font_family=\u00bbnone\u00bb]Proyectos productivos[\/mk_fancy_title][mk_table] Expediente T\u00edtulo Promotor Presupuesto aceptado Porcentaje de ayuda (%) Puntuaci\u00f3n seg\u00fan el baremo L19-1920-01-124 Dise\u00f1o y desarrollo de una plataforma tur\u00edstica &#8211; Central de reservas especifica para a Mari\u00f1a de Lugo y su comarca Gestealoja, S.L.L 94.750,00 50,00% 74,00 L18-1920-01-088 Implantaci\u00f3n ERP para control de calidad y trazabilidad en la producci\u00f3n [&hellip;]<\/p>\n","protected":false},"author":1,"featured_media":0,"parent":2768,"menu_order":0,"comment_status":"closed","ping_status":"closed","template":"","meta":{"footnotes":""},"class_list":["post-3146","page","type-page","status-publish","hentry"],"_links":{"self":[{"href":"https:\/\/terrasdemiranda.org\/es\/wp-json\/wp\/v2\/pages\/3146"}],"collection":[{"href":"https:\/\/terrasdemiranda.org\/es\/wp-json\/wp\/v2\/pages"}],"about":[{"href":"https:\/\/terrasdemiranda.org\/es\/wp-json\/wp\/v2\/types\/page"}],"author":[{"embeddable":true,"href":"https:\/\/terrasdemiranda.org\/es\/wp-json\/wp\/v2\/users\/1"}],"replies":[{"embeddable":true,"href":"https:\/\/terrasdemiranda.org\/es\/wp-json\/wp\/v2\/comments?post=3146"}],"version-history":[{"count":8,"href":"https:\/\/terrasdemiranda.org\/es\/wp-json\/wp\/v2\/pages\/3146\/revisions"}],"predecessor-version":[{"id":3170,"href":"https:\/\/terrasdemiranda.org\/es\/wp-json\/wp\/v2\/pages\/3146\/revisions\/3170"}],"up":[{"embeddable":true,"href":"https:\/\/terrasdemiranda.org\/es\/wp-json\/wp\/v2\/pages\/2768"}],"wp:attachment":[{"href":"https:\/\/terrasdemiranda.org\/es\/wp-json\/wp\/v2\/media?parent=3146"}],"curies":[{"name":"wp","href":"https:\/\/api.w.org\/{rel}","templated":true}]}}