{"id":3284,"date":"2020-11-19T10:32:28","date_gmt":"2020-11-19T10:32:28","guid":{"rendered":"https:\/\/terrasdemiranda.org\/?page_id=3284\/"},"modified":"2020-11-19T13:17:07","modified_gmt":"2020-11-19T13:17:07","slug":"proyectos-subvencionados-convocatoria-2020-2021","status":"publish","type":"page","link":"https:\/\/terrasdemiranda.org\/es\/leader\/proyectos\/proyectos-subvencionados-convocatoria-2020-2021\/","title":{"rendered":"Proyectos subvencionados 2020\/2021"},"content":{"rendered":"[vc_row][vc_column][mk_fancy_title size=\u00bb18&#8243; font_family=\u00bbnone\u00bb]Proyectos productivos[\/mk_fancy_title][mk_table]&nbsp;<\/p>\n<table width=\"100%\">\n<thead>\n<tr>\n<th width=\"150px\">Expediente<\/th>\n<th>T\u00edtulo<\/th>\n<th>Promotor<\/th>\n<th>Presupuesto aceptado<\/th>\n<th>Porcentaje de ayuda (%)<\/th>\n<th>IMPORTE AYUDA 2020<\/th>\n<th>IMPORTE AYUDA 2021<\/th>\n<th>Puntuaci\u00f3n seg\u00fan el baremo<\/th>\n<\/tr>\n<\/thead>\n<tbody>\n<tr>\n<td>L19-1920-01-137<\/td>\n<td>Rehabilitaci\u00f3n de edificio para uso residencial p\u00fablico. Establecimiento Apartamentos tur\u00edsticos<\/td>\n<td>Gestinorte Inmobiliaria Gallega, S.L<\/td>\n<td>447.628,38\u20ac<\/td>\n<td>50,00%<\/td>\n<td>95.092,16\u20ac<\/td>\n<td>\u00a095.092,16<\/td>\n<td>94<\/td>\n<\/tr>\n<\/tbody>\n<\/table>\n[\/mk_table][mk_message_box type=\u00bbinfo-message\u00bb]\n<h6>(*) Expediente con resoluci\u00f3n parcial, tiene 12.304,67 \u20ac sin adjudicar por falta de fondos en la tipolog\u00eda del proyecto<\/h6>\n[\/mk_message_box][\/vc_column][\/vc_row]\n","protected":false},"excerpt":{"rendered":"<p>[vc_row][vc_column][mk_fancy_title size=\u00bb18&#8243; font_family=\u00bbnone\u00bb]Proyectos productivos[\/mk_fancy_title][mk_table]&nbsp; Expediente T\u00edtulo Promotor Presupuesto aceptado Porcentaje de ayuda (%) IMPORTE AYUDA 2020 IMPORTE AYUDA 2021 Puntuaci\u00f3n seg\u00fan el baremo L19-1920-01-137 Rehabilitaci\u00f3n de edificio para uso residencial p\u00fablico. Establecimiento Apartamentos tur\u00edsticos Gestinorte Inmobiliaria Gallega, S.L 447.628,38\u20ac 50,00% 95.092,16\u20ac \u00a095.092,16 94 [\/mk_table][mk_message_box type=\u00bbinfo-message\u00bb] (*) Expediente con resoluci\u00f3n parcial, tiene 12.304,67 \u20ac sin adjudicar [&hellip;]<\/p>\n","protected":false},"author":1,"featured_media":0,"parent":2768,"menu_order":0,"comment_status":"closed","ping_status":"closed","template":"","meta":{"footnotes":""},"class_list":["post-3284","page","type-page","status-publish","hentry"],"_links":{"self":[{"href":"https:\/\/terrasdemiranda.org\/es\/wp-json\/wp\/v2\/pages\/3284"}],"collection":[{"href":"https:\/\/terrasdemiranda.org\/es\/wp-json\/wp\/v2\/pages"}],"about":[{"href":"https:\/\/terrasdemiranda.org\/es\/wp-json\/wp\/v2\/types\/page"}],"author":[{"embeddable":true,"href":"https:\/\/terrasdemiranda.org\/es\/wp-json\/wp\/v2\/users\/1"}],"replies":[{"embeddable":true,"href":"https:\/\/terrasdemiranda.org\/es\/wp-json\/wp\/v2\/comments?post=3284"}],"version-history":[{"count":3,"href":"https:\/\/terrasdemiranda.org\/es\/wp-json\/wp\/v2\/pages\/3284\/revisions"}],"predecessor-version":[{"id":3288,"href":"https:\/\/terrasdemiranda.org\/es\/wp-json\/wp\/v2\/pages\/3284\/revisions\/3288"}],"up":[{"embeddable":true,"href":"https:\/\/terrasdemiranda.org\/es\/wp-json\/wp\/v2\/pages\/2768"}],"wp:attachment":[{"href":"https:\/\/terrasdemiranda.org\/es\/wp-json\/wp\/v2\/media?parent=3284"}],"curies":[{"name":"wp","href":"https:\/\/api.w.org\/{rel}","templated":true}]}}