{"id":3293,"date":"2020-11-19T11:14:20","date_gmt":"2020-11-19T11:14:20","guid":{"rendered":"https:\/\/terrasdemiranda.org\/?page_id=3293\/"},"modified":"2022-01-15T19:20:21","modified_gmt":"2022-01-15T19:20:21","slug":"proyectos-en-lista-de-espera-convocatoria-2020-2021","status":"publish","type":"page","link":"https:\/\/terrasdemiranda.org\/es\/leader\/proyectos\/proyectos-en-lista-de-espera-convocatoria-2020-2021\/","title":{"rendered":"Proyectos en lista de espera de la convocatoria 2020\/2021"},"content":{"rendered":"[vc_row][vc_column][mk_fancy_title size=\u00bb18&#8243; font_family=\u00bbnone\u00bb]Proyectos productivos[\/mk_fancy_title][mk_table]\n<table width=\"100%\">\n<thead>\n<tr>\n<th width=\"150px\">Expediente<\/th>\n<th>T\u00edtulo<\/th>\n<th>Promotor<\/th>\n<th>Presupuesto aceptado<\/th>\n<th>Porcentaje de ayuda (%)<\/th>\n<th>Puntuaci\u00f3n seg\u00fan el baremo<\/th>\n<\/tr>\n<\/thead>\n<tbody>\n<tr>\n<td>L19-1920-01-138<\/td>\n<td>Criba clasificadora de astilla para a mejora en el aprovechamiento de biomasa forestal<\/td>\n<td>Biomasas Forestales del Cant\u00e1brico, S.L.U<\/td>\n<td>148.125<\/td>\n<td>40,00%<\/td>\n<td>93,00<\/td>\n<\/tr>\n<tr>\n<td>L20-1920-01-149<\/td>\n<td>O Souto Casa de Turismo Rural<\/td>\n<td>El Cordel Gesti\u00f3n Inmobiliaria, S.L<\/td>\n<td>333.314,82<\/td>\n<td>50,00%<\/td>\n<td>84,00<\/td>\n<\/tr>\n<tr>\n<td>L20-1920-01-146<\/td>\n<td>Espacio Natura- Hotel Slow Foz-R\u00eda de Foz<\/td>\n<td>Pronervus Energ\u00edas Renovables, S.L<\/td>\n<td>385.236,39<\/td>\n<td>50,00%<\/td>\n<td>84,00<\/td>\n<\/tr>\n<tr>\n<td>L20-1920-01-144<\/td>\n<td>Pensi\u00f3n de 3 estrelas e restaurante de un tenedor en praia San Pedro 4<\/td>\n<td>Hern\u00e1ndez Castrill\u00f3n Francisco Javier<\/td>\n<td>687.870,90<\/td>\n<td>50%<\/td>\n<td>80,00<\/td>\n<\/tr>\n<tr>\n<td>L20-1920-01-151<\/td>\n<td>Modificaci\u00f3n y ampliaci\u00f3n de nave para empresa de obras, servicios e instalaciones fotovoltaicas<\/td>\n<td>Otelec Costa Norte, S.L<\/td>\n<td>458.764,39<\/td>\n<td>50%<\/td>\n<td>76,00<\/td>\n<\/tr>\n<tr>\n<td>L19-1920-01-135<\/td>\n<td>Aumento de la capacidad de producci\u00f3n -2\u00aa fase<\/td>\n<td>Burelarte, S.L.U<\/td>\n<td>144.730,68<\/td>\n<td>50%<\/td>\n<td>75,00<\/td>\n<\/tr>\n<tr>\n<td>L19-1920-01-124<\/td>\n<td>Dise\u00f1o y desarrollo de una Plataforma tur\u00edstica- Central de reservas espec\u00edfica para La Mari\u00f1a de Lugo y su comarca<\/td>\n<td>Gestealoja, S.L.L<\/td>\n<td>94.750,00<\/td>\n<td>50%<\/td>\n<td>74,00<\/td>\n<\/tr>\n<tr>\n<td>L20-1920-01-150<\/td>\n<td>Ampliaci\u00f3n Cl\u00ednica veterinaria<\/td>\n<td>Sociedad Veterinaria del Eo, S.L.P<\/td>\n<td>112.843,78<\/td>\n<td>50%<\/td>\n<td>68,00<\/td>\n<\/tr>\n<tr>\n<td>L20-1920-01-147<\/td>\n<td>Processvet Laboratorios<\/td>\n<td>Ana Fraga Fraga<\/td>\n<td>18.597,77<\/td>\n<td>50%<\/td>\n<td>67,00<\/td>\n<\/tr>\n<tr>\n<td>L19-1920-01-134<\/td>\n<td>Crematorio en O Valadouro<\/td>\n<td>Funerarias Unidas Costa Lucense, S.l<\/td>\n<td>212.532,00<\/td>\n<td>48,44%<\/td>\n<td>63,00<\/td>\n<\/tr>\n<tr>\n<td>L19-1920-01-116<\/td>\n<td>Tienda venta de art\u00edculos de deporte (Mondo\u00f1edo)<\/td>\n<td>Sunne Galiza, S.L.U<\/td>\n<td>103.867,12<\/td>\n<td>44,56%<\/td>\n<td>58,00<\/td>\n<\/tr>\n<tr>\n<td>L19-1920-01-133<\/td>\n<td>Plantaci\u00f3n de manzanos en r\u00e9gimen semi-intensivo<\/td>\n<td>Posada Garc\u00eda Elvira<\/td>\n<td>19.067,01<\/td>\n<td>38,33%<\/td>\n<td>50,00<\/td>\n<\/tr>\n<\/tbody>\n<\/table>\n[\/mk_table][mk_padding_divider][mk_fancy_title size=\u00bb18&#8243; font_family=\u00bbnone\u00bb]Proyectos no productivos promovidos por entidades p\u00fablicas locales[\/mk_fancy_title][mk_table]\n<table width=\"100%\">\n<thead>\n<tr>\n<th width=\"150px\">Expediente<\/th>\n<th>T\u00edtulo<\/th>\n<th>Promotor<\/th>\n<th>Presupuesto aceptado<\/th>\n<th>Porcentaje de ayuda (%)<\/th>\n<th>Puntuaci\u00f3n seg\u00fan el baremo<\/th>\n<th>Prioridad<\/th>\n<\/tr>\n<\/thead>\n<tbody>\n<tr>\n<td>L19-1920-01-123<\/td>\n<td>Rehabilitacion de la antigua minicentral hidroelectrica del rio Tronceda (Mondo\u00f1edo)<\/td>\n<td>Ayuntamiento de Mondo\u00f1edo<\/td>\n<td>128.189,50<\/td>\n<td>90,00%<\/td>\n<td>65,00<\/td>\n<td>Alta<\/td>\n<\/tr>\n<tr>\n<td>L19-1920-01-114<\/td>\n<td>Centro de referencia forestal de O Valadouro<\/td>\n<td>Ayuntamiento de O Valadouro<\/td>\n<td>107.800,00<\/td>\n<td>89,56%<\/td>\n<td>64,00<\/td>\n<td>Alta<\/td>\n<\/tr>\n<tr>\n<td>L19-1920-01-128<\/td>\n<td>Creaci\u00f3n de un gimnasio al aire libre, favoreciendo la salud y bienestar de toda la poblaci\u00f3n de O Vicedo<\/td>\n<td>Ayuntamiento de O Vicedo<\/td>\n<td>48.363,80<\/td>\n<td>87,78%<\/td>\n<td>62,00<\/td>\n<td>Alta<\/td>\n<\/tr>\n<tr>\n<td>L20-1920-01-139<\/td>\n<td>Construcci\u00f3n local multiservicios en cedofeita-ribadeo<\/td>\n<td>Ayuntamiento de Ribadeo<\/td>\n<td>128.597,47<\/td>\n<td>82,44%<\/td>\n<td>48,00<\/td>\n<td>Alta<\/td>\n<\/tr>\n<tr>\n<td>L20-1920-01-140<\/td>\n<td>Acondicionamiento de espacio p\u00fablico l\u00fadico recreativo en el Ayuntamiento de Ribadeo<\/td>\n<td>Ayuntamiento de Ribadeo<\/td>\n<td>475.167,00<\/td>\n<td>62,44%<\/td>\n<td>48,00<\/td>\n<td>Media<\/td>\n<\/tr>\n<tr>\n<td>L19-1920-01-108<\/td>\n<td>Edici\u00f3n de material audiovisual para la promoci\u00f3n tur\u00edstica del Xeodestino da Mari\u00f1a Lucense<\/td>\n<td>Mancomunidad de Ayuntamientos de la Mari\u00f1a Lucense<\/td>\n<td>6.776,00<\/td>\n<td>48,67%<\/td>\n<td>59,00<\/td>\n<td>Baixa<\/td>\n<\/tr>\n<\/tbody>\n<\/table>\n[\/mk_table][mk_padding_divider][mk_fancy_title size=\u00bb18&#8243; font_family=\u00bbnone\u00bb]Proyectos non productivos promovidos por entidades privadas[\/mk_fancy_title][mk_table]\n<table width=\"100%\">\n<thead>\n<tr>\n<th width=\"150px\">Expediente<\/th>\n<th>T\u00edtulo<\/th>\n<th>Promotor<\/th>\n<th>Presupuesto aceptado<\/th>\n<th>Porcentaje de axuda (%)<\/th>\n<th>Puntuaci\u00f3n seg\u00fan el baremo<\/th>\n<\/tr>\n<\/thead>\n<tbody>\n<tr>\n<td><\/td>\n<td><\/td>\n<td><\/td>\n<td><\/td>\n<td><\/td>\n<td><\/td>\n<\/tr>\n<tr>\n<td><\/td>\n<td><\/td>\n<td><\/td>\n<td><\/td>\n<td><\/td>\n<td><\/td>\n<\/tr>\n<tr>\n<td><\/td>\n<td><\/td>\n<td><\/td>\n<td><\/td>\n<td><\/td>\n<td><\/td>\n<\/tr>\n<\/tbody>\n<\/table>\n[\/mk_table][\/vc_column][\/vc_row]\n","protected":false},"excerpt":{"rendered":"<p>[vc_row][vc_column][mk_fancy_title size=\u00bb18&#8243; font_family=\u00bbnone\u00bb]Proyectos productivos[\/mk_fancy_title][mk_table] Expediente T\u00edtulo Promotor Presupuesto aceptado Porcentaje de ayuda (%) Puntuaci\u00f3n seg\u00fan el baremo L19-1920-01-138 Criba clasificadora de astilla para a mejora en el aprovechamiento de biomasa forestal Biomasas Forestales del Cant\u00e1brico, S.L.U 148.125 40,00% 93,00 L20-1920-01-149 O Souto Casa de Turismo Rural El Cordel Gesti\u00f3n Inmobiliaria, S.L 333.314,82 50,00% 84,00 L20-1920-01-146 [&hellip;]<\/p>\n","protected":false},"author":1,"featured_media":0,"parent":2768,"menu_order":0,"comment_status":"closed","ping_status":"closed","template":"","meta":{"footnotes":""},"class_list":["post-3293","page","type-page","status-publish","hentry"],"_links":{"self":[{"href":"https:\/\/terrasdemiranda.org\/es\/wp-json\/wp\/v2\/pages\/3293"}],"collection":[{"href":"https:\/\/terrasdemiranda.org\/es\/wp-json\/wp\/v2\/pages"}],"about":[{"href":"https:\/\/terrasdemiranda.org\/es\/wp-json\/wp\/v2\/types\/page"}],"author":[{"embeddable":true,"href":"https:\/\/terrasdemiranda.org\/es\/wp-json\/wp\/v2\/users\/1"}],"replies":[{"embeddable":true,"href":"https:\/\/terrasdemiranda.org\/es\/wp-json\/wp\/v2\/comments?post=3293"}],"version-history":[{"count":8,"href":"https:\/\/terrasdemiranda.org\/es\/wp-json\/wp\/v2\/pages\/3293\/revisions"}],"predecessor-version":[{"id":3561,"href":"https:\/\/terrasdemiranda.org\/es\/wp-json\/wp\/v2\/pages\/3293\/revisions\/3561"}],"up":[{"embeddable":true,"href":"https:\/\/terrasdemiranda.org\/es\/wp-json\/wp\/v2\/pages\/2768"}],"wp:attachment":[{"href":"https:\/\/terrasdemiranda.org\/es\/wp-json\/wp\/v2\/media?parent=3293"}],"curies":[{"name":"wp","href":"https:\/\/api.w.org\/{rel}","templated":true}]}}