{"id":3388,"date":"2021-05-31T15:41:23","date_gmt":"2021-05-31T15:41:23","guid":{"rendered":"https:\/\/terrasdemiranda.org\/?page_id=3388\/"},"modified":"2021-05-31T15:55:11","modified_gmt":"2021-05-31T15:55:11","slug":"guiaturistica","status":"publish","type":"page","link":"https:\/\/terrasdemiranda.org\/es\/guiaturistica\/","title":{"rendered":"Gu\u00eda Tur\u00edstica"},"content":{"rendered":"[vc_row][vc_column][vc_single_image image=\u00bb3390&#8243; img_size=\u00bbfull\u00bb title=\u00bbGu\u00eda tur\u00edstica\u00bb][vc_separator][vc_column_text css=\u00bb.vc_custom_1622475721257{margin-bottom: 0px !important;}\u00bb]Terras de Miranda &#8211; Turismo de Lugo, es un espacio cultural, social y econ\u00f3mico com\u00fan integrado por 14 municipios de la provincia de Lugo que forman el Grupo de Desarrollo Rural (GDR) Terras de Miranda.<\/p>\n<p>Su \u00e1mbito de actuaci\u00f3n abarca los municipios de Alfoz, Barreiros, Burela, Cervo, Foz, Lourenz\u00e1, Mondo\u00f1edo, Ourol, Ribadeo, Trabada, O Valadouro, O Vicedo, Viveiro y Xove. Se trata de un territorio diverso y aut\u00e9ntico localizado en la comarca de la Mari\u00f1a Lucense, al norte de la provincia de Lugo, delimitado con el mar Cant\u00e1brico y la Sierra del Xistral, lo que le confiere una riqueza paisaj\u00edstica de inagualable valor. Descubre las oportunidades que te ofrece este territorio pr\u00e1cticamente desconocido e inexplorado de la Mari\u00f1a Lucense, donde se an\u00faan naturaleza, cultura y gastronom\u00eda, dando lugar a una idiosincrasia \u00fanica.<\/p>\n<p>D\u00e9jate seducir por sus villas hist\u00f3ricas,\u00a0 monumentos patrimoniales, playas paradisiacas, espacios de inigualable valor ambiental, fiestas que exalta su cultura popular y una excepcional oferta de restauraci\u00f3n y alojamiento donde disfrutar\u00e1s de la hospitalidad de sus gentes.<\/p>\n<p><strong>Vive una experiencia \u00fanica y d\u00e9jate sorprender.<\/strong>[\/vc_column_text][\/vc_column][\/vc_row][vc_row][vc_column][mk_button corner_style=\u00bbrounded\u00bb size=\u00bblarge\u00bb]Descarga Gu\u00eda[\/mk_button][\/vc_column][\/vc_row]\n","protected":false},"excerpt":{"rendered":"<p>[vc_row][vc_column][vc_single_image image=\u00bb3390&#8243; img_size=\u00bbfull\u00bb title=\u00bbGu\u00eda tur\u00edstica\u00bb][vc_separator][vc_column_text css=\u00bb.vc_custom_1622475721257{margin-bottom: 0px !important;}\u00bb]Terras de Miranda &#8211; Turismo de Lugo, es un espacio cultural, social y econ\u00f3mico com\u00fan integrado por 14 municipios de la provincia de Lugo que forman el Grupo de Desarrollo Rural (GDR) Terras de Miranda. Su \u00e1mbito de actuaci\u00f3n abarca los municipios de Alfoz, Barreiros, Burela, Cervo, Foz, [&hellip;]<\/p>\n","protected":false},"author":2,"featured_media":0,"parent":0,"menu_order":0,"comment_status":"closed","ping_status":"closed","template":"","meta":{"footnotes":""},"class_list":["post-3388","page","type-page","status-publish","hentry"],"_links":{"self":[{"href":"https:\/\/terrasdemiranda.org\/es\/wp-json\/wp\/v2\/pages\/3388"}],"collection":[{"href":"https:\/\/terrasdemiranda.org\/es\/wp-json\/wp\/v2\/pages"}],"about":[{"href":"https:\/\/terrasdemiranda.org\/es\/wp-json\/wp\/v2\/types\/page"}],"author":[{"embeddable":true,"href":"https:\/\/terrasdemiranda.org\/es\/wp-json\/wp\/v2\/users\/2"}],"replies":[{"embeddable":true,"href":"https:\/\/terrasdemiranda.org\/es\/wp-json\/wp\/v2\/comments?post=3388"}],"version-history":[{"count":4,"href":"https:\/\/terrasdemiranda.org\/es\/wp-json\/wp\/v2\/pages\/3388\/revisions"}],"predecessor-version":[{"id":3409,"href":"https:\/\/terrasdemiranda.org\/es\/wp-json\/wp\/v2\/pages\/3388\/revisions\/3409"}],"wp:attachment":[{"href":"https:\/\/terrasdemiranda.org\/es\/wp-json\/wp\/v2\/media?parent=3388"}],"curies":[{"name":"wp","href":"https:\/\/api.w.org\/{rel}","templated":true}]}}