{"id":3450,"date":"2021-11-11T10:57:07","date_gmt":"2021-11-11T10:57:07","guid":{"rendered":"https:\/\/terrasdemiranda.org\/?page_id=3450\/"},"modified":"2021-11-23T08:48:52","modified_gmt":"2021-11-23T08:48:52","slug":"terras-de-natureza","status":"publish","type":"page","link":"https:\/\/terrasdemiranda.org\/es\/terras-de-natureza\/","title":{"rendered":"Terras de Natureza"},"content":{"rendered":"[vc_row][vc_column][mk_fullwidth_slideshow images=\u00bb863&#8243; stretch_images=\u00bbtrue\u00bb][\/vc_column][\/vc_row][vc_row][vc_column][mk_fancy_title size=\u00bb18&#8243; margin_bottom=\u00bb0&#8243; font_family=\u00bbnone\u00bb]<strong>Terras de Natureza<\/strong>[\/mk_fancy_title][vc_column_text css=\u00bb.vc_custom_1636624708255{margin-bottom: 0px !important;}\u00bb]El territorio del GDR Terras de Miranda cuenta con numerosos recursos naturales protegidos que hacen de este destino el lugar ideal para realizar actividades de ecoturismo. La pr\u00e1ctica totalidad del territorio se encuentra bajo alguna figura de protecci\u00f3n especial destacando aquellos recursos recogidos en zonas LIC (Lugares de Importancia Comunitaria), ZEPA (Zona de Especial Protecci\u00f3n de Aves) y Reservas da Biosfera entre otras.<\/p>\n<p>A trav\u00e9s de esta oferta podr\u00e1s disfrutar de la naturaleza en su estado m\u00e1s puro, contribuyendo a su mejora y conservaci\u00f3n, al mismo tiempo que gozas de un tiempo de desconexi\u00f3n. Puedes disfrutar de estas actividades con la seguridad de que cumplen con los principios de sostenibilidad del ecoturismo.[\/vc_column_text][vc_btn title=\u00bbDescargar Folleto\u00bb style=\u00bbcustom\u00bb custom_background=\u00bb#ed8b00&#8243; custom_text=\u00bb#ffffff\u00bb custom_onclick=\u00bbtrue\u00bb el_class=\u00bbbtn-custom-3&#8243; link=\u00bburl:https%3A%2F%2Fterrasdemiranda.org%2Fwp-content%2Fuploads%2F2021%2F11%2Fterras-de-miranda.pdf|target:%20_blank|\u00bb][mk_padding_divider][mk_fancy_title tag_name=\u00bbh3&#8243; size=\u00bb16&#8243; font_family=\u00bbnone\u00bb]<strong>Rutas autoguiadas<\/strong>[\/mk_fancy_title][vc_accordions style=\u00bbsimple-style\u00bb open_toggle=\u00bb-1&#8243; container_bg_color=\u00bb#ffffff\u00bb responsive=\u00bbfalse\u00bb][vc_accordion_tab title=\u00bbObserva la naturaleza\u00bb][vc_column_text css=\u00bb.vc_custom_1636971924172{margin-bottom: 0px !important;}\u00bb]La vista es uno de los sentidos principales, a trav\u00e9s de los cual podemos apreciar la belleza del entorno. La naturaleza acoge un complejo mundo de posibilidades y colores, que solo los m\u00e1s detallistas podr\u00e1n reconocer. Aqu\u00ed te proponemos una serie de actividades que os permitir\u00e1n conocer y observar la gran diversidad que acogen nuestras tierras.<\/p>\n<p><strong>\u00a1Atr\u00e9vete a descubrirlas!<\/strong>[\/vc_column_text][vc_btn title=\u00bbVer Rutas\u00bb align=\u00bbcenter\u00bb button_block=\u00bbtrue\u00bb link=\u00bburl:https%3A%2F%2Fterrasdemiranda.org%2Fterras-de-natureza%2Fobserva-la-naturaleza%2F|title:Observa%20la%20naturaleza|\u00bb el_class=\u00bbbtn-VerRuta\u00bb][\/vc_accordion_tab][vc_accordion_tab title=\u00bbEscucha la naturaleza\u00bb][vc_column_text css=\u00bb.vc_custom_1636971916229{margin-bottom: 0px !important;}\u00bb]El agua, recurso esencial para nuestra vida, est\u00e1 presente en cada rinc\u00f3n de la costa cant\u00e1brica lucense. Las actividades que os proponemos os acercar\u00e1n a imponentes cascadas, que os envolver\u00e1n en el sonido de sus aguas caudalosas, y caminos entre r\u00edos y molinos, donde el sonido del agua lleva el recuerdo de su papel como lugar hist\u00f3rico de reuniones y leyendas.<\/p>\n<p><strong>\u00a1Agudiza el o\u00eddo y conc\u00e9ntrate en escuchar los sonidos que ofrece la naturaleza a trav\u00e9s del recorrido del agua en sus distintas formas!<\/strong>[\/vc_column_text][vc_btn title=\u00bbVer Rutas\u00bb align=\u00bbcenter\u00bb button_block=\u00bbtrue\u00bb link=\u00bburl:https%3A%2F%2Fterrasdemiranda.org%2Fterras-de-natureza%2Fescucha-la-naturaleza%2F|title:Escucha%20la%20naturaleza|\u00bb el_class=\u00bbbtn-VerRuta\u00bb][\/vc_accordion_tab][vc_accordion_tab title=\u00bbSiente la naturaleza\u00bb][vc_column_text css=\u00bb.vc_custom_1636971944929{margin-bottom: 0px !important;}\u00bb]La historia de nuestra tierra se encuentra gravada en nuestro suelo. Los yacimientos arqueol\u00f3gicos nos transmiten el estilo de vida la cultura pasada de nuestro territorio, muy vinculada a los oficios tradicionales artesanales. Siente con tus propias manos nuestra tradici\u00f3n artesanal: visita a nuestros productores o artesanos, observa, entiende y disfruta su proceso de creaci\u00f3n y, por \u00faltimo, sum\u00e9rgete en este espacio y da forma a tus ideas.<\/p>\n<p><strong>\u00a1Ll\u00e9vate un pedazo de nuestro legado a casa!<\/strong>[\/vc_column_text][vc_btn title=\u00bbVer Rutas\u00bb align=\u00bbcenter\u00bb button_block=\u00bbtrue\u00bb link=\u00bburl:https%3A%2F%2Fterrasdemiranda.org%2Fterras-de-natureza%2Fsiente-la-naturaleza%2F|title:Siente%20la%20naturaleza|\u00bb el_class=\u00bbbtn-VerRuta\u00bb][\/vc_accordion_tab][vc_accordion_tab title=\u00bbSaborea la naturaleza\u00bb][vc_column_text css=\u00bb.vc_custom_1637595110018{margin-bottom: 0px !important;}\u00bb]Una de las formas m\u00e1s placenteras de conocer la tradici\u00f3n y cultura de un destino es a trav\u00e9s de los sabores t\u00edpicos de su cocina. Gracias a la convivencia de la tradici\u00f3n marinera con f\u00e9rtiles tierras, la cocina gallega cuenta con productos gastron\u00f3micos de primera clase. Os invitamos a conocer las tierras gallegas a trav\u00e9s del gusto y el sabor, realizando el recorrido de vuestros platos desde la tierra a la mesa.[\/vc_column_text][vc_btn title=\u00bbVer Rutas\u00bb align=\u00bbcenter\u00bb button_block=\u00bbtrue\u00bb link=\u00bburl:https%3A%2F%2Fterrasdemiranda.org%2Fterras-de-natureza%2Fsaborea-la-naturaleza%2F|title:Saborea%20la%20naturaleza|\u00bb el_class=\u00bbbtn-VerRuta\u00bb][\/vc_accordion_tab][vc_accordion_tab title=\u00bbVive la naturaleza\u00bb][vc_column_text css=\u00bb.vc_custom_1636971992393{margin-bottom: 0px !important;}\u00bb]Sabemos que el turismo de sol y playa ya no es suficiente. En nuestra amplia variedad de playas, de arena fina, muchas desconocidas, puedes encontrar las condiciones ideales para practicar un sinf\u00edn de actividades acu\u00e1ticas. Pero si el mar se te queda corto, tambi\u00e9n puedes conocer nuestro territorio adentr\u00e1ndote en paisajes rurales y naturales a trav\u00e9s de senderos adaptados para bicicletas de monta\u00f1a, cuevas e incluso en canoa por un r\u00edo.<\/p>\n<p><strong>\u00a1Pon a prueba tus habilidades!<\/strong>[\/vc_column_text][vc_btn title=\u00bbVer Rutas\u00bb align=\u00bbcenter\u00bb button_block=\u00bbtrue\u00bb link=\u00bburl:https%3A%2F%2Fterrasdemiranda.org%2Fterras-de-natureza%2Fvive-la-naturaleza%2F|title:Vive%20la%20naturaleza|\u00bb el_class=\u00bbbtn-VerRuta\u00bb][\/vc_accordion_tab][\/vc_accordions][mk_padding_divider][\/vc_column][\/vc_row][vc_row][vc_column][mk_ornamental_title font_family=\u00bbnone\u00bb font_size=\u00bb30&#8243; ornament_style=\u00bblemo-single\u00bb nss_align=\u00bbcenter\u00bb]Crea un viaje a tu medida![\/mk_ornamental_title][mk_padding_divider][vc_accordions style=\u00bbsimple-style\u00bb open_toggle=\u00bb-1&#8243; container_bg_color=\u00bb#ffffff\u00bb responsive=\u00bbfalse\u00bb][vc_accordion_tab title=\u00bbDonde alojarse\u00bb][vc_column_text css=\u00bb.vc_custom_1636626017016{margin-bottom: 0px !important;}\u00bb]<strong>Finca Galea<br \/>\n<\/strong>(+34) 690 156 081 \/ (+34) 619 569 191<br \/>\n<a href=\"mailto:info@fincagaleaenaccion.com\">info@fincagaleaenaccion.com<\/a><br \/>\n<a href=\"https:\/\/casaruralfincagalea.com\/\">casaruralfincagalea.com<\/a><\/p>\n<p><strong>Araucaria House<br \/>\n<\/strong>(+34) 616 015 600<br \/>\n<a href=\"mailto:info@araucariahouse.com\">info@araucariahouse.com<\/a><br \/>\n<a href=\"https:\/\/araucariahouse.com\/\">araucariahouse.com<\/a><\/p>\n<p><strong>Valra\u00ed\u00f1a<br \/>\n<\/strong>(+34) 629 213 905 \/ (+34) 698 155 287<br \/>\n<a href=\"mailto:info@valraina.com\">info@valraina.com<\/a><br \/>\n<a href=\"http:\/\/www.valraina.com\/\">valraina.com<\/a><\/p>\n<p><strong>Os Tres Teixos<br \/>\n<\/strong>(+34) 982 12 45 03 \/\u00a0 (+34) 619 569 191<br \/>\n<a href=\"mailto:info@ostresteixos.es\">info@ostresteixos.es<\/a><br \/>\n<a href=\"https:\/\/www.ostresteixos.es\/\">ostresteixos.es<\/a><\/p>\n<p><strong>Finca Goleta<br \/>\n<\/strong>(+34) 982 137 301 \/ (+34) \u00a0687 854 290<br \/>\n<a href=\"mailto:goleta@fincagoleta.com\">goleta@fincagoleta.com<\/a><br \/>\n<a href=\"https:\/\/fincagoleta.com\/\">fincagoleta.com<\/a><\/p>\n<p><strong>Casa Norita<br \/>\n<\/strong>(+34) 645 971 877 \/ (+34) 629 829 210<br \/>\n<a href=\"mailto:casaruralnorita@gmail.com\">casaruralnorita@gmail.com<\/a><br \/>\n<a href=\"https:\/\/www.casanorita.com\/\">casanorita.com<\/a><\/p>\n<p><strong>Casa da Penela<br \/>\n<\/strong>(+34) 645 971 877 \/ (+34) 629 829 210<br \/>\n<a href=\"mailto:reservas@casadapenela.com\">reservas@casadapenela.com<\/a><br \/>\n<a href=\"https:\/\/www.casadapenela.com\/\">casadapenela.com<\/a><\/p>\n<p><strong>Finca O Bizarro<br \/>\n<\/strong>(+34) 656 355 144<br \/>\n<a href=\"mailto:info@fincaobizarro.com\">info@fincaobizarro.com<\/a><br \/>\n<a href=\"https:\/\/fincaobizarro.com\/\">fincaobizarro.com<\/a><\/p>\n<p><strong>Pazo da Trave<br \/>\n<\/strong>(+34) 982 598 163<br \/>\n<a href=\"mailto:terrafeita@pazosdegalicia.com\">terrafeita@pazosdegalicia.com<\/a><br \/>\n<a href=\"https:\/\/www.pazodatrave.com\/\">pazodatrave.com<\/a><\/p>\n<p><strong>Finca El Remanso<br \/>\n<\/strong>(+34) 639 072 769<br \/>\n<a href=\"mailto:elremansoes@yahoo.es\">elremansoes@yahoo.es<\/a><br \/>\n<a href=\"http:\/\/www.fincaelremanso.es\/\">fincaelremanso.es<\/a><\/p>\n<p><strong>O Viso Ecovillage<br \/>\n<\/strong>(+34) 682 614 714<br \/>\n<a href=\"mailto:info@ovisoecovillage.com\">info@ovisoecovillage.com<\/a><br \/>\n<a href=\"https:\/\/ovisoecovillage.com\/\">ovisoecovillage.com<\/a><\/p>\n<p><strong>Casa do Forno<br \/>\n<\/strong>(+34) 647 570 025 \/ (+34) 982 558 392<br \/>\n<a href=\"mailto:casadofornoalfoz@gmail.com\">casadofornoalfoz@gmail.com<\/a><\/p>\n<p><strong>Casa Parrugueiro<br \/>\n<\/strong>(+34) 619 425 080<br \/>\n<a href=\"mailto:solediazprieto@hotmail.com\">solediazprieto@hotmail.com<\/a><br \/>\n<a href=\"https:\/\/www.facebook.com\/Casa-Parrugueiro-495573724243795\/\">facebook &#8211; Casa Parrugueiro<\/a><\/p>\n<p><strong>Casa Quitapenas<br \/>\n<\/strong>(+34) 629 382 752<br \/>\n<a href=\"mailto:casaquitapenas@gmail.com\">casaquitapenas@gmail.com<\/a><br \/>\n<a href=\"https:\/\/casaquitapenas.com\/\">casaquitapenas.com<\/a><\/p>\n<p><strong>Oli Vita Hostel Albergue<br \/>\n<\/strong><a href=\"https:\/\/olivitahostel.wixsite.com\/olivitahostel\">olivitahostel.wixsite.com\/olivitahostel<\/a><\/p>\n<p><strong>Apartamentos A Palleira<br \/>\n<\/strong>(+34) 626 714 154<\/p>\n<p><strong>Hotel Montero<br \/>\n<\/strong>(+34) 982 521 751<br \/>\n<a href=\"https:\/\/www.hrmontero.com\/\">hrmontero.com<\/a>[\/vc_column_text][\/vc_accordion_tab][vc_accordion_tab title=\u00bbDonde comer\u00bb][vc_column_text css=\u00bb.vc_custom_1636626992962{margin-bottom: 0px !important;}\u00bb]<strong>Hotel R\u00edas Altas<br \/>\n<\/strong>(+34) \u00a0982 12 44 96<br \/>\n<a href=\"https:\/\/riasaltashotel.com\/restaurante\/\">riasaltashotel.com\/restaurante\/<\/a><\/p>\n<p><strong>O Forno de Tovar<br \/>\n<\/strong>(+34) 619 652 545<br \/>\n<a href=\"mailto:jorge5h@hotmail.com\">jorge5h@hotmail.com<\/a><br \/>\n<a href=\"https:\/\/www.facebook.com\/fornodetovar\/?ref=py_c\">facebook &#8211; Forno de Tovar<\/a><\/p>\n<p><strong>Restaurante Nito<br \/>\n<\/strong>(+34) 982 560 987<br \/>\n<a href=\"mailto:info@hotelego.es\">info@hotelego.es<\/a><br \/>\n<a href=\"https:\/\/www.hotelego.es\/restaurante\/menu\/\">hotelego.es\/restaurante\/menu\/<\/a><\/p>\n<p><strong>Restaurante O Asador del Alba<br \/>\n<\/strong>(+34) 609 707 067<br \/>\n<a href=\"mailto:restauranteoasador@hotmail.com\">restauranteoasador@hotmail.com<\/a><br \/>\n<a href=\"https:\/\/restauranteoasador.com\/wp\/\">restauranteoasador.com<\/a><\/p>\n<p><strong>A Mirandilla<br \/>\n<\/strong>(+34) 982 12 31 00<br \/>\n<a href=\"mailto:restauranteoasador@hotmail.com\">restauranteoasador@hotmail.com<\/a><br \/>\n<a href=\"https:\/\/restauranteoasador.com\/wp\/\">restauranteoasador.com<\/a><\/p>\n<p><strong>O Rinc\u00f3n do Mis<br \/>\n<\/strong>(+34) 669 549 712<br \/>\n<a href=\"mailto:contacto@misenplas.es\">contacto@misenplas.es<\/a>[\/vc_column_text][\/vc_accordion_tab][vc_accordion_tab title=\u00bbTransporte ecol\u00f3gico\u00bb][vc_column_text css=\u00bb.vc_custom_1636627171783{margin-bottom: 0px !important;}\u00bb]<strong>Mari\u00f1a Ebike S.L<br \/>\n<\/strong>(+349 618 255 310<br \/>\n<a href=\"mailto:contacto@mari\u00f1aebike.com\">contacto@mari\u00f1aebike.com<\/a><br \/>\n<a href=\"https:\/\/www.xn--mariaebike-w9a.com\/\">www.xn--mariaebike-w9a.com<\/a><\/p>\n<p><strong>Cientovolando<br \/>\n<\/strong>(+34) 633 366 220<br \/>\n<a href=\"mailto:m100tovolando@hotmail.com\">m100tovolando@hotmail.com<\/a><br \/>\n<a href=\"https:\/\/100tovolando.eu\/\">100tovolando.eu<\/a><\/p>\n<p><strong>Roncadoiro E-Bike Experience<br \/>\n<\/strong>(+34) 649 012 156<br \/>\n<a href=\"mailto:roncadoiroebikes@gmail.com\">roncadoiroebikes@gmail.com<\/a><br \/>\n<a href=\"https:\/\/www.facebook.com\/Roncadoiro-E-Bike-Experience-105134101754804\/\">facebook &#8211; Roncadoiro E-Bike Experience<\/a>[\/vc_column_text][\/vc_accordion_tab][vc_accordion_tab title=\u00bbOtras actividades\u00bb][vc_column_text css=\u00bb.vc_custom_1636629466490{margin-bottom: 0px !important;}\u00bb]<strong>Actiboot<br \/>\n<\/strong>(+34) 676 761 381<br \/>\n<a href=\"https:\/\/es-es.facebook.com\/Actiboot\/\">facebbok &#8211; Actiboot<\/a><\/p>\n<p><strong>La Academia del Surf<br \/>\n<\/strong>(+34) 622 382 334 \/ (+34) 698 159 435<br \/>\n<a href=\"mailto:laacademiadelsurf@gmail.com\">laacademiadelsurf@gmail.com<\/a><br \/>\n<a href=\"https:\/\/www.laacademiadelsurf.com\/\">laacademiadelsurf.com<\/a><\/p>\n<p><strong>Maremasma<br \/>\n<\/strong>(+34) 982 88 54 74<br \/>\n<a href=\"mailto:info@maremasma.com\">info@maremasma.com<\/a><br \/>\n<a href=\"https:\/\/maremasma.com\/\">maremasma.com<\/a><\/p>\n<p><strong>Sensaci\u00f3n Surf<br \/>\n<\/strong>(+34) 639 892 115 \/ (+34) 982 105 613<br \/>\n<a href=\"mailto:sensacionsurf@gmail.com\">sensacionsurf@gmail.com<\/a><br \/>\n<a href=\"http:\/\/www.sensacionsurf.com\/\">sensacionsurf.com<\/a><\/p>\n<p><strong>Hola Ola Surf<br \/>\n<\/strong>(+34) 609 903 211<br \/>\n<a href=\"mailto:escuela@holaola.com\">escuela@holaola.com<\/a><br \/>\n<a href=\"https:\/\/holaola.surf\/\">holaola.surf<\/a><\/p>\n<p><strong>Canoas do Eo<br \/>\n<\/strong>(+34) 607 349 045<br \/>\n<a href=\"mailto:info@canoasdoeo.com\">info@canoasdoeo.com<\/a><br \/>\n<a href=\"https:\/\/www.facebook.com\/canoasdoeo\">facebook &#8211; Canoas do Eo<\/a><\/p>\n<p><strong>Roqsport<br \/>\n<\/strong>(+34) 646 514 602 \/ (+34) 606 863 119<br \/>\n<a href=\"mailto:info@roqsport.com\">info@roqsport.com<\/a><br \/>\n<a href=\"https:\/\/www.roqsport.com\/\">roqsport.com<\/a><\/p>\n<p><strong>A Balea Verde<br \/>\n<\/strong>(+34) 617 155 373<br \/>\n<a href=\"https:\/\/www.facebook.com\/A-Balea-Verde-111968860636044\/\">facebook &#8211; A Balea Verde<\/a><\/p>\n<p><strong>Esteiro Surfing Escola<br \/>\n<\/strong>(+34) 606 400 726<br \/>\n<a href=\"mailto:esteirosurfcafe@hotmail.com\">esteirosurfcafe@hotmail.com<\/a><br \/>\n<a href=\"https:\/\/www.facebook.com\/esteirosurfing\/\">facebook &#8211; Esteiro Surfing<\/a><\/p>\n<p><strong>O Freixo dos Lobos<br \/>\n<\/strong>(+34) 657 849 200<br \/>\n<a href=\"https:\/\/m.facebook.com\/freixodoslobosecoturismo\/?locale2=es_ES\">facebook &#8211; O Freixo dos Lobos<\/a><\/p>\n<p><strong>Madcoast Multiaventura<br \/>\n<\/strong>(+34) 698 186 734<br \/>\n<a href=\"http:\/\/www.madcoast.es\/\">madcoast.es<\/a>[\/vc_column_text][\/vc_accordion_tab][vc_accordion_tab title=\u00bbEcotendas\u00bb][vc_column_text css=\u00bb.vc_custom_1636972945066{margin-bottom: 0px !important;}\u00bb]<strong>A Leira Ecotenda<br \/>\n<\/strong>(+34) 982 106 326<br \/>\n<a href=\"mailto:aleiraecotenda@gmail.com\">aleiraecotenda@gmail.com<\/a><br \/>\n<a href=\"https:\/\/www.facebook.com\/ALeiraecotenda\/\">facebook &#8211; A Leira Ecotenda<\/a><\/p>\n<p><strong>ArGaia Ecotenda<br \/>\n<\/strong>(+34) 654 395 992<br \/>\n<a href=\"mailto:contacto@argaiacosmeticaecologica.com\">contacto@argaiacosmeticaecologica.com<\/a><br \/>\n<a href=\"https:\/\/argaia.es\/es\/\">argaia.es<\/a><\/p>\n<p><strong>Mel do Rego da Xeada<br \/>\n<\/strong>(+34) 626 615 113 \/ (+34) 683 412 284<br \/>\n<a href=\"https:\/\/www.facebook.com\/meldoregodaxeada\/?ti=as\">facebook &#8211; Mel do Rego da Xeada<\/a><strong><br \/>\n<\/strong><\/p>\n<p><strong>O Trobo Mel do Valadouro<br \/>\n<\/strong>(+34) 626 162 791<br \/>\n<a href=\"mailto:otrobo@hotmail.com\">otrobo@hotmail.com<\/a><br \/>\n<a href=\"https:\/\/www.facebook.com\/otrobo\/\">facebook &#8211; O Trobo<\/a>[\/vc_column_text][\/vc_accordion_tab][\/vc_accordions][\/vc_column][\/vc_row][vc_row][vc_column][mk_padding_divider][\/vc_column][\/vc_row]\n","protected":false},"excerpt":{"rendered":"<p>[vc_row][vc_column][mk_fullwidth_slideshow images=\u00bb863&#8243; stretch_images=\u00bbtrue\u00bb][\/vc_column][\/vc_row][vc_row][vc_column][mk_fancy_title size=\u00bb18&#8243; margin_bottom=\u00bb0&#8243; font_family=\u00bbnone\u00bb]Terras de Natureza[\/mk_fancy_title][vc_column_text css=\u00bb.vc_custom_1636624708255{margin-bottom: 0px !important;}\u00bb]El territorio del GDR Terras de Miranda cuenta con numerosos recursos naturales protegidos que hacen de este destino el lugar ideal para realizar actividades de ecoturismo. La pr\u00e1ctica totalidad del territorio se encuentra bajo alguna figura de protecci\u00f3n especial destacando aquellos recursos recogidos en zonas [&hellip;]<\/p>\n","protected":false},"author":2,"featured_media":0,"parent":0,"menu_order":0,"comment_status":"closed","ping_status":"closed","template":"","meta":{"footnotes":""},"class_list":["post-3450","page","type-page","status-publish","hentry"],"_links":{"self":[{"href":"https:\/\/terrasdemiranda.org\/es\/wp-json\/wp\/v2\/pages\/3450"}],"collection":[{"href":"https:\/\/terrasdemiranda.org\/es\/wp-json\/wp\/v2\/pages"}],"about":[{"href":"https:\/\/terrasdemiranda.org\/es\/wp-json\/wp\/v2\/types\/page"}],"author":[{"embeddable":true,"href":"https:\/\/terrasdemiranda.org\/es\/wp-json\/wp\/v2\/users\/2"}],"replies":[{"embeddable":true,"href":"https:\/\/terrasdemiranda.org\/es\/wp-json\/wp\/v2\/comments?post=3450"}],"version-history":[{"count":19,"href":"https:\/\/terrasdemiranda.org\/es\/wp-json\/wp\/v2\/pages\/3450\/revisions"}],"predecessor-version":[{"id":3533,"href":"https:\/\/terrasdemiranda.org\/es\/wp-json\/wp\/v2\/pages\/3450\/revisions\/3533"}],"wp:attachment":[{"href":"https:\/\/terrasdemiranda.org\/es\/wp-json\/wp\/v2\/media?parent=3450"}],"curies":[{"name":"wp","href":"https:\/\/api.w.org\/{rel}","templated":true}]}}