{"id":3552,"date":"2022-01-15T19:12:53","date_gmt":"2022-01-15T19:12:53","guid":{"rendered":"https:\/\/terrasdemiranda.org\/?page_id=3552\/"},"modified":"2022-02-03T19:17:40","modified_gmt":"2022-02-03T19:17:40","slug":"proyectos-en-lista-de-espera-convocatoria-2021-2022","status":"publish","type":"page","link":"https:\/\/terrasdemiranda.org\/es\/leader\/proyectos\/proyectos-en-lista-de-espera-convocatoria-2021-2022\/","title":{"rendered":"Proyectos en lista de espera de la convocatoria 2021\/2022"},"content":{"rendered":"[vc_row][vc_column][mk_fancy_title size=\u00bb18&#8243; font_family=\u00bbnone\u00bb]Proyectos productivos[\/mk_fancy_title][mk_table]\n<table width=\"100%\">\n<thead>\n<tr>\n<th width=\"150px\">Expediente<\/th>\n<th>T\u00edtulo<\/th>\n<th>Promotor<\/th>\n<th>Presupuesto aceptado<\/th>\n<th>Porcentaje de ayuda (%)<\/th>\n<th>Puntuaci\u00f3n seg\u00fan el baremo<\/th>\n<\/tr>\n<\/thead>\n<tbody>\n<tr>\n<td>L21-1920-01-171<\/td>\n<td>Centro de d\u00eda para personas con enfermedades mentales, dependientes<\/td>\n<td>Asoc. de axudenf mental A Mari\u00f1a<\/td>\n<td>142.511,60<\/td>\n<td>50,00%<\/td>\n<td>86,00<\/td>\n<\/tr>\n<tr>\n<td>L21-1920-01-180<\/td>\n<td>Cabani\u00f1as do Cami\u00f1o do Mar<\/td>\n<td>Mar\u00eda Jos\u00e9 Garc\u00eda Gonz\u00e1lez<\/td>\n<td>311.427,48<\/td>\n<td>50,00%<\/td>\n<td>85,00<\/td>\n<\/tr>\n<tr>\n<td>L21-1920-01-172<\/td>\n<td>Modernizaci\u00f3n de la nueva linea de producci\u00f3n de canap\u00e9s y fabricaci\u00f3n de Pellets<\/td>\n<td>Juan Carlos Rivas Otero<\/td>\n<td>176.984,70<\/td>\n<td>50,00%<\/td>\n<td>85,00<\/td>\n<\/tr>\n<tr>\n<td>L20-1920-01-149<\/td>\n<td>O Souto Casa de Turismo Rural<\/td>\n<td>El Cordel Gesti\u00f3n Inmobiliaria S. L<\/td>\n<td>333.314,82<\/td>\n<td>50,00%<\/td>\n<td>84,00<\/td>\n<\/tr>\n<tr>\n<td>L20-1920-01-146<\/td>\n<td>Espacio Natura-Hotel Show Foz-R\u00eda de Foz<\/td>\n<td>Pronervus Energ\u00edas Renovables S.L.U<\/td>\n<td>385.236,39<\/td>\n<td>50,00%<\/td>\n<td>84,00<\/td>\n<\/tr>\n<tr>\n<td>L20-1920-01-144<\/td>\n<td>Pensi\u00f3n de 3 estrellas y restaurante de un tenedor<\/td>\n<td>Francisco Javier Hern\u00e1ndez Castrill\u00f3n<\/td>\n<td>687.870,90<\/td>\n<td>50,00%<\/td>\n<td>80,00<\/td>\n<\/tr>\n<tr>\n<td>L20-1920-01-151<\/td>\n<td>Modificaci\u00f3n y ampliaci\u00f3n de nave para empresas de obras, servicios e instalaciones fotovoltaicas<\/td>\n<td>Otelec Costa Norte<\/td>\n<td>458.764,39<\/td>\n<td>50,00%<\/td>\n<td>76,00<\/td>\n<\/tr>\n<tr>\n<td>L20-1920-01-183<\/td>\n<td>Albergue TEUSITIO<\/td>\n<td>RaizamesGugon, S.L.<\/td>\n<td>278.162,35<\/td>\n<td>50,00%<\/td>\n<td>69,00<\/td>\n<\/tr>\n<tr>\n<td>L20-1920-01-150<\/td>\n<td>Ampliaci\u00f3n cl\u00ednica veterinaria<\/td>\n<td>Sociedad veterinaria del Eo, S.L.P<\/td>\n<td>112.843,78<\/td>\n<td>50,00%<\/td>\n<td>68,00<\/td>\n<\/tr>\n<tr>\n<td>L20-1920-01-147<\/td>\n<td>Processvet laboratorios<\/td>\n<td>Ana Fraga Fraga<\/td>\n<td>18.597,77<\/td>\n<td>50,00%<\/td>\n<td>67,00<\/td>\n<\/tr>\n<tr>\n<td>L21-1920-01-163<\/td>\n<td>Creaci\u00f3n de un Crematorio en Mondo\u00f1edo<\/td>\n<td>Funerarias Unidas Costa Lucense S.L<\/td>\n<td>124.304,94<\/td>\n<td>50,00%<\/td>\n<td>60,00<\/td>\n<\/tr>\n<\/tbody>\n<\/table>\n[\/mk_table][mk_padding_divider][mk_fancy_title size=\u00bb18&#8243; font_family=\u00bbnone\u00bb]Proyectos no productivos promovidos por entidades p\u00fablicas locales[\/mk_fancy_title][mk_table]\n<table width=\"100%\">\n<thead>\n<tr>\n<th width=\"150px\">Expediente<\/th>\n<th>T\u00edtulo<\/th>\n<th>Promotor<\/th>\n<th>Presupuesto aceptado<\/th>\n<th>Porcentaje de ayuda (%)<\/th>\n<th>Puntuaci\u00f3n seg\u00fan el baremo<\/th>\n<\/tr>\n<\/thead>\n<tbody>\n<tr>\n<td>L21-1920-01-174<\/td>\n<td>Creaci\u00f3n de un gimnasio al aire libre, favoreciendo la salud y bienestar de toda la poblaci\u00f3n<\/td>\n<td>Ayuntamiento de Vicedo<\/td>\n<td>53.200,18<\/td>\n<td>90,00%<\/td>\n<td>66,00<\/td>\n<\/tr>\n<tr>\n<td>L21-1920-01-182<\/td>\n<td>Espacio Cultural Artesan\u00eda del Pasatiempo y Museo de la Forja<\/td>\n<td>Ayuntamiento de Mondo\u00f1edo<\/td>\n<td>60.000,00<\/td>\n<td>90,00%<\/td>\n<td>66,00<\/td>\n<\/tr>\n<tr>\n<td>L21-1920-01-176<\/td>\n<td>Recuperaci\u00f3n y adecuaci\u00f3n de un espacio natural creando un \u00e1rea recreativa en Riobarba O Vicedo<\/td>\n<td>Ayuntamiento de O Vicedo<\/td>\n<td>53.180,69<\/td>\n<td>87,78%<\/td>\n<td>64,00<\/td>\n<\/tr>\n<tr>\n<td>L21-1920-01-184<\/td>\n<td>Centro de nuevas tecnolog\u00edas<\/td>\n<td>Ayuntamiento de Trabada<\/td>\n<td>100.283,12<\/td>\n<td>88,67%<\/td>\n<td>62,00<\/td>\n<\/tr>\n<tr>\n<td>L21-1920-01-167<\/td>\n<td>Ruta de senderismo \u00abR\u00edo Lexoso\u00bb<\/td>\n<td>Ayuntamiento de Ribadeo<\/td>\n<td>22.165,00<\/td>\n<td>86,00%<\/td>\n<td>56,00<\/td>\n<\/tr>\n<tr>\n<td>L21-1920-01-168<\/td>\n<td>Acondicionamiento local espacio polivalente<\/td>\n<td>Ayuntamiento de Ribadeo<\/td>\n<td>49.470,27<\/td>\n<td>83,33%<\/td>\n<td>50,00<\/td>\n<\/tr>\n<\/tbody>\n<\/table>\n[\/mk_table][mk_padding_divider][mk_fancy_title size=\u00bb18&#8243; font_family=\u00bbnone\u00bb]Proxectos non productivos promovidos por entidades privadas[\/mk_fancy_title][mk_table]\n<table width=\"100%\">\n<thead>\n<tr>\n<th width=\"150px\">Expediente<\/th>\n<th>T\u00edtulo<\/th>\n<th>Promotor<\/th>\n<th>Presupuesto aceptado<\/th>\n<th>Porcentaje de ayuda (%)<\/th>\n<th>Puntuaci\u00f3n seg\u00fan el baremo<\/th>\n<\/tr>\n<\/thead>\n<tbody>\n<tr>\n<td>L21 1920 01 0166<\/td>\n<td>Centro etnogr\u00e1fico de Benquerencia<\/td>\n<td>Asociaci\u00f3n Centro Instrucci\u00f3n y Recreo de Benquerencia<\/td>\n<td>46.665,25<\/td>\n<td>89,56%<\/td>\n<td>64<\/td>\n<\/tr>\n<tr>\n<td>L21 1920 01 0175<\/td>\n<td>Recuperaci\u00f3n de juegos tradicionales de Viveiro Comunidad Forestal en Man Com\u00fan, Monte Maior, San Roque e Penedo do Galo<\/td>\n<td>MVMC Monte Maior San Roque e Penedo do Galo<\/td>\n<td>25.499,00<\/td>\n<td>83,78%<\/td>\n<td>51<\/td>\n<\/tr>\n<tr>\n<td>L21 1920 01 0178<\/td>\n<td>\u00abEn movemento\u00bb: mejora del servicio de trasporte del Centro de protecci\u00f3n de menores Inmaculada Ni\u00f1a<\/td>\n<td>Inmaculada Ni\u00f1a Viveiro<\/td>\n<td>20.283,21<\/td>\n<td>82,44%<\/td>\n<td>48<\/td>\n<\/tr>\n<tr>\n<td>L21 1920 01 0170<\/td>\n<td>Adici\u00f3n de porche en centro ocupacional<\/td>\n<td>ASPANANE<\/td>\n<td>28.589,56<\/td>\n<td>78,89%<\/td>\n<td>40<\/td>\n<\/tr>\n<\/tbody>\n<\/table>\n[\/mk_table][\/vc_column][\/vc_row]\n","protected":false},"excerpt":{"rendered":"<p>[vc_row][vc_column][mk_fancy_title size=\u00bb18&#8243; font_family=\u00bbnone\u00bb]Proyectos productivos[\/mk_fancy_title][mk_table] Expediente T\u00edtulo Promotor Presupuesto aceptado Porcentaje de ayuda (%) Puntuaci\u00f3n seg\u00fan el baremo L21-1920-01-171 Centro de d\u00eda para personas con enfermedades mentales, dependientes Asoc. de axudenf mental A Mari\u00f1a 142.511,60 50,00% 86,00 L21-1920-01-180 Cabani\u00f1as do Cami\u00f1o do Mar Mar\u00eda Jos\u00e9 Garc\u00eda Gonz\u00e1lez 311.427,48 50,00% 85,00 L21-1920-01-172 Modernizaci\u00f3n de la nueva linea [&hellip;]<\/p>\n","protected":false},"author":1,"featured_media":0,"parent":2768,"menu_order":0,"comment_status":"closed","ping_status":"closed","template":"","meta":{"footnotes":""},"class_list":["post-3552","page","type-page","status-publish","hentry"],"_links":{"self":[{"href":"https:\/\/terrasdemiranda.org\/es\/wp-json\/wp\/v2\/pages\/3552"}],"collection":[{"href":"https:\/\/terrasdemiranda.org\/es\/wp-json\/wp\/v2\/pages"}],"about":[{"href":"https:\/\/terrasdemiranda.org\/es\/wp-json\/wp\/v2\/types\/page"}],"author":[{"embeddable":true,"href":"https:\/\/terrasdemiranda.org\/es\/wp-json\/wp\/v2\/users\/1"}],"replies":[{"embeddable":true,"href":"https:\/\/terrasdemiranda.org\/es\/wp-json\/wp\/v2\/comments?post=3552"}],"version-history":[{"count":6,"href":"https:\/\/terrasdemiranda.org\/es\/wp-json\/wp\/v2\/pages\/3552\/revisions"}],"predecessor-version":[{"id":3617,"href":"https:\/\/terrasdemiranda.org\/es\/wp-json\/wp\/v2\/pages\/3552\/revisions\/3617"}],"up":[{"embeddable":true,"href":"https:\/\/terrasdemiranda.org\/es\/wp-json\/wp\/v2\/pages\/2768"}],"wp:attachment":[{"href":"https:\/\/terrasdemiranda.org\/es\/wp-json\/wp\/v2\/media?parent=3552"}],"curies":[{"name":"wp","href":"https:\/\/api.w.org\/{rel}","templated":true}]}}