{"id":3554,"date":"2022-01-15T19:13:20","date_gmt":"2022-01-15T19:13:20","guid":{"rendered":"https:\/\/terrasdemiranda.org\/?page_id=3554\/"},"modified":"2022-01-15T22:01:00","modified_gmt":"2022-01-15T22:01:00","slug":"proxectos-denegados-convocatoria-2021-2022","status":"publish","type":"page","link":"https:\/\/terrasdemiranda.org\/es\/leader\/proyectos\/proxectos-denegados-convocatoria-2021-2022\/","title":{"rendered":"Proyectos denegados de la convocatoria 2021\/2022"},"content":{"rendered":"[vc_row][vc_column][mk_table]\n<table width=\"100%\">\n<thead>\n<tr>\n<th width=\"150px\">Expediente<\/th>\n<th>Promotor<\/th>\n<th>Motivo<\/th>\n<th>Observaciones<\/th>\n<\/tr>\n<\/thead>\n<tbody>\n<tr>\n<td>L21-1920-01-160<\/td>\n<td>M\u00f3nica Barreira Garc\u00eda<\/td>\n<td>1<\/td>\n<td><\/td>\n<\/tr>\n<tr>\n<td>L21-1920-01-173<\/td>\n<td>Valzar Explotaciones Tur\u00edsticas S. L<\/td>\n<td>6<\/td>\n<td>Desfavorable comisi\u00f3n de turismo<\/td>\n<\/tr>\n<tr>\n<td><\/td>\n<td><\/td>\n<td><\/td>\n<td><\/td>\n<td><\/td>\n<\/tr>\n<\/tbody>\n<\/table>\n[\/mk_table][mk_custom_box][vc_column_text title=\u00bbMotivos\u00bb css=\u00bb.vc_custom_1512125535969{margin-bottom: 0px !important;}\u00bb]\n<h6>1. La solicitud de ayuda est\u00e1 incompleta (art\u00edculo 12 de las bases reguladoras)<br \/>\n2. El promotor no cumple los requisitos indicados en las bases reguladoras (art\u00edculo 3 de las bases reguladoras)<br \/>\n3. Los gastos propuestos en el presupuesto del proyecto no son subvencionables (art\u00edculo 5 de las bases reguladoras)<br \/>\n4. El proyecto no es elegible bajo los cuadros de elegibilidad de las bases reguladoras y\/o de la estrategia del GDR<br \/>\n5. El proyecto no alcanza la puntuaci\u00f3n m\u00ednima o de corte establecida en baremo del GDR<br \/>\n6. Otras: especificar la causa en el apartado de observaciones<\/h6>\n[\/vc_column_text][\/mk_custom_box][mk_padding_divider][\/vc_column][\/vc_row]\n","protected":false},"excerpt":{"rendered":"<p>[vc_row][vc_column][mk_table] Expediente Promotor Motivo Observaciones L21-1920-01-160 M\u00f3nica Barreira Garc\u00eda 1 L21-1920-01-173 Valzar Explotaciones Tur\u00edsticas S. L 6 Desfavorable comisi\u00f3n de turismo [\/mk_table][mk_custom_box][vc_column_text title=\u00bbMotivos\u00bb css=\u00bb.vc_custom_1512125535969{margin-bottom: 0px !important;}\u00bb] 1. La solicitud de ayuda est\u00e1 incompleta (art\u00edculo 12 de las bases reguladoras) 2. El promotor no cumple los requisitos indicados en las bases reguladoras (art\u00edculo 3 de las [&hellip;]<\/p>\n","protected":false},"author":1,"featured_media":0,"parent":2768,"menu_order":0,"comment_status":"closed","ping_status":"closed","template":"","meta":{"footnotes":""},"class_list":["post-3554","page","type-page","status-publish","hentry"],"_links":{"self":[{"href":"https:\/\/terrasdemiranda.org\/es\/wp-json\/wp\/v2\/pages\/3554"}],"collection":[{"href":"https:\/\/terrasdemiranda.org\/es\/wp-json\/wp\/v2\/pages"}],"about":[{"href":"https:\/\/terrasdemiranda.org\/es\/wp-json\/wp\/v2\/types\/page"}],"author":[{"embeddable":true,"href":"https:\/\/terrasdemiranda.org\/es\/wp-json\/wp\/v2\/users\/1"}],"replies":[{"embeddable":true,"href":"https:\/\/terrasdemiranda.org\/es\/wp-json\/wp\/v2\/comments?post=3554"}],"version-history":[{"count":3,"href":"https:\/\/terrasdemiranda.org\/es\/wp-json\/wp\/v2\/pages\/3554\/revisions"}],"predecessor-version":[{"id":3570,"href":"https:\/\/terrasdemiranda.org\/es\/wp-json\/wp\/v2\/pages\/3554\/revisions\/3570"}],"up":[{"embeddable":true,"href":"https:\/\/terrasdemiranda.org\/es\/wp-json\/wp\/v2\/pages\/2768"}],"wp:attachment":[{"href":"https:\/\/terrasdemiranda.org\/es\/wp-json\/wp\/v2\/media?parent=3554"}],"curies":[{"name":"wp","href":"https:\/\/api.w.org\/{rel}","templated":true}]}}