{"id":3556,"date":"2022-01-15T19:13:29","date_gmt":"2022-01-15T19:13:29","guid":{"rendered":"https:\/\/terrasdemiranda.org\/?page_id=3556\/"},"modified":"2022-01-27T18:19:59","modified_gmt":"2022-01-27T18:19:59","slug":"proxectos-subvencionados-convocatoria-2021-2022","status":"publish","type":"page","link":"https:\/\/terrasdemiranda.org\/es\/leader\/proyectos\/proxectos-subvencionados-convocatoria-2021-2022\/","title":{"rendered":"Proyectos subvencionados 2021\/2022"},"content":{"rendered":"[vc_row][vc_column][mk_fancy_title size=\u00bb18&#8243; font_family=\u00bbnone\u00bb]Proyectos productivos[\/mk_fancy_title][mk_table]\n<table width=\"100%\">\n<thead>\n<tr>\n<th width=\"150px\">Expediente<\/th>\n<th>T\u00edtulo<\/th>\n<th>Promotor<\/th>\n<th>Presupuesto aceptado<\/th>\n<th>Porcentaje de ayuda (%)<\/th>\n<th>IMPORTE AYUDA 2021<\/th>\n<th>IMPORTE AYUDA 2022<\/th>\n<th>Puntuaci\u00f3n seg\u00fan el baremo<\/th>\n<\/tr>\n<\/thead>\n<tbody>\n<tr>\n<td>L21-1920-01-181<\/td>\n<td>Hotel A Ladela<\/td>\n<td>A Ladela, S.L<\/td>\n<td>686.559,90\u20ac<\/td>\n<td>50,00%<\/td>\n<td>65.490,52\u20ac<\/td>\n<td>\u00a0134.509,48<\/td>\n<td>93<\/td>\n<\/tr>\n<tr>\n<td>L21-1920-01-169<\/td>\n<td>Luzada Resorts<\/td>\n<td>\u00a0Luzada Resorts, S.L<\/td>\n<td>227.583,00\u20ac<\/td>\n<td>50,00%<\/td>\n<td>48.974,00\u20ac<\/td>\n<td>\u00a050.593,80<\/td>\n<td>88<\/td>\n<\/tr>\n<\/tbody>\n<\/table>\n[\/mk_table][mk_message_box type=\u00bbinfo-message\u00bb]\n<h6>(*) Expediente con resoluci\u00f3n parcial, tiene 14.223,70 \u20ac sin adjudicar por falta de fondos en la tipolog\u00eda del proyecto<\/h6>\n[\/mk_message_box][mk_fancy_title size=\u00bb18&#8243; font_family=\u00bbnone\u00bb]Proyectos no productivos promovidos por entidades p\u00fablicas locales[\/mk_fancy_title][mk_table]\n<table width=\"100%\">\n<thead>\n<tr>\n<th width=\"150px\">Expediente<\/th>\n<th>T\u00edtulo<\/th>\n<th>Promotor<\/th>\n<th>Presupuesto aceptado<\/th>\n<th>Porcentaje de ayuda (%)<\/th>\n<th>IMPORTE AYUDA 2021<\/th>\n<th>IMPORTE AYUDA 2022<\/th>\n<th>Puntuaci\u00f3n seg\u00fan el baremo<\/th>\n<\/tr>\n<\/thead>\n<tbody>\n<tr>\n<td>L21-1920-01-179<\/td>\n<td>Rehabilitaci\u00f3n y puesta en valor de las antiguas Carboneras de Sargadelos para la creaci\u00f3n de un espacio Multidisciplinar y de informaci\u00f3n tur\u00edstica<\/td>\n<td>Ayuntamiento de Cervo(*)<\/td>\n<td>126.135,24\u20ac<\/td>\n<td>90,00%<\/td>\n<td>36.980,85\u20ac<\/td>\n<td>\u00a059.802,60<\/td>\n<td>74<\/td>\n<\/tr>\n<\/tbody>\n<\/table>\n[\/mk_table][mk_message_box type=\u00bbinfo-message\u00bb]\n<h6>(*) Expediente con resoluci\u00f3n parcial, tiene 16.738,26 \u20ac sin adjudicar por falta de fondos en la tipolog\u00eda del proyecto<\/h6>\n[\/mk_message_box][mk_fancy_title size=\u00bb18&#8243; font_family=\u00bbnone\u00bb]Proyectos no productivos promovidos por entidades privadas[\/mk_fancy_title][mk_table]\n<table width=\"100%\">\n<thead>\n<tr>\n<th width=\"150px\">Expediente<\/th>\n<th>T\u00edtulo<\/th>\n<th>Promotor<\/th>\n<th>Presupuesto aceptado<\/th>\n<th>Porcentaje de ayuda (%)<\/th>\n<th>IMPORTE AYUDA 2021<\/th>\n<th>IMPORTE AYUDA 2022<\/th>\n<th>Puntuaci\u00f3n seg\u00fan el baremo<\/th>\n<\/tr>\n<\/thead>\n<tbody>\n<tr>\n<td>L21-1920-01-177<\/td>\n<td>Viviendas tuteladas San An\u00edbal-Stella Maris<\/td>\n<td>Fillas do Divino Celo-Rogacionistas(*)<\/td>\n<td>161.931,15\u20ac<\/td>\n<td>90,00%<\/td>\n<td>24.653,90\u20ac<\/td>\n<td>\u00a039.868,40<\/td>\n<td>78<\/td>\n<\/tr>\n<\/tbody>\n<\/table>\n[\/mk_table][mk_message_box type=\u00bbinfo-message\u00bb]\n<h6>(*) Expediente con resoluci\u00f3n parcial, tiene 81.215,73 \u20ac sin adjudicar por falta de fondos en la tipolog\u00eda del proyecto<\/h6>\n[\/mk_message_box][\/vc_column][\/vc_row]\n","protected":false},"excerpt":{"rendered":"<p>[vc_row][vc_column][mk_fancy_title size=\u00bb18&#8243; font_family=\u00bbnone\u00bb]Proyectos productivos[\/mk_fancy_title][mk_table] Expediente T\u00edtulo Promotor Presupuesto aceptado Porcentaje de ayuda (%) IMPORTE AYUDA 2021 IMPORTE AYUDA 2022 Puntuaci\u00f3n seg\u00fan el baremo L21-1920-01-181 Hotel A Ladela A Ladela, S.L 686.559,90\u20ac 50,00% 65.490,52\u20ac \u00a0134.509,48 93 L21-1920-01-169 Luzada Resorts \u00a0Luzada Resorts, S.L 227.583,00\u20ac 50,00% 48.974,00\u20ac \u00a050.593,80 88 [\/mk_table][mk_message_box type=\u00bbinfo-message\u00bb] (*) Expediente con resoluci\u00f3n parcial, tiene 14.223,70 [&hellip;]<\/p>\n","protected":false},"author":1,"featured_media":0,"parent":2768,"menu_order":0,"comment_status":"closed","ping_status":"closed","template":"","meta":{"footnotes":""},"class_list":["post-3556","page","type-page","status-publish","hentry"],"_links":{"self":[{"href":"https:\/\/terrasdemiranda.org\/es\/wp-json\/wp\/v2\/pages\/3556"}],"collection":[{"href":"https:\/\/terrasdemiranda.org\/es\/wp-json\/wp\/v2\/pages"}],"about":[{"href":"https:\/\/terrasdemiranda.org\/es\/wp-json\/wp\/v2\/types\/page"}],"author":[{"embeddable":true,"href":"https:\/\/terrasdemiranda.org\/es\/wp-json\/wp\/v2\/users\/1"}],"replies":[{"embeddable":true,"href":"https:\/\/terrasdemiranda.org\/es\/wp-json\/wp\/v2\/comments?post=3556"}],"version-history":[{"count":7,"href":"https:\/\/terrasdemiranda.org\/es\/wp-json\/wp\/v2\/pages\/3556\/revisions"}],"predecessor-version":[{"id":3614,"href":"https:\/\/terrasdemiranda.org\/es\/wp-json\/wp\/v2\/pages\/3556\/revisions\/3614"}],"up":[{"embeddable":true,"href":"https:\/\/terrasdemiranda.org\/es\/wp-json\/wp\/v2\/pages\/2768"}],"wp:attachment":[{"href":"https:\/\/terrasdemiranda.org\/es\/wp-json\/wp\/v2\/media?parent=3556"}],"curies":[{"name":"wp","href":"https:\/\/api.w.org\/{rel}","templated":true}]}}