{"id":371,"date":"2017-10-26T14:25:45","date_gmt":"2017-10-26T14:25:45","guid":{"rendered":"http:\/\/terrasdemiranda.org\/turismo-de-lugo\/"},"modified":"2017-11-29T08:48:38","modified_gmt":"2017-11-29T08:48:38","slug":"turismo-de-lugo","status":"publish","type":"page","link":"https:\/\/terrasdemiranda.org\/es\/turismo-de-lugo\/","title":{"rendered":"Rutas"},"content":{"rendered":"[vc_row][vc_column][mk_fullwidth_slideshow images=\u00bb863&#8243; stretch_images=\u00bbtrue\u00bb][\/vc_column][\/vc_row][vc_row][vc_column][mk_fancy_title size=\u00bb18&#8243; margin_bottom=\u00bb0&#8243; font_family=\u00bbnone\u00bb]<strong>Diez rutas \u00fanicas<\/strong>[\/mk_fancy_title][vc_column_text]\u201cTerras de Miranda \u2013 Turismo de Lugo\u201d es un espacio cultural, social y econ\u00f3mico com\u00fan integrado por los 14 ayuntamientos que forman el Grupo de Desarrollo Rural (GDR) Terras de Miranda financiado con fondos europeos.<\/p>\n<p>Este es un territorio m\u00e1gico situado en la comarca de A Mari\u00f1a (Lugo, Galicia), entre el mar Cant\u00e1brico y la sierra de O Xistral. Aqu\u00ed puedes descubrir la belleza del paisaje y de nuestra gente a trav\u00e9s de alimentos km 0 \u00fanicos e inspiradores de una gastronom\u00eda con personalidad propia.[\/vc_column_text][vc_btn title=\u00bbDescargar Folleto\u00bb style=\u00bbcustom\u00bb custom_background=\u00bb#ed8b00&#8243; custom_text=\u00bb#ffffff\u00bb custom_onclick=\u00bbtrue\u00bb el_class=\u00bbbtn-custom-3&#8243; custom_onclick_code=\u00bbwindow.open(&#8216;https:\/\/drive.google.com\/file\/d\/12aYSkqRlULZW50NOKb8E39L_kGnud33_\/view?usp=sharing&#8217;);\u00bb][mk_padding_divider][mk_fancy_title tag_name=\u00bbh3&#8243; size=\u00bb16&#8243; font_family=\u00bbnone\u00bb]<strong>Rutas autoguiadas<\/strong>[\/mk_fancy_title][vc_accordions style=\u00bbsimple-style\u00bb container_bg_color=\u00bb#ffffff\u00bb responsive=\u00bbfalse\u00bb][vc_accordion_tab title=\u00bbRuta de la Molienda\u00bb][vc_column_text]<em>Tradici\u00f3n panadera <\/em><\/p>\n<p>Viaja de la costa al interior para visitar antiguos molinos harineros y ver c\u00f3mo la elaboraci\u00f3n artesanal del pan, las empanadas o la \u201cenfari\u00f1ada\u201d se mantiene hoy en d\u00eda para deleite del paladar.<\/p>\n<p><strong>\u00c9poca recomendada:<\/strong> julio-agosto<br \/>\n<strong>Tiempo:<\/strong> 2 o 3 d\u00edas[\/vc_column_text][vc_btn title=\u00bbVer Ruta\u00bb align=\u00bbcenter\u00bb button_block=\u00bbtrue\u00bb link=\u00bburl:http%3A%2F%2Fterrasdemiranda.org%2Fes%2Fturismo-de-lugo%2Fruta-de-la-molienda%2F|\u00bb el_class=\u00bbbtn-VerRuta\u00bb][\/vc_accordion_tab][vc_accordion_tab title=\u00bbRuta de la Huerta\u00bb][vc_column_text]<em>Delicatessen de la tierra<\/em><\/p>\n<p>\u00bfQu\u00e9 camino siguen las mejores habas, manzanas y tomates antes de llegar a la mesa? Aprende c\u00f3mo se cosecha nuestra huerta y c\u00f3mo una producci\u00f3n sostenible lleva nuestros productos a cocinas profesionales de toda Espa\u00f1a.<\/p>\n<p><strong>\u00c9poca recomendada:\u00a0<\/strong>oto\u00f1o<br \/>\n<strong>Tiempo:<\/strong>\u00a02 d\u00edas[\/vc_column_text][vc_btn title=\u00bbVer ruta\u00bb align=\u00bbcenter\u00bb button_block=\u00bbtrue\u00bb link=\u00bburl:http%3A%2F%2Fterrasdemiranda.org%2Fes%2Fturismo-de-lugo%2Fruta-de-la-huerta%2F|\u00bb el_class=\u00bbbtn-VerRuta\u00bb][\/vc_accordion_tab][vc_accordion_tab title=\u00bbRuta del Marisco\u00bb][vc_column_text]<em>Concentrado de mar <\/em><\/p>\n<p>Recorre la costa de A Mari\u00f1a lucense saltando de puerto en puerto y saboreando nuestros mariscos y moluscos m\u00e1s representativos como el erizo, el pulpo de la piedra o los \u201cch\u00edcaros\u201d (berberechos).<\/p>\n<p><strong>\u00c9poca recomendada:<\/strong> verano \/ todo el a\u00f1o<br \/>\n<strong>Tiempo:<\/strong> 5 d\u00edas[\/vc_column_text][vc_btn title=\u00bbVer ruta\u00bb align=\u00bbcenter\u00bb button_block=\u00bbtrue\u00bb link=\u00bburl:http%3A%2F%2Fterrasdemiranda.org%2Fes%2Fturismo-de-lugo%2Fruta-del-marisco%2F|\u00bb el_class=\u00bbbtn-VerRuta\u00bb][\/vc_accordion_tab][vc_accordion_tab title=\u00bbRuta del Pescado de Mar\u00bb][vc_column_text]<em>Germen marinero<\/em><\/p>\n<p>Descubre, frente al Cant\u00e1brico, nuestros principales puertos y lonjas para conocer la cultura y el oficio marinero. Sin ellos no existir\u00edan pescados con nombre propio como la merluza del pincho de Celeiro o el bonito de Burela.<\/p>\n<p><strong>\u00c9poca recomendada:\u00a0<\/strong>verano \/ Todo el a\u00f1o<br \/>\n<strong>Tiempo:<\/strong>\u00a02-3 d\u00edas[\/vc_column_text][vc_btn title=\u00bbVer ruta\u00bb align=\u00bbcenter\u00bb button_block=\u00bbtrue\u00bb link=\u00bburl:http%3A%2F%2Fterrasdemiranda.org%2Fes%2Fturismo-de-lugo%2Fruta-del-pescado-de-mar%2F|\u00bb el_class=\u00bbbtn-VerRuta\u00bb][\/vc_accordion_tab][vc_accordion_tab title=\u00bbRuta de los Dulces\u00bb][vc_column_text]<em>Postres exquisitos <\/em><\/p>\n<p>\u00a1Este es un paseo para golosos! No faltan paradas para degustar la conocida tarta de Mondo\u00f1edo, postres tradicionales o recetas casi perdidas como la de la Colineta, recogida por el escritor Cunqueiro.<\/p>\n<p><strong>\u00c9poca recomendada:\u00a0<\/strong>Carnaval \/ Navidades \/ verano<br \/>\n<strong>Tempo:<\/strong>\u00a04 d\u00edas[\/vc_column_text][vc_btn title=\u00bbVer ruta\u00bb align=\u00bbcenter\u00bb button_block=\u00bbtrue\u00bb link=\u00bburl:http%3A%2F%2Fterrasdemiranda.org%2Fes%2Fturismo-de-lugo%2Fruta-de-los-dulces%2F|\u00bb el_class=\u00bbbtn-VerRuta\u00bb][\/vc_accordion_tab][vc_accordion_tab title=\u00bbRuta del Ganado\u00bb][vc_column_text]<em>Pasi\u00f3n por los caballos<\/em><\/p>\n<p>Si algo caracteriza a las Terras de Miranda es su esp\u00edritu ganadero y, sobre todo, la celebraci\u00f3n de ferias caballares centenarias como As San Lucas, As Quendas o As Maulas, a las que todav\u00eda puedes asistir.<\/p>\n<p><strong>\u00c9poca recomendada:\u00a0<\/strong>todo el a\u00f1o. Verano (rapas das bestas) \/ Primavera \/ Oto\u00f1o \/ Inverno (cocido, caldo)<br \/>\n<strong>Tempo:<\/strong>\u00a03 d\u00edas[\/vc_column_text][vc_btn title=\u00bbVer ruta\u00bb align=\u00bbcenter\u00bb button_block=\u00bbtrue\u00bb link=\u00bburl:http%3A%2F%2Fterrasdemiranda.org%2Fes%2Fturismo-de-lugo%2Fruta-del-ganado%2F|\u00bb el_class=\u00bbbtn-VerRuta\u00bb][\/vc_accordion_tab][vc_accordion_tab title=\u00bbRuta del Bosque\u00bb][vc_column_text]<em>Tesoros nutricionales <\/em><\/p>\n<p>Montes, bosques y fragas siempre han sido fuente de alimento. Recoge setas, casta\u00f1as o elabora miel junto a la sierra de O Xistral para, de paso, saber por qu\u00e9 es tan importante preservar estos ecosistemas.<\/p>\n<p><strong>\u00c9poca recomendada:\u00a0<\/strong>oto\u00f1o<br \/>\n<strong>Tiempo:<\/strong>\u00a05 d\u00edas[\/vc_column_text][vc_btn title=\u00bbVer ruta\u00bb align=\u00bbcenter\u00bb button_block=\u00bbtrue\u00bb link=\u00bburl:http%3A%2F%2Fterrasdemiranda.org%2Fes%2Fturismo-de-lugo%2Fruta-del-bosque%2F|\u00bb el_class=\u00bbbtn-VerRuta\u00bb][\/vc_accordion_tab][vc_accordion_tab title=\u00bbRuta de la Caza y la Pesca\u00bb][vc_column_text]<em>Reserva natural <\/em><\/p>\n<p>Siente en primera persona la expresi\u00f3n \u201cGalicia, el pa\u00eds de los mil r\u00edos\u201d durante id\u00edlicas jornadas de pesca en primavera o acude, en oto\u00f1o, a uno de los numerosos cotos de caza de las Terras de Miranda.<\/p>\n<p><strong>\u00c9poca recomendada:\u00a0<\/strong>oto\u00f1o para la caza. De mayo a septiembre, aprox., para la pesca.<br \/>\n<strong>Tiempo:<\/strong>\u00a04 d\u00edas[\/vc_column_text][vc_btn title=\u00bbVer ruta\u00bb align=\u00bbcenter\u00bb button_block=\u00bbtrue\u00bb link=\u00bburl:http%3A%2F%2Fterrasdemiranda.org%2Fes%2Fturismo-de-lugo%2Fruta-de-la-caza-y-la-pesca%2F|\u00bb el_class=\u00bbbtn-VerRuta\u00bb][\/vc_accordion_tab][vc_accordion_tab title=\u00bbRuta del Peregrino del Camino Norte\u00bb][vc_column_text]<em>Patrimonio de la Unesco <\/em><\/p>\n<p>Esta es una ruta de peregrinaci\u00f3n hist\u00f3rica a Santiago. Tanto la variante de Ribadeo como la de Trabada te marcar\u00e1n el camino para explorar el territorio y nuestra gastronom\u00eda m\u00e1s t\u00edpica.<\/p>\n<p><strong>\u00c9poca recomendada:\u00a0<\/strong>primavera<br \/>\n<strong>Tiempo:<\/strong>\u00a04 d\u00edas[\/vc_column_text][vc_btn title=\u00bbVer ruta\u00bb align=\u00bbcenter\u00bb button_block=\u00bbtrue\u00bb link=\u00bburl:http%3A%2F%2Fterrasdemiranda.org%2Fes%2Fturismo-de-lugo%2Fruta-peregrino-del-camino-norte%2F|\u00bb el_class=\u00bbbtn-VerRuta\u00bb][\/vc_accordion_tab][vc_accordion_tab title=\u00bbRuta del Men\u00fa de Cunqueiro\u00bb][vc_column_text]<em>Comida que es cultura <\/em><\/p>\n<p>Saborea un men\u00fa (entrante, 2 platos y postre) inspirado en la obra de \u00c1lvaro Cunqueiro (s. XX). Platos que el gran escritor mindoniense prob\u00f3 una y mil veces y recomendaba con pasi\u00f3n.<\/p>\n<p><strong>\u00c9poca recomendada:\u00a0<\/strong>inverno<br \/>\n<strong>Tiempo:<\/strong>\u00a02 d\u00edas[\/vc_column_text][vc_btn title=\u00bbVer ruta\u00bb align=\u00bbcenter\u00bb button_block=\u00bbtrue\u00bb link=\u00bburl:http%3A%2F%2Fterrasdemiranda.org%2Fes%2Fturismo-de-lugo%2Fruta-del-menu-de-cunqueiro%2F|\u00bb el_class=\u00bbbtn-VerRuta\u00bb][\/vc_accordion_tab][\/vc_accordions][mk_padding_divider][\/vc_column][\/vc_row][vc_row][vc_column][mk_ornamental_title font_family=\u00bbnone\u00bb font_size=\u00bb30&#8243; ornament_style=\u00bblemo-single\u00bb nss_align=\u00bbcenter\u00bb]Crea un viaje a tu medida![\/mk_ornamental_title][mk_padding_divider][\/vc_column][\/vc_row][vc_row][vc_column width=\u00bb1\/3&#8243;][vc_single_image image=\u00bb454&#8243; img_size=\u00bbfull\u00bb alignment=\u00bbcenter\u00bb][vc_btn title=\u00bbDonde comer\u00bb style=\u00bbcustom\u00bb custom_background=\u00bb#ed8b00&#8243; custom_text=\u00bb#ffffff\u00bb shape=\u00bbsquare\u00bb size=\u00bblg\u00bb align=\u00bbcenter\u00bb button_block=\u00bbtrue\u00bb link=\u00bburl:http%3A%2F%2Fterrasdemiranda.org%2Fturismo%2Fonde-comer%2F|\u00bb el_class=\u00bbbtn-custom-1&#8243;][\/vc_column][vc_column width=\u00bb1\/3&#8243;][vc_single_image image=\u00bb455&#8243; img_size=\u00bbfull\u00bb alignment=\u00bbcenter\u00bb][vc_btn title=\u00bbDonde domir\u00bb style=\u00bbcustom\u00bb custom_background=\u00bb#F2A900&#8243; custom_text=\u00bb#ffffff\u00bb shape=\u00bbsquare\u00bb size=\u00bblg\u00bb align=\u00bbcenter\u00bb button_block=\u00bbtrue\u00bb link=\u00bburl:http%3A%2F%2Fterrasdemiranda.org%2Fturismo%2Fonde-durmir%2F|\u00bb el_class=\u00bbbtn-custom-2&#8243;][\/vc_column][vc_column width=\u00bb1\/3&#8243;][vc_single_image image=\u00bb456&#8243; img_size=\u00bbfull\u00bb alignment=\u00bbcenter\u00bb][vc_btn title=\u00bbQu\u00e9 hacer\u00bb style=\u00bbcustom\u00bb custom_background=\u00bb#d45d00&#8243; custom_text=\u00bb#ffffff\u00bb shape=\u00bbsquare\u00bb size=\u00bblg\u00bb align=\u00bbcenter\u00bb button_block=\u00bbtrue\u00bb link=\u00bburl:http%3A%2F%2Fterrasdemiranda.org%2Fturismo%2Fque-facer%2F|\u00bb el_class=\u00bbbtn-custom-3&#8243;][\/vc_column][\/vc_row][vc_row][vc_column][mk_padding_divider][\/vc_column][\/vc_row]\n","protected":false},"excerpt":{"rendered":"<p>[vc_row][vc_column][mk_fullwidth_slideshow images=\u00bb863&#8243; stretch_images=\u00bbtrue\u00bb][\/vc_column][\/vc_row][vc_row][vc_column][mk_fancy_title size=\u00bb18&#8243; margin_bottom=\u00bb0&#8243; font_family=\u00bbnone\u00bb]Diez rutas \u00fanicas[\/mk_fancy_title][vc_column_text]\u201cTerras de Miranda \u2013 Turismo de Lugo\u201d es un espacio cultural, social y econ\u00f3mico com\u00fan integrado por los 14 ayuntamientos que forman el Grupo de Desarrollo Rural (GDR) Terras de Miranda financiado con fondos europeos. Este es un territorio m\u00e1gico situado en la comarca de A Mari\u00f1a (Lugo, [&hellip;]<\/p>\n","protected":false},"author":1,"featured_media":0,"parent":0,"menu_order":0,"comment_status":"closed","ping_status":"closed","template":"","meta":{"footnotes":""},"class_list":["post-371","page","type-page","status-publish","hentry"],"_links":{"self":[{"href":"https:\/\/terrasdemiranda.org\/es\/wp-json\/wp\/v2\/pages\/371"}],"collection":[{"href":"https:\/\/terrasdemiranda.org\/es\/wp-json\/wp\/v2\/pages"}],"about":[{"href":"https:\/\/terrasdemiranda.org\/es\/wp-json\/wp\/v2\/types\/page"}],"author":[{"embeddable":true,"href":"https:\/\/terrasdemiranda.org\/es\/wp-json\/wp\/v2\/users\/1"}],"replies":[{"embeddable":true,"href":"https:\/\/terrasdemiranda.org\/es\/wp-json\/wp\/v2\/comments?post=371"}],"version-history":[{"count":55,"href":"https:\/\/terrasdemiranda.org\/es\/wp-json\/wp\/v2\/pages\/371\/revisions"}],"predecessor-version":[{"id":2086,"href":"https:\/\/terrasdemiranda.org\/es\/wp-json\/wp\/v2\/pages\/371\/revisions\/2086"}],"wp:attachment":[{"href":"https:\/\/terrasdemiranda.org\/es\/wp-json\/wp\/v2\/media?parent=371"}],"curies":[{"name":"wp","href":"https:\/\/api.w.org\/{rel}","templated":true}]}}