{"id":3780,"date":"2024-02-16T10:45:26","date_gmt":"2024-02-16T10:45:26","guid":{"rendered":"https:\/\/terrasdemiranda.org\/?page_id=3780\/"},"modified":"2024-02-16T10:45:26","modified_gmt":"2024-02-16T10:45:26","slug":"proyectos-denegados-convocatoria-2023-2024","status":"publish","type":"page","link":"https:\/\/terrasdemiranda.org\/es\/leader\/proyectos\/proyectos-denegados-convocatoria-2023-2024\/","title":{"rendered":"Proyectos denegados de la convocatoria 2023\/2024"},"content":{"rendered":"[vc_row][vc_column][mk_table title=\u00bbProxectos productivos\u00bb]\n<table width=\"100%\">\n<thead>\n<tr>\n<th width=\"150px\">Expediente<\/th>\n<th>Promotor<\/th>\n<th>Motivo<\/th>\n<th>Observaciones<\/th>\n<\/tr>\n<\/thead>\n<tbody>\n<tr>\n<td>L23 1920 01 0204<\/td>\n<td style=\"text-align: left;\">Camilo Pi\u00f1eiroa Friol<\/td>\n<td style=\"text-align: center;\">6<\/td>\n<td>Desfavorable en la 18 Comisi\u00f3n de Turismo<\/td>\n<\/tr>\n<tr>\n<td>L23 1920 01 0209<\/td>\n<td style=\"text-align: left;\">Abfitness Gimnasios Ib\u00e9rica SL<\/td>\n<td style=\"text-align: center;\">6<\/td>\n<td>Documentaci\u00f3n requerida no presentada o fuera de plazo<\/td>\n<\/tr>\n<tr>\n<td>L23 1920 01 0210<\/td>\n<td style=\"text-align: left;\">MVMC Carracedo, R\u00edo Seco E Chao Das Louxeiras<\/td>\n<td style=\"text-align: center;\">3<\/td>\n<td><\/td>\n<\/tr>\n<tr>\n<td>L23 1920 01 0212<\/td>\n<td style=\"text-align: left;\">Saiuju Instalaciones SL<\/td>\n<td style=\"text-align: center;\">6<\/td>\n<td>Documentaci\u00f3n requerida no presentada o fuera de plazo<\/td>\n<\/tr>\n<tr>\n<td>L23 1920 01 0213<\/td>\n<td style=\"text-align: left;\">Delphine Moyen<\/td>\n<td style=\"text-align: center;\">6<\/td>\n<td>Art\u00edculo 4 de las bases reguladoras, solo presenta la compra del inmueble<\/td>\n<\/tr>\n<\/tbody>\n<\/table>\n[\/mk_table][mk_custom_box][vc_column_text title=\u00bbMotivos\u00bb css=\u00bb.vc_custom_1708077591524{margin-bottom: 0px !important;}\u00bb]\n<h6>1. La solicitud de ayuda est\u00e1 incompleta (art\u00edculo 12 de las bases reguladoras).<br \/>\n2. El promotor no cumple con los requisitos indicados en las bases reguladoras (art\u00edculo 3 de las bases reguladoras).<br \/>\n3. Los gastos propuestos en el presupuesto del proyecto no son subvencionables (art\u00edculo 5 de las bases reguladoras).<br \/>\n4. El proyecto no es elegible seg\u00fan las fichas de elegibilidad de las bases reguladoras y\/o la estrategia del GDR.<br \/>\n5. El proyecto no alcanza la puntuaci\u00f3n m\u00ednima o de corte establecida en el baremo del GDR.<br \/>\n6. Otras: especificar la causa en el apartado de observaciones.<\/h6>\n[\/vc_column_text][\/mk_custom_box][mk_padding_divider][\/vc_column][\/vc_row][vc_row][vc_column][mk_table title=\u00bbProxectos non productivos promovidos por entidades p\u00fablicas locais\u00bb]\n<table width=\"100%\">\n<thead>\n<tr>\n<th width=\"150px\">Expediente<\/th>\n<th>Promotor<\/th>\n<th>Motivo<\/th>\n<th>Observaciones<\/th>\n<\/tr>\n<\/thead>\n<tbody>\n<tr>\n<td>L23 1920 01 0198<\/td>\n<td style=\"text-align: left;\">Concello de Ribadeo<\/td>\n<td>6<\/td>\n<td>Documentaci\u00f3n requerida non presentada ou f\u00f3ra de prazo<\/td>\n<\/tr>\n<\/tbody>\n<\/table>\n[\/mk_table][mk_custom_box][vc_column_text title=\u00bbMotivos\u00bb css=\u00bb.vc_custom_1708077600548{margin-bottom: 0px !important;}\u00bb]\n<h6>1. La solicitud de ayuda est\u00e1 incompleta (art\u00edculo 12 de las bases reguladoras).<br \/>\n2. El promotor no cumple con los requisitos indicados en las bases reguladoras (art\u00edculo 3 de las bases reguladoras).<br \/>\n3. Los gastos propuestos en el presupuesto del proyecto no son subvencionables (art\u00edculo 5 de las bases reguladoras).<br \/>\n4. El proyecto no es elegible seg\u00fan las fichas de elegibilidad de las bases reguladoras y\/o la estrategia del GDR.<br \/>\n5. El proyecto no alcanza la puntuaci\u00f3n m\u00ednima o de corte establecida en el baremo del GDR.<br \/>\n6. Otras: especificar la causa en el apartado de observaciones.<\/h6>\n[\/vc_column_text][\/mk_custom_box][mk_padding_divider][\/vc_column][\/vc_row][vc_row][vc_column][mk_table title=\u00bbProxectos non productivos promovidos por entidades privadas\u00bb]\n<table width=\"100%\">\n<thead>\n<tr>\n<th width=\"150px\">Expediente<\/th>\n<th>Promotor<\/th>\n<th>Motivo<\/th>\n<th>Observaciones<\/th>\n<\/tr>\n<\/thead>\n<tbody>\n<tr>\n<td>L23 1920 01 0202<\/td>\n<td style=\"text-align: left;\">Asociaci\u00f3n Centro de Instrucci\u00f3n y Recreo de Benquerencia<\/td>\n<td>3<\/td>\n<td><\/td>\n<\/tr>\n<\/tbody>\n<\/table>\n[\/mk_table][mk_custom_box][vc_column_text title=\u00bbMotivos\u00bb css=\u00bb.vc_custom_1708077609308{margin-bottom: 0px !important;}\u00bb]\n<h6>1. La solicitud de ayuda est\u00e1 incompleta (art\u00edculo 12 de las bases reguladoras).<br \/>\n2. El promotor no cumple con los requisitos indicados en las bases reguladoras (art\u00edculo 3 de las bases reguladoras).<br \/>\n3. Los gastos propuestos en el presupuesto del proyecto no son subvencionables (art\u00edculo 5 de las bases reguladoras).<br \/>\n4. El proyecto no es elegible seg\u00fan las fichas de elegibilidad de las bases reguladoras y\/o la estrategia del GDR.<br \/>\n5. El proyecto no alcanza la puntuaci\u00f3n m\u00ednima o de corte establecida en el baremo del GDR.<br \/>\n6. Otras: especificar la causa en el apartado de observaciones.<\/h6>\n[\/vc_column_text][\/mk_custom_box][mk_padding_divider][\/vc_column][\/vc_row]\n","protected":false},"excerpt":{"rendered":"<p>[vc_row][vc_column][mk_table title=\u00bbProxectos productivos\u00bb] Expediente Promotor Motivo Observaciones L23 1920 01 0204 Camilo Pi\u00f1eiroa Friol 6 Desfavorable en la 18 Comisi\u00f3n de Turismo L23 1920 01 0209 Abfitness Gimnasios Ib\u00e9rica SL 6 Documentaci\u00f3n requerida no presentada o fuera de plazo L23 1920 01 0210 MVMC Carracedo, R\u00edo Seco E Chao Das Louxeiras 3 L23 1920 01 [&hellip;]<\/p>\n","protected":false},"author":1,"featured_media":0,"parent":2768,"menu_order":0,"comment_status":"closed","ping_status":"closed","template":"","meta":{"footnotes":""},"class_list":["post-3780","page","type-page","status-publish","hentry"],"_links":{"self":[{"href":"https:\/\/terrasdemiranda.org\/es\/wp-json\/wp\/v2\/pages\/3780"}],"collection":[{"href":"https:\/\/terrasdemiranda.org\/es\/wp-json\/wp\/v2\/pages"}],"about":[{"href":"https:\/\/terrasdemiranda.org\/es\/wp-json\/wp\/v2\/types\/page"}],"author":[{"embeddable":true,"href":"https:\/\/terrasdemiranda.org\/es\/wp-json\/wp\/v2\/users\/1"}],"replies":[{"embeddable":true,"href":"https:\/\/terrasdemiranda.org\/es\/wp-json\/wp\/v2\/comments?post=3780"}],"version-history":[{"count":2,"href":"https:\/\/terrasdemiranda.org\/es\/wp-json\/wp\/v2\/pages\/3780\/revisions"}],"predecessor-version":[{"id":3824,"href":"https:\/\/terrasdemiranda.org\/es\/wp-json\/wp\/v2\/pages\/3780\/revisions\/3824"}],"up":[{"embeddable":true,"href":"https:\/\/terrasdemiranda.org\/es\/wp-json\/wp\/v2\/pages\/2768"}],"wp:attachment":[{"href":"https:\/\/terrasdemiranda.org\/es\/wp-json\/wp\/v2\/media?parent=3780"}],"curies":[{"name":"wp","href":"https:\/\/api.w.org\/{rel}","templated":true}]}}