{"id":3783,"date":"2024-02-16T10:46:15","date_gmt":"2024-02-16T10:46:15","guid":{"rendered":"https:\/\/terrasdemiranda.org\/?page_id=3783\/"},"modified":"2024-02-16T10:46:15","modified_gmt":"2024-02-16T10:46:15","slug":"proyectos-en-lista-de-espera-convocatoria-2023-2024","status":"publish","type":"page","link":"https:\/\/terrasdemiranda.org\/es\/leader\/proyectos\/proyectos-en-lista-de-espera-convocatoria-2023-2024\/","title":{"rendered":"Proyectos en lista de espera de la convocatoria 2023\/2024"},"content":{"rendered":"[vc_row][vc_column][mk_fancy_title size=\u00bb18&#8243; font_family=\u00bbnone\u00bb]Proyectos productivos[\/mk_fancy_title][mk_table]\n<table width=\"100%\">\n<thead>\n<tr>\n<th width=\"150px\">Expediente<\/th>\n<th>T\u00edtulo<\/th>\n<th>Promotor<\/th>\n<th>Presupuesto aceptado<\/th>\n<th>Porcentaje de ayuda (%)<\/th>\n<th>Puntuaci\u00f3n seg\u00fan baremo<\/th>\n<\/tr>\n<\/thead>\n<tbody>\n<tr>\n<td>L22-1920-01-0194<\/td>\n<td>Modernizaci\u00f3n con aumento de categor\u00eda<\/td>\n<td>O Cabozo do Zacurro SL<\/td>\n<td>256.440,00<\/td>\n<td>50,00%<\/td>\n<td>79,00<\/td>\n<\/tr>\n<tr>\n<td>L23-1920-01-0199<\/td>\n<td>Plantaci\u00f3n de Aguacates<\/td>\n<td>Monte Vecinal Man Com\u00fan Sta. Cruz e Capela Obe<\/td>\n<td>23.184,00<\/td>\n<td>46,89%<\/td>\n<td>61,00<\/td>\n<\/tr>\n<\/tbody>\n<\/table>\n[\/mk_table][mk_padding_divider][\/vc_column][\/vc_row]\n","protected":false},"excerpt":{"rendered":"<p>[vc_row][vc_column][mk_fancy_title size=\u00bb18&#8243; font_family=\u00bbnone\u00bb]Proyectos productivos[\/mk_fancy_title][mk_table] Expediente T\u00edtulo Promotor Presupuesto aceptado Porcentaje de ayuda (%) Puntuaci\u00f3n seg\u00fan baremo L22-1920-01-0194 Modernizaci\u00f3n con aumento de categor\u00eda O Cabozo do Zacurro SL 256.440,00 50,00% 79,00 L23-1920-01-0199 Plantaci\u00f3n de Aguacates Monte Vecinal Man Com\u00fan Sta. Cruz e Capela Obe 23.184,00 46,89% 61,00 [\/mk_table][mk_padding_divider][\/vc_column][\/vc_row]<\/p>\n","protected":false},"author":1,"featured_media":0,"parent":2768,"menu_order":0,"comment_status":"closed","ping_status":"closed","template":"","meta":{"footnotes":""},"class_list":["post-3783","page","type-page","status-publish","hentry"],"_links":{"self":[{"href":"https:\/\/terrasdemiranda.org\/es\/wp-json\/wp\/v2\/pages\/3783"}],"collection":[{"href":"https:\/\/terrasdemiranda.org\/es\/wp-json\/wp\/v2\/pages"}],"about":[{"href":"https:\/\/terrasdemiranda.org\/es\/wp-json\/wp\/v2\/types\/page"}],"author":[{"embeddable":true,"href":"https:\/\/terrasdemiranda.org\/es\/wp-json\/wp\/v2\/users\/1"}],"replies":[{"embeddable":true,"href":"https:\/\/terrasdemiranda.org\/es\/wp-json\/wp\/v2\/comments?post=3783"}],"version-history":[{"count":2,"href":"https:\/\/terrasdemiranda.org\/es\/wp-json\/wp\/v2\/pages\/3783\/revisions"}],"predecessor-version":[{"id":3825,"href":"https:\/\/terrasdemiranda.org\/es\/wp-json\/wp\/v2\/pages\/3783\/revisions\/3825"}],"up":[{"embeddable":true,"href":"https:\/\/terrasdemiranda.org\/es\/wp-json\/wp\/v2\/pages\/2768"}],"wp:attachment":[{"href":"https:\/\/terrasdemiranda.org\/es\/wp-json\/wp\/v2\/media?parent=3783"}],"curies":[{"name":"wp","href":"https:\/\/api.w.org\/{rel}","templated":true}]}}