{"id":3786,"date":"2024-02-16T10:36:24","date_gmt":"2024-02-16T10:36:24","guid":{"rendered":"https:\/\/terrasdemiranda.org\/?page_id=3786\/"},"modified":"2024-02-16T10:36:24","modified_gmt":"2024-02-16T10:36:24","slug":"proyectos-subvencionados-convocatoria-2023-2024","status":"publish","type":"page","link":"https:\/\/terrasdemiranda.org\/es\/leader\/proyectos\/proyectos-subvencionados-convocatoria-2023-2024\/","title":{"rendered":"Proyectos subvencionados 2023\/2024"},"content":{"rendered":"[vc_row][vc_column][mk_fancy_title size=\u00bb18&#8243; font_family=\u00bbnone\u00bb]Proyectos productivos[\/mk_fancy_title][mk_table]\n<table width=\"100%\">\n<thead>\n<tr>\n<th width=\"150px\">Expediente<\/th>\n<th>T\u00edtulo<\/th>\n<th>Promotor<\/th>\n<th>Presupuesto aceptado<\/th>\n<th>Porcentaje de ayuda (%)<\/th>\n<th>IMPORTE TOTAL<\/th>\n<th>IMPORTE AYUDA 2022<\/th>\n<th>IMPORTE AYUDA 2023<\/th>\n<th>Puntuaci\u00f3n seg\u00fan baremo<\/th>\n<\/tr>\n<\/thead>\n<tbody>\n<tr>\n<td>L23-1920-01-0197<\/td>\n<td>Cabani\u00f1as Cami\u00f1o do Mar<\/td>\n<td>Mar\u00eda Jos\u00e9 Garc\u00eda Gonz\u00e1lez<\/td>\n<td>311.316,83\u20ac<\/td>\n<td>50,00%<\/td>\n<td>155.658,42<\/td>\n<td>15.565,84\u20ac<\/td>\n<td>\u00a0140.092,58<\/td>\n<td>85<\/td>\n<\/tr>\n<tr>\n<td>L23-1920-01-0195<\/td>\n<td>Mejora del Obrador Compartido de conservas vegetales de Mui\u00f1eiras de Requiande<\/td>\n<td>Mui\u00f1eiras de Requiande S.L.<\/td>\n<td>31.886,96<\/td>\n<td>50,00%<\/td>\n<td>15.943,48<\/td>\n<td>2.391,52\u20ac<\/td>\n<td>13.551,96<\/td>\n<td>84<\/td>\n<\/tr>\n<tr>\n<td>L23-1920-01-0190<\/td>\n<td>Hogar La Villa de Villaframil<\/td>\n<td>Hogar La Villa de Villaframil S.L.<\/td>\n<td>51.855,82<\/td>\n<td>50,00%<\/td>\n<td>25.927,91<\/td>\n<td>23.335,12<\/td>\n<td>2.592,79<\/td>\n<td>83<\/td>\n<\/tr>\n<tr>\n<td>L23-1920-01-0207<\/td>\n<td>Reacondicionamiento del edificio hist\u00f3rico de Aduana en Ribadeo para transformarlo en un hotel de dos estrellas superior, respetando cubierta y fachada, potenciando as\u00ed la arquitectura singular de la zona<\/td>\n<td>Zuri Investiments S.L.U (*)<\/td>\n<td>1.115.556,00<\/td>\n<td>50,00%<\/td>\n<td>165.188,00<\/td>\n<td>31.251,08<\/td>\n<td>133.936,92<\/td>\n<td>81<\/td>\n<\/tr>\n<\/tbody>\n<\/table>\n[\/mk_table][mk_message_box type=\u00bbinfo-message\u00bb]\n<h6>(*) Expediente que, seg\u00fan el baremo, correspond\u00eda una ayuda de 557.778,00\u20ac. El importe de ayuda no se corresponde con el porcentaje de ayuda que le corresponder\u00eda al proyecto seg\u00fan la puntuaci\u00f3n obtenida en la aplicaci\u00f3n de los criterios de selecci\u00f3n aplicables, debido a que la ayuda p\u00fablica m\u00e1xima que puede percibir un proyecto est\u00e1 limitada a un m\u00e1ximo de 200.000,00 euros, seg\u00fan disponen las bases reguladoras de la medida Leader del PDR de Galicia 2014-20.<\/h6>\n[\/mk_message_box][mk_message_box type=\u00bbinfo-message\u00bb]\n<h6>(*) Expediente activado parcialmente: 34.812,00 \u20ac pendiente de activar por falta de fondos en la tipolog\u00eda del proyecto.<\/h6>\n[\/mk_message_box][mk_fancy_title size=\u00bb18&#8243; font_family=\u00bbnone\u00bb]Proyectos no productivos promovidos por entidades p\u00fablicas locales.[\/mk_fancy_title][mk_table]\n<table width=\"100%\">\n<thead>\n<tr>\n<th width=\"150px\">Expediente<\/th>\n<th>T\u00edtulo<\/th>\n<th>Promotor<\/th>\n<th>Presupuesto aceptado<\/th>\n<th>Porcentaje de ayuda (%)<\/th>\n<th>IMPORTE TOTAL AYUDA<\/th>\n<th>IMPORTE AYUDA 2023<\/th>\n<th>IMPORTE AYUDA 2024<\/th>\n<th>Puntuaci\u00f3n seg\u00fan baremo<\/th>\n<\/tr>\n<\/thead>\n<tbody>\n<tr>\n<td>L23-1920-01-0201<\/td>\n<td>Espacio cultural de artesan\u00eda del pasatiempo y museo de la forja<\/td>\n<td>Ayuntamiento de Mondo\u00f1edo<\/td>\n<td>66.821,08\u20ac<\/td>\n<td>90,00%<\/td>\n<td>60.138,97\u20ac<\/td>\n<td>9.992,43<\/td>\n<td>50.146,54<\/td>\n<td>66<\/td>\n<\/tr>\n<tr>\n<td>L23-1920-01-0205<\/td>\n<td>Creaci\u00f3n de un gimnasio al aire libre, favoreciendo la salud y el bienestar de toda la poblaci\u00f3n de Vicedo<\/td>\n<td>Ayuntamiento de Vicedo<\/td>\n<td>53.200,16\u20ac<\/td>\n<td>90,00%<\/td>\n<td>47.880,14\u20ac<\/td>\n<td>11.970,03<\/td>\n<td>35.910,11<\/td>\n<td>66<\/td>\n<\/tr>\n<\/tbody>\n<\/table>\n[\/mk_table][mk_fancy_title size=\u00bb18&#8243; font_family=\u00bbnone\u00bb]Proyectos no productivos promovidos por entidades privadas.[\/mk_fancy_title][mk_table]\n<table width=\"100%\">\n<thead>\n<tr>\n<th width=\"150px\">Expediente<\/th>\n<th>T\u00edtulo<\/th>\n<th>Promotor<\/th>\n<th>Presupuesto aceptado<\/th>\n<th>Porcentaje de la ayuda (%)<\/th>\n<th>TOTAL AYUDA CONCEDIDA<\/th>\n<th>IMPORTE AYUDA 2023<\/th>\n<th>IMPORTE AYUDA 2024<\/th>\n<th>Puntuaci\u00f3n seg\u00fan baremo<\/th>\n<\/tr>\n<\/thead>\n<tbody>\n<tr>\n<td>L23-1920-01-0196<\/td>\n<td>Ocio Terap\u00e9utico para Mujeres V\u00edctimas de Violencia de G\u00e9nero con Enfermedad Mental<\/td>\n<td>Asociaci\u00f3n sa\u00fade mental A Mari\u00f1a<\/td>\n<td>38.760,00<\/td>\n<td>90,00%<\/td>\n<td>34.884,00<\/td>\n<td>8.721,00\u20ac<\/td>\n<td>\u00a026.163,00<\/td>\n<td>69<\/td>\n<\/tr>\n<tr>\n<td>L23-1920-01-0203<\/td>\n<td>Equipamiento en las Vivendas Tuteladas B y C para mujeres V\u00edctimas de Violencia de g\u00e9nero San An\u00edbal &#8211; Stella Maris de Burela<\/td>\n<td>Fillas do Divino Celo-Rogacionistas<\/td>\n<td>52.040,12<\/td>\n<td>90,00%<\/td>\n<td>46.836,11<\/td>\n<td>7.821,42<\/td>\n<td>39.014,69<\/td>\n<td>66<\/td>\n<\/tr>\n<tr>\n<td>L23-1920-01-0211<\/td>\n<td>Proyecto de Recuperaci\u00f3n de Juegos Tradicionales de Viveiro<\/td>\n<td>MVMC Monte Maior San Roque e Penedo do Galo (*)<\/td>\n<td>31.873,75<\/td>\n<td>83,78%<\/td>\n<td>1.984,00<\/td>\n<td>198,40<\/td>\n<td>1.785,60<\/td>\n<td>51<\/td>\n<\/tr>\n<\/tbody>\n<\/table>\n[\/mk_table][mk_message_box type=\u00bbinfo-message\u00bb]\n<h6>(*) Expediente activado parcialmente: 24.719,83 \u20ac pendientes de activar por falta de fondos en la tipolog\u00eda del proyecto.<\/h6>\n[\/mk_message_box][\/vc_column][\/vc_row]\n","protected":false},"excerpt":{"rendered":"<p>[vc_row][vc_column][mk_fancy_title size=\u00bb18&#8243; font_family=\u00bbnone\u00bb]Proyectos productivos[\/mk_fancy_title][mk_table] Expediente T\u00edtulo Promotor Presupuesto aceptado Porcentaje de ayuda (%) IMPORTE TOTAL IMPORTE AYUDA 2022 IMPORTE AYUDA 2023 Puntuaci\u00f3n seg\u00fan baremo L23-1920-01-0197 Cabani\u00f1as Cami\u00f1o do Mar Mar\u00eda Jos\u00e9 Garc\u00eda Gonz\u00e1lez 311.316,83\u20ac 50,00% 155.658,42 15.565,84\u20ac \u00a0140.092,58 85 L23-1920-01-0195 Mejora del Obrador Compartido de conservas vegetales de Mui\u00f1eiras de Requiande Mui\u00f1eiras de Requiande S.L. [&hellip;]<\/p>\n","protected":false},"author":1,"featured_media":0,"parent":2768,"menu_order":0,"comment_status":"closed","ping_status":"closed","template":"","meta":{"footnotes":""},"class_list":["post-3786","page","type-page","status-publish","hentry"],"_links":{"self":[{"href":"https:\/\/terrasdemiranda.org\/es\/wp-json\/wp\/v2\/pages\/3786"}],"collection":[{"href":"https:\/\/terrasdemiranda.org\/es\/wp-json\/wp\/v2\/pages"}],"about":[{"href":"https:\/\/terrasdemiranda.org\/es\/wp-json\/wp\/v2\/types\/page"}],"author":[{"embeddable":true,"href":"https:\/\/terrasdemiranda.org\/es\/wp-json\/wp\/v2\/users\/1"}],"replies":[{"embeddable":true,"href":"https:\/\/terrasdemiranda.org\/es\/wp-json\/wp\/v2\/comments?post=3786"}],"version-history":[{"count":2,"href":"https:\/\/terrasdemiranda.org\/es\/wp-json\/wp\/v2\/pages\/3786\/revisions"}],"predecessor-version":[{"id":3833,"href":"https:\/\/terrasdemiranda.org\/es\/wp-json\/wp\/v2\/pages\/3786\/revisions\/3833"}],"up":[{"embeddable":true,"href":"https:\/\/terrasdemiranda.org\/es\/wp-json\/wp\/v2\/pages\/2768"}],"wp:attachment":[{"href":"https:\/\/terrasdemiranda.org\/es\/wp-json\/wp\/v2\/media?parent=3786"}],"curies":[{"name":"wp","href":"https:\/\/api.w.org\/{rel}","templated":true}]}}