{"id":3803,"date":"2024-02-14T12:29:40","date_gmt":"2024-02-14T12:29:40","guid":{"rendered":"https:\/\/terrasdemiranda.org\/?page_id=3803\/"},"modified":"2024-02-16T10:13:22","modified_gmt":"2024-02-16T10:13:22","slug":"proyectos-no-aceptados-propuesta-2023-2024","status":"publish","type":"page","link":"https:\/\/terrasdemiranda.org\/es\/leader\/proyectos\/proyectos-no-aceptados-propuesta-2023-2024\/","title":{"rendered":"Proyectos no aceptados en la propuesta 2023\/2024"},"content":{"rendered":"[vc_row][vc_column][mk_fancy_title size=\u00bb18&#8243; font_family=\u00bbnone\u00bb]Lista de proyectos no aceptados en la propuesta[\/mk_fancy_title][mk_table]\n<table width=\"100%\">\n<thead>\n<tr>\n<th width=\"150px\">Expediente<\/th>\n<th>T\u00edtulo<\/th>\n<th>Promotor<\/th>\n<th>Presupuesto aceptado<\/th>\n<th>Porcentaje m\u00e1ximo de ayuda (%)<\/th>\n<th>Puntuaci\u00f3n seg\u00fan baremo<\/th>\n<\/tr>\n<\/thead>\n<tbody>\n<tr>\n<td>L23-1920-01-200<\/td>\n<td>Recuperaci\u00f3n y adecuaci\u00f3n de un espacio natural creando un \u00e1rea recreativa en Riobarba, O Vicedo<\/td>\n<td>Ayuntamiento de\u00a0 Vicedo<\/td>\n<td>53.180,68\u20ac<\/td>\n<td>89,56%<\/td>\n<td>64<\/td>\n<\/tr>\n<tr>\n<td>L23-1920-01-206<\/td>\n<td>Construcci\u00f3n de un centro de nuevas tecnolog\u00edas en la parroquia de Vilaform\u00e1n<\/td>\n<td>Ayuntamiento de Trabada<\/td>\n<td>48.356,42\u20ac<\/td>\n<td>88,67%<\/td>\n<td>62<\/td>\n<\/tr>\n<\/tbody>\n<\/table>\n[\/mk_table][mk_message_box type=\u00bbinfo-message\u00bb visibility=\u00bbhidden-dt-v2&#8243;]\n<h6>(*)Expediente con resoluci\u00f3n parcial, tiene 14.223,70 \u20ac sin adjudicar por falta de fondos en la tipolog\u00eda del proyecto<\/h6>\n[\/mk_message_box][\/vc_column][\/vc_row]\n","protected":false},"excerpt":{"rendered":"<p>[vc_row][vc_column][mk_fancy_title size=\u00bb18&#8243; font_family=\u00bbnone\u00bb]Lista de proyectos no aceptados en la propuesta[\/mk_fancy_title][mk_table] Expediente T\u00edtulo Promotor Presupuesto aceptado Porcentaje m\u00e1ximo de ayuda (%) Puntuaci\u00f3n seg\u00fan baremo L23-1920-01-200 Recuperaci\u00f3n y adecuaci\u00f3n de un espacio natural creando un \u00e1rea recreativa en Riobarba, O Vicedo Ayuntamiento de\u00a0 Vicedo 53.180,68\u20ac 89,56% 64 L23-1920-01-206 Construcci\u00f3n de un centro de nuevas tecnolog\u00edas en la [&hellip;]<\/p>\n","protected":false},"author":1,"featured_media":0,"parent":2768,"menu_order":0,"comment_status":"closed","ping_status":"closed","template":"","meta":{"footnotes":""},"class_list":["post-3803","page","type-page","status-publish","hentry"],"_links":{"self":[{"href":"https:\/\/terrasdemiranda.org\/es\/wp-json\/wp\/v2\/pages\/3803"}],"collection":[{"href":"https:\/\/terrasdemiranda.org\/es\/wp-json\/wp\/v2\/pages"}],"about":[{"href":"https:\/\/terrasdemiranda.org\/es\/wp-json\/wp\/v2\/types\/page"}],"author":[{"embeddable":true,"href":"https:\/\/terrasdemiranda.org\/es\/wp-json\/wp\/v2\/users\/1"}],"replies":[{"embeddable":true,"href":"https:\/\/terrasdemiranda.org\/es\/wp-json\/wp\/v2\/comments?post=3803"}],"version-history":[{"count":5,"href":"https:\/\/terrasdemiranda.org\/es\/wp-json\/wp\/v2\/pages\/3803\/revisions"}],"predecessor-version":[{"id":3832,"href":"https:\/\/terrasdemiranda.org\/es\/wp-json\/wp\/v2\/pages\/3803\/revisions\/3832"}],"up":[{"embeddable":true,"href":"https:\/\/terrasdemiranda.org\/es\/wp-json\/wp\/v2\/pages\/2768"}],"wp:attachment":[{"href":"https:\/\/terrasdemiranda.org\/es\/wp-json\/wp\/v2\/media?parent=3803"}],"curies":[{"name":"wp","href":"https:\/\/api.w.org\/{rel}","templated":true}]}}