{"id":3936,"date":"2025-04-30T11:28:36","date_gmt":"2025-04-30T11:28:36","guid":{"rendered":"https:\/\/terrasdemiranda.org\/?page_id=3936\/"},"modified":"2025-05-28T11:33:39","modified_gmt":"2025-05-28T11:33:39","slug":"nueva-convocatoria-leader-2023-2027","status":"publish","type":"page","link":"https:\/\/terrasdemiranda.org\/es\/leader\/nueva-convocatoria-leader-2023-2027\/","title":{"rendered":"NUEVA CONVOCATORIA LEADER 2023-2027"},"content":{"rendered":"[vc_row][vc_column][mk_custom_list title=\u00bbCONVOCATORIA LEADER 2023-2027&#8243;]\n<p class=\"\" data-start=\"115\" data-end=\"411\">Ya est\u00e1 disponible la nueva convocatoria del programa LEADER 2023-2027, publicada en el Diario Oficial de Galicia (DOG). Esta convocatoria abre una nueva etapa de apoyo al desarrollo rural, con el objetivo de fomentar proyectos que contribuyan a la dinamizaci\u00f3n econ\u00f3mica y social del territorio.<\/p>\n<p class=\"\" data-start=\"413\" data-end=\"502\">En esta secci\u00f3n ponemos a tu disposici\u00f3n los documentos clave de esta nueva convocatoria:<\/p>\n<ul>\n<li><a href=\"https:\/\/terrasdemiranda.org\/docs\/gal\/CONVOCATORIA%20LEADER%202023-2027\/Resoluci%C3%B3n%20DOG%20Mi%C3%A9rcoles%2C%2030%20de%20abril%20de%202025.pdf\" target=\"_blank\" rel=\"noopener noreferrer\">Publicaci\u00f3n en el DOG<\/a><br \/>\nConsulta el texto oficial publicado en el Diario Oficial de Galicia.<\/li>\n<li><a href=\"https:\/\/terrasdemiranda.org\/docs\/gal\/CONVOCATORIA%20LEADER%202023-2027\/2025_03_21_CONVENIO_AGADER_TURISMO%20%281%29.pdf\" target=\"_blank\" rel=\"noopener noreferrer\">Convenio de colaboraci\u00f3n entre la Agencia de Turismo de Galicia y AGADER<\/a><br \/>\nAccede al documento que regula la colaboraci\u00f3n institucional para la ejecuci\u00f3n del programa.<\/li>\n<li><a href=\"https:\/\/terrasdemiranda.org\/docs\/gal\/CONVOCATORIA%20LEADER%202023-2027\/BAREMO%20DEFINITIVO%20APROBADO%20POR%20XUNTA%20DIRECTIVA.pdf\" target=\"_blank\" rel=\"noopener noreferrer\">Baremo del GDR<\/a><br \/>\nConsulta los criterios de valoraci\u00f3n que se aplicar\u00e1n en la selecci\u00f3n de los proyectos.<\/li>\n<li><a href=\"https:\/\/terrasdemiranda.org\/docs\/gal\/CONVOCATORIA%20LEADER%202023-2027\/202505%20%20E.%20D.%20L.%20P.%20%20TERRAS%20MIRANDA%20-%20%201%C2%AA%20PARTE.pdf\" target=\"_blank\" rel=\"noopener noreferrer\">Estrategia de desarrollo local parte 1<\/a><\/li>\n<li><a href=\"https:\/\/terrasdemiranda.org\/docs\/gal\/CONVOCATORIA%20LEADER%202023-2027\/202505%20E.D.%20L.%20P.%20%20TERRAS%20MIRANDA%20-%202%C2%AA%20PARTE.pdf\" target=\"_blank\" rel=\"noopener noreferrer\">Estrategia de desarrollo local parte 2<\/a><br \/>\nConsulta la estrategia de desarrollo local participativo<\/li>\n<\/ul>\n[\/mk_custom_list][\/vc_column][\/vc_row]\n","protected":false},"excerpt":{"rendered":"<p>[vc_row][vc_column][mk_custom_list title=\u00bbCONVOCATORIA LEADER 2023-2027&#8243;] Ya est\u00e1 disponible la nueva convocatoria del programa LEADER 2023-2027, publicada en el Diario Oficial de Galicia (DOG). Esta convocatoria abre una nueva etapa de apoyo al desarrollo rural, con el objetivo de fomentar proyectos que contribuyan a la dinamizaci\u00f3n econ\u00f3mica y social del territorio. En esta secci\u00f3n ponemos a tu [&hellip;]<\/p>\n","protected":false},"author":1,"featured_media":0,"parent":2759,"menu_order":0,"comment_status":"closed","ping_status":"closed","template":"","meta":{"footnotes":""},"class_list":["post-3936","page","type-page","status-publish","hentry"],"_links":{"self":[{"href":"https:\/\/terrasdemiranda.org\/es\/wp-json\/wp\/v2\/pages\/3936"}],"collection":[{"href":"https:\/\/terrasdemiranda.org\/es\/wp-json\/wp\/v2\/pages"}],"about":[{"href":"https:\/\/terrasdemiranda.org\/es\/wp-json\/wp\/v2\/types\/page"}],"author":[{"embeddable":true,"href":"https:\/\/terrasdemiranda.org\/es\/wp-json\/wp\/v2\/users\/1"}],"replies":[{"embeddable":true,"href":"https:\/\/terrasdemiranda.org\/es\/wp-json\/wp\/v2\/comments?post=3936"}],"version-history":[{"count":5,"href":"https:\/\/terrasdemiranda.org\/es\/wp-json\/wp\/v2\/pages\/3936\/revisions"}],"predecessor-version":[{"id":3970,"href":"https:\/\/terrasdemiranda.org\/es\/wp-json\/wp\/v2\/pages\/3936\/revisions\/3970"}],"up":[{"embeddable":true,"href":"https:\/\/terrasdemiranda.org\/es\/wp-json\/wp\/v2\/pages\/2759"}],"wp:attachment":[{"href":"https:\/\/terrasdemiranda.org\/es\/wp-json\/wp\/v2\/media?parent=3936"}],"curies":[{"name":"wp","href":"https:\/\/api.w.org\/{rel}","templated":true}]}}